{"id":9951,"date":"2022-12-07T20:33:35","date_gmt":"2022-12-07T18:33:35","guid":{"rendered":"https:\/\/www.kittlemood.ee\/toode\/kauluspaitainen-mekko-katre-pitkat-hihat-ja-yloskaarityt-hihansuut-musta-tikkaus\/"},"modified":"2023-11-29T14:36:26","modified_gmt":"2023-11-29T12:36:26","slug":"kaulus-mekko-hame-pitkat-mansettihihat-hihat-musta-musta-musta","status":"publish","type":"product","link":"https:\/\/www.kittlemood.ee\/fi\/toode\/kaulus-mekko-hame-pitkat-mansettihihat-hihat-musta-musta-musta\/","title":{"rendered":"Kauluksellinen mekko \u201dKatre\u201d, pitk\u00e4t hihat ja yl\u00f6sk\u00e4\u00e4rityt hihansuut, musta denim."},"content":{"rendered":"<p>Edest\u00e4 napitettava kaulusmekko ohuesta farkkukankaasta, jota korostavat yl\u00f6sk\u00e4\u00e4rityt hihansuut ja kaksi sis\u00e4\u00e4nommeltua puseroa helman takaosassa. Mekossa on mukavat sivutaskut ja l\u00e4p\u00e4lliset etutaskut.<\/p>\n<p>Materiaali: 100 % puuvillaa.<\/p>\n<p>V\u00e4ri: musta.<\/p>\n<p>Jos haluat t\u00e4m\u00e4n mekon eri kankaalla tai erikoiskoolla, l\u00e4het\u00e4 meille pyynt\u00f6si osoitteeseen &#x6b;&#105;&#x74;&#116;l&#x65;&#102;a&#x73;&#104;&#x69;&#x6f;n&#x65;&#101;s&#x74;&#105;&#x40;&#x67;m&#x61;&#105;l&#x2e;&#99;o&#x6d;.<\/p>\n<p>Pese mekko nurinp\u00e4in 30\u00b0C vedess\u00e4, silitys on sallittu.<\/p>\n","protected":false},"excerpt":{"rendered":"<p>Edest\u00e4 napitettava kaulusmekko ohuesta farkkukankaasta, jota korostavat yl\u00f6sk\u00e4\u00e4rityt hihansuut ja kaksi sis\u00e4\u00e4nommeltua puseroa helman takaosassa. Mekossa on mukavat sivutaskut ja l\u00e4p\u00e4lliset etutaskut. Materiaali: 100 % puuvillaa. V\u00e4ri: musta. Jos haluat t\u00e4m\u00e4n mekon eri kankaalla tai erikoiskoolla, l\u00e4het\u00e4 meille pyynt\u00f6si osoitteeseen k&#105;&#116;&#x74;&#x6c;e&#102;&#97;&#x73;&#x68;&#x69;o&#110;&#101;&#x65;&#x73;ti&#64;&#x67;&#x6d;&#x61;i&#108;&#46;&#x63;&#x6f;m. Pese mekko nurinp\u00e4in 30\u00b0C vedess\u00e4, silitys on sallittu.<\/p>\n","protected":false},"featured_media":9491,"comment_status":"closed","ping_status":"closed","template":"","meta":{"om_disable_all_campaigns":false},"product_brand":[],"product_cat":[177,178,148],"product_tag":[],"class_list":{"0":"post-9951","1":"product","2":"type-product","3":"status-publish","4":"has-post-thumbnail","6":"product_cat-mekot","7":"product_cat-syksy-talvi-mekkot","8":"product_cat-alennus","9":"pa_kitli-pikkus-lyhyt","10":"pa_suurus-xl-fi","11":"pa_suurus-l-fi","12":"pa_suurus-m-fi","13":"pa_suurus-s-fi","14":"pa_suurus-xs-fi","16":"first","17":"instock","18":"sale","19":"taxable","20":"shipping-taxable","21":"purchasable","22":"product-type-variable"},"yoast_head":"<!-- This site is optimized with the Yoast SEO plugin v26.9 - https:\/\/yoast.com\/product\/yoast-seo-wordpress\/ -->\n<title>Kauluksellinen mekko \u201dKatre\u201d, pitk\u00e4t hihat ja yl\u00f6sk\u00e4\u00e4rityt hihansuut, musta denim. | Kittle Mood<\/title>\n<meta name=\"robots\" content=\"noindex, follow\" \/>\n<meta property=\"og:locale\" content=\"fi_FI\" \/>\n<meta property=\"og:type\" content=\"article\" \/>\n<meta property=\"og:title\" content=\"Kauluksellinen mekko \u201dKatre\u201d, pitk\u00e4t hihat ja yl\u00f6sk\u00e4\u00e4rityt hihansuut, musta denim. | Kittle Mood\" \/>\n<meta property=\"og:description\" content=\"Edest\u00e4 napitettava kaulusmekko ohuesta farkkukankaasta, jota korostavat yl\u00f6sk\u00e4\u00e4rityt hihansuut ja kaksi sis\u00e4\u00e4nommeltua puseroa helman takaosassa. Mekossa on mukavat sivutaskut ja l\u00e4p\u00e4lliset etutaskut. Materiaali: 100 % puuvillaa. V\u00e4ri: musta. Jos haluat t\u00e4m\u00e4n mekon eri kankaalla tai erikoiskoolla, l\u00e4het\u00e4 meille pyynt\u00f6si osoitteeseen ki&#116;&#116;&#x6c;&#x65;&#x66;&#x61;sh&#105;&#111;&#x6e;&#x65;&#x65;&#x73;ti&#064;&#103;&#109;&#x61;&#x69;&#x6c;&#x2e;co&#109;. Pese mekko nurinp\u00e4in 30\u00b0C vedess\u00e4, silitys on sallittu.\" \/>\n<meta property=\"og:url\" content=\"https:\/\/www.kittlemood.ee\/fi\/toode\/kaulus-mekko-hame-pitkat-mansettihihat-hihat-musta-musta-musta\/\" \/>\n<meta property=\"og:site_name\" content=\"Kittle Mood\" \/>\n<meta property=\"article:publisher\" content=\"https:\/\/www.facebook.com\/KittleMood-100617121748728\/\" \/>\n<meta property=\"article:modified_time\" content=\"2023-11-29T12:36:26+00:00\" \/>\n<meta property=\"og:image\" content=\"https:\/\/www.kittlemood.ee\/wp-content\/uploads\/2022\/12\/DSC00781.jpg\" \/>\n\t<meta property=\"og:image:width\" content=\"667\" \/>\n\t<meta property=\"og:image:height\" content=\"1000\" \/>\n\t<meta property=\"og:image:type\" content=\"image\/jpeg\" \/>\n<meta name=\"twitter:card\" content=\"summary_large_image\" \/>\n<meta name=\"twitter:label1\" content=\"Arvioitu lukuaika\" \/>\n\t<meta name=\"twitter:data1\" content=\"1 minuutti\" \/>\n<script type=\"application\/ld+json\" class=\"yoast-schema-graph\">{\"@context\":\"https:\/\/schema.org\",\"@graph\":[{\"@type\":\"WebPage\",\"@id\":\"https:\/\/www.kittlemood.ee\/fi\/toode\/kaulus-mekko-hame-pitkat-mansettihihat-hihat-musta-musta-musta\/\",\"url\":\"https:\/\/www.kittlemood.ee\/fi\/toode\/kaulus-mekko-hame-pitkat-mansettihihat-hihat-musta-musta-musta\/\",\"name\":\"Kauluksellinen mekko \u201dKatre\u201d, pitk\u00e4t hihat ja yl\u00f6sk\u00e4\u00e4rityt hihansuut, musta denim. | Kittle Mood\",\"isPartOf\":{\"@id\":\"https:\/\/www.kittlemood.ee\/#website\"},\"primaryImageOfPage\":{\"@id\":\"https:\/\/www.kittlemood.ee\/fi\/toode\/kaulus-mekko-hame-pitkat-mansettihihat-hihat-musta-musta-musta\/#primaryimage\"},\"image\":{\"@id\":\"https:\/\/www.kittlemood.ee\/fi\/toode\/kaulus-mekko-hame-pitkat-mansettihihat-hihat-musta-musta-musta\/#primaryimage\"},\"thumbnailUrl\":\"https:\/\/www.kittlemood.ee\/wp-content\/uploads\/2022\/12\/DSC00781.jpg\",\"datePublished\":\"2022-12-07T18:33:35+00:00\",\"dateModified\":\"2023-11-29T12:36:26+00:00\",\"breadcrumb\":{\"@id\":\"https:\/\/www.kittlemood.ee\/fi\/toode\/kaulus-mekko-hame-pitkat-mansettihihat-hihat-musta-musta-musta\/#breadcrumb\"},\"inLanguage\":\"fi\",\"potentialAction\":[{\"@type\":\"ReadAction\",\"target\":[\"https:\/\/www.kittlemood.ee\/fi\/toode\/kaulus-mekko-hame-pitkat-mansettihihat-hihat-musta-musta-musta\/\"]}]},{\"@type\":\"ImageObject\",\"inLanguage\":\"fi\",\"@id\":\"https:\/\/www.kittlemood.ee\/fi\/toode\/kaulus-mekko-hame-pitkat-mansettihihat-hihat-musta-musta-musta\/#primaryimage\",\"url\":\"https:\/\/www.kittlemood.ee\/wp-content\/uploads\/2022\/12\/DSC00781.jpg\",\"contentUrl\":\"https:\/\/www.kittlemood.ee\/wp-content\/uploads\/2022\/12\/DSC00781.jpg\",\"width\":667,\"height\":1000},{\"@type\":\"BreadcrumbList\",\"@id\":\"https:\/\/www.kittlemood.ee\/fi\/toode\/kaulus-mekko-hame-pitkat-mansettihihat-hihat-musta-musta-musta\/#breadcrumb\",\"itemListElement\":[{\"@type\":\"ListItem\",\"position\":1,\"name\":\"Home\",\"item\":\"https:\/\/www.kittlemood.ee\/avaleht-2\/\"},{\"@type\":\"ListItem\",\"position\":2,\"name\":\"Verkkokauppa\",\"item\":\"https:\/\/www.kittlemood.ee\/fi\/osta-osoittessa\/\"},{\"@type\":\"ListItem\",\"position\":3,\"name\":\"Kauluksellinen mekko \u201dKatre\u201d, pitk\u00e4t hihat ja yl\u00f6sk\u00e4\u00e4rityt hihansuut, musta denim.\"}]},{\"@type\":\"WebSite\",\"@id\":\"https:\/\/www.kittlemood.ee\/#website\",\"url\":\"https:\/\/www.kittlemood.ee\/\",\"name\":\"Kittle Mood\",\"description\":\"Ajatud ja stiilsed kleidid\",\"publisher\":{\"@id\":\"https:\/\/www.kittlemood.ee\/#organization\"},\"potentialAction\":[{\"@type\":\"SearchAction\",\"target\":{\"@type\":\"EntryPoint\",\"urlTemplate\":\"https:\/\/www.kittlemood.ee\/?s={search_term_string}\"},\"query-input\":{\"@type\":\"PropertyValueSpecification\",\"valueRequired\":true,\"valueName\":\"search_term_string\"}}],\"inLanguage\":\"fi\"},{\"@type\":\"Organization\",\"@id\":\"https:\/\/www.kittlemood.ee\/#organization\",\"name\":\"Kittle Mood O\u00dc\",\"url\":\"https:\/\/www.kittlemood.ee\/\",\"logo\":{\"@type\":\"ImageObject\",\"inLanguage\":\"fi\",\"@id\":\"https:\/\/www.kittlemood.ee\/#\/schema\/logo\/image\/\",\"url\":\"https:\/\/www.kittlemood.ee\/wp-content\/uploads\/2021\/03\/logo3.png\",\"contentUrl\":\"https:\/\/www.kittlemood.ee\/wp-content\/uploads\/2021\/03\/logo3.png\",\"width\":644,\"height\":352,\"caption\":\"Kittle Mood O\u00dc\"},\"image\":{\"@id\":\"https:\/\/www.kittlemood.ee\/#\/schema\/logo\/image\/\"},\"sameAs\":[\"https:\/\/www.facebook.com\/KittleMood-100617121748728\/\",\"https:\/\/www.instagram.com\/kittlemood\/\"]}]}<\/script>\n<!-- \/ Yoast SEO plugin. -->","yoast_head_json":{"title":"Kauluksellinen mekko \u201dKatre\u201d, pitk\u00e4t hihat ja yl\u00f6sk\u00e4\u00e4rityt hihansuut, musta denim. | Kittle Mood","robots":{"index":"noindex","follow":"follow"},"og_locale":"fi_FI","og_type":"article","og_title":"Kauluksellinen mekko \u201dKatre\u201d, pitk\u00e4t hihat ja yl\u00f6sk\u00e4\u00e4rityt hihansuut, musta denim. | Kittle Mood","og_description":"Edest\u00e4 napitettava kaulusmekko ohuesta farkkukankaasta, jota korostavat yl\u00f6sk\u00e4\u00e4rityt hihansuut ja kaksi sis\u00e4\u00e4nommeltua puseroa helman takaosassa. Mekossa on mukavat sivutaskut ja l\u00e4p\u00e4lliset etutaskut. Materiaali: 100 % puuvillaa. V\u00e4ri: musta. Jos haluat t\u00e4m\u00e4n mekon eri kankaalla tai erikoiskoolla, l\u00e4het\u00e4 meille pyynt\u00f6si osoitteeseen ki&#116;&#116;&#x6c;&#x65;&#x66;&#x61;sh&#105;&#111;&#x6e;&#x65;&#x65;&#x73;ti&#64;&#103;&#109;&#x61;&#x69;&#x6c;&#x2e;co&#109;. Pese mekko nurinp\u00e4in 30\u00b0C vedess\u00e4, silitys on sallittu.","og_url":"https:\/\/www.kittlemood.ee\/fi\/toode\/kaulus-mekko-hame-pitkat-mansettihihat-hihat-musta-musta-musta\/","og_site_name":"Kittle Mood","article_publisher":"https:\/\/www.facebook.com\/KittleMood-100617121748728\/","article_modified_time":"2023-11-29T12:36:26+00:00","og_image":[{"width":667,"height":1000,"url":"https:\/\/www.kittlemood.ee\/wp-content\/uploads\/2022\/12\/DSC00781.jpg","type":"image\/jpeg"}],"twitter_card":"summary_large_image","twitter_misc":{"Arvioitu lukuaika":"1 minuutti"},"schema":{"@context":"https:\/\/schema.org","@graph":[{"@type":"WebPage","@id":"https:\/\/www.kittlemood.ee\/fi\/toode\/kaulus-mekko-hame-pitkat-mansettihihat-hihat-musta-musta-musta\/","url":"https:\/\/www.kittlemood.ee\/fi\/toode\/kaulus-mekko-hame-pitkat-mansettihihat-hihat-musta-musta-musta\/","name":"Kauluksellinen mekko \u201dKatre\u201d, pitk\u00e4t hihat ja yl\u00f6sk\u00e4\u00e4rityt hihansuut, musta denim. | Kittle Mood","isPartOf":{"@id":"https:\/\/www.kittlemood.ee\/#website"},"primaryImageOfPage":{"@id":"https:\/\/www.kittlemood.ee\/fi\/toode\/kaulus-mekko-hame-pitkat-mansettihihat-hihat-musta-musta-musta\/#primaryimage"},"image":{"@id":"https:\/\/www.kittlemood.ee\/fi\/toode\/kaulus-mekko-hame-pitkat-mansettihihat-hihat-musta-musta-musta\/#primaryimage"},"thumbnailUrl":"https:\/\/www.kittlemood.ee\/wp-content\/uploads\/2022\/12\/DSC00781.jpg","datePublished":"2022-12-07T18:33:35+00:00","dateModified":"2023-11-29T12:36:26+00:00","breadcrumb":{"@id":"https:\/\/www.kittlemood.ee\/fi\/toode\/kaulus-mekko-hame-pitkat-mansettihihat-hihat-musta-musta-musta\/#breadcrumb"},"inLanguage":"fi","potentialAction":[{"@type":"ReadAction","target":["https:\/\/www.kittlemood.ee\/fi\/toode\/kaulus-mekko-hame-pitkat-mansettihihat-hihat-musta-musta-musta\/"]}]},{"@type":"ImageObject","inLanguage":"fi","@id":"https:\/\/www.kittlemood.ee\/fi\/toode\/kaulus-mekko-hame-pitkat-mansettihihat-hihat-musta-musta-musta\/#primaryimage","url":"https:\/\/www.kittlemood.ee\/wp-content\/uploads\/2022\/12\/DSC00781.jpg","contentUrl":"https:\/\/www.kittlemood.ee\/wp-content\/uploads\/2022\/12\/DSC00781.jpg","width":667,"height":1000},{"@type":"BreadcrumbList","@id":"https:\/\/www.kittlemood.ee\/fi\/toode\/kaulus-mekko-hame-pitkat-mansettihihat-hihat-musta-musta-musta\/#breadcrumb","itemListElement":[{"@type":"ListItem","position":1,"name":"Home","item":"https:\/\/www.kittlemood.ee\/avaleht-2\/"},{"@type":"ListItem","position":2,"name":"Verkkokauppa","item":"https:\/\/www.kittlemood.ee\/fi\/osta-osoittessa\/"},{"@type":"ListItem","position":3,"name":"Kauluksellinen mekko \u201dKatre\u201d, pitk\u00e4t hihat ja yl\u00f6sk\u00e4\u00e4rityt hihansuut, musta denim."}]},{"@type":"WebSite","@id":"https:\/\/www.kittlemood.ee\/#website","url":"https:\/\/www.kittlemood.ee\/","name":"Kittle Mood","description":"Ajatud ja stiilsed kleidid","publisher":{"@id":"https:\/\/www.kittlemood.ee\/#organization"},"potentialAction":[{"@type":"SearchAction","target":{"@type":"EntryPoint","urlTemplate":"https:\/\/www.kittlemood.ee\/?s={search_term_string}"},"query-input":{"@type":"PropertyValueSpecification","valueRequired":true,"valueName":"search_term_string"}}],"inLanguage":"fi"},{"@type":"Organization","@id":"https:\/\/www.kittlemood.ee\/#organization","name":"Kittle Mood O\u00dc","url":"https:\/\/www.kittlemood.ee\/","logo":{"@type":"ImageObject","inLanguage":"fi","@id":"https:\/\/www.kittlemood.ee\/#\/schema\/logo\/image\/","url":"https:\/\/www.kittlemood.ee\/wp-content\/uploads\/2021\/03\/logo3.png","contentUrl":"https:\/\/www.kittlemood.ee\/wp-content\/uploads\/2021\/03\/logo3.png","width":644,"height":352,"caption":"Kittle Mood O\u00dc"},"image":{"@id":"https:\/\/www.kittlemood.ee\/#\/schema\/logo\/image\/"},"sameAs":["https:\/\/www.facebook.com\/KittleMood-100617121748728\/","https:\/\/www.instagram.com\/kittlemood\/"]}]}},"_links":{"self":[{"href":"https:\/\/www.kittlemood.ee\/fi\/wp-json\/wp\/v2\/product\/9951","targetHints":{"allow":["GET"]}}],"collection":[{"href":"https:\/\/www.kittlemood.ee\/fi\/wp-json\/wp\/v2\/product"}],"about":[{"href":"https:\/\/www.kittlemood.ee\/fi\/wp-json\/wp\/v2\/types\/product"}],"replies":[{"embeddable":true,"href":"https:\/\/www.kittlemood.ee\/fi\/wp-json\/wp\/v2\/comments?post=9951"}],"wp:featuredmedia":[{"embeddable":true,"href":"https:\/\/www.kittlemood.ee\/fi\/wp-json\/wp\/v2\/media\/9491"}],"wp:attachment":[{"href":"https:\/\/www.kittlemood.ee\/fi\/wp-json\/wp\/v2\/media?parent=9951"}],"wp:term":[{"taxonomy":"product_brand","embeddable":true,"href":"https:\/\/www.kittlemood.ee\/fi\/wp-json\/wp\/v2\/product_brand?post=9951"},{"taxonomy":"product_cat","embeddable":true,"href":"https:\/\/www.kittlemood.ee\/fi\/wp-json\/wp\/v2\/product_cat?post=9951"},{"taxonomy":"product_tag","embeddable":true,"href":"https:\/\/www.kittlemood.ee\/fi\/wp-json\/wp\/v2\/product_tag?post=9951"}],"curies":[{"name":"wp","href":"https:\/\/api.w.org\/{rel}","templated":true}]}}