{"id":9867,"date":"2023-01-15T14:09:43","date_gmt":"2023-02-15T13:04:44","guid":{"rendered":"https:\/\/www.kittlemood.ee\/toode\/hame-katre-musta-tiikkipuu\/"},"modified":"2024-08-28T14:17:18","modified_gmt":"2024-08-28T11:17:18","slug":"hame-hame-musta-musta-musta-tex","status":"publish","type":"product","link":"https:\/\/www.kittlemood.ee\/fi\/toode\/hame-hame-musta-musta-musta-tex\/","title":{"rendered":"Hame &#8221;Katre&#8221;, musta farkkukangas."},"content":{"rendered":"<p>Laskostettu hame ohuesta farkkukankaasta. Hameessa on kaksi sivutaskua ja vy\u00f6, edess\u00e4 napitus.<\/p>\n<p>Materiaali: 100 % puuvillaa.<\/p>\n<p>V\u00e4ri: musta.<\/p>\n<p>Jos haluat t\u00e4m\u00e4n hameen mallin eri kankaalla tai erikoiskoolla, l\u00e4het\u00e4 toiveesi osoitteeseen &#x6b;&#x69;&#x74;&#116;&#108;&#101;fa&#x73;&#x68;&#x69;&#x6f;&#110;&#101;es&#x74;&#x69;&#x40;&#x67;&#109;&#97;il&#x2e;&#x63;&#x6f;&#x6d;.<\/p>\n<p>Pese hame nurinp\u00e4in 30 \u00b0C:n vedess\u00e4, silitys sallittu. Kankaasta saattaa irtoa alussa v\u00e4ri\u00e4.<\/p>\n","protected":false},"excerpt":{"rendered":"<p>Laskostettu hame ohuesta farkkukankaasta. Hameessa on kaksi sivutaskua ja vy\u00f6, edess\u00e4 napitus. Materiaali: 100 % puuvillaa. V\u00e4ri: musta. Jos haluat t\u00e4m\u00e4n hameen mallin eri kankaalla tai erikoiskoolla, l\u00e4het\u00e4 toiveesi osoitteeseen &#107;&#x69;&#116;&#x74;l&#x65;f&#97;&#x73;&#104;&#x69;&#111;&#x6e;e&#x65;s&#116;&#x69;&#64;&#x67;m&#x61;i&#x6c;&#x2e;&#99;&#x6f;&#109;. Pese hame nurinp\u00e4in 30 \u00b0C:n vedess\u00e4, silitys sallittu. Kankaasta saattaa irtoa alussa v\u00e4ri\u00e4.<\/p>\n","protected":false},"featured_media":12956,"comment_status":"closed","ping_status":"closed","template":"","meta":{"om_disable_all_campaigns":false},"product_brand":[],"product_cat":[159],"product_tag":[],"class_list":{"0":"post-9867","1":"product","2":"type-product","3":"status-publish","4":"has-post-thumbnail","6":"product_cat-hameet","7":"pa_suurus-xl-fi","8":"pa_suurus-l-fi","9":"pa_suurus-m-fi","10":"pa_suurus-s-fi","11":"pa_suurus-xs-fi","13":"first","14":"instock","15":"taxable","16":"shipping-taxable","17":"purchasable","18":"product-type-variable"},"yoast_head":"<!-- This site is optimized with the Yoast SEO plugin v26.9 - https:\/\/yoast.com\/product\/yoast-seo-wordpress\/ -->\n<title>Hame &quot;Katre&quot;, musta farkkukangas. | Kittle Mood<\/title>\n<meta name=\"robots\" content=\"noindex, follow\" \/>\n<meta property=\"og:locale\" content=\"fi_FI\" \/>\n<meta property=\"og:type\" content=\"article\" \/>\n<meta property=\"og:title\" content=\"Hame &quot;Katre&quot;, musta farkkukangas. | Kittle Mood\" \/>\n<meta property=\"og:description\" content=\"Laskostettu hame ohuesta farkkukankaasta. Hameessa on kaksi sivutaskua ja vy\u00f6, edess\u00e4 napitus. Materiaali: 100 % puuvillaa. V\u00e4ri: musta. Jos haluat t\u00e4m\u00e4n hameen mallin eri kankaalla tai erikoiskoolla, l\u00e4het\u00e4 toiveesi osoitteeseen &#x6b;&#x69;&#x74;&#116;&#108;&#101;fa&#x73;&#x68;&#x69;&#x6f;&#110;&#101;es&#x74;&#x69;&#x40;&#x67;&#109;&#097;il&#x2e;&#x63;&#x6f;&#x6d;. Pese hame nurinp\u00e4in 30 \u00b0C:n vedess\u00e4, silitys sallittu. Kankaasta saattaa irtoa alussa v\u00e4ri\u00e4.\" \/>\n<meta property=\"og:url\" content=\"https:\/\/www.kittlemood.ee\/fi\/toode\/hame-hame-musta-musta-musta-tex\/\" \/>\n<meta property=\"og:site_name\" content=\"Kittle Mood\" \/>\n<meta property=\"article:publisher\" content=\"https:\/\/www.facebook.com\/KittleMood-100617121748728\/\" \/>\n<meta property=\"article:modified_time\" content=\"2024-08-28T11:17:18+00:00\" \/>\n<meta property=\"og:image\" content=\"https:\/\/www.kittlemood.ee\/wp-content\/uploads\/2023\/01\/DSC00529-1.jpg\" \/>\n\t<meta property=\"og:image:width\" content=\"1000\" \/>\n\t<meta property=\"og:image:height\" content=\"1500\" \/>\n\t<meta property=\"og:image:type\" content=\"image\/jpeg\" \/>\n<meta name=\"twitter:card\" content=\"summary_large_image\" \/>\n<script type=\"application\/ld+json\" class=\"yoast-schema-graph\">{\"@context\":\"https:\/\/schema.org\",\"@graph\":[{\"@type\":\"WebPage\",\"@id\":\"https:\/\/www.kittlemood.ee\/fi\/toode\/hame-hame-musta-musta-musta-tex\/\",\"url\":\"https:\/\/www.kittlemood.ee\/fi\/toode\/hame-hame-musta-musta-musta-tex\/\",\"name\":\"Hame \\\"Katre\\\", musta farkkukangas. | Kittle Mood\",\"isPartOf\":{\"@id\":\"https:\/\/www.kittlemood.ee\/#website\"},\"primaryImageOfPage\":{\"@id\":\"https:\/\/www.kittlemood.ee\/fi\/toode\/hame-hame-musta-musta-musta-tex\/#primaryimage\"},\"image\":{\"@id\":\"https:\/\/www.kittlemood.ee\/fi\/toode\/hame-hame-musta-musta-musta-tex\/#primaryimage\"},\"thumbnailUrl\":\"https:\/\/www.kittlemood.ee\/wp-content\/uploads\/2023\/01\/DSC00529-1.jpg\",\"datePublished\":\"2023-02-15T13:04:44+00:00\",\"dateModified\":\"2024-08-28T11:17:18+00:00\",\"breadcrumb\":{\"@id\":\"https:\/\/www.kittlemood.ee\/fi\/toode\/hame-hame-musta-musta-musta-tex\/#breadcrumb\"},\"inLanguage\":\"fi\",\"potentialAction\":[{\"@type\":\"ReadAction\",\"target\":[\"https:\/\/www.kittlemood.ee\/fi\/toode\/hame-hame-musta-musta-musta-tex\/\"]}]},{\"@type\":\"ImageObject\",\"inLanguage\":\"fi\",\"@id\":\"https:\/\/www.kittlemood.ee\/fi\/toode\/hame-hame-musta-musta-musta-tex\/#primaryimage\",\"url\":\"https:\/\/www.kittlemood.ee\/wp-content\/uploads\/2023\/01\/DSC00529-1.jpg\",\"contentUrl\":\"https:\/\/www.kittlemood.ee\/wp-content\/uploads\/2023\/01\/DSC00529-1.jpg\",\"width\":1000,\"height\":1500},{\"@type\":\"BreadcrumbList\",\"@id\":\"https:\/\/www.kittlemood.ee\/fi\/toode\/hame-hame-musta-musta-musta-tex\/#breadcrumb\",\"itemListElement\":[{\"@type\":\"ListItem\",\"position\":1,\"name\":\"Home\",\"item\":\"https:\/\/www.kittlemood.ee\/avaleht-2\/\"},{\"@type\":\"ListItem\",\"position\":2,\"name\":\"Verkkokauppa\",\"item\":\"https:\/\/www.kittlemood.ee\/fi\/osta-osoittessa\/\"},{\"@type\":\"ListItem\",\"position\":3,\"name\":\"Hame &#8220;Katre&#8221;, musta farkkukangas.\"}]},{\"@type\":\"WebSite\",\"@id\":\"https:\/\/www.kittlemood.ee\/#website\",\"url\":\"https:\/\/www.kittlemood.ee\/\",\"name\":\"Kittle Mood\",\"description\":\"Ajatud ja stiilsed kleidid\",\"publisher\":{\"@id\":\"https:\/\/www.kittlemood.ee\/#organization\"},\"potentialAction\":[{\"@type\":\"SearchAction\",\"target\":{\"@type\":\"EntryPoint\",\"urlTemplate\":\"https:\/\/www.kittlemood.ee\/?s={search_term_string}\"},\"query-input\":{\"@type\":\"PropertyValueSpecification\",\"valueRequired\":true,\"valueName\":\"search_term_string\"}}],\"inLanguage\":\"fi\"},{\"@type\":\"Organization\",\"@id\":\"https:\/\/www.kittlemood.ee\/#organization\",\"name\":\"Kittle Mood O\u00dc\",\"url\":\"https:\/\/www.kittlemood.ee\/\",\"logo\":{\"@type\":\"ImageObject\",\"inLanguage\":\"fi\",\"@id\":\"https:\/\/www.kittlemood.ee\/#\/schema\/logo\/image\/\",\"url\":\"https:\/\/www.kittlemood.ee\/wp-content\/uploads\/2021\/03\/logo3.png\",\"contentUrl\":\"https:\/\/www.kittlemood.ee\/wp-content\/uploads\/2021\/03\/logo3.png\",\"width\":644,\"height\":352,\"caption\":\"Kittle Mood O\u00dc\"},\"image\":{\"@id\":\"https:\/\/www.kittlemood.ee\/#\/schema\/logo\/image\/\"},\"sameAs\":[\"https:\/\/www.facebook.com\/KittleMood-100617121748728\/\",\"https:\/\/www.instagram.com\/kittlemood\/\"]}]}<\/script>\n<!-- \/ Yoast SEO plugin. -->","yoast_head_json":{"title":"Hame \"Katre\", musta farkkukangas. | Kittle Mood","robots":{"index":"noindex","follow":"follow"},"og_locale":"fi_FI","og_type":"article","og_title":"Hame \"Katre\", musta farkkukangas. | Kittle Mood","og_description":"Laskostettu hame ohuesta farkkukankaasta. Hameessa on kaksi sivutaskua ja vy\u00f6, edess\u00e4 napitus. Materiaali: 100 % puuvillaa. V\u00e4ri: musta. Jos haluat t\u00e4m\u00e4n hameen mallin eri kankaalla tai erikoiskoolla, l\u00e4het\u00e4 toiveesi osoitteeseen &#x6b;&#x69;&#x74;&#116;&#108;&#101;fa&#x73;&#x68;&#x69;&#x6f;&#110;&#101;es&#x74;&#x69;&#x40;&#x67;&#109;&#97;il&#x2e;&#x63;&#x6f;&#x6d;. Pese hame nurinp\u00e4in 30 \u00b0C:n vedess\u00e4, silitys sallittu. Kankaasta saattaa irtoa alussa v\u00e4ri\u00e4.","og_url":"https:\/\/www.kittlemood.ee\/fi\/toode\/hame-hame-musta-musta-musta-tex\/","og_site_name":"Kittle Mood","article_publisher":"https:\/\/www.facebook.com\/KittleMood-100617121748728\/","article_modified_time":"2024-08-28T11:17:18+00:00","og_image":[{"width":1000,"height":1500,"url":"https:\/\/www.kittlemood.ee\/wp-content\/uploads\/2023\/01\/DSC00529-1.jpg","type":"image\/jpeg"}],"twitter_card":"summary_large_image","schema":{"@context":"https:\/\/schema.org","@graph":[{"@type":"WebPage","@id":"https:\/\/www.kittlemood.ee\/fi\/toode\/hame-hame-musta-musta-musta-tex\/","url":"https:\/\/www.kittlemood.ee\/fi\/toode\/hame-hame-musta-musta-musta-tex\/","name":"Hame \"Katre\", musta farkkukangas. | Kittle Mood","isPartOf":{"@id":"https:\/\/www.kittlemood.ee\/#website"},"primaryImageOfPage":{"@id":"https:\/\/www.kittlemood.ee\/fi\/toode\/hame-hame-musta-musta-musta-tex\/#primaryimage"},"image":{"@id":"https:\/\/www.kittlemood.ee\/fi\/toode\/hame-hame-musta-musta-musta-tex\/#primaryimage"},"thumbnailUrl":"https:\/\/www.kittlemood.ee\/wp-content\/uploads\/2023\/01\/DSC00529-1.jpg","datePublished":"2023-02-15T13:04:44+00:00","dateModified":"2024-08-28T11:17:18+00:00","breadcrumb":{"@id":"https:\/\/www.kittlemood.ee\/fi\/toode\/hame-hame-musta-musta-musta-tex\/#breadcrumb"},"inLanguage":"fi","potentialAction":[{"@type":"ReadAction","target":["https:\/\/www.kittlemood.ee\/fi\/toode\/hame-hame-musta-musta-musta-tex\/"]}]},{"@type":"ImageObject","inLanguage":"fi","@id":"https:\/\/www.kittlemood.ee\/fi\/toode\/hame-hame-musta-musta-musta-tex\/#primaryimage","url":"https:\/\/www.kittlemood.ee\/wp-content\/uploads\/2023\/01\/DSC00529-1.jpg","contentUrl":"https:\/\/www.kittlemood.ee\/wp-content\/uploads\/2023\/01\/DSC00529-1.jpg","width":1000,"height":1500},{"@type":"BreadcrumbList","@id":"https:\/\/www.kittlemood.ee\/fi\/toode\/hame-hame-musta-musta-musta-tex\/#breadcrumb","itemListElement":[{"@type":"ListItem","position":1,"name":"Home","item":"https:\/\/www.kittlemood.ee\/avaleht-2\/"},{"@type":"ListItem","position":2,"name":"Verkkokauppa","item":"https:\/\/www.kittlemood.ee\/fi\/osta-osoittessa\/"},{"@type":"ListItem","position":3,"name":"Hame &#8220;Katre&#8221;, musta farkkukangas."}]},{"@type":"WebSite","@id":"https:\/\/www.kittlemood.ee\/#website","url":"https:\/\/www.kittlemood.ee\/","name":"Kittle Mood","description":"Ajatud ja stiilsed kleidid","publisher":{"@id":"https:\/\/www.kittlemood.ee\/#organization"},"potentialAction":[{"@type":"SearchAction","target":{"@type":"EntryPoint","urlTemplate":"https:\/\/www.kittlemood.ee\/?s={search_term_string}"},"query-input":{"@type":"PropertyValueSpecification","valueRequired":true,"valueName":"search_term_string"}}],"inLanguage":"fi"},{"@type":"Organization","@id":"https:\/\/www.kittlemood.ee\/#organization","name":"Kittle Mood O\u00dc","url":"https:\/\/www.kittlemood.ee\/","logo":{"@type":"ImageObject","inLanguage":"fi","@id":"https:\/\/www.kittlemood.ee\/#\/schema\/logo\/image\/","url":"https:\/\/www.kittlemood.ee\/wp-content\/uploads\/2021\/03\/logo3.png","contentUrl":"https:\/\/www.kittlemood.ee\/wp-content\/uploads\/2021\/03\/logo3.png","width":644,"height":352,"caption":"Kittle Mood O\u00dc"},"image":{"@id":"https:\/\/www.kittlemood.ee\/#\/schema\/logo\/image\/"},"sameAs":["https:\/\/www.facebook.com\/KittleMood-100617121748728\/","https:\/\/www.instagram.com\/kittlemood\/"]}]}},"_links":{"self":[{"href":"https:\/\/www.kittlemood.ee\/fi\/wp-json\/wp\/v2\/product\/9867","targetHints":{"allow":["GET"]}}],"collection":[{"href":"https:\/\/www.kittlemood.ee\/fi\/wp-json\/wp\/v2\/product"}],"about":[{"href":"https:\/\/www.kittlemood.ee\/fi\/wp-json\/wp\/v2\/types\/product"}],"replies":[{"embeddable":true,"href":"https:\/\/www.kittlemood.ee\/fi\/wp-json\/wp\/v2\/comments?post=9867"}],"wp:featuredmedia":[{"embeddable":true,"href":"https:\/\/www.kittlemood.ee\/fi\/wp-json\/wp\/v2\/media\/12956"}],"wp:attachment":[{"href":"https:\/\/www.kittlemood.ee\/fi\/wp-json\/wp\/v2\/media?parent=9867"}],"wp:term":[{"taxonomy":"product_brand","embeddable":true,"href":"https:\/\/www.kittlemood.ee\/fi\/wp-json\/wp\/v2\/product_brand?post=9867"},{"taxonomy":"product_cat","embeddable":true,"href":"https:\/\/www.kittlemood.ee\/fi\/wp-json\/wp\/v2\/product_cat?post=9867"},{"taxonomy":"product_tag","embeddable":true,"href":"https:\/\/www.kittlemood.ee\/fi\/wp-json\/wp\/v2\/product_tag?post=9867"}],"curies":[{"name":"wp","href":"https:\/\/api.w.org\/{rel}","templated":true}]}}