{"id":9789,"date":"2022-09-25T14:03:26","date_gmt":"2022-09-25T11:03:26","guid":{"rendered":"https:\/\/www.kittlemood.ee\/toode\/mekko-kai-3-4-pituus-suorat-hihat-kaksi-royhelokaulusta-ammuttu-ruutu-beige\/"},"modified":"2025-02-05T13:33:59","modified_gmt":"2025-02-05T11:33:59","slug":"kaksi-volangot-kruunattu-puku-puvut-vaatteet-3-4-pituiset-pituudet-sarmiot-hihoilla-sotakuvioitu-helmapuku","status":"publish","type":"product","link":"https:\/\/www.kittlemood.ee\/fi\/toode\/kaksi-volangot-kruunattu-puku-puvut-vaatteet-3-4-pituiset-pituudet-sarmiot-hihoilla-sotakuvioitu-helmapuku\/","title":{"rendered":"Kauluksellinen mekko &#8221;Kai&#8221; kahdella r\u00f6yhel\u00f6ll\u00e4, 3\/4 suorat hihat, beige skottiruutu"},"content":{"rendered":"<p>Pehme\u00e4st\u00e4 rypistym\u00e4tt\u00f6m\u00e4st\u00e4 kankaasta valmistettu v\u00e4lj\u00e4 mekko, jota voi k\u00e4ytt\u00e4\u00e4 vy\u00f6n kanssa tai ilman. Mekossa on kaksi mukavaa sivutaskua, nappikiinnitys edess\u00e4.<\/p>\n<p>Materiaali: 65% polyesteri, 32% viskoosi, 3% elastaani.<\/p>\n<p>V\u00e4ri: beige-valkoinen ruutu.<\/p>\n<p>Jos haluat t\u00e4m\u00e4n mekon eri kankaalla tai erikoiskoolla, l\u00e4het\u00e4 meille pyynt\u00f6si osoitteeseen k&#105;&#x74;&#x74;&#x6c;e&#102;&#x61;&#x73;&#x68;i&#111;&#x6e;&#x65;&#x65;s&#116;&#x69;&#x40;&#x67;m&#97;&#x69;&#x6c;&#x2e;c&#111;&#x6d;.<\/p>\n<p>Pese mekko nurinp\u00e4in 30\u00b0C vedess\u00e4, silitys on sallittu.<\/p>\n","protected":false},"excerpt":{"rendered":"<p>Pehme\u00e4st\u00e4 rypistym\u00e4tt\u00f6m\u00e4st\u00e4 kankaasta valmistettu v\u00e4lj\u00e4 mekko, jota voi k\u00e4ytt\u00e4\u00e4 vy\u00f6n kanssa tai ilman. Mekossa on kaksi mukavaa sivutaskua, nappikiinnitys edess\u00e4. Materiaali: 65% polyesteri, 32% viskoosi, 3% elastaani. V\u00e4ri: beige-valkoinen ruutu. Jos haluat t\u00e4m\u00e4n mekon eri kankaalla tai erikoiskoolla, l\u00e4het\u00e4 meille pyynt\u00f6si osoitteeseen kittle&#102;&#97;&#115;&#104;&#105;&#111;&#110;&#x65;&#x65;&#x73;&#x74;&#x69;&#x40;&#x67;&#x6d;&#x61;&#x69;&#x6c;&#x2e;com. Pese mekko nurinp\u00e4in 30\u00b0C vedess\u00e4, silitys on sallittu.<\/p>\n","protected":false},"featured_media":9428,"comment_status":"closed","ping_status":"closed","template":"","meta":{"om_disable_all_campaigns":false},"product_brand":[],"product_cat":[177,178,148],"product_tag":[],"class_list":{"0":"post-9789","1":"product","2":"type-product","3":"status-publish","4":"has-post-thumbnail","6":"product_cat-mekot","7":"product_cat-syksy-talvi-mekkot","8":"product_cat-alennus","9":"pa_kitli-pikkus-lyhyt","10":"pa_suurus-xs-fi","11":"pa_suurus-xl-fi","12":"pa_suurus-l-fi","13":"pa_suurus-m-fi","14":"pa_suurus-s-fi","16":"first","17":"instock","18":"sale","19":"taxable","20":"shipping-taxable","21":"purchasable","22":"product-type-variable"},"yoast_head":"<!-- This site is optimized with the Yoast SEO plugin v26.9 - https:\/\/yoast.com\/product\/yoast-seo-wordpress\/ -->\n<title>Kauluksellinen mekko &quot;Kai&quot; kahdella r\u00f6yhel\u00f6ll\u00e4, 3\/4 suorat hihat, beige skottiruutu | Kittle Mood<\/title>\n<meta name=\"robots\" content=\"noindex, follow\" \/>\n<meta property=\"og:locale\" content=\"fi_FI\" \/>\n<meta property=\"og:type\" content=\"article\" \/>\n<meta property=\"og:title\" content=\"Kauluksellinen mekko &quot;Kai&quot; kahdella r\u00f6yhel\u00f6ll\u00e4, 3\/4 suorat hihat, beige skottiruutu | Kittle Mood\" \/>\n<meta property=\"og:description\" content=\"Pehme\u00e4st\u00e4 rypistym\u00e4tt\u00f6m\u00e4st\u00e4 kankaasta valmistettu v\u00e4lj\u00e4 mekko, jota voi k\u00e4ytt\u00e4\u00e4 vy\u00f6n kanssa tai ilman. Mekossa on kaksi mukavaa sivutaskua, nappikiinnitys edess\u00e4. Materiaali: 65% polyesteri, 32% viskoosi, 3% elastaani. V\u00e4ri: beige-valkoinen ruutu. Jos haluat t\u00e4m\u00e4n mekon eri kankaalla tai erikoiskoolla, l\u00e4het\u00e4 meille pyynt\u00f6si osoitteeseen k&#105;&#x74;&#x74;&#x6c;e&#102;&#x61;&#x73;&#x68;i&#111;&#x6e;&#x65;&#x65;s&#116;&#x69;&#x40;&#x67;m&#097;&#x69;&#x6c;&#x2e;c&#111;&#x6d;. Pese mekko nurinp\u00e4in 30\u00b0C vedess\u00e4, silitys on sallittu.\" \/>\n<meta property=\"og:url\" content=\"https:\/\/www.kittlemood.ee\/fi\/toode\/kaksi-volangot-kruunattu-puku-puvut-vaatteet-3-4-pituiset-pituudet-sarmiot-hihoilla-sotakuvioitu-helmapuku\/\" \/>\n<meta property=\"og:site_name\" content=\"Kittle Mood\" \/>\n<meta property=\"article:publisher\" content=\"https:\/\/www.facebook.com\/KittleMood-100617121748728\/\" \/>\n<meta property=\"article:modified_time\" content=\"2025-02-05T11:33:59+00:00\" \/>\n<meta property=\"og:image\" content=\"https:\/\/www.kittlemood.ee\/wp-content\/uploads\/2022\/09\/DSC08092.jpg\" \/>\n\t<meta property=\"og:image:width\" content=\"1000\" \/>\n\t<meta property=\"og:image:height\" content=\"1499\" \/>\n\t<meta property=\"og:image:type\" content=\"image\/jpeg\" \/>\n<meta name=\"twitter:card\" content=\"summary_large_image\" \/>\n<script type=\"application\/ld+json\" class=\"yoast-schema-graph\">{\"@context\":\"https:\/\/schema.org\",\"@graph\":[{\"@type\":\"WebPage\",\"@id\":\"https:\/\/www.kittlemood.ee\/fi\/toode\/kaksi-volangot-kruunattu-puku-puvut-vaatteet-3-4-pituiset-pituudet-sarmiot-hihoilla-sotakuvioitu-helmapuku\/\",\"url\":\"https:\/\/www.kittlemood.ee\/fi\/toode\/kaksi-volangot-kruunattu-puku-puvut-vaatteet-3-4-pituiset-pituudet-sarmiot-hihoilla-sotakuvioitu-helmapuku\/\",\"name\":\"Kauluksellinen mekko \\\"Kai\\\" kahdella r\u00f6yhel\u00f6ll\u00e4, 3\/4 suorat hihat, beige skottiruutu | Kittle Mood\",\"isPartOf\":{\"@id\":\"https:\/\/www.kittlemood.ee\/#website\"},\"primaryImageOfPage\":{\"@id\":\"https:\/\/www.kittlemood.ee\/fi\/toode\/kaksi-volangot-kruunattu-puku-puvut-vaatteet-3-4-pituiset-pituudet-sarmiot-hihoilla-sotakuvioitu-helmapuku\/#primaryimage\"},\"image\":{\"@id\":\"https:\/\/www.kittlemood.ee\/fi\/toode\/kaksi-volangot-kruunattu-puku-puvut-vaatteet-3-4-pituiset-pituudet-sarmiot-hihoilla-sotakuvioitu-helmapuku\/#primaryimage\"},\"thumbnailUrl\":\"https:\/\/www.kittlemood.ee\/wp-content\/uploads\/2022\/09\/DSC08092.jpg\",\"datePublished\":\"2022-09-25T11:03:26+00:00\",\"dateModified\":\"2025-02-05T11:33:59+00:00\",\"breadcrumb\":{\"@id\":\"https:\/\/www.kittlemood.ee\/fi\/toode\/kaksi-volangot-kruunattu-puku-puvut-vaatteet-3-4-pituiset-pituudet-sarmiot-hihoilla-sotakuvioitu-helmapuku\/#breadcrumb\"},\"inLanguage\":\"fi\",\"potentialAction\":[{\"@type\":\"ReadAction\",\"target\":[\"https:\/\/www.kittlemood.ee\/fi\/toode\/kaksi-volangot-kruunattu-puku-puvut-vaatteet-3-4-pituiset-pituudet-sarmiot-hihoilla-sotakuvioitu-helmapuku\/\"]}]},{\"@type\":\"ImageObject\",\"inLanguage\":\"fi\",\"@id\":\"https:\/\/www.kittlemood.ee\/fi\/toode\/kaksi-volangot-kruunattu-puku-puvut-vaatteet-3-4-pituiset-pituudet-sarmiot-hihoilla-sotakuvioitu-helmapuku\/#primaryimage\",\"url\":\"https:\/\/www.kittlemood.ee\/wp-content\/uploads\/2022\/09\/DSC08092.jpg\",\"contentUrl\":\"https:\/\/www.kittlemood.ee\/wp-content\/uploads\/2022\/09\/DSC08092.jpg\",\"width\":1000,\"height\":1499},{\"@type\":\"BreadcrumbList\",\"@id\":\"https:\/\/www.kittlemood.ee\/fi\/toode\/kaksi-volangot-kruunattu-puku-puvut-vaatteet-3-4-pituiset-pituudet-sarmiot-hihoilla-sotakuvioitu-helmapuku\/#breadcrumb\",\"itemListElement\":[{\"@type\":\"ListItem\",\"position\":1,\"name\":\"Home\",\"item\":\"https:\/\/www.kittlemood.ee\/avaleht-2\/\"},{\"@type\":\"ListItem\",\"position\":2,\"name\":\"Verkkokauppa\",\"item\":\"https:\/\/www.kittlemood.ee\/fi\/osta-osoittessa\/\"},{\"@type\":\"ListItem\",\"position\":3,\"name\":\"Kauluksellinen mekko &#8220;Kai&#8221; kahdella r\u00f6yhel\u00f6ll\u00e4, 3\/4 suorat hihat, beige skottiruutu\"}]},{\"@type\":\"WebSite\",\"@id\":\"https:\/\/www.kittlemood.ee\/#website\",\"url\":\"https:\/\/www.kittlemood.ee\/\",\"name\":\"Kittle Mood\",\"description\":\"Ajatud ja stiilsed kleidid\",\"publisher\":{\"@id\":\"https:\/\/www.kittlemood.ee\/#organization\"},\"potentialAction\":[{\"@type\":\"SearchAction\",\"target\":{\"@type\":\"EntryPoint\",\"urlTemplate\":\"https:\/\/www.kittlemood.ee\/?s={search_term_string}\"},\"query-input\":{\"@type\":\"PropertyValueSpecification\",\"valueRequired\":true,\"valueName\":\"search_term_string\"}}],\"inLanguage\":\"fi\"},{\"@type\":\"Organization\",\"@id\":\"https:\/\/www.kittlemood.ee\/#organization\",\"name\":\"Kittle Mood O\u00dc\",\"url\":\"https:\/\/www.kittlemood.ee\/\",\"logo\":{\"@type\":\"ImageObject\",\"inLanguage\":\"fi\",\"@id\":\"https:\/\/www.kittlemood.ee\/#\/schema\/logo\/image\/\",\"url\":\"https:\/\/www.kittlemood.ee\/wp-content\/uploads\/2021\/03\/logo3.png\",\"contentUrl\":\"https:\/\/www.kittlemood.ee\/wp-content\/uploads\/2021\/03\/logo3.png\",\"width\":644,\"height\":352,\"caption\":\"Kittle Mood O\u00dc\"},\"image\":{\"@id\":\"https:\/\/www.kittlemood.ee\/#\/schema\/logo\/image\/\"},\"sameAs\":[\"https:\/\/www.facebook.com\/KittleMood-100617121748728\/\",\"https:\/\/www.instagram.com\/kittlemood\/\"]}]}<\/script>\n<!-- \/ Yoast SEO plugin. -->","yoast_head_json":{"title":"Kauluksellinen mekko \"Kai\" kahdella r\u00f6yhel\u00f6ll\u00e4, 3\/4 suorat hihat, beige skottiruutu | Kittle Mood","robots":{"index":"noindex","follow":"follow"},"og_locale":"fi_FI","og_type":"article","og_title":"Kauluksellinen mekko \"Kai\" kahdella r\u00f6yhel\u00f6ll\u00e4, 3\/4 suorat hihat, beige skottiruutu | Kittle Mood","og_description":"Pehme\u00e4st\u00e4 rypistym\u00e4tt\u00f6m\u00e4st\u00e4 kankaasta valmistettu v\u00e4lj\u00e4 mekko, jota voi k\u00e4ytt\u00e4\u00e4 vy\u00f6n kanssa tai ilman. Mekossa on kaksi mukavaa sivutaskua, nappikiinnitys edess\u00e4. Materiaali: 65% polyesteri, 32% viskoosi, 3% elastaani. V\u00e4ri: beige-valkoinen ruutu. Jos haluat t\u00e4m\u00e4n mekon eri kankaalla tai erikoiskoolla, l\u00e4het\u00e4 meille pyynt\u00f6si osoitteeseen k&#105;&#x74;&#x74;&#x6c;e&#102;&#x61;&#x73;&#x68;i&#111;&#x6e;&#x65;&#x65;s&#116;&#x69;&#x40;&#x67;m&#97;&#x69;&#x6c;&#x2e;c&#111;&#x6d;. Pese mekko nurinp\u00e4in 30\u00b0C vedess\u00e4, silitys on sallittu.","og_url":"https:\/\/www.kittlemood.ee\/fi\/toode\/kaksi-volangot-kruunattu-puku-puvut-vaatteet-3-4-pituiset-pituudet-sarmiot-hihoilla-sotakuvioitu-helmapuku\/","og_site_name":"Kittle Mood","article_publisher":"https:\/\/www.facebook.com\/KittleMood-100617121748728\/","article_modified_time":"2025-02-05T11:33:59+00:00","og_image":[{"width":1000,"height":1499,"url":"https:\/\/www.kittlemood.ee\/wp-content\/uploads\/2022\/09\/DSC08092.jpg","type":"image\/jpeg"}],"twitter_card":"summary_large_image","schema":{"@context":"https:\/\/schema.org","@graph":[{"@type":"WebPage","@id":"https:\/\/www.kittlemood.ee\/fi\/toode\/kaksi-volangot-kruunattu-puku-puvut-vaatteet-3-4-pituiset-pituudet-sarmiot-hihoilla-sotakuvioitu-helmapuku\/","url":"https:\/\/www.kittlemood.ee\/fi\/toode\/kaksi-volangot-kruunattu-puku-puvut-vaatteet-3-4-pituiset-pituudet-sarmiot-hihoilla-sotakuvioitu-helmapuku\/","name":"Kauluksellinen mekko \"Kai\" kahdella r\u00f6yhel\u00f6ll\u00e4, 3\/4 suorat hihat, beige skottiruutu | Kittle Mood","isPartOf":{"@id":"https:\/\/www.kittlemood.ee\/#website"},"primaryImageOfPage":{"@id":"https:\/\/www.kittlemood.ee\/fi\/toode\/kaksi-volangot-kruunattu-puku-puvut-vaatteet-3-4-pituiset-pituudet-sarmiot-hihoilla-sotakuvioitu-helmapuku\/#primaryimage"},"image":{"@id":"https:\/\/www.kittlemood.ee\/fi\/toode\/kaksi-volangot-kruunattu-puku-puvut-vaatteet-3-4-pituiset-pituudet-sarmiot-hihoilla-sotakuvioitu-helmapuku\/#primaryimage"},"thumbnailUrl":"https:\/\/www.kittlemood.ee\/wp-content\/uploads\/2022\/09\/DSC08092.jpg","datePublished":"2022-09-25T11:03:26+00:00","dateModified":"2025-02-05T11:33:59+00:00","breadcrumb":{"@id":"https:\/\/www.kittlemood.ee\/fi\/toode\/kaksi-volangot-kruunattu-puku-puvut-vaatteet-3-4-pituiset-pituudet-sarmiot-hihoilla-sotakuvioitu-helmapuku\/#breadcrumb"},"inLanguage":"fi","potentialAction":[{"@type":"ReadAction","target":["https:\/\/www.kittlemood.ee\/fi\/toode\/kaksi-volangot-kruunattu-puku-puvut-vaatteet-3-4-pituiset-pituudet-sarmiot-hihoilla-sotakuvioitu-helmapuku\/"]}]},{"@type":"ImageObject","inLanguage":"fi","@id":"https:\/\/www.kittlemood.ee\/fi\/toode\/kaksi-volangot-kruunattu-puku-puvut-vaatteet-3-4-pituiset-pituudet-sarmiot-hihoilla-sotakuvioitu-helmapuku\/#primaryimage","url":"https:\/\/www.kittlemood.ee\/wp-content\/uploads\/2022\/09\/DSC08092.jpg","contentUrl":"https:\/\/www.kittlemood.ee\/wp-content\/uploads\/2022\/09\/DSC08092.jpg","width":1000,"height":1499},{"@type":"BreadcrumbList","@id":"https:\/\/www.kittlemood.ee\/fi\/toode\/kaksi-volangot-kruunattu-puku-puvut-vaatteet-3-4-pituiset-pituudet-sarmiot-hihoilla-sotakuvioitu-helmapuku\/#breadcrumb","itemListElement":[{"@type":"ListItem","position":1,"name":"Home","item":"https:\/\/www.kittlemood.ee\/avaleht-2\/"},{"@type":"ListItem","position":2,"name":"Verkkokauppa","item":"https:\/\/www.kittlemood.ee\/fi\/osta-osoittessa\/"},{"@type":"ListItem","position":3,"name":"Kauluksellinen mekko &#8220;Kai&#8221; kahdella r\u00f6yhel\u00f6ll\u00e4, 3\/4 suorat hihat, beige skottiruutu"}]},{"@type":"WebSite","@id":"https:\/\/www.kittlemood.ee\/#website","url":"https:\/\/www.kittlemood.ee\/","name":"Kittle Mood","description":"Ajatud ja stiilsed kleidid","publisher":{"@id":"https:\/\/www.kittlemood.ee\/#organization"},"potentialAction":[{"@type":"SearchAction","target":{"@type":"EntryPoint","urlTemplate":"https:\/\/www.kittlemood.ee\/?s={search_term_string}"},"query-input":{"@type":"PropertyValueSpecification","valueRequired":true,"valueName":"search_term_string"}}],"inLanguage":"fi"},{"@type":"Organization","@id":"https:\/\/www.kittlemood.ee\/#organization","name":"Kittle Mood O\u00dc","url":"https:\/\/www.kittlemood.ee\/","logo":{"@type":"ImageObject","inLanguage":"fi","@id":"https:\/\/www.kittlemood.ee\/#\/schema\/logo\/image\/","url":"https:\/\/www.kittlemood.ee\/wp-content\/uploads\/2021\/03\/logo3.png","contentUrl":"https:\/\/www.kittlemood.ee\/wp-content\/uploads\/2021\/03\/logo3.png","width":644,"height":352,"caption":"Kittle Mood O\u00dc"},"image":{"@id":"https:\/\/www.kittlemood.ee\/#\/schema\/logo\/image\/"},"sameAs":["https:\/\/www.facebook.com\/KittleMood-100617121748728\/","https:\/\/www.instagram.com\/kittlemood\/"]}]}},"_links":{"self":[{"href":"https:\/\/www.kittlemood.ee\/fi\/wp-json\/wp\/v2\/product\/9789","targetHints":{"allow":["GET"]}}],"collection":[{"href":"https:\/\/www.kittlemood.ee\/fi\/wp-json\/wp\/v2\/product"}],"about":[{"href":"https:\/\/www.kittlemood.ee\/fi\/wp-json\/wp\/v2\/types\/product"}],"replies":[{"embeddable":true,"href":"https:\/\/www.kittlemood.ee\/fi\/wp-json\/wp\/v2\/comments?post=9789"}],"wp:featuredmedia":[{"embeddable":true,"href":"https:\/\/www.kittlemood.ee\/fi\/wp-json\/wp\/v2\/media\/9428"}],"wp:attachment":[{"href":"https:\/\/www.kittlemood.ee\/fi\/wp-json\/wp\/v2\/media?parent=9789"}],"wp:term":[{"taxonomy":"product_brand","embeddable":true,"href":"https:\/\/www.kittlemood.ee\/fi\/wp-json\/wp\/v2\/product_brand?post=9789"},{"taxonomy":"product_cat","embeddable":true,"href":"https:\/\/www.kittlemood.ee\/fi\/wp-json\/wp\/v2\/product_cat?post=9789"},{"taxonomy":"product_tag","embeddable":true,"href":"https:\/\/www.kittlemood.ee\/fi\/wp-json\/wp\/v2\/product_tag?post=9789"}],"curies":[{"name":"wp","href":"https:\/\/api.w.org\/{rel}","templated":true}]}}