{"id":9717,"date":"2022-09-17T16:02:58","date_gmt":"2022-09-17T13:02:58","guid":{"rendered":"https:\/\/www.kittlemood.ee\/toode\/poyhkea-royhelomekko-kristi-3-4-pituus-suorat-hihat-tikkaus\/"},"modified":"2024-01-04T15:30:59","modified_gmt":"2024-01-04T13:30:59","slug":"buffy-flouncy-mekko-risti-3-4-pituinen-sarmatty-parretteilla-haarniska-haara","status":"publish","type":"product","link":"https:\/\/www.kittlemood.ee\/fi\/toode\/buffy-flouncy-mekko-risti-3-4-pituinen-sarmatty-parretteilla-haarniska-haara\/","title":{"rendered":"R\u00f6yhel\u00f6mekko &#8221;Kristi&#8221;, 3\/4 suorat hihat, farkkukangas"},"content":{"rendered":"<p>Ohuesta farkkukankaasta valmistettu mekko, jonka helmassa naisellinen r\u00f6yhel\u00f6. Mekossa on kaksi mukavaa sivutaskua, nappikiinnitys edess\u00e4.<\/p>\n<p>Materiaali: 100 % puuvillaa.<\/p>\n<p>V\u00e4ri: tummansininen<\/p>\n<p>Jos haluat t\u00e4m\u00e4n mekon eri kankaalla tai erikoiskoolla, l\u00e4het\u00e4 meille pyynt\u00f6si osoitteeseen &#107;&#x69;&#116;&#x74;l&#x65;f&#97;&#x73;&#104;&#x69;o&#x6e;e&#101;&#x73;&#116;&#x69;&#64;&#x67;m&#97;&#x69;&#108;&#x2e;c&#x6f;m.<\/p>\n<p>Pese mekko nurinp\u00e4in 30\u00b0C vedess\u00e4, silitys on sallittu.<\/p>\n","protected":false},"excerpt":{"rendered":"<p>Ohuesta farkkukankaasta valmistettu mekko, jonka helmassa naisellinen r\u00f6yhel\u00f6. Mekossa on kaksi mukavaa sivutaskua, nappikiinnitys edess\u00e4. Materiaali: 100 % puuvillaa. V\u00e4ri: tummansininen Jos haluat t\u00e4m\u00e4n mekon eri kankaalla tai erikoiskoolla, l\u00e4het\u00e4 meille pyynt\u00f6si osoitteeseen &#x6b;i&#x74;&#116;&#x6c;&#101;f&#x61;s&#x68;&#105;&#x6f;&#110;e&#x65;&#115;&#x74;&#105;&#64;&#x67;m&#x61;&#105;&#x6c;&#46;c&#x6f;m. Pese mekko nurinp\u00e4in 30\u00b0C vedess\u00e4, silitys on sallittu.<\/p>\n","protected":false},"featured_media":9380,"comment_status":"closed","ping_status":"closed","template":"","meta":{"om_disable_all_campaigns":false},"product_brand":[],"product_cat":[177,178,148],"product_tag":[],"class_list":{"0":"post-9717","1":"product","2":"type-product","3":"status-publish","4":"has-post-thumbnail","6":"product_cat-mekot","7":"product_cat-syksy-talvi-mekkot","8":"product_cat-alennus","9":"pa_kitli-pikkus-lyhyt","10":"pa_suurus-xl-fi","11":"pa_suurus-l-fi","12":"pa_suurus-m-fi","13":"pa_suurus-s-fi","14":"pa_suurus-xs-fi","16":"first","17":"instock","18":"sale","19":"taxable","20":"shipping-taxable","21":"purchasable","22":"product-type-variable"},"yoast_head":"<!-- This site is optimized with the Yoast SEO plugin v26.9 - https:\/\/yoast.com\/product\/yoast-seo-wordpress\/ -->\n<title>R\u00f6yhel\u00f6mekko &quot;Kristi&quot;, 3\/4 suorat hihat, farkkukangas | Kittle Mood<\/title>\n<meta name=\"robots\" content=\"noindex, follow\" \/>\n<meta property=\"og:locale\" content=\"fi_FI\" \/>\n<meta property=\"og:type\" content=\"article\" \/>\n<meta property=\"og:title\" content=\"R\u00f6yhel\u00f6mekko &quot;Kristi&quot;, 3\/4 suorat hihat, farkkukangas | Kittle Mood\" \/>\n<meta property=\"og:description\" content=\"Ohuesta farkkukankaasta valmistettu mekko, jonka helmassa naisellinen r\u00f6yhel\u00f6. Mekossa on kaksi mukavaa sivutaskua, nappikiinnitys edess\u00e4. Materiaali: 100 % puuvillaa. V\u00e4ri: tummansininen Jos haluat t\u00e4m\u00e4n mekon eri kankaalla tai erikoiskoolla, l\u00e4het\u00e4 meille pyynt\u00f6si osoitteeseen &#x6b;&#x69;&#x74;&#x74;&#108;&#101;&#102;&#097;shi&#x6f;&#x6e;&#x65;&#x65;&#x73;&#116;&#105;&#064;gma&#x69;&#x6c;&#x2e;&#x63;&#x6f;&#109;. Pese mekko nurinp\u00e4in 30\u00b0C vedess\u00e4, silitys on sallittu.\" \/>\n<meta property=\"og:url\" content=\"https:\/\/www.kittlemood.ee\/fi\/toode\/buffy-flouncy-mekko-risti-3-4-pituinen-sarmatty-parretteilla-haarniska-haara\/\" \/>\n<meta property=\"og:site_name\" content=\"Kittle Mood\" \/>\n<meta property=\"article:publisher\" content=\"https:\/\/www.facebook.com\/KittleMood-100617121748728\/\" \/>\n<meta property=\"article:modified_time\" content=\"2024-01-04T13:30:59+00:00\" \/>\n<meta property=\"og:image\" content=\"https:\/\/www.kittlemood.ee\/wp-content\/uploads\/2022\/09\/DSC08452.jpg\" \/>\n\t<meta property=\"og:image:width\" content=\"1000\" \/>\n\t<meta property=\"og:image:height\" content=\"1500\" \/>\n\t<meta property=\"og:image:type\" content=\"image\/jpeg\" \/>\n<meta name=\"twitter:card\" content=\"summary_large_image\" \/>\n<script type=\"application\/ld+json\" class=\"yoast-schema-graph\">{\"@context\":\"https:\/\/schema.org\",\"@graph\":[{\"@type\":\"WebPage\",\"@id\":\"https:\/\/www.kittlemood.ee\/fi\/toode\/buffy-flouncy-mekko-risti-3-4-pituinen-sarmatty-parretteilla-haarniska-haara\/\",\"url\":\"https:\/\/www.kittlemood.ee\/fi\/toode\/buffy-flouncy-mekko-risti-3-4-pituinen-sarmatty-parretteilla-haarniska-haara\/\",\"name\":\"R\u00f6yhel\u00f6mekko \\\"Kristi\\\", 3\/4 suorat hihat, farkkukangas | Kittle Mood\",\"isPartOf\":{\"@id\":\"https:\/\/www.kittlemood.ee\/#website\"},\"primaryImageOfPage\":{\"@id\":\"https:\/\/www.kittlemood.ee\/fi\/toode\/buffy-flouncy-mekko-risti-3-4-pituinen-sarmatty-parretteilla-haarniska-haara\/#primaryimage\"},\"image\":{\"@id\":\"https:\/\/www.kittlemood.ee\/fi\/toode\/buffy-flouncy-mekko-risti-3-4-pituinen-sarmatty-parretteilla-haarniska-haara\/#primaryimage\"},\"thumbnailUrl\":\"https:\/\/www.kittlemood.ee\/wp-content\/uploads\/2022\/09\/DSC08452.jpg\",\"datePublished\":\"2022-09-17T13:02:58+00:00\",\"dateModified\":\"2024-01-04T13:30:59+00:00\",\"breadcrumb\":{\"@id\":\"https:\/\/www.kittlemood.ee\/fi\/toode\/buffy-flouncy-mekko-risti-3-4-pituinen-sarmatty-parretteilla-haarniska-haara\/#breadcrumb\"},\"inLanguage\":\"fi\",\"potentialAction\":[{\"@type\":\"ReadAction\",\"target\":[\"https:\/\/www.kittlemood.ee\/fi\/toode\/buffy-flouncy-mekko-risti-3-4-pituinen-sarmatty-parretteilla-haarniska-haara\/\"]}]},{\"@type\":\"ImageObject\",\"inLanguage\":\"fi\",\"@id\":\"https:\/\/www.kittlemood.ee\/fi\/toode\/buffy-flouncy-mekko-risti-3-4-pituinen-sarmatty-parretteilla-haarniska-haara\/#primaryimage\",\"url\":\"https:\/\/www.kittlemood.ee\/wp-content\/uploads\/2022\/09\/DSC08452.jpg\",\"contentUrl\":\"https:\/\/www.kittlemood.ee\/wp-content\/uploads\/2022\/09\/DSC08452.jpg\",\"width\":1000,\"height\":1500},{\"@type\":\"BreadcrumbList\",\"@id\":\"https:\/\/www.kittlemood.ee\/fi\/toode\/buffy-flouncy-mekko-risti-3-4-pituinen-sarmatty-parretteilla-haarniska-haara\/#breadcrumb\",\"itemListElement\":[{\"@type\":\"ListItem\",\"position\":1,\"name\":\"Home\",\"item\":\"https:\/\/www.kittlemood.ee\/avaleht-2\/\"},{\"@type\":\"ListItem\",\"position\":2,\"name\":\"Verkkokauppa\",\"item\":\"https:\/\/www.kittlemood.ee\/fi\/osta-osoittessa\/\"},{\"@type\":\"ListItem\",\"position\":3,\"name\":\"R\u00f6yhel\u00f6mekko &#8220;Kristi&#8221;, 3\/4 suorat hihat, farkkukangas\"}]},{\"@type\":\"WebSite\",\"@id\":\"https:\/\/www.kittlemood.ee\/#website\",\"url\":\"https:\/\/www.kittlemood.ee\/\",\"name\":\"Kittle Mood\",\"description\":\"Ajatud ja stiilsed kleidid\",\"publisher\":{\"@id\":\"https:\/\/www.kittlemood.ee\/#organization\"},\"potentialAction\":[{\"@type\":\"SearchAction\",\"target\":{\"@type\":\"EntryPoint\",\"urlTemplate\":\"https:\/\/www.kittlemood.ee\/?s={search_term_string}\"},\"query-input\":{\"@type\":\"PropertyValueSpecification\",\"valueRequired\":true,\"valueName\":\"search_term_string\"}}],\"inLanguage\":\"fi\"},{\"@type\":\"Organization\",\"@id\":\"https:\/\/www.kittlemood.ee\/#organization\",\"name\":\"Kittle Mood O\u00dc\",\"url\":\"https:\/\/www.kittlemood.ee\/\",\"logo\":{\"@type\":\"ImageObject\",\"inLanguage\":\"fi\",\"@id\":\"https:\/\/www.kittlemood.ee\/#\/schema\/logo\/image\/\",\"url\":\"https:\/\/www.kittlemood.ee\/wp-content\/uploads\/2021\/03\/logo3.png\",\"contentUrl\":\"https:\/\/www.kittlemood.ee\/wp-content\/uploads\/2021\/03\/logo3.png\",\"width\":644,\"height\":352,\"caption\":\"Kittle Mood O\u00dc\"},\"image\":{\"@id\":\"https:\/\/www.kittlemood.ee\/#\/schema\/logo\/image\/\"},\"sameAs\":[\"https:\/\/www.facebook.com\/KittleMood-100617121748728\/\",\"https:\/\/www.instagram.com\/kittlemood\/\"]}]}<\/script>\n<!-- \/ Yoast SEO plugin. -->","yoast_head_json":{"title":"R\u00f6yhel\u00f6mekko \"Kristi\", 3\/4 suorat hihat, farkkukangas | Kittle Mood","robots":{"index":"noindex","follow":"follow"},"og_locale":"fi_FI","og_type":"article","og_title":"R\u00f6yhel\u00f6mekko \"Kristi\", 3\/4 suorat hihat, farkkukangas | Kittle Mood","og_description":"Ohuesta farkkukankaasta valmistettu mekko, jonka helmassa naisellinen r\u00f6yhel\u00f6. Mekossa on kaksi mukavaa sivutaskua, nappikiinnitys edess\u00e4. Materiaali: 100 % puuvillaa. V\u00e4ri: tummansininen Jos haluat t\u00e4m\u00e4n mekon eri kankaalla tai erikoiskoolla, l\u00e4het\u00e4 meille pyynt\u00f6si osoitteeseen &#x6b;&#x69;&#x74;&#x74;&#108;&#101;&#102;&#97;shi&#x6f;&#x6e;&#x65;&#x65;&#x73;&#116;&#105;&#64;gma&#x69;&#x6c;&#x2e;&#x63;&#x6f;&#109;. Pese mekko nurinp\u00e4in 30\u00b0C vedess\u00e4, silitys on sallittu.","og_url":"https:\/\/www.kittlemood.ee\/fi\/toode\/buffy-flouncy-mekko-risti-3-4-pituinen-sarmatty-parretteilla-haarniska-haara\/","og_site_name":"Kittle Mood","article_publisher":"https:\/\/www.facebook.com\/KittleMood-100617121748728\/","article_modified_time":"2024-01-04T13:30:59+00:00","og_image":[{"width":1000,"height":1500,"url":"https:\/\/www.kittlemood.ee\/wp-content\/uploads\/2022\/09\/DSC08452.jpg","type":"image\/jpeg"}],"twitter_card":"summary_large_image","schema":{"@context":"https:\/\/schema.org","@graph":[{"@type":"WebPage","@id":"https:\/\/www.kittlemood.ee\/fi\/toode\/buffy-flouncy-mekko-risti-3-4-pituinen-sarmatty-parretteilla-haarniska-haara\/","url":"https:\/\/www.kittlemood.ee\/fi\/toode\/buffy-flouncy-mekko-risti-3-4-pituinen-sarmatty-parretteilla-haarniska-haara\/","name":"R\u00f6yhel\u00f6mekko \"Kristi\", 3\/4 suorat hihat, farkkukangas | Kittle Mood","isPartOf":{"@id":"https:\/\/www.kittlemood.ee\/#website"},"primaryImageOfPage":{"@id":"https:\/\/www.kittlemood.ee\/fi\/toode\/buffy-flouncy-mekko-risti-3-4-pituinen-sarmatty-parretteilla-haarniska-haara\/#primaryimage"},"image":{"@id":"https:\/\/www.kittlemood.ee\/fi\/toode\/buffy-flouncy-mekko-risti-3-4-pituinen-sarmatty-parretteilla-haarniska-haara\/#primaryimage"},"thumbnailUrl":"https:\/\/www.kittlemood.ee\/wp-content\/uploads\/2022\/09\/DSC08452.jpg","datePublished":"2022-09-17T13:02:58+00:00","dateModified":"2024-01-04T13:30:59+00:00","breadcrumb":{"@id":"https:\/\/www.kittlemood.ee\/fi\/toode\/buffy-flouncy-mekko-risti-3-4-pituinen-sarmatty-parretteilla-haarniska-haara\/#breadcrumb"},"inLanguage":"fi","potentialAction":[{"@type":"ReadAction","target":["https:\/\/www.kittlemood.ee\/fi\/toode\/buffy-flouncy-mekko-risti-3-4-pituinen-sarmatty-parretteilla-haarniska-haara\/"]}]},{"@type":"ImageObject","inLanguage":"fi","@id":"https:\/\/www.kittlemood.ee\/fi\/toode\/buffy-flouncy-mekko-risti-3-4-pituinen-sarmatty-parretteilla-haarniska-haara\/#primaryimage","url":"https:\/\/www.kittlemood.ee\/wp-content\/uploads\/2022\/09\/DSC08452.jpg","contentUrl":"https:\/\/www.kittlemood.ee\/wp-content\/uploads\/2022\/09\/DSC08452.jpg","width":1000,"height":1500},{"@type":"BreadcrumbList","@id":"https:\/\/www.kittlemood.ee\/fi\/toode\/buffy-flouncy-mekko-risti-3-4-pituinen-sarmatty-parretteilla-haarniska-haara\/#breadcrumb","itemListElement":[{"@type":"ListItem","position":1,"name":"Home","item":"https:\/\/www.kittlemood.ee\/avaleht-2\/"},{"@type":"ListItem","position":2,"name":"Verkkokauppa","item":"https:\/\/www.kittlemood.ee\/fi\/osta-osoittessa\/"},{"@type":"ListItem","position":3,"name":"R\u00f6yhel\u00f6mekko &#8220;Kristi&#8221;, 3\/4 suorat hihat, farkkukangas"}]},{"@type":"WebSite","@id":"https:\/\/www.kittlemood.ee\/#website","url":"https:\/\/www.kittlemood.ee\/","name":"Kittle Mood","description":"Ajatud ja stiilsed kleidid","publisher":{"@id":"https:\/\/www.kittlemood.ee\/#organization"},"potentialAction":[{"@type":"SearchAction","target":{"@type":"EntryPoint","urlTemplate":"https:\/\/www.kittlemood.ee\/?s={search_term_string}"},"query-input":{"@type":"PropertyValueSpecification","valueRequired":true,"valueName":"search_term_string"}}],"inLanguage":"fi"},{"@type":"Organization","@id":"https:\/\/www.kittlemood.ee\/#organization","name":"Kittle Mood O\u00dc","url":"https:\/\/www.kittlemood.ee\/","logo":{"@type":"ImageObject","inLanguage":"fi","@id":"https:\/\/www.kittlemood.ee\/#\/schema\/logo\/image\/","url":"https:\/\/www.kittlemood.ee\/wp-content\/uploads\/2021\/03\/logo3.png","contentUrl":"https:\/\/www.kittlemood.ee\/wp-content\/uploads\/2021\/03\/logo3.png","width":644,"height":352,"caption":"Kittle Mood O\u00dc"},"image":{"@id":"https:\/\/www.kittlemood.ee\/#\/schema\/logo\/image\/"},"sameAs":["https:\/\/www.facebook.com\/KittleMood-100617121748728\/","https:\/\/www.instagram.com\/kittlemood\/"]}]}},"_links":{"self":[{"href":"https:\/\/www.kittlemood.ee\/fi\/wp-json\/wp\/v2\/product\/9717","targetHints":{"allow":["GET"]}}],"collection":[{"href":"https:\/\/www.kittlemood.ee\/fi\/wp-json\/wp\/v2\/product"}],"about":[{"href":"https:\/\/www.kittlemood.ee\/fi\/wp-json\/wp\/v2\/types\/product"}],"replies":[{"embeddable":true,"href":"https:\/\/www.kittlemood.ee\/fi\/wp-json\/wp\/v2\/comments?post=9717"}],"wp:featuredmedia":[{"embeddable":true,"href":"https:\/\/www.kittlemood.ee\/fi\/wp-json\/wp\/v2\/media\/9380"}],"wp:attachment":[{"href":"https:\/\/www.kittlemood.ee\/fi\/wp-json\/wp\/v2\/media?parent=9717"}],"wp:term":[{"taxonomy":"product_brand","embeddable":true,"href":"https:\/\/www.kittlemood.ee\/fi\/wp-json\/wp\/v2\/product_brand?post=9717"},{"taxonomy":"product_cat","embeddable":true,"href":"https:\/\/www.kittlemood.ee\/fi\/wp-json\/wp\/v2\/product_cat?post=9717"},{"taxonomy":"product_tag","embeddable":true,"href":"https:\/\/www.kittlemood.ee\/fi\/wp-json\/wp\/v2\/product_tag?post=9717"}],"curies":[{"name":"wp","href":"https:\/\/api.w.org\/{rel}","templated":true}]}}