{"id":9606,"date":"2021-10-12T20:17:52","date_gmt":"2021-10-12T17:17:52","guid":{"rendered":"https:\/\/www.kittlemood.ee\/toode\/hihamekko-kristi-muhkeat-hihat-tikattu-kangas\/"},"modified":"2024-01-04T15:26:53","modified_gmt":"2024-01-04T13:26:53","slug":"holmikkittel-risti-pulveri-puilla-teksa","status":"publish","type":"product","link":"https:\/\/www.kittlemood.ee\/fi\/toode\/holmikkittel-risti-pulveri-puilla-teksa\/","title":{"rendered":"Kietaisumekko &#8221;Kristi&#8221;, puhvihihat, farkkukangas."},"content":{"rendered":"<p>Klassinen kietaisumekko ohuesta farkkukankaasta. Mekossa on vy\u00f6, ilman nappeja. Mekossa on kaksi mukavaa sivutaskua.<\/p>\n<p>Materiaali: 100 % puuvillaa.<\/p>\n<p>V\u00e4ri: tummansininen<\/p>\n<p>Jos haluat t\u00e4m\u00e4n mekon eri kankaalla tai erikoiskoolla, l\u00e4het\u00e4 pyynt\u00f6si osoitteeseen &#x6b;&#105;&#116;t&#x6c;&#x65;&#102;a&#x73;&#x68;&#105;o&#x6e;&#x65;&#101;s&#x74;&#x69;&#64;g&#x6d;&#x61;&#105;l&#x2e;&#x63;&#111;&#109;.<\/p>\n<p>Pese mekko nurinp\u00e4in 30\u00b0C vedess\u00e4, silitys on sallittu.<\/p>\n","protected":false},"excerpt":{"rendered":"<p>Klassinen kietaisumekko ohuesta farkkukankaasta. Mekossa on vy\u00f6, ilman nappeja. Mekossa on kaksi mukavaa sivutaskua. Materiaali: 100 % puuvillaa. V\u00e4ri: tummansininen Jos haluat t\u00e4m\u00e4n mekon eri kankaalla tai erikoiskoolla, l\u00e4het\u00e4 pyynt\u00f6si osoitteeseen &#107;&#x69;t&#116;&#x6c;e&#102;&#x61;s&#104;&#x69;o&#110;&#x65;&#101;&#x73;&#x74;&#105;&#x40;&#x67;&#109;&#x61;i&#108;&#x2e;c&#111;&#x6d;. Pese mekko nurinp\u00e4in 30\u00b0C vedess\u00e4, silitys on sallittu.<\/p>\n","protected":false},"featured_media":8744,"comment_status":"closed","ping_status":"closed","template":"","meta":{"om_disable_all_campaigns":false},"product_brand":[],"product_cat":[177,178,148],"product_tag":[],"class_list":{"0":"post-9606","1":"product","2":"type-product","3":"status-publish","4":"has-post-thumbnail","6":"product_cat-mekot","7":"product_cat-syksy-talvi-mekkot","8":"product_cat-alennus","9":"pa_kitli-pikkus-lyhyt","10":"pa_suurus-xl-fi","11":"pa_suurus-l-fi","12":"pa_suurus-m-fi","13":"pa_suurus-s-fi","14":"pa_suurus-xs-fi","16":"first","17":"instock","18":"sale","19":"taxable","20":"shipping-taxable","21":"purchasable","22":"product-type-variable"},"yoast_head":"<!-- This site is optimized with the Yoast SEO plugin v26.9 - https:\/\/yoast.com\/product\/yoast-seo-wordpress\/ -->\n<title>Kietaisumekko &quot;Kristi&quot;, puhvihihat, farkkukangas. | Kittle Mood<\/title>\n<meta name=\"description\" content=\"Klassinen kietaisumekko ohuesta farkkukankaasta. Suunniteltu ja ommeltu Virossa.\" \/>\n<meta name=\"robots\" content=\"noindex, follow\" \/>\n<meta property=\"og:locale\" content=\"fi_FI\" \/>\n<meta property=\"og:type\" content=\"article\" \/>\n<meta property=\"og:title\" content=\"Kietaisumekko &quot;Kristi&quot;, puhvihihat, farkkukangas. | Kittle Mood\" \/>\n<meta property=\"og:description\" content=\"Klassinen kietaisumekko ohuesta farkkukankaasta. Suunniteltu ja ommeltu Virossa.\" \/>\n<meta property=\"og:url\" content=\"https:\/\/www.kittlemood.ee\/fi\/toode\/holmikkittel-risti-pulveri-puilla-teksa\/\" \/>\n<meta property=\"og:site_name\" content=\"Kittle Mood\" \/>\n<meta property=\"article:publisher\" content=\"https:\/\/www.facebook.com\/KittleMood-100617121748728\/\" \/>\n<meta property=\"article:modified_time\" content=\"2024-01-04T13:26:53+00:00\" \/>\n<meta property=\"og:image\" content=\"https:\/\/www.kittlemood.ee\/wp-content\/uploads\/2021\/09\/DSC09096-1.jpg\" \/>\n\t<meta property=\"og:image:width\" content=\"1069\" \/>\n\t<meta property=\"og:image:height\" content=\"1600\" \/>\n\t<meta property=\"og:image:type\" content=\"image\/jpeg\" \/>\n<meta name=\"twitter:card\" content=\"summary_large_image\" \/>\n<script type=\"application\/ld+json\" class=\"yoast-schema-graph\">{\"@context\":\"https:\/\/schema.org\",\"@graph\":[{\"@type\":\"WebPage\",\"@id\":\"https:\/\/www.kittlemood.ee\/fi\/toode\/holmikkittel-risti-pulveri-puilla-teksa\/\",\"url\":\"https:\/\/www.kittlemood.ee\/fi\/toode\/holmikkittel-risti-pulveri-puilla-teksa\/\",\"name\":\"Kietaisumekko \\\"Kristi\\\", puhvihihat, farkkukangas. | Kittle Mood\",\"isPartOf\":{\"@id\":\"https:\/\/www.kittlemood.ee\/#website\"},\"primaryImageOfPage\":{\"@id\":\"https:\/\/www.kittlemood.ee\/fi\/toode\/holmikkittel-risti-pulveri-puilla-teksa\/#primaryimage\"},\"image\":{\"@id\":\"https:\/\/www.kittlemood.ee\/fi\/toode\/holmikkittel-risti-pulveri-puilla-teksa\/#primaryimage\"},\"thumbnailUrl\":\"https:\/\/www.kittlemood.ee\/wp-content\/uploads\/2021\/09\/DSC09096-1.jpg\",\"datePublished\":\"2021-10-12T17:17:52+00:00\",\"dateModified\":\"2024-01-04T13:26:53+00:00\",\"description\":\"Klassinen kietaisumekko ohuesta farkkukankaasta. Suunniteltu ja ommeltu Virossa.\",\"breadcrumb\":{\"@id\":\"https:\/\/www.kittlemood.ee\/fi\/toode\/holmikkittel-risti-pulveri-puilla-teksa\/#breadcrumb\"},\"inLanguage\":\"fi\",\"potentialAction\":[{\"@type\":\"ReadAction\",\"target\":[\"https:\/\/www.kittlemood.ee\/fi\/toode\/holmikkittel-risti-pulveri-puilla-teksa\/\"]}]},{\"@type\":\"ImageObject\",\"inLanguage\":\"fi\",\"@id\":\"https:\/\/www.kittlemood.ee\/fi\/toode\/holmikkittel-risti-pulveri-puilla-teksa\/#primaryimage\",\"url\":\"https:\/\/www.kittlemood.ee\/wp-content\/uploads\/2021\/09\/DSC09096-1.jpg\",\"contentUrl\":\"https:\/\/www.kittlemood.ee\/wp-content\/uploads\/2021\/09\/DSC09096-1.jpg\",\"width\":1069,\"height\":1600},{\"@type\":\"BreadcrumbList\",\"@id\":\"https:\/\/www.kittlemood.ee\/fi\/toode\/holmikkittel-risti-pulveri-puilla-teksa\/#breadcrumb\",\"itemListElement\":[{\"@type\":\"ListItem\",\"position\":1,\"name\":\"Home\",\"item\":\"https:\/\/www.kittlemood.ee\/avaleht-2\/\"},{\"@type\":\"ListItem\",\"position\":2,\"name\":\"Verkkokauppa\",\"item\":\"https:\/\/www.kittlemood.ee\/fi\/osta-osoittessa\/\"},{\"@type\":\"ListItem\",\"position\":3,\"name\":\"Kietaisumekko &#8220;Kristi&#8221;, puhvihihat, farkkukangas.\"}]},{\"@type\":\"WebSite\",\"@id\":\"https:\/\/www.kittlemood.ee\/#website\",\"url\":\"https:\/\/www.kittlemood.ee\/\",\"name\":\"Kittle Mood\",\"description\":\"Ajatud ja stiilsed kleidid\",\"publisher\":{\"@id\":\"https:\/\/www.kittlemood.ee\/#organization\"},\"potentialAction\":[{\"@type\":\"SearchAction\",\"target\":{\"@type\":\"EntryPoint\",\"urlTemplate\":\"https:\/\/www.kittlemood.ee\/?s={search_term_string}\"},\"query-input\":{\"@type\":\"PropertyValueSpecification\",\"valueRequired\":true,\"valueName\":\"search_term_string\"}}],\"inLanguage\":\"fi\"},{\"@type\":\"Organization\",\"@id\":\"https:\/\/www.kittlemood.ee\/#organization\",\"name\":\"Kittle Mood O\u00dc\",\"url\":\"https:\/\/www.kittlemood.ee\/\",\"logo\":{\"@type\":\"ImageObject\",\"inLanguage\":\"fi\",\"@id\":\"https:\/\/www.kittlemood.ee\/#\/schema\/logo\/image\/\",\"url\":\"https:\/\/www.kittlemood.ee\/wp-content\/uploads\/2021\/03\/logo3.png\",\"contentUrl\":\"https:\/\/www.kittlemood.ee\/wp-content\/uploads\/2021\/03\/logo3.png\",\"width\":644,\"height\":352,\"caption\":\"Kittle Mood O\u00dc\"},\"image\":{\"@id\":\"https:\/\/www.kittlemood.ee\/#\/schema\/logo\/image\/\"},\"sameAs\":[\"https:\/\/www.facebook.com\/KittleMood-100617121748728\/\",\"https:\/\/www.instagram.com\/kittlemood\/\"]}]}<\/script>\n<!-- \/ Yoast SEO plugin. -->","yoast_head_json":{"title":"Kietaisumekko \"Kristi\", puhvihihat, farkkukangas. | Kittle Mood","description":"Klassinen kietaisumekko ohuesta farkkukankaasta. Suunniteltu ja ommeltu Virossa.","robots":{"index":"noindex","follow":"follow"},"og_locale":"fi_FI","og_type":"article","og_title":"Kietaisumekko \"Kristi\", puhvihihat, farkkukangas. | Kittle Mood","og_description":"Klassinen kietaisumekko ohuesta farkkukankaasta. Suunniteltu ja ommeltu Virossa.","og_url":"https:\/\/www.kittlemood.ee\/fi\/toode\/holmikkittel-risti-pulveri-puilla-teksa\/","og_site_name":"Kittle Mood","article_publisher":"https:\/\/www.facebook.com\/KittleMood-100617121748728\/","article_modified_time":"2024-01-04T13:26:53+00:00","og_image":[{"width":1069,"height":1600,"url":"https:\/\/www.kittlemood.ee\/wp-content\/uploads\/2021\/09\/DSC09096-1.jpg","type":"image\/jpeg"}],"twitter_card":"summary_large_image","schema":{"@context":"https:\/\/schema.org","@graph":[{"@type":"WebPage","@id":"https:\/\/www.kittlemood.ee\/fi\/toode\/holmikkittel-risti-pulveri-puilla-teksa\/","url":"https:\/\/www.kittlemood.ee\/fi\/toode\/holmikkittel-risti-pulveri-puilla-teksa\/","name":"Kietaisumekko \"Kristi\", puhvihihat, farkkukangas. | Kittle Mood","isPartOf":{"@id":"https:\/\/www.kittlemood.ee\/#website"},"primaryImageOfPage":{"@id":"https:\/\/www.kittlemood.ee\/fi\/toode\/holmikkittel-risti-pulveri-puilla-teksa\/#primaryimage"},"image":{"@id":"https:\/\/www.kittlemood.ee\/fi\/toode\/holmikkittel-risti-pulveri-puilla-teksa\/#primaryimage"},"thumbnailUrl":"https:\/\/www.kittlemood.ee\/wp-content\/uploads\/2021\/09\/DSC09096-1.jpg","datePublished":"2021-10-12T17:17:52+00:00","dateModified":"2024-01-04T13:26:53+00:00","description":"Klassinen kietaisumekko ohuesta farkkukankaasta. Suunniteltu ja ommeltu Virossa.","breadcrumb":{"@id":"https:\/\/www.kittlemood.ee\/fi\/toode\/holmikkittel-risti-pulveri-puilla-teksa\/#breadcrumb"},"inLanguage":"fi","potentialAction":[{"@type":"ReadAction","target":["https:\/\/www.kittlemood.ee\/fi\/toode\/holmikkittel-risti-pulveri-puilla-teksa\/"]}]},{"@type":"ImageObject","inLanguage":"fi","@id":"https:\/\/www.kittlemood.ee\/fi\/toode\/holmikkittel-risti-pulveri-puilla-teksa\/#primaryimage","url":"https:\/\/www.kittlemood.ee\/wp-content\/uploads\/2021\/09\/DSC09096-1.jpg","contentUrl":"https:\/\/www.kittlemood.ee\/wp-content\/uploads\/2021\/09\/DSC09096-1.jpg","width":1069,"height":1600},{"@type":"BreadcrumbList","@id":"https:\/\/www.kittlemood.ee\/fi\/toode\/holmikkittel-risti-pulveri-puilla-teksa\/#breadcrumb","itemListElement":[{"@type":"ListItem","position":1,"name":"Home","item":"https:\/\/www.kittlemood.ee\/avaleht-2\/"},{"@type":"ListItem","position":2,"name":"Verkkokauppa","item":"https:\/\/www.kittlemood.ee\/fi\/osta-osoittessa\/"},{"@type":"ListItem","position":3,"name":"Kietaisumekko &#8220;Kristi&#8221;, puhvihihat, farkkukangas."}]},{"@type":"WebSite","@id":"https:\/\/www.kittlemood.ee\/#website","url":"https:\/\/www.kittlemood.ee\/","name":"Kittle Mood","description":"Ajatud ja stiilsed kleidid","publisher":{"@id":"https:\/\/www.kittlemood.ee\/#organization"},"potentialAction":[{"@type":"SearchAction","target":{"@type":"EntryPoint","urlTemplate":"https:\/\/www.kittlemood.ee\/?s={search_term_string}"},"query-input":{"@type":"PropertyValueSpecification","valueRequired":true,"valueName":"search_term_string"}}],"inLanguage":"fi"},{"@type":"Organization","@id":"https:\/\/www.kittlemood.ee\/#organization","name":"Kittle Mood O\u00dc","url":"https:\/\/www.kittlemood.ee\/","logo":{"@type":"ImageObject","inLanguage":"fi","@id":"https:\/\/www.kittlemood.ee\/#\/schema\/logo\/image\/","url":"https:\/\/www.kittlemood.ee\/wp-content\/uploads\/2021\/03\/logo3.png","contentUrl":"https:\/\/www.kittlemood.ee\/wp-content\/uploads\/2021\/03\/logo3.png","width":644,"height":352,"caption":"Kittle Mood O\u00dc"},"image":{"@id":"https:\/\/www.kittlemood.ee\/#\/schema\/logo\/image\/"},"sameAs":["https:\/\/www.facebook.com\/KittleMood-100617121748728\/","https:\/\/www.instagram.com\/kittlemood\/"]}]}},"_links":{"self":[{"href":"https:\/\/www.kittlemood.ee\/fi\/wp-json\/wp\/v2\/product\/9606","targetHints":{"allow":["GET"]}}],"collection":[{"href":"https:\/\/www.kittlemood.ee\/fi\/wp-json\/wp\/v2\/product"}],"about":[{"href":"https:\/\/www.kittlemood.ee\/fi\/wp-json\/wp\/v2\/types\/product"}],"replies":[{"embeddable":true,"href":"https:\/\/www.kittlemood.ee\/fi\/wp-json\/wp\/v2\/comments?post=9606"}],"wp:featuredmedia":[{"embeddable":true,"href":"https:\/\/www.kittlemood.ee\/fi\/wp-json\/wp\/v2\/media\/8744"}],"wp:attachment":[{"href":"https:\/\/www.kittlemood.ee\/fi\/wp-json\/wp\/v2\/media?parent=9606"}],"wp:term":[{"taxonomy":"product_brand","embeddable":true,"href":"https:\/\/www.kittlemood.ee\/fi\/wp-json\/wp\/v2\/product_brand?post=9606"},{"taxonomy":"product_cat","embeddable":true,"href":"https:\/\/www.kittlemood.ee\/fi\/wp-json\/wp\/v2\/product_cat?post=9606"},{"taxonomy":"product_tag","embeddable":true,"href":"https:\/\/www.kittlemood.ee\/fi\/wp-json\/wp\/v2\/product_tag?post=9606"}],"curies":[{"name":"wp","href":"https:\/\/api.w.org\/{rel}","templated":true}]}}