{"id":17442,"date":"2025-08-16T18:06:58","date_gmt":"2025-08-16T15:06:58","guid":{"rendered":"https:\/\/www.kittlemood.ee\/?post_type=product&#038;p=17442"},"modified":"2025-08-16T18:19:44","modified_gmt":"2025-08-16T15:19:44","slug":"vapaa-ajan-setti-lisette-sinivihrea-sametti-kopeeri-kopeeri","status":"publish","type":"product","link":"https:\/\/www.kittlemood.ee\/fi\/toode\/vapaa-ajan-setti-lisette-sinivihrea-sametti-kopeeri-kopeeri\/","title":{"rendered":"Vapaa-ajan setti &#8221;Lisette&#8221;, sinivihre\u00e4 sametti (kopeeri) (kopeeri)"},"content":{"rendered":"<p>Pehme\u00e4, hieman joustava samettinen vapaa-ajan asu, joka koostuu mukavista leveist\u00e4 housuista ja kimonotakista. Housuissa on kiristysnauha s\u00e4\u00e4dett\u00e4v\u00e4ll\u00e4 vy\u00f6t\u00e4r\u00f6ll\u00e4.<\/p>\n<p>Materiaali: 95% polyesteri, 9% elastaani.<\/p>\n<p>V\u00e4ri: ruskea.<\/p>\n<p>Jos haluat t\u00e4m\u00e4n mallin eri kankaalla tai erikoiskoolla, l\u00e4het\u00e4 meille pyynt\u00f6si osoitteeseen kittle&#102;&#97;&#115;&#104;&#105;&#111;&#110;&#x65;&#x65;&#x73;&#x74;&#x69;&#x40;&#x67;&#x6d;&#x61;&#x69;&#x6c;&#x2e;com.<\/p>\n<p>Pese setti nurinp\u00e4in 30 \u00b0C:n vedess\u00e4, silitys on sallittu.<\/p>\n","protected":false},"excerpt":{"rendered":"<p>Pehme\u00e4, hieman joustava samettinen vapaa-ajan asu, joka koostuu mukavista leveist\u00e4 housuista ja kimonotakista. Housuissa on kiristysnauha s\u00e4\u00e4dett\u00e4v\u00e4ll\u00e4 vy\u00f6t\u00e4r\u00f6ll\u00e4. Materiaali: 95% polyesteri, 9% elastaani. V\u00e4ri: ruskea. Jos haluat t\u00e4m\u00e4n mallin eri kankaalla tai erikoiskoolla, l\u00e4het\u00e4 meille pyynt\u00f6si osoitteeseen &#107;&#x69;&#116;&#x74;l&#101;&#x66;&#97;&#x73;h&#x69;o&#110;&#x65;&#101;&#x73;t&#x69;&#x40;&#103;&#x6d;a&#x69;l&#46;&#x63;&#111;&#x6d;. Pese setti nurinp\u00e4in 30 \u00b0C:n vedess\u00e4, silitys on sallittu.<\/p>\n","protected":false},"featured_media":17447,"comment_status":"closed","ping_status":"closed","template":"","meta":{"om_disable_all_campaigns":false},"product_brand":[],"product_cat":[198],"product_tag":[],"class_list":{"0":"post-17442","1":"product","2":"type-product","3":"status-publish","4":"has-post-thumbnail","6":"product_cat-vapaa-ajan-sarjat","7":"pa_suurus-xs-s-fi","8":"pa_suurus-m-l-fi","10":"first","11":"instock","12":"taxable","13":"shipping-taxable","14":"purchasable","15":"product-type-variable"},"yoast_head":"<!-- This site is optimized with the Yoast SEO plugin v26.9 - https:\/\/yoast.com\/product\/yoast-seo-wordpress\/ -->\n<title>Vapaa-ajan setti &quot;Lisette&quot;, sinivihre\u00e4 sametti (kopeeri) (kopeeri) | Kittle Mood<\/title>\n<meta name=\"robots\" content=\"noindex, follow\" \/>\n<meta property=\"og:locale\" content=\"fi_FI\" \/>\n<meta property=\"og:type\" content=\"article\" \/>\n<meta property=\"og:title\" content=\"Vapaa-ajan setti &quot;Lisette&quot;, sinivihre\u00e4 sametti (kopeeri) (kopeeri) | Kittle Mood\" \/>\n<meta property=\"og:description\" content=\"Pehme\u00e4, hieman joustava samettinen vapaa-ajan asu, joka koostuu mukavista leveist\u00e4 housuista ja kimonotakista. Housuissa on kiristysnauha s\u00e4\u00e4dett\u00e4v\u00e4ll\u00e4 vy\u00f6t\u00e4r\u00f6ll\u00e4. Materiaali: 95% polyesteri, 9% elastaani. V\u00e4ri: ruskea. Jos haluat t\u00e4m\u00e4n mallin eri kankaalla tai erikoiskoolla, l\u00e4het\u00e4 meille pyynt\u00f6si osoitteeseen &#x6b;&#x69;&#x74;&#x74;&#x6c;&#x65;&#x66;&#097;&#115;&#104;&#105;&#111;nees&#x74;&#x69;&#x40;&#x67;&#x6d;&#x61;&#x69;&#x6c;&#046;&#099;&#111;&#109;. Pese setti nurinp\u00e4in 30 \u00b0C:n vedess\u00e4, silitys on sallittu.\" \/>\n<meta property=\"og:url\" content=\"https:\/\/www.kittlemood.ee\/fi\/toode\/vapaa-ajan-setti-lisette-sinivihrea-sametti-kopeeri-kopeeri\/\" \/>\n<meta property=\"og:site_name\" content=\"Kittle Mood\" \/>\n<meta property=\"article:publisher\" content=\"https:\/\/www.facebook.com\/KittleMood-100617121748728\/\" \/>\n<meta property=\"article:modified_time\" content=\"2025-08-16T15:19:44+00:00\" \/>\n<meta property=\"og:image\" content=\"https:\/\/www.kittlemood.ee\/wp-content\/uploads\/2025\/08\/534487558_1090802583142729_2410103887434171611_n.jpg\" \/>\n\t<meta property=\"og:image:width\" content=\"892\" \/>\n\t<meta property=\"og:image:height\" content=\"1233\" \/>\n\t<meta property=\"og:image:type\" content=\"image\/jpeg\" \/>\n<meta name=\"twitter:card\" content=\"summary_large_image\" \/>\n<meta name=\"twitter:label1\" content=\"Arvioitu lukuaika\" \/>\n\t<meta name=\"twitter:data1\" content=\"1 minuutti\" \/>\n<script type=\"application\/ld+json\" class=\"yoast-schema-graph\">{\"@context\":\"https:\/\/schema.org\",\"@graph\":[{\"@type\":\"WebPage\",\"@id\":\"https:\/\/www.kittlemood.ee\/fi\/toode\/vapaa-ajan-setti-lisette-sinivihrea-sametti-kopeeri-kopeeri\/\",\"url\":\"https:\/\/www.kittlemood.ee\/fi\/toode\/vapaa-ajan-setti-lisette-sinivihrea-sametti-kopeeri-kopeeri\/\",\"name\":\"Vapaa-ajan setti \\\"Lisette\\\", sinivihre\u00e4 sametti (kopeeri) (kopeeri) | Kittle Mood\",\"isPartOf\":{\"@id\":\"https:\/\/www.kittlemood.ee\/#website\"},\"primaryImageOfPage\":{\"@id\":\"https:\/\/www.kittlemood.ee\/fi\/toode\/vapaa-ajan-setti-lisette-sinivihrea-sametti-kopeeri-kopeeri\/#primaryimage\"},\"image\":{\"@id\":\"https:\/\/www.kittlemood.ee\/fi\/toode\/vapaa-ajan-setti-lisette-sinivihrea-sametti-kopeeri-kopeeri\/#primaryimage\"},\"thumbnailUrl\":\"https:\/\/www.kittlemood.ee\/wp-content\/uploads\/2025\/08\/534487558_1090802583142729_2410103887434171611_n.jpg\",\"datePublished\":\"2025-08-16T15:06:58+00:00\",\"dateModified\":\"2025-08-16T15:19:44+00:00\",\"breadcrumb\":{\"@id\":\"https:\/\/www.kittlemood.ee\/fi\/toode\/vapaa-ajan-setti-lisette-sinivihrea-sametti-kopeeri-kopeeri\/#breadcrumb\"},\"inLanguage\":\"fi\",\"potentialAction\":[{\"@type\":\"ReadAction\",\"target\":[\"https:\/\/www.kittlemood.ee\/fi\/toode\/vapaa-ajan-setti-lisette-sinivihrea-sametti-kopeeri-kopeeri\/\"]}]},{\"@type\":\"ImageObject\",\"inLanguage\":\"fi\",\"@id\":\"https:\/\/www.kittlemood.ee\/fi\/toode\/vapaa-ajan-setti-lisette-sinivihrea-sametti-kopeeri-kopeeri\/#primaryimage\",\"url\":\"https:\/\/www.kittlemood.ee\/wp-content\/uploads\/2025\/08\/534487558_1090802583142729_2410103887434171611_n.jpg\",\"contentUrl\":\"https:\/\/www.kittlemood.ee\/wp-content\/uploads\/2025\/08\/534487558_1090802583142729_2410103887434171611_n.jpg\",\"width\":892,\"height\":1233},{\"@type\":\"BreadcrumbList\",\"@id\":\"https:\/\/www.kittlemood.ee\/fi\/toode\/vapaa-ajan-setti-lisette-sinivihrea-sametti-kopeeri-kopeeri\/#breadcrumb\",\"itemListElement\":[{\"@type\":\"ListItem\",\"position\":1,\"name\":\"Home\",\"item\":\"https:\/\/www.kittlemood.ee\/avaleht-2\/\"},{\"@type\":\"ListItem\",\"position\":2,\"name\":\"Verkkokauppa\",\"item\":\"https:\/\/www.kittlemood.ee\/fi\/osta-osoittessa\/\"},{\"@type\":\"ListItem\",\"position\":3,\"name\":\"Vapaa-ajan setti &#8220;Lisette&#8221;, sinivihre\u00e4 sametti (kopeeri) (kopeeri)\"}]},{\"@type\":\"WebSite\",\"@id\":\"https:\/\/www.kittlemood.ee\/#website\",\"url\":\"https:\/\/www.kittlemood.ee\/\",\"name\":\"Kittle Mood\",\"description\":\"Ajatud ja stiilsed kleidid\",\"publisher\":{\"@id\":\"https:\/\/www.kittlemood.ee\/#organization\"},\"potentialAction\":[{\"@type\":\"SearchAction\",\"target\":{\"@type\":\"EntryPoint\",\"urlTemplate\":\"https:\/\/www.kittlemood.ee\/?s={search_term_string}\"},\"query-input\":{\"@type\":\"PropertyValueSpecification\",\"valueRequired\":true,\"valueName\":\"search_term_string\"}}],\"inLanguage\":\"fi\"},{\"@type\":\"Organization\",\"@id\":\"https:\/\/www.kittlemood.ee\/#organization\",\"name\":\"Kittle Mood O\u00dc\",\"url\":\"https:\/\/www.kittlemood.ee\/\",\"logo\":{\"@type\":\"ImageObject\",\"inLanguage\":\"fi\",\"@id\":\"https:\/\/www.kittlemood.ee\/#\/schema\/logo\/image\/\",\"url\":\"https:\/\/www.kittlemood.ee\/wp-content\/uploads\/2021\/03\/logo3.png\",\"contentUrl\":\"https:\/\/www.kittlemood.ee\/wp-content\/uploads\/2021\/03\/logo3.png\",\"width\":644,\"height\":352,\"caption\":\"Kittle Mood O\u00dc\"},\"image\":{\"@id\":\"https:\/\/www.kittlemood.ee\/#\/schema\/logo\/image\/\"},\"sameAs\":[\"https:\/\/www.facebook.com\/KittleMood-100617121748728\/\",\"https:\/\/www.instagram.com\/kittlemood\/\"]}]}<\/script>\n<!-- \/ Yoast SEO plugin. -->","yoast_head_json":{"title":"Vapaa-ajan setti \"Lisette\", sinivihre\u00e4 sametti (kopeeri) (kopeeri) | Kittle Mood","robots":{"index":"noindex","follow":"follow"},"og_locale":"fi_FI","og_type":"article","og_title":"Vapaa-ajan setti \"Lisette\", sinivihre\u00e4 sametti (kopeeri) (kopeeri) | Kittle Mood","og_description":"Pehme\u00e4, hieman joustava samettinen vapaa-ajan asu, joka koostuu mukavista leveist\u00e4 housuista ja kimonotakista. Housuissa on kiristysnauha s\u00e4\u00e4dett\u00e4v\u00e4ll\u00e4 vy\u00f6t\u00e4r\u00f6ll\u00e4. Materiaali: 95% polyesteri, 9% elastaani. V\u00e4ri: ruskea. Jos haluat t\u00e4m\u00e4n mallin eri kankaalla tai erikoiskoolla, l\u00e4het\u00e4 meille pyynt\u00f6si osoitteeseen &#x6b;&#x69;&#x74;&#x74;&#x6c;&#x65;&#x66;&#97;&#115;&#104;&#105;&#111;nees&#x74;&#x69;&#x40;&#x67;&#x6d;&#x61;&#x69;&#x6c;&#46;&#99;&#111;&#109;. Pese setti nurinp\u00e4in 30 \u00b0C:n vedess\u00e4, silitys on sallittu.","og_url":"https:\/\/www.kittlemood.ee\/fi\/toode\/vapaa-ajan-setti-lisette-sinivihrea-sametti-kopeeri-kopeeri\/","og_site_name":"Kittle Mood","article_publisher":"https:\/\/www.facebook.com\/KittleMood-100617121748728\/","article_modified_time":"2025-08-16T15:19:44+00:00","og_image":[{"width":892,"height":1233,"url":"https:\/\/www.kittlemood.ee\/wp-content\/uploads\/2025\/08\/534487558_1090802583142729_2410103887434171611_n.jpg","type":"image\/jpeg"}],"twitter_card":"summary_large_image","twitter_misc":{"Arvioitu lukuaika":"1 minuutti"},"schema":{"@context":"https:\/\/schema.org","@graph":[{"@type":"WebPage","@id":"https:\/\/www.kittlemood.ee\/fi\/toode\/vapaa-ajan-setti-lisette-sinivihrea-sametti-kopeeri-kopeeri\/","url":"https:\/\/www.kittlemood.ee\/fi\/toode\/vapaa-ajan-setti-lisette-sinivihrea-sametti-kopeeri-kopeeri\/","name":"Vapaa-ajan setti \"Lisette\", sinivihre\u00e4 sametti (kopeeri) (kopeeri) | Kittle Mood","isPartOf":{"@id":"https:\/\/www.kittlemood.ee\/#website"},"primaryImageOfPage":{"@id":"https:\/\/www.kittlemood.ee\/fi\/toode\/vapaa-ajan-setti-lisette-sinivihrea-sametti-kopeeri-kopeeri\/#primaryimage"},"image":{"@id":"https:\/\/www.kittlemood.ee\/fi\/toode\/vapaa-ajan-setti-lisette-sinivihrea-sametti-kopeeri-kopeeri\/#primaryimage"},"thumbnailUrl":"https:\/\/www.kittlemood.ee\/wp-content\/uploads\/2025\/08\/534487558_1090802583142729_2410103887434171611_n.jpg","datePublished":"2025-08-16T15:06:58+00:00","dateModified":"2025-08-16T15:19:44+00:00","breadcrumb":{"@id":"https:\/\/www.kittlemood.ee\/fi\/toode\/vapaa-ajan-setti-lisette-sinivihrea-sametti-kopeeri-kopeeri\/#breadcrumb"},"inLanguage":"fi","potentialAction":[{"@type":"ReadAction","target":["https:\/\/www.kittlemood.ee\/fi\/toode\/vapaa-ajan-setti-lisette-sinivihrea-sametti-kopeeri-kopeeri\/"]}]},{"@type":"ImageObject","inLanguage":"fi","@id":"https:\/\/www.kittlemood.ee\/fi\/toode\/vapaa-ajan-setti-lisette-sinivihrea-sametti-kopeeri-kopeeri\/#primaryimage","url":"https:\/\/www.kittlemood.ee\/wp-content\/uploads\/2025\/08\/534487558_1090802583142729_2410103887434171611_n.jpg","contentUrl":"https:\/\/www.kittlemood.ee\/wp-content\/uploads\/2025\/08\/534487558_1090802583142729_2410103887434171611_n.jpg","width":892,"height":1233},{"@type":"BreadcrumbList","@id":"https:\/\/www.kittlemood.ee\/fi\/toode\/vapaa-ajan-setti-lisette-sinivihrea-sametti-kopeeri-kopeeri\/#breadcrumb","itemListElement":[{"@type":"ListItem","position":1,"name":"Home","item":"https:\/\/www.kittlemood.ee\/avaleht-2\/"},{"@type":"ListItem","position":2,"name":"Verkkokauppa","item":"https:\/\/www.kittlemood.ee\/fi\/osta-osoittessa\/"},{"@type":"ListItem","position":3,"name":"Vapaa-ajan setti &#8220;Lisette&#8221;, sinivihre\u00e4 sametti (kopeeri) (kopeeri)"}]},{"@type":"WebSite","@id":"https:\/\/www.kittlemood.ee\/#website","url":"https:\/\/www.kittlemood.ee\/","name":"Kittle Mood","description":"Ajatud ja stiilsed kleidid","publisher":{"@id":"https:\/\/www.kittlemood.ee\/#organization"},"potentialAction":[{"@type":"SearchAction","target":{"@type":"EntryPoint","urlTemplate":"https:\/\/www.kittlemood.ee\/?s={search_term_string}"},"query-input":{"@type":"PropertyValueSpecification","valueRequired":true,"valueName":"search_term_string"}}],"inLanguage":"fi"},{"@type":"Organization","@id":"https:\/\/www.kittlemood.ee\/#organization","name":"Kittle Mood O\u00dc","url":"https:\/\/www.kittlemood.ee\/","logo":{"@type":"ImageObject","inLanguage":"fi","@id":"https:\/\/www.kittlemood.ee\/#\/schema\/logo\/image\/","url":"https:\/\/www.kittlemood.ee\/wp-content\/uploads\/2021\/03\/logo3.png","contentUrl":"https:\/\/www.kittlemood.ee\/wp-content\/uploads\/2021\/03\/logo3.png","width":644,"height":352,"caption":"Kittle Mood O\u00dc"},"image":{"@id":"https:\/\/www.kittlemood.ee\/#\/schema\/logo\/image\/"},"sameAs":["https:\/\/www.facebook.com\/KittleMood-100617121748728\/","https:\/\/www.instagram.com\/kittlemood\/"]}]}},"_links":{"self":[{"href":"https:\/\/www.kittlemood.ee\/fi\/wp-json\/wp\/v2\/product\/17442","targetHints":{"allow":["GET"]}}],"collection":[{"href":"https:\/\/www.kittlemood.ee\/fi\/wp-json\/wp\/v2\/product"}],"about":[{"href":"https:\/\/www.kittlemood.ee\/fi\/wp-json\/wp\/v2\/types\/product"}],"replies":[{"embeddable":true,"href":"https:\/\/www.kittlemood.ee\/fi\/wp-json\/wp\/v2\/comments?post=17442"}],"wp:featuredmedia":[{"embeddable":true,"href":"https:\/\/www.kittlemood.ee\/fi\/wp-json\/wp\/v2\/media\/17447"}],"wp:attachment":[{"href":"https:\/\/www.kittlemood.ee\/fi\/wp-json\/wp\/v2\/media?parent=17442"}],"wp:term":[{"taxonomy":"product_brand","embeddable":true,"href":"https:\/\/www.kittlemood.ee\/fi\/wp-json\/wp\/v2\/product_brand?post=17442"},{"taxonomy":"product_cat","embeddable":true,"href":"https:\/\/www.kittlemood.ee\/fi\/wp-json\/wp\/v2\/product_cat?post=17442"},{"taxonomy":"product_tag","embeddable":true,"href":"https:\/\/www.kittlemood.ee\/fi\/wp-json\/wp\/v2\/product_tag?post=17442"}],"curies":[{"name":"wp","href":"https:\/\/api.w.org\/{rel}","templated":true}]}}