{"id":16487,"date":"2024-10-27T19:02:24","date_gmt":"2024-10-27T17:02:24","guid":{"rendered":"https:\/\/www.kittlemood.ee\/toode\/mekko-jossa-on-levea-hame-kai-3-4-pituus-suorat-hihat-keltainen\/"},"modified":"2025-03-12T11:54:51","modified_gmt":"2025-03-12T09:54:51","slug":"mekko-jossa-on-levea-hame-kai-3-4-pituus-suorat-hihat-keltainen","status":"publish","type":"product","link":"https:\/\/www.kittlemood.ee\/fi\/toode\/mekko-jossa-on-levea-hame-kai-3-4-pituus-suorat-hihat-keltainen\/","title":{"rendered":"Mekko, jossa on leve\u00e4 hame &#8221;Kai&#8221;, 3\/4 pituus, suorat hihat, keltainen."},"content":{"rendered":"<p>3\/4-pituinen mekko, jossa on leve\u00e4 hame ja suorat hihat, jossa on vartalo ohutta farkkua ja hame kuviollista viskoosia. Mekossa on kaksi mukavaa sivutaskua, nappikiinnitys edess\u00e4. Mekko sopii k\u00e4ytett\u00e4v\u00e4ksi kaikkina vuodenaikoina.<\/p>\n<p>Kangas: hame 100% viskoosia, vartalo 100% puuvillaa.<\/p>\n<p>V\u00e4ri: vaaleansiniset ja keltaiset raidat.<\/p>\n<p>Jos haluat t\u00e4m\u00e4n mekon eri kankaalla tai erikoiskoolla, l\u00e4het\u00e4 meille pyynt\u00f6si osoitteeseen k&#105;&#116;&#x74;&#x6c;&#x65;&#x66;a&#115;&#104;&#105;&#x6f;&#x6e;&#x65;es&#116;&#105;&#x40;&#x67;&#x6d;ai&#108;&#46;&#x63;&#x6f;&#x6d;.<\/p>\n<p>Pese mekko nurinp\u00e4in 30\u00b0C vedess\u00e4, silitys on sallittu.<\/p>\n","protected":false},"excerpt":{"rendered":"<p>3\/4-pituinen mekko, jossa on leve\u00e4 hame ja suorat hihat, jossa on vartalo ohutta farkkua ja hame kuviollista viskoosia. Mekossa on kaksi mukavaa sivutaskua, nappikiinnitys edess\u00e4. Mekko sopii k\u00e4ytett\u00e4v\u00e4ksi kaikkina vuodenaikoina. Kangas: hame 100% viskoosia, vartalo 100% puuvillaa. V\u00e4ri: vaaleansiniset ja keltaiset raidat. Jos haluat t\u00e4m\u00e4n mekon eri kankaalla tai erikoiskoolla, l\u00e4het\u00e4 meille pyynt\u00f6si osoitteeseen &#x6b;&#x69;&#116;&#116;l&#x65;&#x66;&#x61;&#115;hi&#x6f;&#x6e;&#101;&#101;s&#x74;&#x69;&#x40;&#103;ma&#x69;&#x6c;&#46;&#99;o&#x6d;. [&hellip;]<\/p>\n","protected":false},"featured_media":16454,"comment_status":"closed","ping_status":"closed","template":"","meta":{"om_disable_all_campaigns":false},"product_brand":[],"product_cat":[177,180,148],"product_tag":[],"class_list":{"0":"post-16487","1":"product","2":"type-product","3":"status-publish","4":"has-post-thumbnail","6":"product_cat-mekot","7":"product_cat-kevat-ja-kesa-mekkot","8":"product_cat-alennus","9":"pa_kitli-pikkus-lyhyt","10":"pa_suurus-m-fi","11":"pa_suurus-s-fi","12":"pa_suurus-xs-fi","13":"pa_suurus-xl-fi","14":"pa_suurus-l-fi","16":"first","17":"instock","18":"sale","19":"taxable","20":"shipping-taxable","21":"purchasable","22":"product-type-variable"},"yoast_head":"<!-- This site is optimized with the Yoast SEO plugin v26.9 - https:\/\/yoast.com\/product\/yoast-seo-wordpress\/ -->\n<title>Mekko, jossa on leve\u00e4 hame &quot;Kai&quot;, 3\/4 pituus, suorat hihat, keltainen. | Kittle Mood<\/title>\n<meta name=\"robots\" content=\"noindex, follow\" \/>\n<meta property=\"og:locale\" content=\"fi_FI\" \/>\n<meta property=\"og:type\" content=\"article\" \/>\n<meta property=\"og:title\" content=\"Mekko, jossa on leve\u00e4 hame &quot;Kai&quot;, 3\/4 pituus, suorat hihat, keltainen. | Kittle Mood\" \/>\n<meta property=\"og:description\" content=\"3\/4-pituinen mekko, jossa on leve\u00e4 hame ja suorat hihat, jossa on vartalo ohutta farkkua ja hame kuviollista viskoosia. Mekossa on kaksi mukavaa sivutaskua, nappikiinnitys edess\u00e4. Mekko sopii k\u00e4ytett\u00e4v\u00e4ksi kaikkina vuodenaikoina. Kangas: hame 100% viskoosia, vartalo 100% puuvillaa. V\u00e4ri: vaaleansiniset ja keltaiset raidat. Jos haluat t\u00e4m\u00e4n mekon eri kankaalla tai erikoiskoolla, l\u00e4het\u00e4 meille pyynt\u00f6si osoitteeseen &#x6b;i&#x74;&#116;&#x6c;&#101;f&#x61;&#115;&#x68;&#105;o&#x6e;&#101;&#x65;&#115;t&#x69;&#064;&#x67;&#109;&#x61;&#x69;l&#x2e;&#099;&#x6f;&#109;. [&hellip;]\" \/>\n<meta property=\"og:url\" content=\"https:\/\/www.kittlemood.ee\/fi\/toode\/mekko-jossa-on-levea-hame-kai-3-4-pituus-suorat-hihat-keltainen\/\" \/>\n<meta property=\"og:site_name\" content=\"Kittle Mood\" \/>\n<meta property=\"article:publisher\" content=\"https:\/\/www.facebook.com\/KittleMood-100617121748728\/\" \/>\n<meta property=\"article:modified_time\" content=\"2025-03-12T09:54:51+00:00\" \/>\n<meta property=\"og:image\" content=\"https:\/\/www.kittlemood.ee\/wp-content\/uploads\/2024\/10\/Picture151.png\" \/>\n\t<meta property=\"og:image:width\" content=\"323\" \/>\n\t<meta property=\"og:image:height\" content=\"449\" \/>\n\t<meta property=\"og:image:type\" content=\"image\/png\" \/>\n<meta name=\"twitter:card\" content=\"summary_large_image\" \/>\n<script type=\"application\/ld+json\" class=\"yoast-schema-graph\">{\"@context\":\"https:\/\/schema.org\",\"@graph\":[{\"@type\":\"WebPage\",\"@id\":\"https:\/\/www.kittlemood.ee\/fi\/toode\/mekko-jossa-on-levea-hame-kai-3-4-pituus-suorat-hihat-keltainen\/\",\"url\":\"https:\/\/www.kittlemood.ee\/fi\/toode\/mekko-jossa-on-levea-hame-kai-3-4-pituus-suorat-hihat-keltainen\/\",\"name\":\"Mekko, jossa on leve\u00e4 hame \\\"Kai\\\", 3\/4 pituus, suorat hihat, keltainen. | Kittle Mood\",\"isPartOf\":{\"@id\":\"https:\/\/www.kittlemood.ee\/#website\"},\"primaryImageOfPage\":{\"@id\":\"https:\/\/www.kittlemood.ee\/fi\/toode\/mekko-jossa-on-levea-hame-kai-3-4-pituus-suorat-hihat-keltainen\/#primaryimage\"},\"image\":{\"@id\":\"https:\/\/www.kittlemood.ee\/fi\/toode\/mekko-jossa-on-levea-hame-kai-3-4-pituus-suorat-hihat-keltainen\/#primaryimage\"},\"thumbnailUrl\":\"https:\/\/www.kittlemood.ee\/wp-content\/uploads\/2024\/10\/Picture151.png\",\"datePublished\":\"2024-10-27T17:02:24+00:00\",\"dateModified\":\"2025-03-12T09:54:51+00:00\",\"breadcrumb\":{\"@id\":\"https:\/\/www.kittlemood.ee\/fi\/toode\/mekko-jossa-on-levea-hame-kai-3-4-pituus-suorat-hihat-keltainen\/#breadcrumb\"},\"inLanguage\":\"fi\",\"potentialAction\":[{\"@type\":\"ReadAction\",\"target\":[\"https:\/\/www.kittlemood.ee\/fi\/toode\/mekko-jossa-on-levea-hame-kai-3-4-pituus-suorat-hihat-keltainen\/\"]}]},{\"@type\":\"ImageObject\",\"inLanguage\":\"fi\",\"@id\":\"https:\/\/www.kittlemood.ee\/fi\/toode\/mekko-jossa-on-levea-hame-kai-3-4-pituus-suorat-hihat-keltainen\/#primaryimage\",\"url\":\"https:\/\/www.kittlemood.ee\/wp-content\/uploads\/2024\/10\/Picture151.png\",\"contentUrl\":\"https:\/\/www.kittlemood.ee\/wp-content\/uploads\/2024\/10\/Picture151.png\",\"width\":323,\"height\":449},{\"@type\":\"BreadcrumbList\",\"@id\":\"https:\/\/www.kittlemood.ee\/fi\/toode\/mekko-jossa-on-levea-hame-kai-3-4-pituus-suorat-hihat-keltainen\/#breadcrumb\",\"itemListElement\":[{\"@type\":\"ListItem\",\"position\":1,\"name\":\"Home\",\"item\":\"https:\/\/www.kittlemood.ee\/avaleht-2\/\"},{\"@type\":\"ListItem\",\"position\":2,\"name\":\"Verkkokauppa\",\"item\":\"https:\/\/www.kittlemood.ee\/fi\/osta-osoittessa\/\"},{\"@type\":\"ListItem\",\"position\":3,\"name\":\"Mekko, jossa on leve\u00e4 hame &#8220;Kai&#8221;, 3\/4 pituus, suorat hihat, keltainen.\"}]},{\"@type\":\"WebSite\",\"@id\":\"https:\/\/www.kittlemood.ee\/#website\",\"url\":\"https:\/\/www.kittlemood.ee\/\",\"name\":\"Kittle Mood\",\"description\":\"Ajatud ja stiilsed kleidid\",\"publisher\":{\"@id\":\"https:\/\/www.kittlemood.ee\/#organization\"},\"potentialAction\":[{\"@type\":\"SearchAction\",\"target\":{\"@type\":\"EntryPoint\",\"urlTemplate\":\"https:\/\/www.kittlemood.ee\/?s={search_term_string}\"},\"query-input\":{\"@type\":\"PropertyValueSpecification\",\"valueRequired\":true,\"valueName\":\"search_term_string\"}}],\"inLanguage\":\"fi\"},{\"@type\":\"Organization\",\"@id\":\"https:\/\/www.kittlemood.ee\/#organization\",\"name\":\"Kittle Mood O\u00dc\",\"url\":\"https:\/\/www.kittlemood.ee\/\",\"logo\":{\"@type\":\"ImageObject\",\"inLanguage\":\"fi\",\"@id\":\"https:\/\/www.kittlemood.ee\/#\/schema\/logo\/image\/\",\"url\":\"https:\/\/www.kittlemood.ee\/wp-content\/uploads\/2021\/03\/logo3.png\",\"contentUrl\":\"https:\/\/www.kittlemood.ee\/wp-content\/uploads\/2021\/03\/logo3.png\",\"width\":644,\"height\":352,\"caption\":\"Kittle Mood O\u00dc\"},\"image\":{\"@id\":\"https:\/\/www.kittlemood.ee\/#\/schema\/logo\/image\/\"},\"sameAs\":[\"https:\/\/www.facebook.com\/KittleMood-100617121748728\/\",\"https:\/\/www.instagram.com\/kittlemood\/\"]}]}<\/script>\n<!-- \/ Yoast SEO plugin. -->","yoast_head_json":{"title":"Mekko, jossa on leve\u00e4 hame \"Kai\", 3\/4 pituus, suorat hihat, keltainen. | Kittle Mood","robots":{"index":"noindex","follow":"follow"},"og_locale":"fi_FI","og_type":"article","og_title":"Mekko, jossa on leve\u00e4 hame \"Kai\", 3\/4 pituus, suorat hihat, keltainen. | Kittle Mood","og_description":"3\/4-pituinen mekko, jossa on leve\u00e4 hame ja suorat hihat, jossa on vartalo ohutta farkkua ja hame kuviollista viskoosia. Mekossa on kaksi mukavaa sivutaskua, nappikiinnitys edess\u00e4. Mekko sopii k\u00e4ytett\u00e4v\u00e4ksi kaikkina vuodenaikoina. Kangas: hame 100% viskoosia, vartalo 100% puuvillaa. V\u00e4ri: vaaleansiniset ja keltaiset raidat. Jos haluat t\u00e4m\u00e4n mekon eri kankaalla tai erikoiskoolla, l\u00e4het\u00e4 meille pyynt\u00f6si osoitteeseen &#x6b;i&#x74;&#116;&#x6c;&#101;f&#x61;&#115;&#x68;&#105;o&#x6e;&#101;&#x65;&#115;t&#x69;&#64;&#x67;&#109;&#x61;&#x69;l&#x2e;&#99;&#x6f;&#109;. [&hellip;]","og_url":"https:\/\/www.kittlemood.ee\/fi\/toode\/mekko-jossa-on-levea-hame-kai-3-4-pituus-suorat-hihat-keltainen\/","og_site_name":"Kittle Mood","article_publisher":"https:\/\/www.facebook.com\/KittleMood-100617121748728\/","article_modified_time":"2025-03-12T09:54:51+00:00","og_image":[{"width":323,"height":449,"url":"https:\/\/www.kittlemood.ee\/wp-content\/uploads\/2024\/10\/Picture151.png","type":"image\/png"}],"twitter_card":"summary_large_image","schema":{"@context":"https:\/\/schema.org","@graph":[{"@type":"WebPage","@id":"https:\/\/www.kittlemood.ee\/fi\/toode\/mekko-jossa-on-levea-hame-kai-3-4-pituus-suorat-hihat-keltainen\/","url":"https:\/\/www.kittlemood.ee\/fi\/toode\/mekko-jossa-on-levea-hame-kai-3-4-pituus-suorat-hihat-keltainen\/","name":"Mekko, jossa on leve\u00e4 hame \"Kai\", 3\/4 pituus, suorat hihat, keltainen. | Kittle Mood","isPartOf":{"@id":"https:\/\/www.kittlemood.ee\/#website"},"primaryImageOfPage":{"@id":"https:\/\/www.kittlemood.ee\/fi\/toode\/mekko-jossa-on-levea-hame-kai-3-4-pituus-suorat-hihat-keltainen\/#primaryimage"},"image":{"@id":"https:\/\/www.kittlemood.ee\/fi\/toode\/mekko-jossa-on-levea-hame-kai-3-4-pituus-suorat-hihat-keltainen\/#primaryimage"},"thumbnailUrl":"https:\/\/www.kittlemood.ee\/wp-content\/uploads\/2024\/10\/Picture151.png","datePublished":"2024-10-27T17:02:24+00:00","dateModified":"2025-03-12T09:54:51+00:00","breadcrumb":{"@id":"https:\/\/www.kittlemood.ee\/fi\/toode\/mekko-jossa-on-levea-hame-kai-3-4-pituus-suorat-hihat-keltainen\/#breadcrumb"},"inLanguage":"fi","potentialAction":[{"@type":"ReadAction","target":["https:\/\/www.kittlemood.ee\/fi\/toode\/mekko-jossa-on-levea-hame-kai-3-4-pituus-suorat-hihat-keltainen\/"]}]},{"@type":"ImageObject","inLanguage":"fi","@id":"https:\/\/www.kittlemood.ee\/fi\/toode\/mekko-jossa-on-levea-hame-kai-3-4-pituus-suorat-hihat-keltainen\/#primaryimage","url":"https:\/\/www.kittlemood.ee\/wp-content\/uploads\/2024\/10\/Picture151.png","contentUrl":"https:\/\/www.kittlemood.ee\/wp-content\/uploads\/2024\/10\/Picture151.png","width":323,"height":449},{"@type":"BreadcrumbList","@id":"https:\/\/www.kittlemood.ee\/fi\/toode\/mekko-jossa-on-levea-hame-kai-3-4-pituus-suorat-hihat-keltainen\/#breadcrumb","itemListElement":[{"@type":"ListItem","position":1,"name":"Home","item":"https:\/\/www.kittlemood.ee\/avaleht-2\/"},{"@type":"ListItem","position":2,"name":"Verkkokauppa","item":"https:\/\/www.kittlemood.ee\/fi\/osta-osoittessa\/"},{"@type":"ListItem","position":3,"name":"Mekko, jossa on leve\u00e4 hame &#8220;Kai&#8221;, 3\/4 pituus, suorat hihat, keltainen."}]},{"@type":"WebSite","@id":"https:\/\/www.kittlemood.ee\/#website","url":"https:\/\/www.kittlemood.ee\/","name":"Kittle Mood","description":"Ajatud ja stiilsed kleidid","publisher":{"@id":"https:\/\/www.kittlemood.ee\/#organization"},"potentialAction":[{"@type":"SearchAction","target":{"@type":"EntryPoint","urlTemplate":"https:\/\/www.kittlemood.ee\/?s={search_term_string}"},"query-input":{"@type":"PropertyValueSpecification","valueRequired":true,"valueName":"search_term_string"}}],"inLanguage":"fi"},{"@type":"Organization","@id":"https:\/\/www.kittlemood.ee\/#organization","name":"Kittle Mood O\u00dc","url":"https:\/\/www.kittlemood.ee\/","logo":{"@type":"ImageObject","inLanguage":"fi","@id":"https:\/\/www.kittlemood.ee\/#\/schema\/logo\/image\/","url":"https:\/\/www.kittlemood.ee\/wp-content\/uploads\/2021\/03\/logo3.png","contentUrl":"https:\/\/www.kittlemood.ee\/wp-content\/uploads\/2021\/03\/logo3.png","width":644,"height":352,"caption":"Kittle Mood O\u00dc"},"image":{"@id":"https:\/\/www.kittlemood.ee\/#\/schema\/logo\/image\/"},"sameAs":["https:\/\/www.facebook.com\/KittleMood-100617121748728\/","https:\/\/www.instagram.com\/kittlemood\/"]}]}},"_links":{"self":[{"href":"https:\/\/www.kittlemood.ee\/fi\/wp-json\/wp\/v2\/product\/16487","targetHints":{"allow":["GET"]}}],"collection":[{"href":"https:\/\/www.kittlemood.ee\/fi\/wp-json\/wp\/v2\/product"}],"about":[{"href":"https:\/\/www.kittlemood.ee\/fi\/wp-json\/wp\/v2\/types\/product"}],"replies":[{"embeddable":true,"href":"https:\/\/www.kittlemood.ee\/fi\/wp-json\/wp\/v2\/comments?post=16487"}],"wp:featuredmedia":[{"embeddable":true,"href":"https:\/\/www.kittlemood.ee\/fi\/wp-json\/wp\/v2\/media\/16454"}],"wp:attachment":[{"href":"https:\/\/www.kittlemood.ee\/fi\/wp-json\/wp\/v2\/media?parent=16487"}],"wp:term":[{"taxonomy":"product_brand","embeddable":true,"href":"https:\/\/www.kittlemood.ee\/fi\/wp-json\/wp\/v2\/product_brand?post=16487"},{"taxonomy":"product_cat","embeddable":true,"href":"https:\/\/www.kittlemood.ee\/fi\/wp-json\/wp\/v2\/product_cat?post=16487"},{"taxonomy":"product_tag","embeddable":true,"href":"https:\/\/www.kittlemood.ee\/fi\/wp-json\/wp\/v2\/product_tag?post=16487"}],"curies":[{"name":"wp","href":"https:\/\/api.w.org\/{rel}","templated":true}]}}