{"id":15899,"date":"2024-10-19T13:55:27","date_gmt":"2024-10-19T10:55:27","guid":{"rendered":"https:\/\/www.kittlemood.ee\/toode\/klassinen-mekko-kristi-paisutetut-hihat-vaaleanpunainen-vaaleanpunainen-kukkakuvio\/"},"modified":"2025-09-01T12:08:28","modified_gmt":"2025-09-01T09:08:28","slug":"klassinen-mekko-kristi-paisutetut-hihat-vaaleanpunainen-vaaleanpunainen-kukkakuvio","status":"publish","type":"product","link":"https:\/\/www.kittlemood.ee\/fi\/toode\/klassinen-mekko-kristi-paisutetut-hihat-vaaleanpunainen-vaaleanpunainen-kukkakuvio\/","title":{"rendered":"Klassinen mekko &#8221;Kristi&#8221;, jossa on puff hihat, musta ja violetti reunus."},"content":{"rendered":"<p>Mekko, jossa on 3\/4-hihat ja klassinen leikkaus. Mekossa on kaksi mukavaa sivutaskua, nappikiinnitys edess\u00e4.<\/p>\n<p>Mekon vartalo on valmistettu miellytt\u00e4v\u00e4n pehme\u00e4st\u00e4 kankaasta ja hame n\u00e4ytt\u00e4v\u00e4st\u00e4 kuvioidusta kankaasta. Mekossa on kaksi mukavaa sivutaskua, nappikiinnitys edess\u00e4. Mekko sopii k\u00e4ytett\u00e4v\u00e4ksi kaikkina vuodenaikoina.<\/p>\n<p>Kangas: vartalo 73% polyesteri\u00e4, 23% viskoosia, 4% elastaania, hame 100% polyesteri\u00e4.<\/p>\n<p>V\u00e4ri: musta ja violetti.<\/p>\n<p>Jos haluat t\u00e4m\u00e4n mekon eri kankaalla tai erikoiskoolla, l\u00e4het\u00e4 meille pyynt\u00f6si osoitteeseen k&#105;&#x74;&#x74;l&#101;&#x66;&#x61;s&#104;&#105;&#x6f;&#x6e;e&#101;&#x73;&#x74;i&#64;&#x67;&#x6d;a&#105;&#108;&#x2e;&#x63;o&#109;.<\/p>\n<p>Pese mekko nurinp\u00e4in 30\u00b0C vedess\u00e4, silitys on sallittu.<\/p>\n","protected":false},"excerpt":{"rendered":"<p>Mekko, jossa on 3\/4-hihat ja klassinen leikkaus. Mekossa on kaksi mukavaa sivutaskua, nappikiinnitys edess\u00e4. Mekon vartalo on valmistettu miellytt\u00e4v\u00e4n pehme\u00e4st\u00e4 kankaasta ja hame n\u00e4ytt\u00e4v\u00e4st\u00e4 kuvioidusta kankaasta. Mekossa on kaksi mukavaa sivutaskua, nappikiinnitys edess\u00e4. Mekko sopii k\u00e4ytett\u00e4v\u00e4ksi kaikkina vuodenaikoina. Kangas: vartalo 73% polyesteri\u00e4, 23% viskoosia, 4% elastaania, hame 100% polyesteri\u00e4. V\u00e4ri: musta ja violetti. Jos haluat [&hellip;]<\/p>\n","protected":false},"featured_media":19639,"comment_status":"closed","ping_status":"closed","template":"","meta":{"om_disable_all_campaigns":false},"product_brand":[],"product_cat":[177,178],"product_tag":[],"class_list":{"0":"post-15899","1":"product","2":"type-product","3":"status-publish","4":"has-post-thumbnail","6":"product_cat-mekot","7":"product_cat-syksy-talvi-mekkot","8":"pa_kitli-pikkus-midi-fi","9":"pa_suurus-xl-fi","10":"pa_suurus-l-fi","11":"pa_suurus-m-fi","12":"pa_suurus-s-fi","13":"pa_suurus-xs-fi","15":"first","16":"instock","17":"taxable","18":"shipping-taxable","19":"purchasable","20":"product-type-variable"},"yoast_head":"<!-- This site is optimized with the Yoast SEO plugin v26.9 - https:\/\/yoast.com\/product\/yoast-seo-wordpress\/ -->\n<title>Klassinen mekko &quot;Kristi&quot;, jossa on puff hihat, musta ja violetti reunus. | Kittle Mood<\/title>\n<meta name=\"robots\" content=\"noindex, follow\" \/>\n<meta property=\"og:locale\" content=\"fi_FI\" \/>\n<meta property=\"og:type\" content=\"article\" \/>\n<meta property=\"og:title\" content=\"Klassinen mekko &quot;Kristi&quot;, jossa on puff hihat, musta ja violetti reunus. | Kittle Mood\" \/>\n<meta property=\"og:description\" content=\"Mekko, jossa on 3\/4-hihat ja klassinen leikkaus. Mekossa on kaksi mukavaa sivutaskua, nappikiinnitys edess\u00e4. Mekon vartalo on valmistettu miellytt\u00e4v\u00e4n pehme\u00e4st\u00e4 kankaasta ja hame n\u00e4ytt\u00e4v\u00e4st\u00e4 kuvioidusta kankaasta. Mekossa on kaksi mukavaa sivutaskua, nappikiinnitys edess\u00e4. Mekko sopii k\u00e4ytett\u00e4v\u00e4ksi kaikkina vuodenaikoina. Kangas: vartalo 73% polyesteri\u00e4, 23% viskoosia, 4% elastaania, hame 100% polyesteri\u00e4. V\u00e4ri: musta ja violetti. Jos haluat [&hellip;]\" \/>\n<meta property=\"og:url\" content=\"https:\/\/www.kittlemood.ee\/fi\/toode\/klassinen-mekko-kristi-paisutetut-hihat-vaaleanpunainen-vaaleanpunainen-kukkakuvio\/\" \/>\n<meta property=\"og:site_name\" content=\"Kittle Mood\" \/>\n<meta property=\"article:publisher\" content=\"https:\/\/www.facebook.com\/KittleMood-100617121748728\/\" \/>\n<meta property=\"article:modified_time\" content=\"2025-09-01T09:08:28+00:00\" \/>\n<meta property=\"og:image\" content=\"https:\/\/www.kittlemood.ee\/wp-content\/uploads\/2024\/10\/IMGL4148-1.jpg\" \/>\n\t<meta property=\"og:image:width\" content=\"966\" \/>\n\t<meta property=\"og:image:height\" content=\"1449\" \/>\n\t<meta property=\"og:image:type\" content=\"image\/jpeg\" \/>\n<meta name=\"twitter:card\" content=\"summary_large_image\" \/>\n<script type=\"application\/ld+json\" class=\"yoast-schema-graph\">{\"@context\":\"https:\/\/schema.org\",\"@graph\":[{\"@type\":\"WebPage\",\"@id\":\"https:\/\/www.kittlemood.ee\/fi\/toode\/klassinen-mekko-kristi-paisutetut-hihat-vaaleanpunainen-vaaleanpunainen-kukkakuvio\/\",\"url\":\"https:\/\/www.kittlemood.ee\/fi\/toode\/klassinen-mekko-kristi-paisutetut-hihat-vaaleanpunainen-vaaleanpunainen-kukkakuvio\/\",\"name\":\"Klassinen mekko \\\"Kristi\\\", jossa on puff hihat, musta ja violetti reunus. | Kittle Mood\",\"isPartOf\":{\"@id\":\"https:\/\/www.kittlemood.ee\/#website\"},\"primaryImageOfPage\":{\"@id\":\"https:\/\/www.kittlemood.ee\/fi\/toode\/klassinen-mekko-kristi-paisutetut-hihat-vaaleanpunainen-vaaleanpunainen-kukkakuvio\/#primaryimage\"},\"image\":{\"@id\":\"https:\/\/www.kittlemood.ee\/fi\/toode\/klassinen-mekko-kristi-paisutetut-hihat-vaaleanpunainen-vaaleanpunainen-kukkakuvio\/#primaryimage\"},\"thumbnailUrl\":\"https:\/\/www.kittlemood.ee\/wp-content\/uploads\/2024\/10\/IMGL4148-2.jpg\",\"datePublished\":\"2024-10-19T10:55:27+00:00\",\"dateModified\":\"2025-09-01T09:08:28+00:00\",\"breadcrumb\":{\"@id\":\"https:\/\/www.kittlemood.ee\/fi\/toode\/klassinen-mekko-kristi-paisutetut-hihat-vaaleanpunainen-vaaleanpunainen-kukkakuvio\/#breadcrumb\"},\"inLanguage\":\"fi\",\"potentialAction\":[{\"@type\":\"ReadAction\",\"target\":[\"https:\/\/www.kittlemood.ee\/fi\/toode\/klassinen-mekko-kristi-paisutetut-hihat-vaaleanpunainen-vaaleanpunainen-kukkakuvio\/\"]}]},{\"@type\":\"ImageObject\",\"inLanguage\":\"fi\",\"@id\":\"https:\/\/www.kittlemood.ee\/fi\/toode\/klassinen-mekko-kristi-paisutetut-hihat-vaaleanpunainen-vaaleanpunainen-kukkakuvio\/#primaryimage\",\"url\":\"https:\/\/www.kittlemood.ee\/wp-content\/uploads\/2024\/10\/IMGL4148-2.jpg\",\"contentUrl\":\"https:\/\/www.kittlemood.ee\/wp-content\/uploads\/2024\/10\/IMGL4148-2.jpg\",\"width\":1502,\"height\":2260},{\"@type\":\"BreadcrumbList\",\"@id\":\"https:\/\/www.kittlemood.ee\/fi\/toode\/klassinen-mekko-kristi-paisutetut-hihat-vaaleanpunainen-vaaleanpunainen-kukkakuvio\/#breadcrumb\",\"itemListElement\":[{\"@type\":\"ListItem\",\"position\":1,\"name\":\"Home\",\"item\":\"https:\/\/www.kittlemood.ee\/avaleht-2\/\"},{\"@type\":\"ListItem\",\"position\":2,\"name\":\"Verkkokauppa\",\"item\":\"https:\/\/www.kittlemood.ee\/fi\/osta-osoittessa\/\"},{\"@type\":\"ListItem\",\"position\":3,\"name\":\"Klassinen mekko &#8220;Kristi&#8221;, jossa on puff hihat, musta ja violetti reunus.\"}]},{\"@type\":\"WebSite\",\"@id\":\"https:\/\/www.kittlemood.ee\/#website\",\"url\":\"https:\/\/www.kittlemood.ee\/\",\"name\":\"Kittle Mood\",\"description\":\"Ajatud ja stiilsed kleidid\",\"publisher\":{\"@id\":\"https:\/\/www.kittlemood.ee\/#organization\"},\"potentialAction\":[{\"@type\":\"SearchAction\",\"target\":{\"@type\":\"EntryPoint\",\"urlTemplate\":\"https:\/\/www.kittlemood.ee\/?s={search_term_string}\"},\"query-input\":{\"@type\":\"PropertyValueSpecification\",\"valueRequired\":true,\"valueName\":\"search_term_string\"}}],\"inLanguage\":\"fi\"},{\"@type\":\"Organization\",\"@id\":\"https:\/\/www.kittlemood.ee\/#organization\",\"name\":\"Kittle Mood O\u00dc\",\"url\":\"https:\/\/www.kittlemood.ee\/\",\"logo\":{\"@type\":\"ImageObject\",\"inLanguage\":\"fi\",\"@id\":\"https:\/\/www.kittlemood.ee\/#\/schema\/logo\/image\/\",\"url\":\"https:\/\/www.kittlemood.ee\/wp-content\/uploads\/2021\/03\/logo3.png\",\"contentUrl\":\"https:\/\/www.kittlemood.ee\/wp-content\/uploads\/2021\/03\/logo3.png\",\"width\":644,\"height\":352,\"caption\":\"Kittle Mood O\u00dc\"},\"image\":{\"@id\":\"https:\/\/www.kittlemood.ee\/#\/schema\/logo\/image\/\"},\"sameAs\":[\"https:\/\/www.facebook.com\/KittleMood-100617121748728\/\",\"https:\/\/www.instagram.com\/kittlemood\/\"]}]}<\/script>\n<!-- \/ Yoast SEO plugin. -->","yoast_head_json":{"title":"Klassinen mekko \"Kristi\", jossa on puff hihat, musta ja violetti reunus. | Kittle Mood","robots":{"index":"noindex","follow":"follow"},"og_locale":"fi_FI","og_type":"article","og_title":"Klassinen mekko \"Kristi\", jossa on puff hihat, musta ja violetti reunus. | Kittle Mood","og_description":"Mekko, jossa on 3\/4-hihat ja klassinen leikkaus. Mekossa on kaksi mukavaa sivutaskua, nappikiinnitys edess\u00e4. Mekon vartalo on valmistettu miellytt\u00e4v\u00e4n pehme\u00e4st\u00e4 kankaasta ja hame n\u00e4ytt\u00e4v\u00e4st\u00e4 kuvioidusta kankaasta. Mekossa on kaksi mukavaa sivutaskua, nappikiinnitys edess\u00e4. Mekko sopii k\u00e4ytett\u00e4v\u00e4ksi kaikkina vuodenaikoina. Kangas: vartalo 73% polyesteri\u00e4, 23% viskoosia, 4% elastaania, hame 100% polyesteri\u00e4. V\u00e4ri: musta ja violetti. Jos haluat [&hellip;]","og_url":"https:\/\/www.kittlemood.ee\/fi\/toode\/klassinen-mekko-kristi-paisutetut-hihat-vaaleanpunainen-vaaleanpunainen-kukkakuvio\/","og_site_name":"Kittle Mood","article_publisher":"https:\/\/www.facebook.com\/KittleMood-100617121748728\/","article_modified_time":"2025-09-01T09:08:28+00:00","og_image":[{"width":966,"height":1449,"url":"https:\/\/www.kittlemood.ee\/wp-content\/uploads\/2024\/10\/IMGL4148-1.jpg","type":"image\/jpeg"}],"twitter_card":"summary_large_image","schema":{"@context":"https:\/\/schema.org","@graph":[{"@type":"WebPage","@id":"https:\/\/www.kittlemood.ee\/fi\/toode\/klassinen-mekko-kristi-paisutetut-hihat-vaaleanpunainen-vaaleanpunainen-kukkakuvio\/","url":"https:\/\/www.kittlemood.ee\/fi\/toode\/klassinen-mekko-kristi-paisutetut-hihat-vaaleanpunainen-vaaleanpunainen-kukkakuvio\/","name":"Klassinen mekko \"Kristi\", jossa on puff hihat, musta ja violetti reunus. | Kittle Mood","isPartOf":{"@id":"https:\/\/www.kittlemood.ee\/#website"},"primaryImageOfPage":{"@id":"https:\/\/www.kittlemood.ee\/fi\/toode\/klassinen-mekko-kristi-paisutetut-hihat-vaaleanpunainen-vaaleanpunainen-kukkakuvio\/#primaryimage"},"image":{"@id":"https:\/\/www.kittlemood.ee\/fi\/toode\/klassinen-mekko-kristi-paisutetut-hihat-vaaleanpunainen-vaaleanpunainen-kukkakuvio\/#primaryimage"},"thumbnailUrl":"https:\/\/www.kittlemood.ee\/wp-content\/uploads\/2024\/10\/IMGL4148-2.jpg","datePublished":"2024-10-19T10:55:27+00:00","dateModified":"2025-09-01T09:08:28+00:00","breadcrumb":{"@id":"https:\/\/www.kittlemood.ee\/fi\/toode\/klassinen-mekko-kristi-paisutetut-hihat-vaaleanpunainen-vaaleanpunainen-kukkakuvio\/#breadcrumb"},"inLanguage":"fi","potentialAction":[{"@type":"ReadAction","target":["https:\/\/www.kittlemood.ee\/fi\/toode\/klassinen-mekko-kristi-paisutetut-hihat-vaaleanpunainen-vaaleanpunainen-kukkakuvio\/"]}]},{"@type":"ImageObject","inLanguage":"fi","@id":"https:\/\/www.kittlemood.ee\/fi\/toode\/klassinen-mekko-kristi-paisutetut-hihat-vaaleanpunainen-vaaleanpunainen-kukkakuvio\/#primaryimage","url":"https:\/\/www.kittlemood.ee\/wp-content\/uploads\/2024\/10\/IMGL4148-2.jpg","contentUrl":"https:\/\/www.kittlemood.ee\/wp-content\/uploads\/2024\/10\/IMGL4148-2.jpg","width":1502,"height":2260},{"@type":"BreadcrumbList","@id":"https:\/\/www.kittlemood.ee\/fi\/toode\/klassinen-mekko-kristi-paisutetut-hihat-vaaleanpunainen-vaaleanpunainen-kukkakuvio\/#breadcrumb","itemListElement":[{"@type":"ListItem","position":1,"name":"Home","item":"https:\/\/www.kittlemood.ee\/avaleht-2\/"},{"@type":"ListItem","position":2,"name":"Verkkokauppa","item":"https:\/\/www.kittlemood.ee\/fi\/osta-osoittessa\/"},{"@type":"ListItem","position":3,"name":"Klassinen mekko &#8220;Kristi&#8221;, jossa on puff hihat, musta ja violetti reunus."}]},{"@type":"WebSite","@id":"https:\/\/www.kittlemood.ee\/#website","url":"https:\/\/www.kittlemood.ee\/","name":"Kittle Mood","description":"Ajatud ja stiilsed kleidid","publisher":{"@id":"https:\/\/www.kittlemood.ee\/#organization"},"potentialAction":[{"@type":"SearchAction","target":{"@type":"EntryPoint","urlTemplate":"https:\/\/www.kittlemood.ee\/?s={search_term_string}"},"query-input":{"@type":"PropertyValueSpecification","valueRequired":true,"valueName":"search_term_string"}}],"inLanguage":"fi"},{"@type":"Organization","@id":"https:\/\/www.kittlemood.ee\/#organization","name":"Kittle Mood O\u00dc","url":"https:\/\/www.kittlemood.ee\/","logo":{"@type":"ImageObject","inLanguage":"fi","@id":"https:\/\/www.kittlemood.ee\/#\/schema\/logo\/image\/","url":"https:\/\/www.kittlemood.ee\/wp-content\/uploads\/2021\/03\/logo3.png","contentUrl":"https:\/\/www.kittlemood.ee\/wp-content\/uploads\/2021\/03\/logo3.png","width":644,"height":352,"caption":"Kittle Mood O\u00dc"},"image":{"@id":"https:\/\/www.kittlemood.ee\/#\/schema\/logo\/image\/"},"sameAs":["https:\/\/www.facebook.com\/KittleMood-100617121748728\/","https:\/\/www.instagram.com\/kittlemood\/"]}]}},"_links":{"self":[{"href":"https:\/\/www.kittlemood.ee\/fi\/wp-json\/wp\/v2\/product\/15899","targetHints":{"allow":["GET"]}}],"collection":[{"href":"https:\/\/www.kittlemood.ee\/fi\/wp-json\/wp\/v2\/product"}],"about":[{"href":"https:\/\/www.kittlemood.ee\/fi\/wp-json\/wp\/v2\/types\/product"}],"replies":[{"embeddable":true,"href":"https:\/\/www.kittlemood.ee\/fi\/wp-json\/wp\/v2\/comments?post=15899"}],"wp:featuredmedia":[{"embeddable":true,"href":"https:\/\/www.kittlemood.ee\/fi\/wp-json\/wp\/v2\/media\/19639"}],"wp:attachment":[{"href":"https:\/\/www.kittlemood.ee\/fi\/wp-json\/wp\/v2\/media?parent=15899"}],"wp:term":[{"taxonomy":"product_brand","embeddable":true,"href":"https:\/\/www.kittlemood.ee\/fi\/wp-json\/wp\/v2\/product_brand?post=15899"},{"taxonomy":"product_cat","embeddable":true,"href":"https:\/\/www.kittlemood.ee\/fi\/wp-json\/wp\/v2\/product_cat?post=15899"},{"taxonomy":"product_tag","embeddable":true,"href":"https:\/\/www.kittlemood.ee\/fi\/wp-json\/wp\/v2\/product_tag?post=15899"}],"curies":[{"name":"wp","href":"https:\/\/api.w.org\/{rel}","templated":true}]}}