{"id":15847,"date":"2024-10-19T13:44:45","date_gmt":"2024-10-19T10:44:45","guid":{"rendered":"https:\/\/www.kittlemood.ee\/toode\/paitamekko-katre-musta-puffahihaiset-hihansuut\/"},"modified":"2025-09-01T12:04:29","modified_gmt":"2025-09-01T09:04:29","slug":"paitamekko-katre-musta-puffahihaiset-hihansuut","status":"publish","type":"product","link":"https:\/\/www.kittlemood.ee\/fi\/toode\/paitamekko-katre-musta-puffahihaiset-hihansuut\/","title":{"rendered":"Paitamekko &#8221;Katre&#8221;, musta, oliivinvihre\u00e4t hihat, puffahihat"},"content":{"rendered":"<p>V\u00e4lj\u00e4 paitamekko, jossa on puffahihat. Mekon runko on valmistettu pehme\u00e4st\u00e4 ja miellytt\u00e4v\u00e4n pehme\u00e4st\u00e4 kankaasta, ja hihat on valmistettu n\u00e4ytt\u00e4v\u00e4st\u00e4 kuvioidusta kankaasta Mekkoa voi k\u00e4ytt\u00e4\u00e4 vy\u00f6n kanssa tai ilman vy\u00f6t\u00e4.  Mekossa on kaksi mukavaa sivutaskua ja edess\u00e4 nappikiinnitys.<\/p>\n<p>Kangas: vartalo 73% polyesteri\u00e4, 23% viskoosia, 4% elastaania, hihat 100% polyesteri\u00e4.<\/p>\n<p>V\u00e4ri: musta ja oliivinvihre\u00e4.<\/p>\n<p>Jos haluat t\u00e4m\u00e4n mekon eri kankaalla tai erikoiskoolla, l\u00e4het\u00e4 meille pyynt\u00f6si osoitteeseen ki&#116;&#116;&#108;&#x65;&#x66;&#x61;&#x73;hi&#111;&#110;&#101;&#x65;&#x73;&#x74;&#x69;&#64;g&#109;&#97;&#105;&#x6c;&#x2e;&#x63;&#x6f;m.<\/p>\n<p>Pese mekko nurinp\u00e4in 30\u00b0C vedess\u00e4, silitys on sallittu.<\/p>\n","protected":false},"excerpt":{"rendered":"<p>V\u00e4lj\u00e4 paitamekko, jossa on puffahihat. Mekon runko on valmistettu pehme\u00e4st\u00e4 ja miellytt\u00e4v\u00e4n pehme\u00e4st\u00e4 kankaasta, ja hihat on valmistettu n\u00e4ytt\u00e4v\u00e4st\u00e4 kuvioidusta kankaasta Mekkoa voi k\u00e4ytt\u00e4\u00e4 vy\u00f6n kanssa tai ilman vy\u00f6t\u00e4. Mekossa on kaksi mukavaa sivutaskua ja edess\u00e4 nappikiinnitys. Kangas: vartalo 73% polyesteri\u00e4, 23% viskoosia, 4% elastaania, hihat 100% polyesteri\u00e4. V\u00e4ri: musta ja oliivinvihre\u00e4. Jos haluat t\u00e4m\u00e4n [&hellip;]<\/p>\n","protected":false},"featured_media":19643,"comment_status":"closed","ping_status":"closed","template":"","meta":{"om_disable_all_campaigns":false},"product_brand":[],"product_cat":[177,178],"product_tag":[],"class_list":{"0":"post-15847","1":"product","2":"type-product","3":"status-publish","4":"has-post-thumbnail","6":"product_cat-mekot","7":"product_cat-syksy-talvi-mekkot","8":"pa_kitli-pikkus-lyhyt","9":"pa_suurus-xl-fi","10":"pa_suurus-l-fi","11":"pa_suurus-m-fi","12":"pa_suurus-s-fi","13":"pa_suurus-xs-fi","15":"first","16":"instock","17":"taxable","18":"shipping-taxable","19":"purchasable","20":"product-type-variable"},"yoast_head":"<!-- This site is optimized with the Yoast SEO plugin v26.9 - https:\/\/yoast.com\/product\/yoast-seo-wordpress\/ -->\n<title>Paitamekko &quot;Katre&quot;, musta, oliivinvihre\u00e4t hihat, puffahihat | Kittle Mood<\/title>\n<meta name=\"robots\" content=\"noindex, follow\" \/>\n<meta property=\"og:locale\" content=\"fi_FI\" \/>\n<meta property=\"og:type\" content=\"article\" \/>\n<meta property=\"og:title\" content=\"Paitamekko &quot;Katre&quot;, musta, oliivinvihre\u00e4t hihat, puffahihat | Kittle Mood\" \/>\n<meta property=\"og:description\" content=\"V\u00e4lj\u00e4 paitamekko, jossa on puffahihat. Mekon runko on valmistettu pehme\u00e4st\u00e4 ja miellytt\u00e4v\u00e4n pehme\u00e4st\u00e4 kankaasta, ja hihat on valmistettu n\u00e4ytt\u00e4v\u00e4st\u00e4 kuvioidusta kankaasta Mekkoa voi k\u00e4ytt\u00e4\u00e4 vy\u00f6n kanssa tai ilman vy\u00f6t\u00e4. Mekossa on kaksi mukavaa sivutaskua ja edess\u00e4 nappikiinnitys. Kangas: vartalo 73% polyesteri\u00e4, 23% viskoosia, 4% elastaania, hihat 100% polyesteri\u00e4. V\u00e4ri: musta ja oliivinvihre\u00e4. Jos haluat t\u00e4m\u00e4n [&hellip;]\" \/>\n<meta property=\"og:url\" content=\"https:\/\/www.kittlemood.ee\/fi\/toode\/paitamekko-katre-musta-puffahihaiset-hihansuut\/\" \/>\n<meta property=\"og:site_name\" content=\"Kittle Mood\" \/>\n<meta property=\"article:publisher\" content=\"https:\/\/www.facebook.com\/KittleMood-100617121748728\/\" \/>\n<meta property=\"article:modified_time\" content=\"2025-09-01T09:04:29+00:00\" \/>\n<meta property=\"og:image\" content=\"https:\/\/www.kittlemood.ee\/wp-content\/uploads\/2024\/10\/IMGL4066-1.jpg\" \/>\n\t<meta property=\"og:image:width\" content=\"972\" \/>\n\t<meta property=\"og:image:height\" content=\"1459\" \/>\n\t<meta property=\"og:image:type\" content=\"image\/jpeg\" \/>\n<meta name=\"twitter:card\" content=\"summary_large_image\" \/>\n<script type=\"application\/ld+json\" class=\"yoast-schema-graph\">{\"@context\":\"https:\/\/schema.org\",\"@graph\":[{\"@type\":\"WebPage\",\"@id\":\"https:\/\/www.kittlemood.ee\/fi\/toode\/paitamekko-katre-musta-puffahihaiset-hihansuut\/\",\"url\":\"https:\/\/www.kittlemood.ee\/fi\/toode\/paitamekko-katre-musta-puffahihaiset-hihansuut\/\",\"name\":\"Paitamekko \\\"Katre\\\", musta, oliivinvihre\u00e4t hihat, puffahihat | Kittle Mood\",\"isPartOf\":{\"@id\":\"https:\/\/www.kittlemood.ee\/#website\"},\"primaryImageOfPage\":{\"@id\":\"https:\/\/www.kittlemood.ee\/fi\/toode\/paitamekko-katre-musta-puffahihaiset-hihansuut\/#primaryimage\"},\"image\":{\"@id\":\"https:\/\/www.kittlemood.ee\/fi\/toode\/paitamekko-katre-musta-puffahihaiset-hihansuut\/#primaryimage\"},\"thumbnailUrl\":\"https:\/\/www.kittlemood.ee\/wp-content\/uploads\/2024\/10\/IMGL4072-1.jpg\",\"datePublished\":\"2024-10-19T10:44:45+00:00\",\"dateModified\":\"2025-09-01T09:04:29+00:00\",\"breadcrumb\":{\"@id\":\"https:\/\/www.kittlemood.ee\/fi\/toode\/paitamekko-katre-musta-puffahihaiset-hihansuut\/#breadcrumb\"},\"inLanguage\":\"fi\",\"potentialAction\":[{\"@type\":\"ReadAction\",\"target\":[\"https:\/\/www.kittlemood.ee\/fi\/toode\/paitamekko-katre-musta-puffahihaiset-hihansuut\/\"]}]},{\"@type\":\"ImageObject\",\"inLanguage\":\"fi\",\"@id\":\"https:\/\/www.kittlemood.ee\/fi\/toode\/paitamekko-katre-musta-puffahihaiset-hihansuut\/#primaryimage\",\"url\":\"https:\/\/www.kittlemood.ee\/wp-content\/uploads\/2024\/10\/IMGL4072-1.jpg\",\"contentUrl\":\"https:\/\/www.kittlemood.ee\/wp-content\/uploads\/2024\/10\/IMGL4072-1.jpg\",\"width\":1596,\"height\":2359},{\"@type\":\"BreadcrumbList\",\"@id\":\"https:\/\/www.kittlemood.ee\/fi\/toode\/paitamekko-katre-musta-puffahihaiset-hihansuut\/#breadcrumb\",\"itemListElement\":[{\"@type\":\"ListItem\",\"position\":1,\"name\":\"Home\",\"item\":\"https:\/\/www.kittlemood.ee\/avaleht-2\/\"},{\"@type\":\"ListItem\",\"position\":2,\"name\":\"Verkkokauppa\",\"item\":\"https:\/\/www.kittlemood.ee\/fi\/osta-osoittessa\/\"},{\"@type\":\"ListItem\",\"position\":3,\"name\":\"Paitamekko &#8220;Katre&#8221;, musta, oliivinvihre\u00e4t hihat, puffahihat\"}]},{\"@type\":\"WebSite\",\"@id\":\"https:\/\/www.kittlemood.ee\/#website\",\"url\":\"https:\/\/www.kittlemood.ee\/\",\"name\":\"Kittle Mood\",\"description\":\"Ajatud ja stiilsed kleidid\",\"publisher\":{\"@id\":\"https:\/\/www.kittlemood.ee\/#organization\"},\"potentialAction\":[{\"@type\":\"SearchAction\",\"target\":{\"@type\":\"EntryPoint\",\"urlTemplate\":\"https:\/\/www.kittlemood.ee\/?s={search_term_string}\"},\"query-input\":{\"@type\":\"PropertyValueSpecification\",\"valueRequired\":true,\"valueName\":\"search_term_string\"}}],\"inLanguage\":\"fi\"},{\"@type\":\"Organization\",\"@id\":\"https:\/\/www.kittlemood.ee\/#organization\",\"name\":\"Kittle Mood O\u00dc\",\"url\":\"https:\/\/www.kittlemood.ee\/\",\"logo\":{\"@type\":\"ImageObject\",\"inLanguage\":\"fi\",\"@id\":\"https:\/\/www.kittlemood.ee\/#\/schema\/logo\/image\/\",\"url\":\"https:\/\/www.kittlemood.ee\/wp-content\/uploads\/2021\/03\/logo3.png\",\"contentUrl\":\"https:\/\/www.kittlemood.ee\/wp-content\/uploads\/2021\/03\/logo3.png\",\"width\":644,\"height\":352,\"caption\":\"Kittle Mood O\u00dc\"},\"image\":{\"@id\":\"https:\/\/www.kittlemood.ee\/#\/schema\/logo\/image\/\"},\"sameAs\":[\"https:\/\/www.facebook.com\/KittleMood-100617121748728\/\",\"https:\/\/www.instagram.com\/kittlemood\/\"]}]}<\/script>\n<!-- \/ Yoast SEO plugin. -->","yoast_head_json":{"title":"Paitamekko \"Katre\", musta, oliivinvihre\u00e4t hihat, puffahihat | Kittle Mood","robots":{"index":"noindex","follow":"follow"},"og_locale":"fi_FI","og_type":"article","og_title":"Paitamekko \"Katre\", musta, oliivinvihre\u00e4t hihat, puffahihat | Kittle Mood","og_description":"V\u00e4lj\u00e4 paitamekko, jossa on puffahihat. Mekon runko on valmistettu pehme\u00e4st\u00e4 ja miellytt\u00e4v\u00e4n pehme\u00e4st\u00e4 kankaasta, ja hihat on valmistettu n\u00e4ytt\u00e4v\u00e4st\u00e4 kuvioidusta kankaasta Mekkoa voi k\u00e4ytt\u00e4\u00e4 vy\u00f6n kanssa tai ilman vy\u00f6t\u00e4. Mekossa on kaksi mukavaa sivutaskua ja edess\u00e4 nappikiinnitys. Kangas: vartalo 73% polyesteri\u00e4, 23% viskoosia, 4% elastaania, hihat 100% polyesteri\u00e4. V\u00e4ri: musta ja oliivinvihre\u00e4. Jos haluat t\u00e4m\u00e4n [&hellip;]","og_url":"https:\/\/www.kittlemood.ee\/fi\/toode\/paitamekko-katre-musta-puffahihaiset-hihansuut\/","og_site_name":"Kittle Mood","article_publisher":"https:\/\/www.facebook.com\/KittleMood-100617121748728\/","article_modified_time":"2025-09-01T09:04:29+00:00","og_image":[{"width":972,"height":1459,"url":"https:\/\/www.kittlemood.ee\/wp-content\/uploads\/2024\/10\/IMGL4066-1.jpg","type":"image\/jpeg"}],"twitter_card":"summary_large_image","schema":{"@context":"https:\/\/schema.org","@graph":[{"@type":"WebPage","@id":"https:\/\/www.kittlemood.ee\/fi\/toode\/paitamekko-katre-musta-puffahihaiset-hihansuut\/","url":"https:\/\/www.kittlemood.ee\/fi\/toode\/paitamekko-katre-musta-puffahihaiset-hihansuut\/","name":"Paitamekko \"Katre\", musta, oliivinvihre\u00e4t hihat, puffahihat | Kittle Mood","isPartOf":{"@id":"https:\/\/www.kittlemood.ee\/#website"},"primaryImageOfPage":{"@id":"https:\/\/www.kittlemood.ee\/fi\/toode\/paitamekko-katre-musta-puffahihaiset-hihansuut\/#primaryimage"},"image":{"@id":"https:\/\/www.kittlemood.ee\/fi\/toode\/paitamekko-katre-musta-puffahihaiset-hihansuut\/#primaryimage"},"thumbnailUrl":"https:\/\/www.kittlemood.ee\/wp-content\/uploads\/2024\/10\/IMGL4072-1.jpg","datePublished":"2024-10-19T10:44:45+00:00","dateModified":"2025-09-01T09:04:29+00:00","breadcrumb":{"@id":"https:\/\/www.kittlemood.ee\/fi\/toode\/paitamekko-katre-musta-puffahihaiset-hihansuut\/#breadcrumb"},"inLanguage":"fi","potentialAction":[{"@type":"ReadAction","target":["https:\/\/www.kittlemood.ee\/fi\/toode\/paitamekko-katre-musta-puffahihaiset-hihansuut\/"]}]},{"@type":"ImageObject","inLanguage":"fi","@id":"https:\/\/www.kittlemood.ee\/fi\/toode\/paitamekko-katre-musta-puffahihaiset-hihansuut\/#primaryimage","url":"https:\/\/www.kittlemood.ee\/wp-content\/uploads\/2024\/10\/IMGL4072-1.jpg","contentUrl":"https:\/\/www.kittlemood.ee\/wp-content\/uploads\/2024\/10\/IMGL4072-1.jpg","width":1596,"height":2359},{"@type":"BreadcrumbList","@id":"https:\/\/www.kittlemood.ee\/fi\/toode\/paitamekko-katre-musta-puffahihaiset-hihansuut\/#breadcrumb","itemListElement":[{"@type":"ListItem","position":1,"name":"Home","item":"https:\/\/www.kittlemood.ee\/avaleht-2\/"},{"@type":"ListItem","position":2,"name":"Verkkokauppa","item":"https:\/\/www.kittlemood.ee\/fi\/osta-osoittessa\/"},{"@type":"ListItem","position":3,"name":"Paitamekko &#8220;Katre&#8221;, musta, oliivinvihre\u00e4t hihat, puffahihat"}]},{"@type":"WebSite","@id":"https:\/\/www.kittlemood.ee\/#website","url":"https:\/\/www.kittlemood.ee\/","name":"Kittle Mood","description":"Ajatud ja stiilsed kleidid","publisher":{"@id":"https:\/\/www.kittlemood.ee\/#organization"},"potentialAction":[{"@type":"SearchAction","target":{"@type":"EntryPoint","urlTemplate":"https:\/\/www.kittlemood.ee\/?s={search_term_string}"},"query-input":{"@type":"PropertyValueSpecification","valueRequired":true,"valueName":"search_term_string"}}],"inLanguage":"fi"},{"@type":"Organization","@id":"https:\/\/www.kittlemood.ee\/#organization","name":"Kittle Mood O\u00dc","url":"https:\/\/www.kittlemood.ee\/","logo":{"@type":"ImageObject","inLanguage":"fi","@id":"https:\/\/www.kittlemood.ee\/#\/schema\/logo\/image\/","url":"https:\/\/www.kittlemood.ee\/wp-content\/uploads\/2021\/03\/logo3.png","contentUrl":"https:\/\/www.kittlemood.ee\/wp-content\/uploads\/2021\/03\/logo3.png","width":644,"height":352,"caption":"Kittle Mood O\u00dc"},"image":{"@id":"https:\/\/www.kittlemood.ee\/#\/schema\/logo\/image\/"},"sameAs":["https:\/\/www.facebook.com\/KittleMood-100617121748728\/","https:\/\/www.instagram.com\/kittlemood\/"]}]}},"_links":{"self":[{"href":"https:\/\/www.kittlemood.ee\/fi\/wp-json\/wp\/v2\/product\/15847","targetHints":{"allow":["GET"]}}],"collection":[{"href":"https:\/\/www.kittlemood.ee\/fi\/wp-json\/wp\/v2\/product"}],"about":[{"href":"https:\/\/www.kittlemood.ee\/fi\/wp-json\/wp\/v2\/types\/product"}],"replies":[{"embeddable":true,"href":"https:\/\/www.kittlemood.ee\/fi\/wp-json\/wp\/v2\/comments?post=15847"}],"wp:featuredmedia":[{"embeddable":true,"href":"https:\/\/www.kittlemood.ee\/fi\/wp-json\/wp\/v2\/media\/19643"}],"wp:attachment":[{"href":"https:\/\/www.kittlemood.ee\/fi\/wp-json\/wp\/v2\/media?parent=15847"}],"wp:term":[{"taxonomy":"product_brand","embeddable":true,"href":"https:\/\/www.kittlemood.ee\/fi\/wp-json\/wp\/v2\/product_brand?post=15847"},{"taxonomy":"product_cat","embeddable":true,"href":"https:\/\/www.kittlemood.ee\/fi\/wp-json\/wp\/v2\/product_cat?post=15847"},{"taxonomy":"product_tag","embeddable":true,"href":"https:\/\/www.kittlemood.ee\/fi\/wp-json\/wp\/v2\/product_tag?post=15847"}],"curies":[{"name":"wp","href":"https:\/\/api.w.org\/{rel}","templated":true}]}}