{"id":15047,"date":"2024-05-20T22:16:33","date_gmt":"2024-05-20T19:16:33","guid":{"rendered":"https:\/\/www.kittlemood.ee\/toode\/midi-pituinen-mekko-kai-jossa-on-valkoisen-sinivihrean-kuvioitu-hame-ja-suuret-puffihihat\/"},"modified":"2024-05-22T17:06:47","modified_gmt":"2024-05-22T14:06:47","slug":"porroinen-hame-midi-pitka-mekko-valkoinen-suuri-sininen-musta-sinivihrea-kuvio","status":"publish","type":"product","link":"https:\/\/www.kittlemood.ee\/fi\/toode\/porroinen-hame-midi-pitka-mekko-valkoinen-suuri-sininen-musta-sinivihrea-kuvio\/","title":{"rendered":"Midi-pituinen mekko &#8221;Kai&#8221;, jossa on valkoisen sinivihre\u00e4n kuvioitu hame ja suuret puffihihat."},"content":{"rendered":"<p>Naisellinen midipituinen mekko puuvillakankaasta, jossa on levea helma. Mekossa on kaksi mukavaa sivutaskua, nappikiinnitys edess\u00e4.<\/p>\n<p>Kangas on ainutlaatuinen, ja sen kuvio on suunniteltu erityisesti KittleMoodia varten. Mekko on saatavilla ennakkotilauksena, toimitusaika 2-5 viikkoa.<\/p>\n<p>Materiaali: 100 % puuvillaa.<\/p>\n<p>V\u00e4ri: valkoinen-sininen-vihre\u00e4.<\/p>\n<p>Jos haluat t\u00e4m\u00e4n mekon eri kankaalla tai erikoiskoolla, l\u00e4het\u00e4 meille pyynt\u00f6si osoitteeseen ki&#116;&#116;&#108;&#x65;&#x66;&#x61;&#x73;&#x68;io&#110;&#101;&#101;&#x73;&#x74;&#x69;&#x40;&#x67;ma&#105;&#108;&#46;&#x63;&#x6f;&#x6d;.<\/p>\n<p>Pese mekko nurinp\u00e4in 30\u00b0C vedess\u00e4, silitys on sallittu.<\/p>\n","protected":false},"excerpt":{"rendered":"<p>Naisellinen midipituinen mekko puuvillakankaasta, jossa on levea helma. Mekossa on kaksi mukavaa sivutaskua, nappikiinnitys edess\u00e4. Kangas on ainutlaatuinen, ja sen kuvio on suunniteltu erityisesti KittleMoodia varten. Mekko on saatavilla ennakkotilauksena, toimitusaika 2-5 viikkoa. Materiaali: 100 % puuvillaa. V\u00e4ri: valkoinen-sininen-vihre\u00e4. Jos haluat t\u00e4m\u00e4n mekon eri kankaalla tai erikoiskoolla, l\u00e4het\u00e4 meille pyynt\u00f6si osoitteeseen &#x6b;i&#x74;&#116;&#x6c;&#101;f&#x61;s&#x68;&#105;&#x6f;&#110;e&#x65;&#115;&#x74;&#105;&#64;&#x67;m&#x61;&#105;&#x6c;&#46;c&#x6f;m. Pese mekko nurinp\u00e4in [&hellip;]<\/p>\n","protected":false},"featured_media":15017,"comment_status":"closed","ping_status":"closed","template":"","meta":{"om_disable_all_campaigns":false},"product_brand":[],"product_cat":[213,177],"product_tag":[],"class_list":{"0":"post-15047","1":"product","2":"type-product","3":"status-publish","4":"has-post-thumbnail","6":"product_cat-erikoiskokoelma-flora","7":"product_cat-mekot","8":"pa_kitli-pikkus-midi-fi","9":"pa_suurus-xl-fi","10":"pa_suurus-l-fi","11":"pa_suurus-m-fi","12":"pa_suurus-s-fi","13":"pa_suurus-xs-fi","15":"first","16":"instock","17":"taxable","18":"shipping-taxable","19":"purchasable","20":"product-type-variable"},"yoast_head":"<!-- This site is optimized with the Yoast SEO plugin v26.9 - https:\/\/yoast.com\/product\/yoast-seo-wordpress\/ -->\n<title>Midi-pituinen mekko &quot;Kai&quot;, jossa on valkoisen sinivihre\u00e4n kuvioitu hame ja suuret puffihihat. | Kittle Mood<\/title>\n<meta name=\"robots\" content=\"noindex, follow\" \/>\n<meta property=\"og:locale\" content=\"fi_FI\" \/>\n<meta property=\"og:type\" content=\"article\" \/>\n<meta property=\"og:title\" content=\"Midi-pituinen mekko &quot;Kai&quot;, jossa on valkoisen sinivihre\u00e4n kuvioitu hame ja suuret puffihihat. | Kittle Mood\" \/>\n<meta property=\"og:description\" content=\"Naisellinen midipituinen mekko puuvillakankaasta, jossa on levea helma. Mekossa on kaksi mukavaa sivutaskua, nappikiinnitys edess\u00e4. Kangas on ainutlaatuinen, ja sen kuvio on suunniteltu erityisesti KittleMoodia varten. Mekko on saatavilla ennakkotilauksena, toimitusaika 2-5 viikkoa. Materiaali: 100 % puuvillaa. V\u00e4ri: valkoinen-sininen-vihre\u00e4. Jos haluat t\u00e4m\u00e4n mekon eri kankaalla tai erikoiskoolla, l\u00e4het\u00e4 meille pyynt\u00f6si osoitteeseen &#107;&#x69;t&#116;&#x6c;e&#102;&#x61;s&#x68;&#x69;&#111;&#x6e;e&#101;&#x73;t&#105;&#x40;g&#x6d;&#x61;&#105;&#x6c;&#x2e;&#099;&#x6f;m. Pese mekko nurinp\u00e4in [&hellip;]\" \/>\n<meta property=\"og:url\" content=\"https:\/\/www.kittlemood.ee\/fi\/toode\/porroinen-hame-midi-pitka-mekko-valkoinen-suuri-sininen-musta-sinivihrea-kuvio\/\" \/>\n<meta property=\"og:site_name\" content=\"Kittle Mood\" \/>\n<meta property=\"article:publisher\" content=\"https:\/\/www.facebook.com\/KittleMood-100617121748728\/\" \/>\n<meta property=\"article:modified_time\" content=\"2024-05-22T14:06:47+00:00\" \/>\n<meta property=\"og:image\" content=\"https:\/\/www.kittlemood.ee\/wp-content\/uploads\/2024\/05\/IMG_5503-1000x1333.jpg\" \/>\n\t<meta property=\"og:image:width\" content=\"1000\" \/>\n\t<meta property=\"og:image:height\" content=\"1333\" \/>\n\t<meta property=\"og:image:type\" content=\"image\/jpeg\" \/>\n<meta name=\"twitter:card\" content=\"summary_large_image\" \/>\n<meta name=\"twitter:label1\" content=\"Arvioitu lukuaika\" \/>\n\t<meta name=\"twitter:data1\" content=\"1 minuutti\" \/>\n<script type=\"application\/ld+json\" class=\"yoast-schema-graph\">{\"@context\":\"https:\/\/schema.org\",\"@graph\":[{\"@type\":\"WebPage\",\"@id\":\"https:\/\/www.kittlemood.ee\/fi\/toode\/porroinen-hame-midi-pitka-mekko-valkoinen-suuri-sininen-musta-sinivihrea-kuvio\/\",\"url\":\"https:\/\/www.kittlemood.ee\/fi\/toode\/porroinen-hame-midi-pitka-mekko-valkoinen-suuri-sininen-musta-sinivihrea-kuvio\/\",\"name\":\"Midi-pituinen mekko \\\"Kai\\\", jossa on valkoisen sinivihre\u00e4n kuvioitu hame ja suuret puffihihat. | Kittle Mood\",\"isPartOf\":{\"@id\":\"https:\/\/www.kittlemood.ee\/#website\"},\"primaryImageOfPage\":{\"@id\":\"https:\/\/www.kittlemood.ee\/fi\/toode\/porroinen-hame-midi-pitka-mekko-valkoinen-suuri-sininen-musta-sinivihrea-kuvio\/#primaryimage\"},\"image\":{\"@id\":\"https:\/\/www.kittlemood.ee\/fi\/toode\/porroinen-hame-midi-pitka-mekko-valkoinen-suuri-sininen-musta-sinivihrea-kuvio\/#primaryimage\"},\"thumbnailUrl\":\"https:\/\/www.kittlemood.ee\/wp-content\/uploads\/2024\/05\/IMG_5503.jpg\",\"datePublished\":\"2024-05-20T19:16:33+00:00\",\"dateModified\":\"2024-05-22T14:06:47+00:00\",\"breadcrumb\":{\"@id\":\"https:\/\/www.kittlemood.ee\/fi\/toode\/porroinen-hame-midi-pitka-mekko-valkoinen-suuri-sininen-musta-sinivihrea-kuvio\/#breadcrumb\"},\"inLanguage\":\"fi\",\"potentialAction\":[{\"@type\":\"ReadAction\",\"target\":[\"https:\/\/www.kittlemood.ee\/fi\/toode\/porroinen-hame-midi-pitka-mekko-valkoinen-suuri-sininen-musta-sinivihrea-kuvio\/\"]}]},{\"@type\":\"ImageObject\",\"inLanguage\":\"fi\",\"@id\":\"https:\/\/www.kittlemood.ee\/fi\/toode\/porroinen-hame-midi-pitka-mekko-valkoinen-suuri-sininen-musta-sinivihrea-kuvio\/#primaryimage\",\"url\":\"https:\/\/www.kittlemood.ee\/wp-content\/uploads\/2024\/05\/IMG_5503.jpg\",\"contentUrl\":\"https:\/\/www.kittlemood.ee\/wp-content\/uploads\/2024\/05\/IMG_5503.jpg\",\"width\":3024,\"height\":4032},{\"@type\":\"BreadcrumbList\",\"@id\":\"https:\/\/www.kittlemood.ee\/fi\/toode\/porroinen-hame-midi-pitka-mekko-valkoinen-suuri-sininen-musta-sinivihrea-kuvio\/#breadcrumb\",\"itemListElement\":[{\"@type\":\"ListItem\",\"position\":1,\"name\":\"Home\",\"item\":\"https:\/\/www.kittlemood.ee\/avaleht-2\/\"},{\"@type\":\"ListItem\",\"position\":2,\"name\":\"Verkkokauppa\",\"item\":\"https:\/\/www.kittlemood.ee\/fi\/osta-osoittessa\/\"},{\"@type\":\"ListItem\",\"position\":3,\"name\":\"Midi-pituinen mekko &#8220;Kai&#8221;, jossa on valkoisen sinivihre\u00e4n kuvioitu hame ja suuret puffihihat.\"}]},{\"@type\":\"WebSite\",\"@id\":\"https:\/\/www.kittlemood.ee\/#website\",\"url\":\"https:\/\/www.kittlemood.ee\/\",\"name\":\"Kittle Mood\",\"description\":\"Ajatud ja stiilsed kleidid\",\"publisher\":{\"@id\":\"https:\/\/www.kittlemood.ee\/#organization\"},\"potentialAction\":[{\"@type\":\"SearchAction\",\"target\":{\"@type\":\"EntryPoint\",\"urlTemplate\":\"https:\/\/www.kittlemood.ee\/?s={search_term_string}\"},\"query-input\":{\"@type\":\"PropertyValueSpecification\",\"valueRequired\":true,\"valueName\":\"search_term_string\"}}],\"inLanguage\":\"fi\"},{\"@type\":\"Organization\",\"@id\":\"https:\/\/www.kittlemood.ee\/#organization\",\"name\":\"Kittle Mood O\u00dc\",\"url\":\"https:\/\/www.kittlemood.ee\/\",\"logo\":{\"@type\":\"ImageObject\",\"inLanguage\":\"fi\",\"@id\":\"https:\/\/www.kittlemood.ee\/#\/schema\/logo\/image\/\",\"url\":\"https:\/\/www.kittlemood.ee\/wp-content\/uploads\/2021\/03\/logo3.png\",\"contentUrl\":\"https:\/\/www.kittlemood.ee\/wp-content\/uploads\/2021\/03\/logo3.png\",\"width\":644,\"height\":352,\"caption\":\"Kittle Mood O\u00dc\"},\"image\":{\"@id\":\"https:\/\/www.kittlemood.ee\/#\/schema\/logo\/image\/\"},\"sameAs\":[\"https:\/\/www.facebook.com\/KittleMood-100617121748728\/\",\"https:\/\/www.instagram.com\/kittlemood\/\"]}]}<\/script>\n<!-- \/ Yoast SEO plugin. -->","yoast_head_json":{"title":"Midi-pituinen mekko \"Kai\", jossa on valkoisen sinivihre\u00e4n kuvioitu hame ja suuret puffihihat. | Kittle Mood","robots":{"index":"noindex","follow":"follow"},"og_locale":"fi_FI","og_type":"article","og_title":"Midi-pituinen mekko \"Kai\", jossa on valkoisen sinivihre\u00e4n kuvioitu hame ja suuret puffihihat. | Kittle Mood","og_description":"Naisellinen midipituinen mekko puuvillakankaasta, jossa on levea helma. Mekossa on kaksi mukavaa sivutaskua, nappikiinnitys edess\u00e4. Kangas on ainutlaatuinen, ja sen kuvio on suunniteltu erityisesti KittleMoodia varten. Mekko on saatavilla ennakkotilauksena, toimitusaika 2-5 viikkoa. Materiaali: 100 % puuvillaa. V\u00e4ri: valkoinen-sininen-vihre\u00e4. Jos haluat t\u00e4m\u00e4n mekon eri kankaalla tai erikoiskoolla, l\u00e4het\u00e4 meille pyynt\u00f6si osoitteeseen &#107;&#x69;t&#116;&#x6c;e&#102;&#x61;s&#x68;&#x69;&#111;&#x6e;e&#101;&#x73;t&#105;&#x40;g&#x6d;&#x61;&#105;&#x6c;&#x2e;&#99;&#x6f;m. Pese mekko nurinp\u00e4in [&hellip;]","og_url":"https:\/\/www.kittlemood.ee\/fi\/toode\/porroinen-hame-midi-pitka-mekko-valkoinen-suuri-sininen-musta-sinivihrea-kuvio\/","og_site_name":"Kittle Mood","article_publisher":"https:\/\/www.facebook.com\/KittleMood-100617121748728\/","article_modified_time":"2024-05-22T14:06:47+00:00","og_image":[{"width":1000,"height":1333,"url":"https:\/\/www.kittlemood.ee\/wp-content\/uploads\/2024\/05\/IMG_5503-1000x1333.jpg","type":"image\/jpeg"}],"twitter_card":"summary_large_image","twitter_misc":{"Arvioitu lukuaika":"1 minuutti"},"schema":{"@context":"https:\/\/schema.org","@graph":[{"@type":"WebPage","@id":"https:\/\/www.kittlemood.ee\/fi\/toode\/porroinen-hame-midi-pitka-mekko-valkoinen-suuri-sininen-musta-sinivihrea-kuvio\/","url":"https:\/\/www.kittlemood.ee\/fi\/toode\/porroinen-hame-midi-pitka-mekko-valkoinen-suuri-sininen-musta-sinivihrea-kuvio\/","name":"Midi-pituinen mekko \"Kai\", jossa on valkoisen sinivihre\u00e4n kuvioitu hame ja suuret puffihihat. | Kittle Mood","isPartOf":{"@id":"https:\/\/www.kittlemood.ee\/#website"},"primaryImageOfPage":{"@id":"https:\/\/www.kittlemood.ee\/fi\/toode\/porroinen-hame-midi-pitka-mekko-valkoinen-suuri-sininen-musta-sinivihrea-kuvio\/#primaryimage"},"image":{"@id":"https:\/\/www.kittlemood.ee\/fi\/toode\/porroinen-hame-midi-pitka-mekko-valkoinen-suuri-sininen-musta-sinivihrea-kuvio\/#primaryimage"},"thumbnailUrl":"https:\/\/www.kittlemood.ee\/wp-content\/uploads\/2024\/05\/IMG_5503.jpg","datePublished":"2024-05-20T19:16:33+00:00","dateModified":"2024-05-22T14:06:47+00:00","breadcrumb":{"@id":"https:\/\/www.kittlemood.ee\/fi\/toode\/porroinen-hame-midi-pitka-mekko-valkoinen-suuri-sininen-musta-sinivihrea-kuvio\/#breadcrumb"},"inLanguage":"fi","potentialAction":[{"@type":"ReadAction","target":["https:\/\/www.kittlemood.ee\/fi\/toode\/porroinen-hame-midi-pitka-mekko-valkoinen-suuri-sininen-musta-sinivihrea-kuvio\/"]}]},{"@type":"ImageObject","inLanguage":"fi","@id":"https:\/\/www.kittlemood.ee\/fi\/toode\/porroinen-hame-midi-pitka-mekko-valkoinen-suuri-sininen-musta-sinivihrea-kuvio\/#primaryimage","url":"https:\/\/www.kittlemood.ee\/wp-content\/uploads\/2024\/05\/IMG_5503.jpg","contentUrl":"https:\/\/www.kittlemood.ee\/wp-content\/uploads\/2024\/05\/IMG_5503.jpg","width":3024,"height":4032},{"@type":"BreadcrumbList","@id":"https:\/\/www.kittlemood.ee\/fi\/toode\/porroinen-hame-midi-pitka-mekko-valkoinen-suuri-sininen-musta-sinivihrea-kuvio\/#breadcrumb","itemListElement":[{"@type":"ListItem","position":1,"name":"Home","item":"https:\/\/www.kittlemood.ee\/avaleht-2\/"},{"@type":"ListItem","position":2,"name":"Verkkokauppa","item":"https:\/\/www.kittlemood.ee\/fi\/osta-osoittessa\/"},{"@type":"ListItem","position":3,"name":"Midi-pituinen mekko &#8220;Kai&#8221;, jossa on valkoisen sinivihre\u00e4n kuvioitu hame ja suuret puffihihat."}]},{"@type":"WebSite","@id":"https:\/\/www.kittlemood.ee\/#website","url":"https:\/\/www.kittlemood.ee\/","name":"Kittle Mood","description":"Ajatud ja stiilsed kleidid","publisher":{"@id":"https:\/\/www.kittlemood.ee\/#organization"},"potentialAction":[{"@type":"SearchAction","target":{"@type":"EntryPoint","urlTemplate":"https:\/\/www.kittlemood.ee\/?s={search_term_string}"},"query-input":{"@type":"PropertyValueSpecification","valueRequired":true,"valueName":"search_term_string"}}],"inLanguage":"fi"},{"@type":"Organization","@id":"https:\/\/www.kittlemood.ee\/#organization","name":"Kittle Mood O\u00dc","url":"https:\/\/www.kittlemood.ee\/","logo":{"@type":"ImageObject","inLanguage":"fi","@id":"https:\/\/www.kittlemood.ee\/#\/schema\/logo\/image\/","url":"https:\/\/www.kittlemood.ee\/wp-content\/uploads\/2021\/03\/logo3.png","contentUrl":"https:\/\/www.kittlemood.ee\/wp-content\/uploads\/2021\/03\/logo3.png","width":644,"height":352,"caption":"Kittle Mood O\u00dc"},"image":{"@id":"https:\/\/www.kittlemood.ee\/#\/schema\/logo\/image\/"},"sameAs":["https:\/\/www.facebook.com\/KittleMood-100617121748728\/","https:\/\/www.instagram.com\/kittlemood\/"]}]}},"_links":{"self":[{"href":"https:\/\/www.kittlemood.ee\/fi\/wp-json\/wp\/v2\/product\/15047","targetHints":{"allow":["GET"]}}],"collection":[{"href":"https:\/\/www.kittlemood.ee\/fi\/wp-json\/wp\/v2\/product"}],"about":[{"href":"https:\/\/www.kittlemood.ee\/fi\/wp-json\/wp\/v2\/types\/product"}],"replies":[{"embeddable":true,"href":"https:\/\/www.kittlemood.ee\/fi\/wp-json\/wp\/v2\/comments?post=15047"}],"wp:featuredmedia":[{"embeddable":true,"href":"https:\/\/www.kittlemood.ee\/fi\/wp-json\/wp\/v2\/media\/15017"}],"wp:attachment":[{"href":"https:\/\/www.kittlemood.ee\/fi\/wp-json\/wp\/v2\/media?parent=15047"}],"wp:term":[{"taxonomy":"product_brand","embeddable":true,"href":"https:\/\/www.kittlemood.ee\/fi\/wp-json\/wp\/v2\/product_brand?post=15047"},{"taxonomy":"product_cat","embeddable":true,"href":"https:\/\/www.kittlemood.ee\/fi\/wp-json\/wp\/v2\/product_cat?post=15047"},{"taxonomy":"product_tag","embeddable":true,"href":"https:\/\/www.kittlemood.ee\/fi\/wp-json\/wp\/v2\/product_tag?post=15047"}],"curies":[{"name":"wp","href":"https:\/\/api.w.org\/{rel}","templated":true}]}}