{"id":14126,"date":"2024-03-28T06:44:35","date_gmt":"2024-03-28T04:44:35","guid":{"rendered":"https:\/\/www.kittlemood.ee\/toode\/keskipituinen-liivi-kai-lyhyet-hihat-ruudullinen-beige\/"},"modified":"2024-04-15T12:25:38","modified_gmt":"2024-04-15T09:25:38","slug":"puolipitka-hihaton-mekko-hame-hihansuojattu-hihansuojattu-hihansuojattu-pekka","status":"publish","type":"product","link":"https:\/\/www.kittlemood.ee\/fi\/toode\/puolipitka-hihaton-mekko-hame-hihansuojattu-hihansuojattu-hihansuojattu-pekka\/","title":{"rendered":"Midimittainen kietaisumekko &#8221;Kai&#8221;, lyhyet suorat hihat, ruudullinen, beige"},"content":{"rendered":"<p>Midimittainen kietaisumekko bambukankaasta. Vy\u00f6, ilman nappeja. Mekossa on kaksi mukavaa sivutaskua.<\/p>\n<p>Kangas: 93% viskoosia, 7% polyesteri\u00e4.<\/p>\n<p>V\u00e4ri: beige-oranssi-musta.<\/p>\n<p>Jos haluat t\u00e4m\u00e4n mekon eri kankaalla tai erikoiskoolla, l\u00e4het\u00e4 meille pyynt\u00f6si osoitteeseen k&#105;&#x74;&#x74;&#x6c;e&#102;&#x61;&#x73;&#x68;i&#111;&#x6e;&#x65;&#x65;s&#116;&#x69;&#x40;&#x67;m&#97;&#x69;&#x6c;&#x2e;c&#111;&#x6d;.<\/p>\n<p>Pese mekko nurinp\u00e4in 30\u00b0C vedess\u00e4, silitys on sallittu.<\/p>\n","protected":false},"excerpt":{"rendered":"<p>Midimittainen kietaisumekko bambukankaasta. Vy\u00f6, ilman nappeja. Mekossa on kaksi mukavaa sivutaskua. Kangas: 93% viskoosia, 7% polyesteri\u00e4. V\u00e4ri: beige-oranssi-musta. Jos haluat t\u00e4m\u00e4n mekon eri kankaalla tai erikoiskoolla, l\u00e4het\u00e4 meille pyynt\u00f6si osoitteeseen &#x6b;&#105;t&#x74;&#x6c;&#101;f&#x61;&#115;h&#x69;&#x6f;&#110;e&#x65;&#115;t&#x69;&#x40;&#103;m&#x61;&#x69;&#108;&#x2e;&#x63;&#111;m. Pese mekko nurinp\u00e4in 30\u00b0C vedess\u00e4, silitys on sallittu.<\/p>\n","protected":false},"featured_media":14110,"comment_status":"closed","ping_status":"closed","template":"","meta":{"om_disable_all_campaigns":false},"product_brand":[],"product_cat":[177,180,148],"product_tag":[],"class_list":{"0":"post-14126","1":"product","2":"type-product","3":"status-publish","4":"has-post-thumbnail","6":"product_cat-mekot","7":"product_cat-kevat-ja-kesa-mekkot","8":"product_cat-alennus","9":"pa_kitli-pikkus-midi-fi","10":"pa_suurus-m-fi","11":"pa_suurus-s-fi","12":"pa_suurus-xs-fi","13":"pa_suurus-xl-fi","14":"pa_suurus-l-fi","16":"first","17":"instock","18":"sale","19":"taxable","20":"shipping-taxable","21":"purchasable","22":"product-type-variable"},"yoast_head":"<!-- This site is optimized with the Yoast SEO plugin v26.9 - https:\/\/yoast.com\/product\/yoast-seo-wordpress\/ -->\n<title>Midimittainen kietaisumekko &quot;Kai&quot;, lyhyet suorat hihat, ruudullinen, beige | Kittle Mood<\/title>\n<meta name=\"robots\" content=\"noindex, follow\" \/>\n<meta property=\"og:locale\" content=\"fi_FI\" \/>\n<meta property=\"og:type\" content=\"article\" \/>\n<meta property=\"og:title\" content=\"Midimittainen kietaisumekko &quot;Kai&quot;, lyhyet suorat hihat, ruudullinen, beige | Kittle Mood\" \/>\n<meta property=\"og:description\" content=\"Midimittainen kietaisumekko bambukankaasta. Vy\u00f6, ilman nappeja. Mekossa on kaksi mukavaa sivutaskua. Kangas: 93% viskoosia, 7% polyesteri\u00e4. V\u00e4ri: beige-oranssi-musta. Jos haluat t\u00e4m\u00e4n mekon eri kankaalla tai erikoiskoolla, l\u00e4het\u00e4 meille pyynt\u00f6si osoitteeseen &#107;&#x69;&#x74;&#116;&#x6c;&#x65;f&#x61;&#x73;h&#105;&#x6f;n&#101;&#x65;s&#116;&#x69;&#064;&#103;&#x6d;a&#105;&#x6c;&#x2e;&#099;&#x6f;&#x6d;. Pese mekko nurinp\u00e4in 30\u00b0C vedess\u00e4, silitys on sallittu.\" \/>\n<meta property=\"og:url\" content=\"https:\/\/www.kittlemood.ee\/fi\/toode\/puolipitka-hihaton-mekko-hame-hihansuojattu-hihansuojattu-hihansuojattu-pekka\/\" \/>\n<meta property=\"og:site_name\" content=\"Kittle Mood\" \/>\n<meta property=\"article:publisher\" content=\"https:\/\/www.facebook.com\/KittleMood-100617121748728\/\" \/>\n<meta property=\"article:modified_time\" content=\"2024-04-15T09:25:38+00:00\" \/>\n<meta property=\"og:image\" content=\"https:\/\/www.kittlemood.ee\/wp-content\/uploads\/2024\/03\/DSC07441-2.jpg\" \/>\n\t<meta property=\"og:image:width\" content=\"1000\" \/>\n\t<meta property=\"og:image:height\" content=\"1500\" \/>\n\t<meta property=\"og:image:type\" content=\"image\/jpeg\" \/>\n<meta name=\"twitter:card\" content=\"summary_large_image\" \/>\n<meta name=\"twitter:label1\" content=\"Arvioitu lukuaika\" \/>\n\t<meta name=\"twitter:data1\" content=\"1 minuutti\" \/>\n<script type=\"application\/ld+json\" class=\"yoast-schema-graph\">{\"@context\":\"https:\/\/schema.org\",\"@graph\":[{\"@type\":\"WebPage\",\"@id\":\"https:\/\/www.kittlemood.ee\/fi\/toode\/puolipitka-hihaton-mekko-hame-hihansuojattu-hihansuojattu-hihansuojattu-pekka\/\",\"url\":\"https:\/\/www.kittlemood.ee\/fi\/toode\/puolipitka-hihaton-mekko-hame-hihansuojattu-hihansuojattu-hihansuojattu-pekka\/\",\"name\":\"Midimittainen kietaisumekko \\\"Kai\\\", lyhyet suorat hihat, ruudullinen, beige | Kittle Mood\",\"isPartOf\":{\"@id\":\"https:\/\/www.kittlemood.ee\/#website\"},\"primaryImageOfPage\":{\"@id\":\"https:\/\/www.kittlemood.ee\/fi\/toode\/puolipitka-hihaton-mekko-hame-hihansuojattu-hihansuojattu-hihansuojattu-pekka\/#primaryimage\"},\"image\":{\"@id\":\"https:\/\/www.kittlemood.ee\/fi\/toode\/puolipitka-hihaton-mekko-hame-hihansuojattu-hihansuojattu-hihansuojattu-pekka\/#primaryimage\"},\"thumbnailUrl\":\"https:\/\/www.kittlemood.ee\/wp-content\/uploads\/2024\/03\/DSC07441-2.jpg\",\"datePublished\":\"2024-03-28T04:44:35+00:00\",\"dateModified\":\"2024-04-15T09:25:38+00:00\",\"breadcrumb\":{\"@id\":\"https:\/\/www.kittlemood.ee\/fi\/toode\/puolipitka-hihaton-mekko-hame-hihansuojattu-hihansuojattu-hihansuojattu-pekka\/#breadcrumb\"},\"inLanguage\":\"fi\",\"potentialAction\":[{\"@type\":\"ReadAction\",\"target\":[\"https:\/\/www.kittlemood.ee\/fi\/toode\/puolipitka-hihaton-mekko-hame-hihansuojattu-hihansuojattu-hihansuojattu-pekka\/\"]}]},{\"@type\":\"ImageObject\",\"inLanguage\":\"fi\",\"@id\":\"https:\/\/www.kittlemood.ee\/fi\/toode\/puolipitka-hihaton-mekko-hame-hihansuojattu-hihansuojattu-hihansuojattu-pekka\/#primaryimage\",\"url\":\"https:\/\/www.kittlemood.ee\/wp-content\/uploads\/2024\/03\/DSC07441-2.jpg\",\"contentUrl\":\"https:\/\/www.kittlemood.ee\/wp-content\/uploads\/2024\/03\/DSC07441-2.jpg\",\"width\":1000,\"height\":1500},{\"@type\":\"BreadcrumbList\",\"@id\":\"https:\/\/www.kittlemood.ee\/fi\/toode\/puolipitka-hihaton-mekko-hame-hihansuojattu-hihansuojattu-hihansuojattu-pekka\/#breadcrumb\",\"itemListElement\":[{\"@type\":\"ListItem\",\"position\":1,\"name\":\"Home\",\"item\":\"https:\/\/www.kittlemood.ee\/avaleht-2\/\"},{\"@type\":\"ListItem\",\"position\":2,\"name\":\"Verkkokauppa\",\"item\":\"https:\/\/www.kittlemood.ee\/fi\/osta-osoittessa\/\"},{\"@type\":\"ListItem\",\"position\":3,\"name\":\"Midimittainen kietaisumekko &#8220;Kai&#8221;, lyhyet suorat hihat, ruudullinen, beige\"}]},{\"@type\":\"WebSite\",\"@id\":\"https:\/\/www.kittlemood.ee\/#website\",\"url\":\"https:\/\/www.kittlemood.ee\/\",\"name\":\"Kittle Mood\",\"description\":\"Ajatud ja stiilsed kleidid\",\"publisher\":{\"@id\":\"https:\/\/www.kittlemood.ee\/#organization\"},\"potentialAction\":[{\"@type\":\"SearchAction\",\"target\":{\"@type\":\"EntryPoint\",\"urlTemplate\":\"https:\/\/www.kittlemood.ee\/?s={search_term_string}\"},\"query-input\":{\"@type\":\"PropertyValueSpecification\",\"valueRequired\":true,\"valueName\":\"search_term_string\"}}],\"inLanguage\":\"fi\"},{\"@type\":\"Organization\",\"@id\":\"https:\/\/www.kittlemood.ee\/#organization\",\"name\":\"Kittle Mood O\u00dc\",\"url\":\"https:\/\/www.kittlemood.ee\/\",\"logo\":{\"@type\":\"ImageObject\",\"inLanguage\":\"fi\",\"@id\":\"https:\/\/www.kittlemood.ee\/#\/schema\/logo\/image\/\",\"url\":\"https:\/\/www.kittlemood.ee\/wp-content\/uploads\/2021\/03\/logo3.png\",\"contentUrl\":\"https:\/\/www.kittlemood.ee\/wp-content\/uploads\/2021\/03\/logo3.png\",\"width\":644,\"height\":352,\"caption\":\"Kittle Mood O\u00dc\"},\"image\":{\"@id\":\"https:\/\/www.kittlemood.ee\/#\/schema\/logo\/image\/\"},\"sameAs\":[\"https:\/\/www.facebook.com\/KittleMood-100617121748728\/\",\"https:\/\/www.instagram.com\/kittlemood\/\"]}]}<\/script>\n<!-- \/ Yoast SEO plugin. -->","yoast_head_json":{"title":"Midimittainen kietaisumekko \"Kai\", lyhyet suorat hihat, ruudullinen, beige | Kittle Mood","robots":{"index":"noindex","follow":"follow"},"og_locale":"fi_FI","og_type":"article","og_title":"Midimittainen kietaisumekko \"Kai\", lyhyet suorat hihat, ruudullinen, beige | Kittle Mood","og_description":"Midimittainen kietaisumekko bambukankaasta. Vy\u00f6, ilman nappeja. Mekossa on kaksi mukavaa sivutaskua. Kangas: 93% viskoosia, 7% polyesteri\u00e4. V\u00e4ri: beige-oranssi-musta. Jos haluat t\u00e4m\u00e4n mekon eri kankaalla tai erikoiskoolla, l\u00e4het\u00e4 meille pyynt\u00f6si osoitteeseen &#107;&#x69;&#x74;&#116;&#x6c;&#x65;f&#x61;&#x73;h&#105;&#x6f;n&#101;&#x65;s&#116;&#x69;&#64;&#103;&#x6d;a&#105;&#x6c;&#x2e;&#99;&#x6f;&#x6d;. Pese mekko nurinp\u00e4in 30\u00b0C vedess\u00e4, silitys on sallittu.","og_url":"https:\/\/www.kittlemood.ee\/fi\/toode\/puolipitka-hihaton-mekko-hame-hihansuojattu-hihansuojattu-hihansuojattu-pekka\/","og_site_name":"Kittle Mood","article_publisher":"https:\/\/www.facebook.com\/KittleMood-100617121748728\/","article_modified_time":"2024-04-15T09:25:38+00:00","og_image":[{"width":1000,"height":1500,"url":"https:\/\/www.kittlemood.ee\/wp-content\/uploads\/2024\/03\/DSC07441-2.jpg","type":"image\/jpeg"}],"twitter_card":"summary_large_image","twitter_misc":{"Arvioitu lukuaika":"1 minuutti"},"schema":{"@context":"https:\/\/schema.org","@graph":[{"@type":"WebPage","@id":"https:\/\/www.kittlemood.ee\/fi\/toode\/puolipitka-hihaton-mekko-hame-hihansuojattu-hihansuojattu-hihansuojattu-pekka\/","url":"https:\/\/www.kittlemood.ee\/fi\/toode\/puolipitka-hihaton-mekko-hame-hihansuojattu-hihansuojattu-hihansuojattu-pekka\/","name":"Midimittainen kietaisumekko \"Kai\", lyhyet suorat hihat, ruudullinen, beige | Kittle Mood","isPartOf":{"@id":"https:\/\/www.kittlemood.ee\/#website"},"primaryImageOfPage":{"@id":"https:\/\/www.kittlemood.ee\/fi\/toode\/puolipitka-hihaton-mekko-hame-hihansuojattu-hihansuojattu-hihansuojattu-pekka\/#primaryimage"},"image":{"@id":"https:\/\/www.kittlemood.ee\/fi\/toode\/puolipitka-hihaton-mekko-hame-hihansuojattu-hihansuojattu-hihansuojattu-pekka\/#primaryimage"},"thumbnailUrl":"https:\/\/www.kittlemood.ee\/wp-content\/uploads\/2024\/03\/DSC07441-2.jpg","datePublished":"2024-03-28T04:44:35+00:00","dateModified":"2024-04-15T09:25:38+00:00","breadcrumb":{"@id":"https:\/\/www.kittlemood.ee\/fi\/toode\/puolipitka-hihaton-mekko-hame-hihansuojattu-hihansuojattu-hihansuojattu-pekka\/#breadcrumb"},"inLanguage":"fi","potentialAction":[{"@type":"ReadAction","target":["https:\/\/www.kittlemood.ee\/fi\/toode\/puolipitka-hihaton-mekko-hame-hihansuojattu-hihansuojattu-hihansuojattu-pekka\/"]}]},{"@type":"ImageObject","inLanguage":"fi","@id":"https:\/\/www.kittlemood.ee\/fi\/toode\/puolipitka-hihaton-mekko-hame-hihansuojattu-hihansuojattu-hihansuojattu-pekka\/#primaryimage","url":"https:\/\/www.kittlemood.ee\/wp-content\/uploads\/2024\/03\/DSC07441-2.jpg","contentUrl":"https:\/\/www.kittlemood.ee\/wp-content\/uploads\/2024\/03\/DSC07441-2.jpg","width":1000,"height":1500},{"@type":"BreadcrumbList","@id":"https:\/\/www.kittlemood.ee\/fi\/toode\/puolipitka-hihaton-mekko-hame-hihansuojattu-hihansuojattu-hihansuojattu-pekka\/#breadcrumb","itemListElement":[{"@type":"ListItem","position":1,"name":"Home","item":"https:\/\/www.kittlemood.ee\/avaleht-2\/"},{"@type":"ListItem","position":2,"name":"Verkkokauppa","item":"https:\/\/www.kittlemood.ee\/fi\/osta-osoittessa\/"},{"@type":"ListItem","position":3,"name":"Midimittainen kietaisumekko &#8220;Kai&#8221;, lyhyet suorat hihat, ruudullinen, beige"}]},{"@type":"WebSite","@id":"https:\/\/www.kittlemood.ee\/#website","url":"https:\/\/www.kittlemood.ee\/","name":"Kittle Mood","description":"Ajatud ja stiilsed kleidid","publisher":{"@id":"https:\/\/www.kittlemood.ee\/#organization"},"potentialAction":[{"@type":"SearchAction","target":{"@type":"EntryPoint","urlTemplate":"https:\/\/www.kittlemood.ee\/?s={search_term_string}"},"query-input":{"@type":"PropertyValueSpecification","valueRequired":true,"valueName":"search_term_string"}}],"inLanguage":"fi"},{"@type":"Organization","@id":"https:\/\/www.kittlemood.ee\/#organization","name":"Kittle Mood O\u00dc","url":"https:\/\/www.kittlemood.ee\/","logo":{"@type":"ImageObject","inLanguage":"fi","@id":"https:\/\/www.kittlemood.ee\/#\/schema\/logo\/image\/","url":"https:\/\/www.kittlemood.ee\/wp-content\/uploads\/2021\/03\/logo3.png","contentUrl":"https:\/\/www.kittlemood.ee\/wp-content\/uploads\/2021\/03\/logo3.png","width":644,"height":352,"caption":"Kittle Mood O\u00dc"},"image":{"@id":"https:\/\/www.kittlemood.ee\/#\/schema\/logo\/image\/"},"sameAs":["https:\/\/www.facebook.com\/KittleMood-100617121748728\/","https:\/\/www.instagram.com\/kittlemood\/"]}]}},"_links":{"self":[{"href":"https:\/\/www.kittlemood.ee\/fi\/wp-json\/wp\/v2\/product\/14126","targetHints":{"allow":["GET"]}}],"collection":[{"href":"https:\/\/www.kittlemood.ee\/fi\/wp-json\/wp\/v2\/product"}],"about":[{"href":"https:\/\/www.kittlemood.ee\/fi\/wp-json\/wp\/v2\/types\/product"}],"replies":[{"embeddable":true,"href":"https:\/\/www.kittlemood.ee\/fi\/wp-json\/wp\/v2\/comments?post=14126"}],"wp:featuredmedia":[{"embeddable":true,"href":"https:\/\/www.kittlemood.ee\/fi\/wp-json\/wp\/v2\/media\/14110"}],"wp:attachment":[{"href":"https:\/\/www.kittlemood.ee\/fi\/wp-json\/wp\/v2\/media?parent=14126"}],"wp:term":[{"taxonomy":"product_brand","embeddable":true,"href":"https:\/\/www.kittlemood.ee\/fi\/wp-json\/wp\/v2\/product_brand?post=14126"},{"taxonomy":"product_cat","embeddable":true,"href":"https:\/\/www.kittlemood.ee\/fi\/wp-json\/wp\/v2\/product_cat?post=14126"},{"taxonomy":"product_tag","embeddable":true,"href":"https:\/\/www.kittlemood.ee\/fi\/wp-json\/wp\/v2\/product_tag?post=14126"}],"curies":[{"name":"wp","href":"https:\/\/api.w.org\/{rel}","templated":true}]}}