{"id":12681,"date":"2023-11-16T18:53:16","date_gmt":"2023-11-16T16:53:16","guid":{"rendered":"https:\/\/www.kittlemood.ee\/toode\/pehmea-mekko-jossa-on-hameen-kaulus-elisabeth-tummanharmaa-sitruunanvarinen\/"},"modified":"2024-03-26T20:02:05","modified_gmt":"2024-03-26T18:02:05","slug":"blouson-hame-hame-mekko-elizabeth-hame-pitsi-tummanharmaa","status":"publish","type":"product","link":"https:\/\/www.kittlemood.ee\/fi\/toode\/blouson-hame-hame-mekko-elizabeth-hame-pitsi-tummanharmaa\/","title":{"rendered":"Kauluksellinen mekko \u201dElisabeth\u201d puhvihameella, tummanharmaa ja sitruunoita"},"content":{"rendered":"<p>Puuvillakankaasta valmistettu naisellinen mekko kauluksella ja puhvihameella. Sitruunakuvioinen kangas on ainutlaatuinen, ja sen kuvio on suunniteltu erityisesti KittleMoodia varten. Mekon yl\u00e4osa on valmistettu pehme\u00e4st\u00e4 farkkukankaasta. Mekossa on kaksi mukavaa sivutaskua, nappikiinnitys edess\u00e4.<\/p>\n<p>Mekko on saatavilla ennakkotilauksena, toimitusaika 2-5 viikkoa.<\/p>\n<p>Materiaali: 100 % puuvillaa.<\/p>\n<p>V\u00e4ri: tummanharmaa, jossa on sitruunaa ja tummanharmaa, jossa on tealv\u00e4ri\u00e4.<\/p>\n<p>Jos haluat t\u00e4m\u00e4n mekon eri kankaalla tai erikoiskoolla, l\u00e4het\u00e4 meille pyynt\u00f6si osoitteeseen &#107;&#x69;&#116;&#x74;l&#x65;f&#97;&#x73;&#104;&#x69;&#111;&#x6e;e&#x65;s&#116;&#x69;&#64;&#x67;m&#x61;i&#x6c;&#x2e;&#99;&#x6f;&#109;.<\/p>\n<p>Pese mekko nurinp\u00e4in 30\u00b0C vedess\u00e4, silitys on sallittu.<\/p>\n","protected":false},"excerpt":{"rendered":"<p>Puuvillakankaasta valmistettu naisellinen mekko kauluksella ja puhvihameella. Sitruunakuvioinen kangas on ainutlaatuinen, ja sen kuvio on suunniteltu erityisesti KittleMoodia varten. Mekon yl\u00e4osa on valmistettu pehme\u00e4st\u00e4 farkkukankaasta. Mekossa on kaksi mukavaa sivutaskua, nappikiinnitys edess\u00e4. Mekko on saatavilla ennakkotilauksena, toimitusaika 2-5 viikkoa. Materiaali: 100 % puuvillaa. V\u00e4ri: tummanharmaa, jossa on sitruunaa ja tummanharmaa, jossa on tealv\u00e4ri\u00e4. Jos haluat [&hellip;]<\/p>\n","protected":false},"featured_media":12668,"comment_status":"closed","ping_status":"closed","template":"","meta":{"om_disable_all_campaigns":false},"product_brand":[],"product_cat":[177,162],"product_tag":[],"class_list":{"0":"post-12681","1":"product","2":"type-product","3":"status-publish","4":"has-post-thumbnail","6":"product_cat-mekot","7":"product_cat-kokteil-mallisto","8":"pa_kitli-pikkus-lyhyt","9":"pa_suurus-l-fi","10":"pa_suurus-m-fi","11":"pa_suurus-s-fi","12":"pa_suurus-xs-fi","13":"pa_suurus-xl-fi","15":"first","16":"instock","17":"taxable","18":"shipping-taxable","19":"purchasable","20":"product-type-variable"},"yoast_head":"<!-- This site is optimized with the Yoast SEO plugin v26.9 - https:\/\/yoast.com\/product\/yoast-seo-wordpress\/ -->\n<title>Kauluksellinen mekko \u201dElisabeth\u201d puhvihameella, tummanharmaa ja sitruunoita | Kittle Mood<\/title>\n<meta name=\"robots\" content=\"noindex, follow\" \/>\n<meta property=\"og:locale\" content=\"fi_FI\" \/>\n<meta property=\"og:type\" content=\"article\" \/>\n<meta property=\"og:title\" content=\"Kauluksellinen mekko \u201dElisabeth\u201d puhvihameella, tummanharmaa ja sitruunoita | Kittle Mood\" \/>\n<meta property=\"og:description\" content=\"Puuvillakankaasta valmistettu naisellinen mekko kauluksella ja puhvihameella. Sitruunakuvioinen kangas on ainutlaatuinen, ja sen kuvio on suunniteltu erityisesti KittleMoodia varten. Mekon yl\u00e4osa on valmistettu pehme\u00e4st\u00e4 farkkukankaasta. Mekossa on kaksi mukavaa sivutaskua, nappikiinnitys edess\u00e4. Mekko on saatavilla ennakkotilauksena, toimitusaika 2-5 viikkoa. Materiaali: 100 % puuvillaa. V\u00e4ri: tummanharmaa, jossa on sitruunaa ja tummanharmaa, jossa on tealv\u00e4ri\u00e4. Jos haluat [&hellip;]\" \/>\n<meta property=\"og:url\" content=\"https:\/\/www.kittlemood.ee\/fi\/toode\/blouson-hame-hame-mekko-elizabeth-hame-pitsi-tummanharmaa\/\" \/>\n<meta property=\"og:site_name\" content=\"Kittle Mood\" \/>\n<meta property=\"article:publisher\" content=\"https:\/\/www.facebook.com\/KittleMood-100617121748728\/\" \/>\n<meta property=\"article:modified_time\" content=\"2024-03-26T18:02:05+00:00\" \/>\n<meta property=\"og:image\" content=\"https:\/\/www.kittlemood.ee\/wp-content\/uploads\/2023\/11\/DSC00268-1.jpg\" \/>\n\t<meta property=\"og:image:width\" content=\"1000\" \/>\n\t<meta property=\"og:image:height\" content=\"1500\" \/>\n\t<meta property=\"og:image:type\" content=\"image\/jpeg\" \/>\n<meta name=\"twitter:card\" content=\"summary_large_image\" \/>\n<meta name=\"twitter:label1\" content=\"Arvioitu lukuaika\" \/>\n\t<meta name=\"twitter:data1\" content=\"1 minuutti\" \/>\n<script type=\"application\/ld+json\" class=\"yoast-schema-graph\">{\"@context\":\"https:\/\/schema.org\",\"@graph\":[{\"@type\":\"WebPage\",\"@id\":\"https:\/\/www.kittlemood.ee\/fi\/toode\/blouson-hame-hame-mekko-elizabeth-hame-pitsi-tummanharmaa\/\",\"url\":\"https:\/\/www.kittlemood.ee\/fi\/toode\/blouson-hame-hame-mekko-elizabeth-hame-pitsi-tummanharmaa\/\",\"name\":\"Kauluksellinen mekko \u201dElisabeth\u201d puhvihameella, tummanharmaa ja sitruunoita | Kittle Mood\",\"isPartOf\":{\"@id\":\"https:\/\/www.kittlemood.ee\/#website\"},\"primaryImageOfPage\":{\"@id\":\"https:\/\/www.kittlemood.ee\/fi\/toode\/blouson-hame-hame-mekko-elizabeth-hame-pitsi-tummanharmaa\/#primaryimage\"},\"image\":{\"@id\":\"https:\/\/www.kittlemood.ee\/fi\/toode\/blouson-hame-hame-mekko-elizabeth-hame-pitsi-tummanharmaa\/#primaryimage\"},\"thumbnailUrl\":\"https:\/\/www.kittlemood.ee\/wp-content\/uploads\/2023\/11\/DSC00268-1.jpg\",\"datePublished\":\"2023-11-16T16:53:16+00:00\",\"dateModified\":\"2024-03-26T18:02:05+00:00\",\"breadcrumb\":{\"@id\":\"https:\/\/www.kittlemood.ee\/fi\/toode\/blouson-hame-hame-mekko-elizabeth-hame-pitsi-tummanharmaa\/#breadcrumb\"},\"inLanguage\":\"fi\",\"potentialAction\":[{\"@type\":\"ReadAction\",\"target\":[\"https:\/\/www.kittlemood.ee\/fi\/toode\/blouson-hame-hame-mekko-elizabeth-hame-pitsi-tummanharmaa\/\"]}]},{\"@type\":\"ImageObject\",\"inLanguage\":\"fi\",\"@id\":\"https:\/\/www.kittlemood.ee\/fi\/toode\/blouson-hame-hame-mekko-elizabeth-hame-pitsi-tummanharmaa\/#primaryimage\",\"url\":\"https:\/\/www.kittlemood.ee\/wp-content\/uploads\/2023\/11\/DSC00268-1.jpg\",\"contentUrl\":\"https:\/\/www.kittlemood.ee\/wp-content\/uploads\/2023\/11\/DSC00268-1.jpg\",\"width\":1000,\"height\":1500},{\"@type\":\"BreadcrumbList\",\"@id\":\"https:\/\/www.kittlemood.ee\/fi\/toode\/blouson-hame-hame-mekko-elizabeth-hame-pitsi-tummanharmaa\/#breadcrumb\",\"itemListElement\":[{\"@type\":\"ListItem\",\"position\":1,\"name\":\"Home\",\"item\":\"https:\/\/www.kittlemood.ee\/avaleht-2\/\"},{\"@type\":\"ListItem\",\"position\":2,\"name\":\"Verkkokauppa\",\"item\":\"https:\/\/www.kittlemood.ee\/fi\/osta-osoittessa\/\"},{\"@type\":\"ListItem\",\"position\":3,\"name\":\"Kauluksellinen mekko \u201dElisabeth\u201d puhvihameella, tummanharmaa ja sitruunoita\"}]},{\"@type\":\"WebSite\",\"@id\":\"https:\/\/www.kittlemood.ee\/#website\",\"url\":\"https:\/\/www.kittlemood.ee\/\",\"name\":\"Kittle Mood\",\"description\":\"Ajatud ja stiilsed kleidid\",\"publisher\":{\"@id\":\"https:\/\/www.kittlemood.ee\/#organization\"},\"potentialAction\":[{\"@type\":\"SearchAction\",\"target\":{\"@type\":\"EntryPoint\",\"urlTemplate\":\"https:\/\/www.kittlemood.ee\/?s={search_term_string}\"},\"query-input\":{\"@type\":\"PropertyValueSpecification\",\"valueRequired\":true,\"valueName\":\"search_term_string\"}}],\"inLanguage\":\"fi\"},{\"@type\":\"Organization\",\"@id\":\"https:\/\/www.kittlemood.ee\/#organization\",\"name\":\"Kittle Mood O\u00dc\",\"url\":\"https:\/\/www.kittlemood.ee\/\",\"logo\":{\"@type\":\"ImageObject\",\"inLanguage\":\"fi\",\"@id\":\"https:\/\/www.kittlemood.ee\/#\/schema\/logo\/image\/\",\"url\":\"https:\/\/www.kittlemood.ee\/wp-content\/uploads\/2021\/03\/logo3.png\",\"contentUrl\":\"https:\/\/www.kittlemood.ee\/wp-content\/uploads\/2021\/03\/logo3.png\",\"width\":644,\"height\":352,\"caption\":\"Kittle Mood O\u00dc\"},\"image\":{\"@id\":\"https:\/\/www.kittlemood.ee\/#\/schema\/logo\/image\/\"},\"sameAs\":[\"https:\/\/www.facebook.com\/KittleMood-100617121748728\/\",\"https:\/\/www.instagram.com\/kittlemood\/\"]}]}<\/script>\n<!-- \/ Yoast SEO plugin. -->","yoast_head_json":{"title":"Kauluksellinen mekko \u201dElisabeth\u201d puhvihameella, tummanharmaa ja sitruunoita | Kittle Mood","robots":{"index":"noindex","follow":"follow"},"og_locale":"fi_FI","og_type":"article","og_title":"Kauluksellinen mekko \u201dElisabeth\u201d puhvihameella, tummanharmaa ja sitruunoita | Kittle Mood","og_description":"Puuvillakankaasta valmistettu naisellinen mekko kauluksella ja puhvihameella. Sitruunakuvioinen kangas on ainutlaatuinen, ja sen kuvio on suunniteltu erityisesti KittleMoodia varten. Mekon yl\u00e4osa on valmistettu pehme\u00e4st\u00e4 farkkukankaasta. Mekossa on kaksi mukavaa sivutaskua, nappikiinnitys edess\u00e4. Mekko on saatavilla ennakkotilauksena, toimitusaika 2-5 viikkoa. Materiaali: 100 % puuvillaa. V\u00e4ri: tummanharmaa, jossa on sitruunaa ja tummanharmaa, jossa on tealv\u00e4ri\u00e4. Jos haluat [&hellip;]","og_url":"https:\/\/www.kittlemood.ee\/fi\/toode\/blouson-hame-hame-mekko-elizabeth-hame-pitsi-tummanharmaa\/","og_site_name":"Kittle Mood","article_publisher":"https:\/\/www.facebook.com\/KittleMood-100617121748728\/","article_modified_time":"2024-03-26T18:02:05+00:00","og_image":[{"width":1000,"height":1500,"url":"https:\/\/www.kittlemood.ee\/wp-content\/uploads\/2023\/11\/DSC00268-1.jpg","type":"image\/jpeg"}],"twitter_card":"summary_large_image","twitter_misc":{"Arvioitu lukuaika":"1 minuutti"},"schema":{"@context":"https:\/\/schema.org","@graph":[{"@type":"WebPage","@id":"https:\/\/www.kittlemood.ee\/fi\/toode\/blouson-hame-hame-mekko-elizabeth-hame-pitsi-tummanharmaa\/","url":"https:\/\/www.kittlemood.ee\/fi\/toode\/blouson-hame-hame-mekko-elizabeth-hame-pitsi-tummanharmaa\/","name":"Kauluksellinen mekko \u201dElisabeth\u201d puhvihameella, tummanharmaa ja sitruunoita | Kittle Mood","isPartOf":{"@id":"https:\/\/www.kittlemood.ee\/#website"},"primaryImageOfPage":{"@id":"https:\/\/www.kittlemood.ee\/fi\/toode\/blouson-hame-hame-mekko-elizabeth-hame-pitsi-tummanharmaa\/#primaryimage"},"image":{"@id":"https:\/\/www.kittlemood.ee\/fi\/toode\/blouson-hame-hame-mekko-elizabeth-hame-pitsi-tummanharmaa\/#primaryimage"},"thumbnailUrl":"https:\/\/www.kittlemood.ee\/wp-content\/uploads\/2023\/11\/DSC00268-1.jpg","datePublished":"2023-11-16T16:53:16+00:00","dateModified":"2024-03-26T18:02:05+00:00","breadcrumb":{"@id":"https:\/\/www.kittlemood.ee\/fi\/toode\/blouson-hame-hame-mekko-elizabeth-hame-pitsi-tummanharmaa\/#breadcrumb"},"inLanguage":"fi","potentialAction":[{"@type":"ReadAction","target":["https:\/\/www.kittlemood.ee\/fi\/toode\/blouson-hame-hame-mekko-elizabeth-hame-pitsi-tummanharmaa\/"]}]},{"@type":"ImageObject","inLanguage":"fi","@id":"https:\/\/www.kittlemood.ee\/fi\/toode\/blouson-hame-hame-mekko-elizabeth-hame-pitsi-tummanharmaa\/#primaryimage","url":"https:\/\/www.kittlemood.ee\/wp-content\/uploads\/2023\/11\/DSC00268-1.jpg","contentUrl":"https:\/\/www.kittlemood.ee\/wp-content\/uploads\/2023\/11\/DSC00268-1.jpg","width":1000,"height":1500},{"@type":"BreadcrumbList","@id":"https:\/\/www.kittlemood.ee\/fi\/toode\/blouson-hame-hame-mekko-elizabeth-hame-pitsi-tummanharmaa\/#breadcrumb","itemListElement":[{"@type":"ListItem","position":1,"name":"Home","item":"https:\/\/www.kittlemood.ee\/avaleht-2\/"},{"@type":"ListItem","position":2,"name":"Verkkokauppa","item":"https:\/\/www.kittlemood.ee\/fi\/osta-osoittessa\/"},{"@type":"ListItem","position":3,"name":"Kauluksellinen mekko \u201dElisabeth\u201d puhvihameella, tummanharmaa ja sitruunoita"}]},{"@type":"WebSite","@id":"https:\/\/www.kittlemood.ee\/#website","url":"https:\/\/www.kittlemood.ee\/","name":"Kittle Mood","description":"Ajatud ja stiilsed kleidid","publisher":{"@id":"https:\/\/www.kittlemood.ee\/#organization"},"potentialAction":[{"@type":"SearchAction","target":{"@type":"EntryPoint","urlTemplate":"https:\/\/www.kittlemood.ee\/?s={search_term_string}"},"query-input":{"@type":"PropertyValueSpecification","valueRequired":true,"valueName":"search_term_string"}}],"inLanguage":"fi"},{"@type":"Organization","@id":"https:\/\/www.kittlemood.ee\/#organization","name":"Kittle Mood O\u00dc","url":"https:\/\/www.kittlemood.ee\/","logo":{"@type":"ImageObject","inLanguage":"fi","@id":"https:\/\/www.kittlemood.ee\/#\/schema\/logo\/image\/","url":"https:\/\/www.kittlemood.ee\/wp-content\/uploads\/2021\/03\/logo3.png","contentUrl":"https:\/\/www.kittlemood.ee\/wp-content\/uploads\/2021\/03\/logo3.png","width":644,"height":352,"caption":"Kittle Mood O\u00dc"},"image":{"@id":"https:\/\/www.kittlemood.ee\/#\/schema\/logo\/image\/"},"sameAs":["https:\/\/www.facebook.com\/KittleMood-100617121748728\/","https:\/\/www.instagram.com\/kittlemood\/"]}]}},"_links":{"self":[{"href":"https:\/\/www.kittlemood.ee\/fi\/wp-json\/wp\/v2\/product\/12681","targetHints":{"allow":["GET"]}}],"collection":[{"href":"https:\/\/www.kittlemood.ee\/fi\/wp-json\/wp\/v2\/product"}],"about":[{"href":"https:\/\/www.kittlemood.ee\/fi\/wp-json\/wp\/v2\/types\/product"}],"replies":[{"embeddable":true,"href":"https:\/\/www.kittlemood.ee\/fi\/wp-json\/wp\/v2\/comments?post=12681"}],"wp:featuredmedia":[{"embeddable":true,"href":"https:\/\/www.kittlemood.ee\/fi\/wp-json\/wp\/v2\/media\/12668"}],"wp:attachment":[{"href":"https:\/\/www.kittlemood.ee\/fi\/wp-json\/wp\/v2\/media?parent=12681"}],"wp:term":[{"taxonomy":"product_brand","embeddable":true,"href":"https:\/\/www.kittlemood.ee\/fi\/wp-json\/wp\/v2\/product_brand?post=12681"},{"taxonomy":"product_cat","embeddable":true,"href":"https:\/\/www.kittlemood.ee\/fi\/wp-json\/wp\/v2\/product_cat?post=12681"},{"taxonomy":"product_tag","embeddable":true,"href":"https:\/\/www.kittlemood.ee\/fi\/wp-json\/wp\/v2\/product_tag?post=12681"}],"curies":[{"name":"wp","href":"https:\/\/api.w.org\/{rel}","templated":true}]}}