{"id":10609,"date":"2023-04-02T13:46:32","date_gmt":"2023-04-02T10:46:40","guid":{"rendered":"https:\/\/www.kittlemood.ee\/toode\/pehmea-3-4-pituinen-g-string-mekko-iris-pilkulliset-keltaiset-hihat\/"},"modified":"2024-08-28T14:17:27","modified_gmt":"2024-08-28T11:17:27","slug":"puffy-3-4-pitkahihainen-hihaton-mekko-iris-tapeerattu-keltainen","status":"publish","type":"product","link":"https:\/\/www.kittlemood.ee\/fi\/toode\/puffy-3-4-pitkahihainen-hihaton-mekko-iris-tapeerattu-keltainen\/","title":{"rendered":"Kietaisumekko &#8221;Iris&#8221;, puhvihihoilla, t\u00e4plik\u00e4s keltainen"},"content":{"rendered":"<p>Puuvillakankaasta valmistettu midimittainen kietaisumekko, jossa puhvihihat. Kangas on ainutlaatuinen, ja sen kuvio on suunniteltu erityisesti KittleMood\u00b4ia varten. Vy\u00f6t\u00e4r\u00f6ll\u00e4 solmittava vy\u00f6, ei nappeja. Mekossa on kaksi mukavaa sivutaskua.<\/p>\n<p>Mekko on saatavilla ennakkotilauksena, toimitusaika 2-5 viikkoa.<\/p>\n<p>Materiaali: 100 % puuvillaa.<\/p>\n<p>V\u00e4ri: t\u00e4plik\u00e4s keltainen<\/p>\n<p>Jos haluat t\u00e4m\u00e4n mekon eri kankaalla tai erikoiskoolla, l\u00e4het\u00e4 meille pyynt\u00f6si osoitteeseen &#107;&#x69;&#x74;t&#108;&#x65;f&#97;&#x73;&#x68;&#105;&#x6f;&#x6e;e&#101;&#x73;t&#105;&#x40;&#x67;&#109;&#x61;&#x69;l&#46;&#x63;o&#109;.<\/p>\n<p>Pese mekko nurinp\u00e4in 30\u00b0C vedess\u00e4, silitys on sallittu.<\/p>\n","protected":false},"excerpt":{"rendered":"<p>Puuvillakankaasta valmistettu midimittainen kietaisumekko, jossa puhvihihat. Kangas on ainutlaatuinen, ja sen kuvio on suunniteltu erityisesti KittleMood\u00b4ia varten. Vy\u00f6t\u00e4r\u00f6ll\u00e4 solmittava vy\u00f6, ei nappeja. Mekossa on kaksi mukavaa sivutaskua. Mekko on saatavilla ennakkotilauksena, toimitusaika 2-5 viikkoa. Materiaali: 100 % puuvillaa. V\u00e4ri: t\u00e4plik\u00e4s keltainen Jos haluat t\u00e4m\u00e4n mekon eri kankaalla tai erikoiskoolla, l\u00e4het\u00e4 meille pyynt\u00f6si osoitteeseen &#x6b;&#x69;&#x74;&#x74;&#x6c;&#x65;&#x66;&#97;&#115;&#104;&#105;&#111;nees&#x74;&#x69;&#x40;&#x67;&#x6d;&#x61;&#x69;&#x6c;&#46;&#99;&#111;&#109;. Pese [&hellip;]<\/p>\n","protected":false},"featured_media":12499,"comment_status":"closed","ping_status":"closed","template":"","meta":{"om_disable_all_campaigns":false},"product_brand":[],"product_cat":[177,162],"product_tag":[],"class_list":{"0":"post-10609","1":"product","2":"type-product","3":"status-publish","4":"has-post-thumbnail","6":"product_cat-mekot","7":"product_cat-kokteil-mallisto","8":"pa_kitli-pikkus-lyhyt","9":"pa_suurus-xl-fi","10":"pa_suurus-l-fi","11":"pa_suurus-m-fi","12":"pa_suurus-s-fi","13":"pa_suurus-xs-fi","15":"first","16":"onbackorder","17":"taxable","18":"shipping-taxable","19":"purchasable","20":"product-type-variable"},"yoast_head":"<!-- This site is optimized with the Yoast SEO plugin v26.9 - https:\/\/yoast.com\/product\/yoast-seo-wordpress\/ -->\n<title>Kietaisumekko &quot;Iris&quot;, puhvihihoilla, t\u00e4plik\u00e4s keltainen | Kittle Mood<\/title>\n<meta name=\"robots\" content=\"noindex, follow\" \/>\n<meta property=\"og:locale\" content=\"fi_FI\" \/>\n<meta property=\"og:type\" content=\"article\" \/>\n<meta property=\"og:title\" content=\"Kietaisumekko &quot;Iris&quot;, puhvihihoilla, t\u00e4plik\u00e4s keltainen | Kittle Mood\" \/>\n<meta property=\"og:description\" content=\"Puuvillakankaasta valmistettu midimittainen kietaisumekko, jossa puhvihihat. Kangas on ainutlaatuinen, ja sen kuvio on suunniteltu erityisesti KittleMood\u00b4ia varten. Vy\u00f6t\u00e4r\u00f6ll\u00e4 solmittava vy\u00f6, ei nappeja. Mekossa on kaksi mukavaa sivutaskua. Mekko on saatavilla ennakkotilauksena, toimitusaika 2-5 viikkoa. Materiaali: 100 % puuvillaa. V\u00e4ri: t\u00e4plik\u00e4s keltainen Jos haluat t\u00e4m\u00e4n mekon eri kankaalla tai erikoiskoolla, l\u00e4het\u00e4 meille pyynt\u00f6si osoitteeseen &#x6b;&#x69;&#x74;&#x74;&#108;&#101;&#102;&#097;shi&#x6f;&#x6e;&#x65;&#x65;&#x73;&#116;&#105;&#064;gma&#x69;&#x6c;&#x2e;&#x63;&#x6f;&#109;. Pese [&hellip;]\" \/>\n<meta property=\"og:url\" content=\"https:\/\/www.kittlemood.ee\/fi\/toode\/puffy-3-4-pitkahihainen-hihaton-mekko-iris-tapeerattu-keltainen\/\" \/>\n<meta property=\"og:site_name\" content=\"Kittle Mood\" \/>\n<meta property=\"article:publisher\" content=\"https:\/\/www.facebook.com\/KittleMood-100617121748728\/\" \/>\n<meta property=\"article:modified_time\" content=\"2024-08-28T11:17:27+00:00\" \/>\n<meta property=\"og:image\" content=\"https:\/\/www.kittlemood.ee\/wp-content\/uploads\/2023\/04\/DSC00999-1.jpg\" \/>\n\t<meta property=\"og:image:width\" content=\"1000\" \/>\n\t<meta property=\"og:image:height\" content=\"1500\" \/>\n\t<meta property=\"og:image:type\" content=\"image\/jpeg\" \/>\n<meta name=\"twitter:card\" content=\"summary_large_image\" \/>\n<script type=\"application\/ld+json\" class=\"yoast-schema-graph\">{\"@context\":\"https:\/\/schema.org\",\"@graph\":[{\"@type\":\"WebPage\",\"@id\":\"https:\/\/www.kittlemood.ee\/fi\/toode\/puffy-3-4-pitkahihainen-hihaton-mekko-iris-tapeerattu-keltainen\/\",\"url\":\"https:\/\/www.kittlemood.ee\/fi\/toode\/puffy-3-4-pitkahihainen-hihaton-mekko-iris-tapeerattu-keltainen\/\",\"name\":\"Kietaisumekko \\\"Iris\\\", puhvihihoilla, t\u00e4plik\u00e4s keltainen | Kittle Mood\",\"isPartOf\":{\"@id\":\"https:\/\/www.kittlemood.ee\/#website\"},\"primaryImageOfPage\":{\"@id\":\"https:\/\/www.kittlemood.ee\/fi\/toode\/puffy-3-4-pitkahihainen-hihaton-mekko-iris-tapeerattu-keltainen\/#primaryimage\"},\"image\":{\"@id\":\"https:\/\/www.kittlemood.ee\/fi\/toode\/puffy-3-4-pitkahihainen-hihaton-mekko-iris-tapeerattu-keltainen\/#primaryimage\"},\"thumbnailUrl\":\"https:\/\/www.kittlemood.ee\/wp-content\/uploads\/2023\/04\/DSC00999-1.jpg\",\"datePublished\":\"2023-04-02T10:46:40+00:00\",\"dateModified\":\"2024-08-28T11:17:27+00:00\",\"breadcrumb\":{\"@id\":\"https:\/\/www.kittlemood.ee\/fi\/toode\/puffy-3-4-pitkahihainen-hihaton-mekko-iris-tapeerattu-keltainen\/#breadcrumb\"},\"inLanguage\":\"fi\",\"potentialAction\":[{\"@type\":\"ReadAction\",\"target\":[\"https:\/\/www.kittlemood.ee\/fi\/toode\/puffy-3-4-pitkahihainen-hihaton-mekko-iris-tapeerattu-keltainen\/\"]}]},{\"@type\":\"ImageObject\",\"inLanguage\":\"fi\",\"@id\":\"https:\/\/www.kittlemood.ee\/fi\/toode\/puffy-3-4-pitkahihainen-hihaton-mekko-iris-tapeerattu-keltainen\/#primaryimage\",\"url\":\"https:\/\/www.kittlemood.ee\/wp-content\/uploads\/2023\/04\/DSC00999-1.jpg\",\"contentUrl\":\"https:\/\/www.kittlemood.ee\/wp-content\/uploads\/2023\/04\/DSC00999-1.jpg\",\"width\":1000,\"height\":1500},{\"@type\":\"BreadcrumbList\",\"@id\":\"https:\/\/www.kittlemood.ee\/fi\/toode\/puffy-3-4-pitkahihainen-hihaton-mekko-iris-tapeerattu-keltainen\/#breadcrumb\",\"itemListElement\":[{\"@type\":\"ListItem\",\"position\":1,\"name\":\"Home\",\"item\":\"https:\/\/www.kittlemood.ee\/avaleht-2\/\"},{\"@type\":\"ListItem\",\"position\":2,\"name\":\"Verkkokauppa\",\"item\":\"https:\/\/www.kittlemood.ee\/fi\/osta-osoittessa\/\"},{\"@type\":\"ListItem\",\"position\":3,\"name\":\"Kietaisumekko &#8220;Iris&#8221;, puhvihihoilla, t\u00e4plik\u00e4s keltainen\"}]},{\"@type\":\"WebSite\",\"@id\":\"https:\/\/www.kittlemood.ee\/#website\",\"url\":\"https:\/\/www.kittlemood.ee\/\",\"name\":\"Kittle Mood\",\"description\":\"Ajatud ja stiilsed kleidid\",\"publisher\":{\"@id\":\"https:\/\/www.kittlemood.ee\/#organization\"},\"potentialAction\":[{\"@type\":\"SearchAction\",\"target\":{\"@type\":\"EntryPoint\",\"urlTemplate\":\"https:\/\/www.kittlemood.ee\/?s={search_term_string}\"},\"query-input\":{\"@type\":\"PropertyValueSpecification\",\"valueRequired\":true,\"valueName\":\"search_term_string\"}}],\"inLanguage\":\"fi\"},{\"@type\":\"Organization\",\"@id\":\"https:\/\/www.kittlemood.ee\/#organization\",\"name\":\"Kittle Mood O\u00dc\",\"url\":\"https:\/\/www.kittlemood.ee\/\",\"logo\":{\"@type\":\"ImageObject\",\"inLanguage\":\"fi\",\"@id\":\"https:\/\/www.kittlemood.ee\/#\/schema\/logo\/image\/\",\"url\":\"https:\/\/www.kittlemood.ee\/wp-content\/uploads\/2021\/03\/logo3.png\",\"contentUrl\":\"https:\/\/www.kittlemood.ee\/wp-content\/uploads\/2021\/03\/logo3.png\",\"width\":644,\"height\":352,\"caption\":\"Kittle Mood O\u00dc\"},\"image\":{\"@id\":\"https:\/\/www.kittlemood.ee\/#\/schema\/logo\/image\/\"},\"sameAs\":[\"https:\/\/www.facebook.com\/KittleMood-100617121748728\/\",\"https:\/\/www.instagram.com\/kittlemood\/\"]}]}<\/script>\n<!-- \/ Yoast SEO plugin. -->","yoast_head_json":{"title":"Kietaisumekko \"Iris\", puhvihihoilla, t\u00e4plik\u00e4s keltainen | Kittle Mood","robots":{"index":"noindex","follow":"follow"},"og_locale":"fi_FI","og_type":"article","og_title":"Kietaisumekko \"Iris\", puhvihihoilla, t\u00e4plik\u00e4s keltainen | Kittle Mood","og_description":"Puuvillakankaasta valmistettu midimittainen kietaisumekko, jossa puhvihihat. Kangas on ainutlaatuinen, ja sen kuvio on suunniteltu erityisesti KittleMood\u00b4ia varten. Vy\u00f6t\u00e4r\u00f6ll\u00e4 solmittava vy\u00f6, ei nappeja. Mekossa on kaksi mukavaa sivutaskua. Mekko on saatavilla ennakkotilauksena, toimitusaika 2-5 viikkoa. Materiaali: 100 % puuvillaa. V\u00e4ri: t\u00e4plik\u00e4s keltainen Jos haluat t\u00e4m\u00e4n mekon eri kankaalla tai erikoiskoolla, l\u00e4het\u00e4 meille pyynt\u00f6si osoitteeseen &#x6b;&#x69;&#x74;&#x74;&#108;&#101;&#102;&#97;shi&#x6f;&#x6e;&#x65;&#x65;&#x73;&#116;&#105;&#64;gma&#x69;&#x6c;&#x2e;&#x63;&#x6f;&#109;. Pese [&hellip;]","og_url":"https:\/\/www.kittlemood.ee\/fi\/toode\/puffy-3-4-pitkahihainen-hihaton-mekko-iris-tapeerattu-keltainen\/","og_site_name":"Kittle Mood","article_publisher":"https:\/\/www.facebook.com\/KittleMood-100617121748728\/","article_modified_time":"2024-08-28T11:17:27+00:00","og_image":[{"width":1000,"height":1500,"url":"https:\/\/www.kittlemood.ee\/wp-content\/uploads\/2023\/04\/DSC00999-1.jpg","type":"image\/jpeg"}],"twitter_card":"summary_large_image","schema":{"@context":"https:\/\/schema.org","@graph":[{"@type":"WebPage","@id":"https:\/\/www.kittlemood.ee\/fi\/toode\/puffy-3-4-pitkahihainen-hihaton-mekko-iris-tapeerattu-keltainen\/","url":"https:\/\/www.kittlemood.ee\/fi\/toode\/puffy-3-4-pitkahihainen-hihaton-mekko-iris-tapeerattu-keltainen\/","name":"Kietaisumekko \"Iris\", puhvihihoilla, t\u00e4plik\u00e4s keltainen | Kittle Mood","isPartOf":{"@id":"https:\/\/www.kittlemood.ee\/#website"},"primaryImageOfPage":{"@id":"https:\/\/www.kittlemood.ee\/fi\/toode\/puffy-3-4-pitkahihainen-hihaton-mekko-iris-tapeerattu-keltainen\/#primaryimage"},"image":{"@id":"https:\/\/www.kittlemood.ee\/fi\/toode\/puffy-3-4-pitkahihainen-hihaton-mekko-iris-tapeerattu-keltainen\/#primaryimage"},"thumbnailUrl":"https:\/\/www.kittlemood.ee\/wp-content\/uploads\/2023\/04\/DSC00999-1.jpg","datePublished":"2023-04-02T10:46:40+00:00","dateModified":"2024-08-28T11:17:27+00:00","breadcrumb":{"@id":"https:\/\/www.kittlemood.ee\/fi\/toode\/puffy-3-4-pitkahihainen-hihaton-mekko-iris-tapeerattu-keltainen\/#breadcrumb"},"inLanguage":"fi","potentialAction":[{"@type":"ReadAction","target":["https:\/\/www.kittlemood.ee\/fi\/toode\/puffy-3-4-pitkahihainen-hihaton-mekko-iris-tapeerattu-keltainen\/"]}]},{"@type":"ImageObject","inLanguage":"fi","@id":"https:\/\/www.kittlemood.ee\/fi\/toode\/puffy-3-4-pitkahihainen-hihaton-mekko-iris-tapeerattu-keltainen\/#primaryimage","url":"https:\/\/www.kittlemood.ee\/wp-content\/uploads\/2023\/04\/DSC00999-1.jpg","contentUrl":"https:\/\/www.kittlemood.ee\/wp-content\/uploads\/2023\/04\/DSC00999-1.jpg","width":1000,"height":1500},{"@type":"BreadcrumbList","@id":"https:\/\/www.kittlemood.ee\/fi\/toode\/puffy-3-4-pitkahihainen-hihaton-mekko-iris-tapeerattu-keltainen\/#breadcrumb","itemListElement":[{"@type":"ListItem","position":1,"name":"Home","item":"https:\/\/www.kittlemood.ee\/avaleht-2\/"},{"@type":"ListItem","position":2,"name":"Verkkokauppa","item":"https:\/\/www.kittlemood.ee\/fi\/osta-osoittessa\/"},{"@type":"ListItem","position":3,"name":"Kietaisumekko &#8220;Iris&#8221;, puhvihihoilla, t\u00e4plik\u00e4s keltainen"}]},{"@type":"WebSite","@id":"https:\/\/www.kittlemood.ee\/#website","url":"https:\/\/www.kittlemood.ee\/","name":"Kittle Mood","description":"Ajatud ja stiilsed kleidid","publisher":{"@id":"https:\/\/www.kittlemood.ee\/#organization"},"potentialAction":[{"@type":"SearchAction","target":{"@type":"EntryPoint","urlTemplate":"https:\/\/www.kittlemood.ee\/?s={search_term_string}"},"query-input":{"@type":"PropertyValueSpecification","valueRequired":true,"valueName":"search_term_string"}}],"inLanguage":"fi"},{"@type":"Organization","@id":"https:\/\/www.kittlemood.ee\/#organization","name":"Kittle Mood O\u00dc","url":"https:\/\/www.kittlemood.ee\/","logo":{"@type":"ImageObject","inLanguage":"fi","@id":"https:\/\/www.kittlemood.ee\/#\/schema\/logo\/image\/","url":"https:\/\/www.kittlemood.ee\/wp-content\/uploads\/2021\/03\/logo3.png","contentUrl":"https:\/\/www.kittlemood.ee\/wp-content\/uploads\/2021\/03\/logo3.png","width":644,"height":352,"caption":"Kittle Mood O\u00dc"},"image":{"@id":"https:\/\/www.kittlemood.ee\/#\/schema\/logo\/image\/"},"sameAs":["https:\/\/www.facebook.com\/KittleMood-100617121748728\/","https:\/\/www.instagram.com\/kittlemood\/"]}]}},"_links":{"self":[{"href":"https:\/\/www.kittlemood.ee\/fi\/wp-json\/wp\/v2\/product\/10609","targetHints":{"allow":["GET"]}}],"collection":[{"href":"https:\/\/www.kittlemood.ee\/fi\/wp-json\/wp\/v2\/product"}],"about":[{"href":"https:\/\/www.kittlemood.ee\/fi\/wp-json\/wp\/v2\/types\/product"}],"replies":[{"embeddable":true,"href":"https:\/\/www.kittlemood.ee\/fi\/wp-json\/wp\/v2\/comments?post=10609"}],"wp:featuredmedia":[{"embeddable":true,"href":"https:\/\/www.kittlemood.ee\/fi\/wp-json\/wp\/v2\/media\/12499"}],"wp:attachment":[{"href":"https:\/\/www.kittlemood.ee\/fi\/wp-json\/wp\/v2\/media?parent=10609"}],"wp:term":[{"taxonomy":"product_brand","embeddable":true,"href":"https:\/\/www.kittlemood.ee\/fi\/wp-json\/wp\/v2\/product_brand?post=10609"},{"taxonomy":"product_cat","embeddable":true,"href":"https:\/\/www.kittlemood.ee\/fi\/wp-json\/wp\/v2\/product_cat?post=10609"},{"taxonomy":"product_tag","embeddable":true,"href":"https:\/\/www.kittlemood.ee\/fi\/wp-json\/wp\/v2\/product_tag?post=10609"}],"curies":[{"name":"wp","href":"https:\/\/api.w.org\/{rel}","templated":true}]}}