{"id":10559,"date":"2023-04-02T13:29:26","date_gmt":"2023-04-02T10:29:34","guid":{"rendered":"https:\/\/www.kittlemood.ee\/toode\/pehmea-mekko-hameen-kauluksella-elisabeth-sitruunansininen-farkkujen-kanssa\/"},"modified":"2023-11-07T21:58:03","modified_gmt":"2023-11-07T19:58:03","slug":"puffy-hame-hame-mekko-elizabeth-hame-pitsi-siniset-farkut","status":"publish","type":"product","link":"https:\/\/www.kittlemood.ee\/fi\/toode\/puffy-hame-hame-mekko-elizabeth-hame-pitsi-siniset-farkut\/","title":{"rendered":"Kauluksellinen mekko &#8221;Elisabeth&#8221; puhvihameella, sininen ja sitruunoita"},"content":{"rendered":"<p>Puuvillakankaasta valmistettu naisellinen mekko kauluksella ja puhvihameella. Sitruunakuvioinen kangas on ainutlaatuinen, ja sen kuvio on suunniteltu erityisesti KittleMood \u00b4ia varten. Mekon yl\u00e4osa on valmistettu pehme\u00e4st\u00e4 farkkukankaasta. Mekossa on kaksi mukavaa sivutaskua, nappikiinnitys edess\u00e4.<\/p>\n<p>Mekko on saatavilla ennakkotilauksena, toimitusaika 2-5 viikkoa.<\/p>\n<p>Materiaali: 100 % puuvillaa.<\/p>\n<p>V\u00e4ri: sininen, jossa sitruunoita ja farkkusininen.<\/p>\n<p>Jos haluat t\u00e4m\u00e4n mekon eri kankaalla tai erikoiskoolla, l\u00e4het\u00e4 meille pyynt\u00f6si osoitteeseen &#x6b;&#x69;&#116;t&#x6c;&#x65;&#102;&#97;s&#x68;&#x69;&#111;&#110;e&#x65;&#x73;&#116;i&#64;&#x67;&#x6d;&#97;i&#x6c;&#x2e;&#99;&#111;m.<\/p>\n<p>Pese mekko nurinp\u00e4in 30\u00b0C vedess\u00e4, silitys on sallittu.<\/p>\n","protected":false},"excerpt":{"rendered":"<p>Puuvillakankaasta valmistettu naisellinen mekko kauluksella ja puhvihameella. Sitruunakuvioinen kangas on ainutlaatuinen, ja sen kuvio on suunniteltu erityisesti KittleMood \u00b4ia varten. Mekon yl\u00e4osa on valmistettu pehme\u00e4st\u00e4 farkkukankaasta. Mekossa on kaksi mukavaa sivutaskua, nappikiinnitys edess\u00e4. Mekko on saatavilla ennakkotilauksena, toimitusaika 2-5 viikkoa. Materiaali: 100 % puuvillaa. V\u00e4ri: sininen, jossa sitruunoita ja farkkusininen. Jos haluat t\u00e4m\u00e4n mekon eri [&hellip;]<\/p>\n","protected":false},"featured_media":12459,"comment_status":"closed","ping_status":"closed","template":"","meta":{"om_disable_all_campaigns":false},"product_brand":[],"product_cat":[177,162],"product_tag":[],"class_list":{"0":"post-10559","1":"product","2":"type-product","3":"status-publish","4":"has-post-thumbnail","6":"product_cat-mekot","7":"product_cat-kokteil-mallisto","8":"pa_kitli-pikkus-lyhyt","9":"pa_suurus-l-fi","10":"pa_suurus-m-fi","11":"pa_suurus-s-fi","12":"pa_suurus-xs-fi","13":"pa_suurus-xl-fi","15":"first","16":"onbackorder","17":"taxable","18":"shipping-taxable","19":"purchasable","20":"product-type-variable"},"yoast_head":"<!-- This site is optimized with the Yoast SEO plugin v26.9 - https:\/\/yoast.com\/product\/yoast-seo-wordpress\/ -->\n<title>Kauluksellinen mekko &quot;Elisabeth&quot; puhvihameella, sininen ja sitruunoita | Kittle Mood<\/title>\n<meta name=\"robots\" content=\"noindex, follow\" \/>\n<meta property=\"og:locale\" content=\"fi_FI\" \/>\n<meta property=\"og:type\" content=\"article\" \/>\n<meta property=\"og:title\" content=\"Kauluksellinen mekko &quot;Elisabeth&quot; puhvihameella, sininen ja sitruunoita | Kittle Mood\" \/>\n<meta property=\"og:description\" content=\"Puuvillakankaasta valmistettu naisellinen mekko kauluksella ja puhvihameella. Sitruunakuvioinen kangas on ainutlaatuinen, ja sen kuvio on suunniteltu erityisesti KittleMood \u00b4ia varten. Mekon yl\u00e4osa on valmistettu pehme\u00e4st\u00e4 farkkukankaasta. Mekossa on kaksi mukavaa sivutaskua, nappikiinnitys edess\u00e4. Mekko on saatavilla ennakkotilauksena, toimitusaika 2-5 viikkoa. Materiaali: 100 % puuvillaa. V\u00e4ri: sininen, jossa sitruunoita ja farkkusininen. Jos haluat t\u00e4m\u00e4n mekon eri [&hellip;]\" \/>\n<meta property=\"og:url\" content=\"https:\/\/www.kittlemood.ee\/fi\/toode\/puffy-hame-hame-mekko-elizabeth-hame-pitsi-siniset-farkut\/\" \/>\n<meta property=\"og:site_name\" content=\"Kittle Mood\" \/>\n<meta property=\"article:publisher\" content=\"https:\/\/www.facebook.com\/KittleMood-100617121748728\/\" \/>\n<meta property=\"article:modified_time\" content=\"2023-11-07T19:58:03+00:00\" \/>\n<meta property=\"og:image\" content=\"https:\/\/www.kittlemood.ee\/wp-content\/uploads\/2023\/04\/DSC00610-1.jpg\" \/>\n\t<meta property=\"og:image:width\" content=\"1000\" \/>\n\t<meta property=\"og:image:height\" content=\"1500\" \/>\n\t<meta property=\"og:image:type\" content=\"image\/jpeg\" \/>\n<meta name=\"twitter:card\" content=\"summary_large_image\" \/>\n<meta name=\"twitter:label1\" content=\"Arvioitu lukuaika\" \/>\n\t<meta name=\"twitter:data1\" content=\"1 minuutti\" \/>\n<script type=\"application\/ld+json\" class=\"yoast-schema-graph\">{\"@context\":\"https:\/\/schema.org\",\"@graph\":[{\"@type\":\"WebPage\",\"@id\":\"https:\/\/www.kittlemood.ee\/fi\/toode\/puffy-hame-hame-mekko-elizabeth-hame-pitsi-siniset-farkut\/\",\"url\":\"https:\/\/www.kittlemood.ee\/fi\/toode\/puffy-hame-hame-mekko-elizabeth-hame-pitsi-siniset-farkut\/\",\"name\":\"Kauluksellinen mekko \\\"Elisabeth\\\" puhvihameella, sininen ja sitruunoita | Kittle Mood\",\"isPartOf\":{\"@id\":\"https:\/\/www.kittlemood.ee\/#website\"},\"primaryImageOfPage\":{\"@id\":\"https:\/\/www.kittlemood.ee\/fi\/toode\/puffy-hame-hame-mekko-elizabeth-hame-pitsi-siniset-farkut\/#primaryimage\"},\"image\":{\"@id\":\"https:\/\/www.kittlemood.ee\/fi\/toode\/puffy-hame-hame-mekko-elizabeth-hame-pitsi-siniset-farkut\/#primaryimage\"},\"thumbnailUrl\":\"https:\/\/www.kittlemood.ee\/wp-content\/uploads\/2023\/04\/DSC00610-1.jpg\",\"datePublished\":\"2023-04-02T10:29:34+00:00\",\"dateModified\":\"2023-11-07T19:58:03+00:00\",\"breadcrumb\":{\"@id\":\"https:\/\/www.kittlemood.ee\/fi\/toode\/puffy-hame-hame-mekko-elizabeth-hame-pitsi-siniset-farkut\/#breadcrumb\"},\"inLanguage\":\"fi\",\"potentialAction\":[{\"@type\":\"ReadAction\",\"target\":[\"https:\/\/www.kittlemood.ee\/fi\/toode\/puffy-hame-hame-mekko-elizabeth-hame-pitsi-siniset-farkut\/\"]}]},{\"@type\":\"ImageObject\",\"inLanguage\":\"fi\",\"@id\":\"https:\/\/www.kittlemood.ee\/fi\/toode\/puffy-hame-hame-mekko-elizabeth-hame-pitsi-siniset-farkut\/#primaryimage\",\"url\":\"https:\/\/www.kittlemood.ee\/wp-content\/uploads\/2023\/04\/DSC00610-1.jpg\",\"contentUrl\":\"https:\/\/www.kittlemood.ee\/wp-content\/uploads\/2023\/04\/DSC00610-1.jpg\",\"width\":1000,\"height\":1500},{\"@type\":\"BreadcrumbList\",\"@id\":\"https:\/\/www.kittlemood.ee\/fi\/toode\/puffy-hame-hame-mekko-elizabeth-hame-pitsi-siniset-farkut\/#breadcrumb\",\"itemListElement\":[{\"@type\":\"ListItem\",\"position\":1,\"name\":\"Home\",\"item\":\"https:\/\/www.kittlemood.ee\/avaleht-2\/\"},{\"@type\":\"ListItem\",\"position\":2,\"name\":\"Verkkokauppa\",\"item\":\"https:\/\/www.kittlemood.ee\/fi\/osta-osoittessa\/\"},{\"@type\":\"ListItem\",\"position\":3,\"name\":\"Kauluksellinen mekko &#8220;Elisabeth&#8221; puhvihameella, sininen ja sitruunoita\"}]},{\"@type\":\"WebSite\",\"@id\":\"https:\/\/www.kittlemood.ee\/#website\",\"url\":\"https:\/\/www.kittlemood.ee\/\",\"name\":\"Kittle Mood\",\"description\":\"Ajatud ja stiilsed kleidid\",\"publisher\":{\"@id\":\"https:\/\/www.kittlemood.ee\/#organization\"},\"potentialAction\":[{\"@type\":\"SearchAction\",\"target\":{\"@type\":\"EntryPoint\",\"urlTemplate\":\"https:\/\/www.kittlemood.ee\/?s={search_term_string}\"},\"query-input\":{\"@type\":\"PropertyValueSpecification\",\"valueRequired\":true,\"valueName\":\"search_term_string\"}}],\"inLanguage\":\"fi\"},{\"@type\":\"Organization\",\"@id\":\"https:\/\/www.kittlemood.ee\/#organization\",\"name\":\"Kittle Mood O\u00dc\",\"url\":\"https:\/\/www.kittlemood.ee\/\",\"logo\":{\"@type\":\"ImageObject\",\"inLanguage\":\"fi\",\"@id\":\"https:\/\/www.kittlemood.ee\/#\/schema\/logo\/image\/\",\"url\":\"https:\/\/www.kittlemood.ee\/wp-content\/uploads\/2021\/03\/logo3.png\",\"contentUrl\":\"https:\/\/www.kittlemood.ee\/wp-content\/uploads\/2021\/03\/logo3.png\",\"width\":644,\"height\":352,\"caption\":\"Kittle Mood O\u00dc\"},\"image\":{\"@id\":\"https:\/\/www.kittlemood.ee\/#\/schema\/logo\/image\/\"},\"sameAs\":[\"https:\/\/www.facebook.com\/KittleMood-100617121748728\/\",\"https:\/\/www.instagram.com\/kittlemood\/\"]}]}<\/script>\n<!-- \/ Yoast SEO plugin. -->","yoast_head_json":{"title":"Kauluksellinen mekko \"Elisabeth\" puhvihameella, sininen ja sitruunoita | Kittle Mood","robots":{"index":"noindex","follow":"follow"},"og_locale":"fi_FI","og_type":"article","og_title":"Kauluksellinen mekko \"Elisabeth\" puhvihameella, sininen ja sitruunoita | Kittle Mood","og_description":"Puuvillakankaasta valmistettu naisellinen mekko kauluksella ja puhvihameella. Sitruunakuvioinen kangas on ainutlaatuinen, ja sen kuvio on suunniteltu erityisesti KittleMood \u00b4ia varten. Mekon yl\u00e4osa on valmistettu pehme\u00e4st\u00e4 farkkukankaasta. Mekossa on kaksi mukavaa sivutaskua, nappikiinnitys edess\u00e4. Mekko on saatavilla ennakkotilauksena, toimitusaika 2-5 viikkoa. Materiaali: 100 % puuvillaa. V\u00e4ri: sininen, jossa sitruunoita ja farkkusininen. Jos haluat t\u00e4m\u00e4n mekon eri [&hellip;]","og_url":"https:\/\/www.kittlemood.ee\/fi\/toode\/puffy-hame-hame-mekko-elizabeth-hame-pitsi-siniset-farkut\/","og_site_name":"Kittle Mood","article_publisher":"https:\/\/www.facebook.com\/KittleMood-100617121748728\/","article_modified_time":"2023-11-07T19:58:03+00:00","og_image":[{"width":1000,"height":1500,"url":"https:\/\/www.kittlemood.ee\/wp-content\/uploads\/2023\/04\/DSC00610-1.jpg","type":"image\/jpeg"}],"twitter_card":"summary_large_image","twitter_misc":{"Arvioitu lukuaika":"1 minuutti"},"schema":{"@context":"https:\/\/schema.org","@graph":[{"@type":"WebPage","@id":"https:\/\/www.kittlemood.ee\/fi\/toode\/puffy-hame-hame-mekko-elizabeth-hame-pitsi-siniset-farkut\/","url":"https:\/\/www.kittlemood.ee\/fi\/toode\/puffy-hame-hame-mekko-elizabeth-hame-pitsi-siniset-farkut\/","name":"Kauluksellinen mekko \"Elisabeth\" puhvihameella, sininen ja sitruunoita | Kittle Mood","isPartOf":{"@id":"https:\/\/www.kittlemood.ee\/#website"},"primaryImageOfPage":{"@id":"https:\/\/www.kittlemood.ee\/fi\/toode\/puffy-hame-hame-mekko-elizabeth-hame-pitsi-siniset-farkut\/#primaryimage"},"image":{"@id":"https:\/\/www.kittlemood.ee\/fi\/toode\/puffy-hame-hame-mekko-elizabeth-hame-pitsi-siniset-farkut\/#primaryimage"},"thumbnailUrl":"https:\/\/www.kittlemood.ee\/wp-content\/uploads\/2023\/04\/DSC00610-1.jpg","datePublished":"2023-04-02T10:29:34+00:00","dateModified":"2023-11-07T19:58:03+00:00","breadcrumb":{"@id":"https:\/\/www.kittlemood.ee\/fi\/toode\/puffy-hame-hame-mekko-elizabeth-hame-pitsi-siniset-farkut\/#breadcrumb"},"inLanguage":"fi","potentialAction":[{"@type":"ReadAction","target":["https:\/\/www.kittlemood.ee\/fi\/toode\/puffy-hame-hame-mekko-elizabeth-hame-pitsi-siniset-farkut\/"]}]},{"@type":"ImageObject","inLanguage":"fi","@id":"https:\/\/www.kittlemood.ee\/fi\/toode\/puffy-hame-hame-mekko-elizabeth-hame-pitsi-siniset-farkut\/#primaryimage","url":"https:\/\/www.kittlemood.ee\/wp-content\/uploads\/2023\/04\/DSC00610-1.jpg","contentUrl":"https:\/\/www.kittlemood.ee\/wp-content\/uploads\/2023\/04\/DSC00610-1.jpg","width":1000,"height":1500},{"@type":"BreadcrumbList","@id":"https:\/\/www.kittlemood.ee\/fi\/toode\/puffy-hame-hame-mekko-elizabeth-hame-pitsi-siniset-farkut\/#breadcrumb","itemListElement":[{"@type":"ListItem","position":1,"name":"Home","item":"https:\/\/www.kittlemood.ee\/avaleht-2\/"},{"@type":"ListItem","position":2,"name":"Verkkokauppa","item":"https:\/\/www.kittlemood.ee\/fi\/osta-osoittessa\/"},{"@type":"ListItem","position":3,"name":"Kauluksellinen mekko &#8220;Elisabeth&#8221; puhvihameella, sininen ja sitruunoita"}]},{"@type":"WebSite","@id":"https:\/\/www.kittlemood.ee\/#website","url":"https:\/\/www.kittlemood.ee\/","name":"Kittle Mood","description":"Ajatud ja stiilsed kleidid","publisher":{"@id":"https:\/\/www.kittlemood.ee\/#organization"},"potentialAction":[{"@type":"SearchAction","target":{"@type":"EntryPoint","urlTemplate":"https:\/\/www.kittlemood.ee\/?s={search_term_string}"},"query-input":{"@type":"PropertyValueSpecification","valueRequired":true,"valueName":"search_term_string"}}],"inLanguage":"fi"},{"@type":"Organization","@id":"https:\/\/www.kittlemood.ee\/#organization","name":"Kittle Mood O\u00dc","url":"https:\/\/www.kittlemood.ee\/","logo":{"@type":"ImageObject","inLanguage":"fi","@id":"https:\/\/www.kittlemood.ee\/#\/schema\/logo\/image\/","url":"https:\/\/www.kittlemood.ee\/wp-content\/uploads\/2021\/03\/logo3.png","contentUrl":"https:\/\/www.kittlemood.ee\/wp-content\/uploads\/2021\/03\/logo3.png","width":644,"height":352,"caption":"Kittle Mood O\u00dc"},"image":{"@id":"https:\/\/www.kittlemood.ee\/#\/schema\/logo\/image\/"},"sameAs":["https:\/\/www.facebook.com\/KittleMood-100617121748728\/","https:\/\/www.instagram.com\/kittlemood\/"]}]}},"_links":{"self":[{"href":"https:\/\/www.kittlemood.ee\/fi\/wp-json\/wp\/v2\/product\/10559","targetHints":{"allow":["GET"]}}],"collection":[{"href":"https:\/\/www.kittlemood.ee\/fi\/wp-json\/wp\/v2\/product"}],"about":[{"href":"https:\/\/www.kittlemood.ee\/fi\/wp-json\/wp\/v2\/types\/product"}],"replies":[{"embeddable":true,"href":"https:\/\/www.kittlemood.ee\/fi\/wp-json\/wp\/v2\/comments?post=10559"}],"wp:featuredmedia":[{"embeddable":true,"href":"https:\/\/www.kittlemood.ee\/fi\/wp-json\/wp\/v2\/media\/12459"}],"wp:attachment":[{"href":"https:\/\/www.kittlemood.ee\/fi\/wp-json\/wp\/v2\/media?parent=10559"}],"wp:term":[{"taxonomy":"product_brand","embeddable":true,"href":"https:\/\/www.kittlemood.ee\/fi\/wp-json\/wp\/v2\/product_brand?post=10559"},{"taxonomy":"product_cat","embeddable":true,"href":"https:\/\/www.kittlemood.ee\/fi\/wp-json\/wp\/v2\/product_cat?post=10559"},{"taxonomy":"product_tag","embeddable":true,"href":"https:\/\/www.kittlemood.ee\/fi\/wp-json\/wp\/v2\/product_tag?post=10559"}],"curies":[{"name":"wp","href":"https:\/\/api.w.org\/{rel}","templated":true}]}}