{"id":10193,"date":"2023-03-12T19:00:12","date_gmt":"2023-03-12T17:00:12","guid":{"rendered":"https:\/\/www.kittlemood.ee\/toode\/mekko-kristi-vaaleansininen-halkiot-ja-pidennetyt-olkapaat\/"},"modified":"2023-10-18T16:10:21","modified_gmt":"2023-10-18T13:10:21","slug":"trimmings-and-extended-neckline-puku-cross-vihrea-sininen","status":"publish","type":"product","link":"https:\/\/www.kittlemood.ee\/fi\/toode\/trimmings-and-extended-neckline-puku-cross-vihrea-sininen\/","title":{"rendered":"Mekko &#8221;Kristi&#8221;, vaaleansininen, helman sivuissa halkiot, pudotetut olkap\u00e4\u00e4t."},"content":{"rendered":"<p>Kes\u00e4inen mekko ilmavasta viskoosikankaasta, pudotetut olkap\u00e4\u00e4t ja sivuhalkiot. Mekkoa voi k\u00e4ytt\u00e4\u00e4 vy\u00f6n kanssa tai ilman. Mekossa on kaksi mukavaa sivutaskua, nappikiinnitys edess\u00e4.<\/p>\n<p>Kangas: 100 % viskoosia.<\/p>\n<p>V\u00e4ri: vaaleansininen, kirjava<\/p>\n<p>Jos haluat t\u00e4m\u00e4n mekon eri kankaalla tai erikoiskoolla, l\u00e4het\u00e4 meille pyynt\u00f6si osoitteeseen &#x6b;&#x69;&#x74;&#x74;&#x6c;&#x65;&#x66;&#x61;&#x73;&#x68;&#x69;&#x6f;&#x6e;&#x65;&#x65;&#x73;&#x74;&#x69;&#x40;&#x67;&#x6d;&#x61;&#105;&#108;&#46;&#99;&#111;&#109;.<\/p>\n<p>Pese mekko nurinp\u00e4in 30\u00b0C vedess\u00e4, silitys on sallittu.<\/p>\n","protected":false},"excerpt":{"rendered":"<p>Kes\u00e4inen mekko ilmavasta viskoosikankaasta, pudotetut olkap\u00e4\u00e4t ja sivuhalkiot. Mekkoa voi k\u00e4ytt\u00e4\u00e4 vy\u00f6n kanssa tai ilman. Mekossa on kaksi mukavaa sivutaskua, nappikiinnitys edess\u00e4. Kangas: 100 % viskoosia. V\u00e4ri: vaaleansininen, kirjava Jos haluat t\u00e4m\u00e4n mekon eri kankaalla tai erikoiskoolla, l\u00e4het\u00e4 meille pyynt\u00f6si osoitteeseen &#x6b;&#105;&#x74;&#116;l&#x65;&#102;a&#x73;&#104;&#x69;&#x6f;n&#x65;&#101;s&#x74;&#105;&#x40;&#x67;m&#x61;&#105;l&#x2e;&#99;o&#x6d;. Pese mekko nurinp\u00e4in 30\u00b0C vedess\u00e4, silitys on sallittu.<\/p>\n","protected":false},"featured_media":10166,"comment_status":"closed","ping_status":"closed","template":"","meta":{"om_disable_all_campaigns":false},"product_brand":[],"product_cat":[177,180,148],"product_tag":[],"class_list":{"0":"post-10193","1":"product","2":"type-product","3":"status-publish","4":"has-post-thumbnail","6":"product_cat-mekot","7":"product_cat-kevat-ja-kesa-mekkot","8":"product_cat-alennus","9":"pa_kitli-pikkus-lyhyt","10":"pa_suurus-xl-fi","11":"pa_suurus-l-fi","12":"pa_suurus-m-fi","13":"pa_suurus-s-fi","14":"pa_suurus-xs-fi","16":"first","17":"instock","18":"sale","19":"taxable","20":"shipping-taxable","21":"purchasable","22":"product-type-variable"},"yoast_head":"<!-- This site is optimized with the Yoast SEO plugin v26.9 - https:\/\/yoast.com\/product\/yoast-seo-wordpress\/ -->\n<title>Mekko &quot;Kristi&quot;, vaaleansininen, helman sivuissa halkiot, pudotetut olkap\u00e4\u00e4t. | Kittle Mood<\/title>\n<meta name=\"robots\" content=\"noindex, follow\" \/>\n<meta property=\"og:locale\" content=\"fi_FI\" \/>\n<meta property=\"og:type\" content=\"article\" \/>\n<meta property=\"og:title\" content=\"Mekko &quot;Kristi&quot;, vaaleansininen, helman sivuissa halkiot, pudotetut olkap\u00e4\u00e4t. | Kittle Mood\" \/>\n<meta property=\"og:description\" content=\"Kes\u00e4inen mekko ilmavasta viskoosikankaasta, pudotetut olkap\u00e4\u00e4t ja sivuhalkiot. Mekkoa voi k\u00e4ytt\u00e4\u00e4 vy\u00f6n kanssa tai ilman. Mekossa on kaksi mukavaa sivutaskua, nappikiinnitys edess\u00e4. Kangas: 100 % viskoosia. V\u00e4ri: vaaleansininen, kirjava Jos haluat t\u00e4m\u00e4n mekon eri kankaalla tai erikoiskoolla, l\u00e4het\u00e4 meille pyynt\u00f6si osoitteeseen &#x6b;&#105;&#x74;&#x74;&#108;&#x65;&#x66;&#097;&#x73;&#x68;&#105;&#x6f;&#x6e;e&#x65;&#x73;t&#x69;&#064;g&#x6d;&#097;i&#x6c;&#046;c&#x6f;&#109;. Pese mekko nurinp\u00e4in 30\u00b0C vedess\u00e4, silitys on sallittu.\" \/>\n<meta property=\"og:url\" content=\"https:\/\/www.kittlemood.ee\/fi\/toode\/trimmings-and-extended-neckline-puku-cross-vihrea-sininen\/\" \/>\n<meta property=\"og:site_name\" content=\"Kittle Mood\" \/>\n<meta property=\"article:publisher\" content=\"https:\/\/www.facebook.com\/KittleMood-100617121748728\/\" \/>\n<meta property=\"article:modified_time\" content=\"2023-10-18T13:10:21+00:00\" \/>\n<meta property=\"og:image\" content=\"https:\/\/www.kittlemood.ee\/wp-content\/uploads\/2023\/03\/DSC05474.jpg\" \/>\n\t<meta property=\"og:image:width\" content=\"1000\" \/>\n\t<meta property=\"og:image:height\" content=\"1500\" \/>\n\t<meta property=\"og:image:type\" content=\"image\/jpeg\" \/>\n<meta name=\"twitter:card\" content=\"summary_large_image\" \/>\n<script type=\"application\/ld+json\" class=\"yoast-schema-graph\">{\"@context\":\"https:\/\/schema.org\",\"@graph\":[{\"@type\":\"WebPage\",\"@id\":\"https:\/\/www.kittlemood.ee\/fi\/toode\/trimmings-and-extended-neckline-puku-cross-vihrea-sininen\/\",\"url\":\"https:\/\/www.kittlemood.ee\/fi\/toode\/trimmings-and-extended-neckline-puku-cross-vihrea-sininen\/\",\"name\":\"Mekko \\\"Kristi\\\", vaaleansininen, helman sivuissa halkiot, pudotetut olkap\u00e4\u00e4t. | Kittle Mood\",\"isPartOf\":{\"@id\":\"https:\/\/www.kittlemood.ee\/#website\"},\"primaryImageOfPage\":{\"@id\":\"https:\/\/www.kittlemood.ee\/fi\/toode\/trimmings-and-extended-neckline-puku-cross-vihrea-sininen\/#primaryimage\"},\"image\":{\"@id\":\"https:\/\/www.kittlemood.ee\/fi\/toode\/trimmings-and-extended-neckline-puku-cross-vihrea-sininen\/#primaryimage\"},\"thumbnailUrl\":\"https:\/\/www.kittlemood.ee\/wp-content\/uploads\/2023\/03\/DSC05474.jpg\",\"datePublished\":\"2023-03-12T17:00:12+00:00\",\"dateModified\":\"2023-10-18T13:10:21+00:00\",\"breadcrumb\":{\"@id\":\"https:\/\/www.kittlemood.ee\/fi\/toode\/trimmings-and-extended-neckline-puku-cross-vihrea-sininen\/#breadcrumb\"},\"inLanguage\":\"fi\",\"potentialAction\":[{\"@type\":\"ReadAction\",\"target\":[\"https:\/\/www.kittlemood.ee\/fi\/toode\/trimmings-and-extended-neckline-puku-cross-vihrea-sininen\/\"]}]},{\"@type\":\"ImageObject\",\"inLanguage\":\"fi\",\"@id\":\"https:\/\/www.kittlemood.ee\/fi\/toode\/trimmings-and-extended-neckline-puku-cross-vihrea-sininen\/#primaryimage\",\"url\":\"https:\/\/www.kittlemood.ee\/wp-content\/uploads\/2023\/03\/DSC05474.jpg\",\"contentUrl\":\"https:\/\/www.kittlemood.ee\/wp-content\/uploads\/2023\/03\/DSC05474.jpg\",\"width\":1000,\"height\":1500},{\"@type\":\"BreadcrumbList\",\"@id\":\"https:\/\/www.kittlemood.ee\/fi\/toode\/trimmings-and-extended-neckline-puku-cross-vihrea-sininen\/#breadcrumb\",\"itemListElement\":[{\"@type\":\"ListItem\",\"position\":1,\"name\":\"Home\",\"item\":\"https:\/\/www.kittlemood.ee\/avaleht-2\/\"},{\"@type\":\"ListItem\",\"position\":2,\"name\":\"Verkkokauppa\",\"item\":\"https:\/\/www.kittlemood.ee\/fi\/osta-osoittessa\/\"},{\"@type\":\"ListItem\",\"position\":3,\"name\":\"Mekko &#8220;Kristi&#8221;, vaaleansininen, helman sivuissa halkiot, pudotetut olkap\u00e4\u00e4t.\"}]},{\"@type\":\"WebSite\",\"@id\":\"https:\/\/www.kittlemood.ee\/#website\",\"url\":\"https:\/\/www.kittlemood.ee\/\",\"name\":\"Kittle Mood\",\"description\":\"Ajatud ja stiilsed kleidid\",\"publisher\":{\"@id\":\"https:\/\/www.kittlemood.ee\/#organization\"},\"potentialAction\":[{\"@type\":\"SearchAction\",\"target\":{\"@type\":\"EntryPoint\",\"urlTemplate\":\"https:\/\/www.kittlemood.ee\/?s={search_term_string}\"},\"query-input\":{\"@type\":\"PropertyValueSpecification\",\"valueRequired\":true,\"valueName\":\"search_term_string\"}}],\"inLanguage\":\"fi\"},{\"@type\":\"Organization\",\"@id\":\"https:\/\/www.kittlemood.ee\/#organization\",\"name\":\"Kittle Mood O\u00dc\",\"url\":\"https:\/\/www.kittlemood.ee\/\",\"logo\":{\"@type\":\"ImageObject\",\"inLanguage\":\"fi\",\"@id\":\"https:\/\/www.kittlemood.ee\/#\/schema\/logo\/image\/\",\"url\":\"https:\/\/www.kittlemood.ee\/wp-content\/uploads\/2021\/03\/logo3.png\",\"contentUrl\":\"https:\/\/www.kittlemood.ee\/wp-content\/uploads\/2021\/03\/logo3.png\",\"width\":644,\"height\":352,\"caption\":\"Kittle Mood O\u00dc\"},\"image\":{\"@id\":\"https:\/\/www.kittlemood.ee\/#\/schema\/logo\/image\/\"},\"sameAs\":[\"https:\/\/www.facebook.com\/KittleMood-100617121748728\/\",\"https:\/\/www.instagram.com\/kittlemood\/\"]}]}<\/script>\n<!-- \/ Yoast SEO plugin. -->","yoast_head_json":{"title":"Mekko \"Kristi\", vaaleansininen, helman sivuissa halkiot, pudotetut olkap\u00e4\u00e4t. | Kittle Mood","robots":{"index":"noindex","follow":"follow"},"og_locale":"fi_FI","og_type":"article","og_title":"Mekko \"Kristi\", vaaleansininen, helman sivuissa halkiot, pudotetut olkap\u00e4\u00e4t. | Kittle Mood","og_description":"Kes\u00e4inen mekko ilmavasta viskoosikankaasta, pudotetut olkap\u00e4\u00e4t ja sivuhalkiot. Mekkoa voi k\u00e4ytt\u00e4\u00e4 vy\u00f6n kanssa tai ilman. Mekossa on kaksi mukavaa sivutaskua, nappikiinnitys edess\u00e4. Kangas: 100 % viskoosia. V\u00e4ri: vaaleansininen, kirjava Jos haluat t\u00e4m\u00e4n mekon eri kankaalla tai erikoiskoolla, l\u00e4het\u00e4 meille pyynt\u00f6si osoitteeseen &#x6b;&#105;&#x74;&#x74;&#108;&#x65;&#x66;&#97;&#x73;&#x68;&#105;&#x6f;&#x6e;e&#x65;&#x73;t&#x69;&#64;g&#x6d;&#97;i&#x6c;&#46;c&#x6f;&#109;. Pese mekko nurinp\u00e4in 30\u00b0C vedess\u00e4, silitys on sallittu.","og_url":"https:\/\/www.kittlemood.ee\/fi\/toode\/trimmings-and-extended-neckline-puku-cross-vihrea-sininen\/","og_site_name":"Kittle Mood","article_publisher":"https:\/\/www.facebook.com\/KittleMood-100617121748728\/","article_modified_time":"2023-10-18T13:10:21+00:00","og_image":[{"width":1000,"height":1500,"url":"https:\/\/www.kittlemood.ee\/wp-content\/uploads\/2023\/03\/DSC05474.jpg","type":"image\/jpeg"}],"twitter_card":"summary_large_image","schema":{"@context":"https:\/\/schema.org","@graph":[{"@type":"WebPage","@id":"https:\/\/www.kittlemood.ee\/fi\/toode\/trimmings-and-extended-neckline-puku-cross-vihrea-sininen\/","url":"https:\/\/www.kittlemood.ee\/fi\/toode\/trimmings-and-extended-neckline-puku-cross-vihrea-sininen\/","name":"Mekko \"Kristi\", vaaleansininen, helman sivuissa halkiot, pudotetut olkap\u00e4\u00e4t. | Kittle Mood","isPartOf":{"@id":"https:\/\/www.kittlemood.ee\/#website"},"primaryImageOfPage":{"@id":"https:\/\/www.kittlemood.ee\/fi\/toode\/trimmings-and-extended-neckline-puku-cross-vihrea-sininen\/#primaryimage"},"image":{"@id":"https:\/\/www.kittlemood.ee\/fi\/toode\/trimmings-and-extended-neckline-puku-cross-vihrea-sininen\/#primaryimage"},"thumbnailUrl":"https:\/\/www.kittlemood.ee\/wp-content\/uploads\/2023\/03\/DSC05474.jpg","datePublished":"2023-03-12T17:00:12+00:00","dateModified":"2023-10-18T13:10:21+00:00","breadcrumb":{"@id":"https:\/\/www.kittlemood.ee\/fi\/toode\/trimmings-and-extended-neckline-puku-cross-vihrea-sininen\/#breadcrumb"},"inLanguage":"fi","potentialAction":[{"@type":"ReadAction","target":["https:\/\/www.kittlemood.ee\/fi\/toode\/trimmings-and-extended-neckline-puku-cross-vihrea-sininen\/"]}]},{"@type":"ImageObject","inLanguage":"fi","@id":"https:\/\/www.kittlemood.ee\/fi\/toode\/trimmings-and-extended-neckline-puku-cross-vihrea-sininen\/#primaryimage","url":"https:\/\/www.kittlemood.ee\/wp-content\/uploads\/2023\/03\/DSC05474.jpg","contentUrl":"https:\/\/www.kittlemood.ee\/wp-content\/uploads\/2023\/03\/DSC05474.jpg","width":1000,"height":1500},{"@type":"BreadcrumbList","@id":"https:\/\/www.kittlemood.ee\/fi\/toode\/trimmings-and-extended-neckline-puku-cross-vihrea-sininen\/#breadcrumb","itemListElement":[{"@type":"ListItem","position":1,"name":"Home","item":"https:\/\/www.kittlemood.ee\/avaleht-2\/"},{"@type":"ListItem","position":2,"name":"Verkkokauppa","item":"https:\/\/www.kittlemood.ee\/fi\/osta-osoittessa\/"},{"@type":"ListItem","position":3,"name":"Mekko &#8220;Kristi&#8221;, vaaleansininen, helman sivuissa halkiot, pudotetut olkap\u00e4\u00e4t."}]},{"@type":"WebSite","@id":"https:\/\/www.kittlemood.ee\/#website","url":"https:\/\/www.kittlemood.ee\/","name":"Kittle Mood","description":"Ajatud ja stiilsed kleidid","publisher":{"@id":"https:\/\/www.kittlemood.ee\/#organization"},"potentialAction":[{"@type":"SearchAction","target":{"@type":"EntryPoint","urlTemplate":"https:\/\/www.kittlemood.ee\/?s={search_term_string}"},"query-input":{"@type":"PropertyValueSpecification","valueRequired":true,"valueName":"search_term_string"}}],"inLanguage":"fi"},{"@type":"Organization","@id":"https:\/\/www.kittlemood.ee\/#organization","name":"Kittle Mood O\u00dc","url":"https:\/\/www.kittlemood.ee\/","logo":{"@type":"ImageObject","inLanguage":"fi","@id":"https:\/\/www.kittlemood.ee\/#\/schema\/logo\/image\/","url":"https:\/\/www.kittlemood.ee\/wp-content\/uploads\/2021\/03\/logo3.png","contentUrl":"https:\/\/www.kittlemood.ee\/wp-content\/uploads\/2021\/03\/logo3.png","width":644,"height":352,"caption":"Kittle Mood O\u00dc"},"image":{"@id":"https:\/\/www.kittlemood.ee\/#\/schema\/logo\/image\/"},"sameAs":["https:\/\/www.facebook.com\/KittleMood-100617121748728\/","https:\/\/www.instagram.com\/kittlemood\/"]}]}},"_links":{"self":[{"href":"https:\/\/www.kittlemood.ee\/fi\/wp-json\/wp\/v2\/product\/10193","targetHints":{"allow":["GET"]}}],"collection":[{"href":"https:\/\/www.kittlemood.ee\/fi\/wp-json\/wp\/v2\/product"}],"about":[{"href":"https:\/\/www.kittlemood.ee\/fi\/wp-json\/wp\/v2\/types\/product"}],"replies":[{"embeddable":true,"href":"https:\/\/www.kittlemood.ee\/fi\/wp-json\/wp\/v2\/comments?post=10193"}],"wp:featuredmedia":[{"embeddable":true,"href":"https:\/\/www.kittlemood.ee\/fi\/wp-json\/wp\/v2\/media\/10166"}],"wp:attachment":[{"href":"https:\/\/www.kittlemood.ee\/fi\/wp-json\/wp\/v2\/media?parent=10193"}],"wp:term":[{"taxonomy":"product_brand","embeddable":true,"href":"https:\/\/www.kittlemood.ee\/fi\/wp-json\/wp\/v2\/product_brand?post=10193"},{"taxonomy":"product_cat","embeddable":true,"href":"https:\/\/www.kittlemood.ee\/fi\/wp-json\/wp\/v2\/product_cat?post=10193"},{"taxonomy":"product_tag","embeddable":true,"href":"https:\/\/www.kittlemood.ee\/fi\/wp-json\/wp\/v2\/product_tag?post=10193"}],"curies":[{"name":"wp","href":"https:\/\/api.w.org\/{rel}","templated":true}]}}