{"id":10918,"date":"2023-04-18T08:52:19","date_gmt":"2023-04-18T05:52:19","guid":{"rendered":"https:\/\/www.kittlemood.ee\/pukeutumisvaatteet\/"},"modified":"2023-07-27T17:29:19","modified_gmt":"2023-07-27T14:29:19","slug":"mekot","status":"publish","type":"page","link":"https:\/\/www.kittlemood.ee\/fi\/mekot\/","title":{"rendered":"Ty\u00f6asut"},"content":{"rendered":"<div id='av-layout-grid-1'  class='av-layout-grid-container entry-content-wrapper main_color av-flex-cells     avia-builder-el-0  el_before_av_hr  avia-builder-el-first  container_wrap sidebar_right' style=' '  >\n<div class=\"flex_cell no_margin av_one_half  avia-builder-el-1  el_before_av_cell_one_half  avia-builder-el-first   \"  style='height:550px; min-height:550px;background: #ffffff; vertical-align:middle; padding:50px; background-color:#ffffff; ' ><div class='flex_cell_inner' ><p><div  style='padding-bottom:10px; color:#e0cdc3;font-size:30px;' class='av-special-heading av-special-heading-h1 custom-color-heading blockquote modern-quote  avia-builder-el-2  el_before_av_hr  avia-builder-el-first  av-thin-font av-inherit-size '><h1 class='av-special-heading-tag '  itemprop=\"headline\"  ><strong>KittleMood\u00b4n ty\u00f6asut<\/strong><\/h1><div class='special-heading-border'><div class='special-heading-inner-border' style='border-color:#e0cdc3'><\/div><\/div><\/div><br \/>\n<div  style=' margin-top:30px; margin-bottom:30px;'  class='hr hr-custom hr-left hr-icon-no   avia-builder-el-3  el_after_av_heading  el_before_av_textblock '><span class='hr-inner  inner-border-av-border-fat' style=' width:50px;' ><span class='hr-inner-style'><\/span><\/span><\/div><br \/>\n<section class=\"av_textblock_section \"  itemscope=\"itemscope\" itemtype=\"https:\/\/schema.org\/CreativeWork\" ><div class='avia_textblock  '   itemprop=\"text\" ><p><b>Tarjoamme tyylikk\u00e4it\u00e4 ja mukavia ty\u00f6asuja <\/b>, jotka on suunniteltu ja r\u00e4\u00e4t\u00e4l\u00f6ity yrityksesi ja ty\u00f6ntekij\u00f6idesi tarpeiden ja toiveiden mukaan.<\/p>\n<p><strong>KittleMood\u00b4n mekoissa<\/strong> on aina taskut, joihin mahtuu k\u00e4tev\u00e4sti kaikki tarvittava. Kaikki mekot avautuvat edest\u00e4 kokonaan, joka helpottaa pukemista ja riisumista. Tarvittaessa mekon alle voi pukea l\u00e4mpim\u00e4mm\u00e4n paidan.<\/p>\n<p>Voit valita <strong>ty\u00f6asun muodon<\/strong>, materiaalin, koon ja muut t\u00e4rke\u00e4t ominaisuudet. Haluamme, ett\u00e4 jokainen k\u00e4ytt\u00e4j\u00e4 tuntee olonsa tyylikk\u00e4\u00e4ksi ja mukavaksi vaatteissamme.<\/p>\n<\/div><\/section><\/p>\n<\/div><\/div><div class=\"flex_cell no_margin av_one_half  avia-builder-el-5  el_after_av_cell_one_half  avia-builder-el-last   avia-full-contain \"  style='height:550px; min-height:550px;background:url(https:\/\/www.kittlemood.ee\/wp-content\/uploads\/2021\/04\/DSC08364.jpg) center center no-repeat scroll; vertical-align:top; padding:20px; ' ><div class='flex_cell_inner' ><\/div><\/div>\n<\/div><div id='after_submenu_1'  class='main_color av_default_container_wrap container_wrap sidebar_right' style=' '  ><div class='container' ><div class='template-page content  av-content-small alpha units'><div class='post-entry post-entry-type-page post-entry-10918'><div class='entry-content-wrapper clearfix'>\n<div  style=' margin-top:0px; margin-bottom:0px;'  class='hr hr-custom hr-center hr-icon-yes   avia-builder-el-6  el_after_av_layout_row  el_before_av_layout_row  avia-builder-el-no-sibling '><span class='hr-inner  inner-border-av-border-thin' style=' width:50px; max-width:45%;' ><span class='hr-inner-style'><\/span><\/span><span class='av-seperator-icon'  aria-hidden='true' data-av_icon='\ue807' data-av_iconfont='entypo-fontello'><\/span><span class='hr-inner  inner-border-av-border-thin' style=' width:50px; max-width:45%;' ><span class='hr-inner-style'><\/span><\/span><\/div>\n<\/div><\/div><\/div><!-- close content main div --><\/div><\/div><div id='av-layout-grid-2'  class='av-layout-grid-container entry-content-wrapper main_color av-flex-cells     avia-builder-el-7  el_after_av_hr  el_before_av_hr  submenu-not-first container_wrap sidebar_right' style=' '  >\n<div class=\"flex_cell no_margin av_one_half  avia-builder-el-8  el_before_av_cell_one_half  avia-builder-el-first   \"  style='height:550px; min-height:550px;background: #ffffff; vertical-align:middle; padding:30px; background-color:#ffffff; ' ><div class='flex_cell_inner' ><section class=\"av_textblock_section \"  itemscope=\"itemscope\" itemtype=\"https:\/\/schema.org\/CreativeWork\" ><div class='avia_textblock  '   itemprop=\"text\" ><p><strong>KittleMood\u00b4n mekot<\/strong> ja muut vaatteet valmistetaan materiaaleista, jotka ovat mahdollisimman iho-, ymp\u00e4rist\u00f6- ja k\u00e4ytt\u00e4j\u00e4yst\u00e4v\u00e4llisi\u00e4. Valitsemme mekoille <strong>kankaat<\/strong>, jotka eiv\u00e4t vaadi erityist\u00e4 huolenpitoa ja ovat helppoja pest\u00e4 ja silitt\u00e4\u00e4. Monet mekoistamme suoristuvat k\u00e4ytt\u00f6valmiiksi jo pesukoneesta tullessa ja narulla kuivuessa, joten et tarvitse edes silitysrautaa. Kaikki mekkomme ovat konepest\u00e4vi\u00e4 30 asteessa.<\/p>\n<p>Valitsemme yrityksenne ty\u00f6pukujen <strong>kangaskuvion ja koostumuksen<\/strong> yrityksen toimialaan ja sisustukseen sopivaksi. Voimme valita kankaan jo varastossamme olevista tuotteista tai tilata valmistajalta uuden ja sopivamman. Meill\u00e4 on my\u00f6s oma taiteilija, joka voi luoda todella ainutlaatuisen kangaskuvion juuri sinun yrityksesi ty\u00f6asuja varten.<\/p>\n<\/div><\/section>\n<\/div><\/div><div class=\"flex_cell no_margin av_one_half  avia-builder-el-10  el_after_av_cell_one_half  avia-builder-el-last   avia-full-contain \"  style='height:550px; min-height:550px;background:url(https:\/\/www.kittlemood.ee\/wp-content\/uploads\/2021\/04\/DSC08260.jpg) center center no-repeat scroll; vertical-align:middle; padding:50px; ' ><div class='flex_cell_inner' ><\/div><\/div><\/div><div id='after_submenu_2'  class='main_color av_default_container_wrap container_wrap sidebar_right' style=' '  ><div class='container' ><div class='template-page content  av-content-small alpha units'><div class='post-entry post-entry-type-page post-entry-10918'><div class='entry-content-wrapper clearfix'><div  style=' margin-top:0px; margin-bottom:0px;'  class='hr hr-custom hr-center hr-icon-yes   avia-builder-el-11  el_after_av_layout_row  el_before_av_layout_row  avia-builder-el-no-sibling '><span class='hr-inner  inner-border-av-border-thin' style=' width:50px; max-width:45%;' ><span class='hr-inner-style'><\/span><\/span><span class='av-seperator-icon'  aria-hidden='true' data-av_icon='\ue807' data-av_iconfont='entypo-fontello'><\/span><span class='hr-inner  inner-border-av-border-thin' style=' width:50px; max-width:45%;' ><span class='hr-inner-style'><\/span><\/span><\/div><\/p>\n<\/div><\/div><\/div><!-- close content main div --><\/div><\/div><div id='av-layout-grid-3'  class='av-layout-grid-container entry-content-wrapper main_color av-flex-cells     avia-builder-el-12  el_after_av_hr  el_before_av_hr  submenu-not-first container_wrap sidebar_right' style=' '  >\n<div class=\"flex_cell no_margin av_one_half  avia-builder-el-13  el_before_av_cell_one_half  avia-builder-el-first   \"  style='height:500px; min-height:500px;background: #ffffff; vertical-align:middle; padding:50px; background-color:#ffffff; ' ><div class='flex_cell_inner' ><section class=\"av_textblock_section \"  itemscope=\"itemscope\" itemtype=\"https:\/\/schema.org\/CreativeWork\" ><div class='avia_textblock  '   itemprop=\"text\" ><p>Vaikka mekot ovat p\u00e4\u00e4tuotteemme, ompelemme mielell\u00e4mme my\u00f6s mukavia ja tyylikk\u00e4it\u00e4 ty\u00f6asuja miehille &#8211; <strong>miesten mekkoja<\/strong>, paitoja, esiliinoja tai rusetteja &#8211; juuri sinun tarpeidesi mukaan.<\/p>\n<p>Kaikki vaatteemme <strong>suunnitellaan ja valmistetaan Virossa<\/strong>. Ompeluaika 1-2 viikkoa m\u00e4\u00e4r\u00e4st\u00e4 riippuen. Jos kuitenkin p\u00e4\u00e4t\u00e4mme tilata kankaan, jota meill\u00e4 ei ole varastossa, tilauksen toimitus voi kest\u00e4\u00e4 4-5 viikkoa.<\/p>\n<p>Jos haluat inspiraatiota ja tutustua ty\u00f6h\u00f6mme, k\u00e4y katsomassa verkkosivumme, vieraile <a href=\"https:\/\/www.kittlemood.ee\/fi\/osta-osoittessa\/\"><em>verkkokaupassamme<\/em><\/a>, ja seuraa meit\u00e4 <em><a href=\"https:\/\/www.facebook.com\/KittleMood-100617121748728\">Facebookissa<\/a><\/em> ja <em><a href=\"https:\/\/www.instagram.com\/kittlemood\/\">Instagramissa<\/a><\/em>.<\/p>\n<p><strong>Jos olet kiinnostunut, ota yhteytt\u00e4 jo t\u00e4n\u00e4\u00e4n, niin l\u00f6yd\u00e4mme sinulle parhaan ratkaisun!<\/strong><\/p>\n<p>Ota yhteytt\u00e4 &#107;&#x69;t&#116;&#x6c;e&#x66;&#x61;&#115;&#x68;i&#111;&#x6e;e&#101;&#x73;&#116;&#x69;&#64;&#103;&#x6d;a&#105;&#x6c;&#46;&#x63;&#x6f;&#109; tai soita 56 65 55 50.<\/p>\n<\/div><\/section>\n<\/div><\/div><div class=\"flex_cell no_margin av_one_half  avia-builder-el-15  el_after_av_cell_one_half  avia-builder-el-last   avia-full-contain \"  style='height:500px; min-height:500px;background:url(https:\/\/www.kittlemood.ee\/wp-content\/uploads\/2021\/04\/DSC09028.jpg) center center no-repeat scroll #ffffff; vertical-align:top; padding:50px; background-color:#ffffff; ' ><div class='flex_cell_inner' ><\/div><\/div>\n<\/div><div id='after_submenu_3'  class='main_color av_default_container_wrap container_wrap sidebar_right' style=' '  ><div class='container' ><div class='template-page content  av-content-small alpha units'><div class='post-entry post-entry-type-page post-entry-10918'><div class='entry-content-wrapper clearfix'>\n<div  style=' margin-top:0px; margin-bottom:0px;'  class='hr hr-custom hr-center hr-icon-yes   avia-builder-el-16  el_after_av_layout_row  el_before_av_layout_row  avia-builder-el-no-sibling '><span class='hr-inner  inner-border-av-border-thin' style=' width:50px; max-width:45%;' ><span class='hr-inner-style'><\/span><\/span><span class='av-seperator-icon'  aria-hidden='true' data-av_icon='\ue807' data-av_iconfont='entypo-fontello'><\/span><span class='hr-inner  inner-border-av-border-thin' style=' width:50px; max-width:45%;' ><span class='hr-inner-style'><\/span><\/span><\/div>\n<\/div><\/div><\/div><!-- close content main div --><\/div><\/div><div id='av-layout-grid-4'  class='av-layout-grid-container entry-content-wrapper main_color av-flex-cells     avia-builder-el-17  el_after_av_hr  avia-builder-el-last  submenu-not-first container_wrap sidebar_right' style=' '  >\n<div class=\"flex_cell no_margin av_one_half  avia-builder-el-18  el_before_av_cell_one_half  avia-builder-el-first   avia-full-contain \"  style='height:500px; min-height:500px;background:url(https:\/\/www.kittlemood.ee\/wp-content\/uploads\/2021\/11\/DSC08318-1.jpg) center center no-repeat scroll #ffffff; vertical-align:middle; padding:50px; background-color:#ffffff; ' ><div class='flex_cell_inner' ><\/div><\/div><div class=\"flex_cell no_margin av_one_half  avia-builder-el-19  el_after_av_cell_one_half  avia-builder-el-last   avia-full-contain \"  style='height:500px; min-height:500px;background:url(https:\/\/www.kittlemood.ee\/wp-content\/uploads\/2021\/11\/DSC08319.jpg) center center no-repeat scroll #ffffff; vertical-align:middle; padding:30px; background-color:#ffffff; ' ><div class='flex_cell_inner' ><\/div><\/div>\n<\/div>\n","protected":false},"excerpt":{"rendered":"","protected":false},"author":2,"featured_media":0,"parent":0,"menu_order":0,"comment_status":"closed","ping_status":"closed","template":"","meta":{"om_disable_all_campaigns":false,"footnotes":""},"class_list":["post-10918","page","type-page","status-publish","hentry"],"yoast_head":"<!-- This site is optimized with the Yoast SEO plugin v26.9 - https:\/\/yoast.com\/product\/yoast-seo-wordpress\/ -->\n<title>Ty\u00f6asut | Kittle Mood<\/title>\n<meta name=\"description\" content=\"Kauniit ja tyylikk\u00e4\u00e4t mekot. Mekossa on aina taskut, joihin mahtuu mukavasti kaikki tarpeellinen! Tilaa ty\u00f6ntekij\u00f6illesi virkapuvut ja ty\u00f6asut!\" \/>\n<meta name=\"robots\" content=\"index, follow, max-snippet:-1, max-image-preview:large, max-video-preview:-1\" \/>\n<link rel=\"canonical\" href=\"https:\/\/www.kittlemood.ee\/fi\/mekot\/\" \/>\n<meta property=\"og:locale\" content=\"fi_FI\" \/>\n<meta property=\"og:type\" content=\"article\" \/>\n<meta property=\"og:title\" content=\"Ty\u00f6asut | Kittle Mood\" \/>\n<meta property=\"og:description\" content=\"Kauniit ja tyylikk\u00e4\u00e4t mekot. Mekossa on aina taskut, joihin mahtuu mukavasti kaikki tarpeellinen! Tilaa ty\u00f6ntekij\u00f6illesi virkapuvut ja ty\u00f6asut!\" \/>\n<meta property=\"og:url\" content=\"https:\/\/www.kittlemood.ee\/fi\/mekot\/\" \/>\n<meta property=\"og:site_name\" content=\"Kittle Mood\" \/>\n<meta property=\"article:publisher\" content=\"https:\/\/www.facebook.com\/KittleMood-100617121748728\/\" \/>\n<meta property=\"article:modified_time\" content=\"2023-07-27T14:29:19+00:00\" \/>\n<meta name=\"twitter:card\" content=\"summary_large_image\" \/>\n<meta name=\"twitter:label1\" content=\"Arvioitu lukuaika\" \/>\n\t<meta name=\"twitter:data1\" content=\"4 minuuttia\" \/>\n<script type=\"application\/ld+json\" class=\"yoast-schema-graph\">{\"@context\":\"https:\/\/schema.org\",\"@graph\":[{\"@type\":\"WebPage\",\"@id\":\"https:\/\/www.kittlemood.ee\/fi\/mekot\/\",\"url\":\"https:\/\/www.kittlemood.ee\/fi\/mekot\/\",\"name\":\"Ty\u00f6asut | Kittle Mood\",\"isPartOf\":{\"@id\":\"https:\/\/www.kittlemood.ee\/#website\"},\"datePublished\":\"2023-04-18T05:52:19+00:00\",\"dateModified\":\"2023-07-27T14:29:19+00:00\",\"description\":\"Kauniit ja tyylikk\u00e4\u00e4t mekot. Mekossa on aina taskut, joihin mahtuu mukavasti kaikki tarpeellinen! Tilaa ty\u00f6ntekij\u00f6illesi virkapuvut ja ty\u00f6asut!\",\"breadcrumb\":{\"@id\":\"https:\/\/www.kittlemood.ee\/fi\/mekot\/#breadcrumb\"},\"inLanguage\":\"fi\",\"potentialAction\":[{\"@type\":\"ReadAction\",\"target\":[\"https:\/\/www.kittlemood.ee\/fi\/mekot\/\"]}]},{\"@type\":\"BreadcrumbList\",\"@id\":\"https:\/\/www.kittlemood.ee\/fi\/mekot\/#breadcrumb\",\"itemListElement\":[{\"@type\":\"ListItem\",\"position\":1,\"name\":\"Home\",\"item\":\"https:\/\/www.kittlemood.ee\/avaleht-2\/\"},{\"@type\":\"ListItem\",\"position\":2,\"name\":\"Ty\u00f6asut\"}]},{\"@type\":\"WebSite\",\"@id\":\"https:\/\/www.kittlemood.ee\/#website\",\"url\":\"https:\/\/www.kittlemood.ee\/\",\"name\":\"Kittle Mood\",\"description\":\"Ajatud ja stiilsed kleidid\",\"publisher\":{\"@id\":\"https:\/\/www.kittlemood.ee\/#organization\"},\"potentialAction\":[{\"@type\":\"SearchAction\",\"target\":{\"@type\":\"EntryPoint\",\"urlTemplate\":\"https:\/\/www.kittlemood.ee\/?s={search_term_string}\"},\"query-input\":{\"@type\":\"PropertyValueSpecification\",\"valueRequired\":true,\"valueName\":\"search_term_string\"}}],\"inLanguage\":\"fi\"},{\"@type\":\"Organization\",\"@id\":\"https:\/\/www.kittlemood.ee\/#organization\",\"name\":\"Kittle Mood O\u00dc\",\"url\":\"https:\/\/www.kittlemood.ee\/\",\"logo\":{\"@type\":\"ImageObject\",\"inLanguage\":\"fi\",\"@id\":\"https:\/\/www.kittlemood.ee\/#\/schema\/logo\/image\/\",\"url\":\"https:\/\/www.kittlemood.ee\/wp-content\/uploads\/2021\/03\/logo3.png\",\"contentUrl\":\"https:\/\/www.kittlemood.ee\/wp-content\/uploads\/2021\/03\/logo3.png\",\"width\":644,\"height\":352,\"caption\":\"Kittle Mood O\u00dc\"},\"image\":{\"@id\":\"https:\/\/www.kittlemood.ee\/#\/schema\/logo\/image\/\"},\"sameAs\":[\"https:\/\/www.facebook.com\/KittleMood-100617121748728\/\",\"https:\/\/www.instagram.com\/kittlemood\/\"]}]}<\/script>\n<!-- \/ Yoast SEO plugin. -->","yoast_head_json":{"title":"Ty\u00f6asut | Kittle Mood","description":"Kauniit ja tyylikk\u00e4\u00e4t mekot. Mekossa on aina taskut, joihin mahtuu mukavasti kaikki tarpeellinen! Tilaa ty\u00f6ntekij\u00f6illesi virkapuvut ja ty\u00f6asut!","robots":{"index":"index","follow":"follow","max-snippet":"max-snippet:-1","max-image-preview":"max-image-preview:large","max-video-preview":"max-video-preview:-1"},"canonical":"https:\/\/www.kittlemood.ee\/fi\/mekot\/","og_locale":"fi_FI","og_type":"article","og_title":"Ty\u00f6asut | Kittle Mood","og_description":"Kauniit ja tyylikk\u00e4\u00e4t mekot. Mekossa on aina taskut, joihin mahtuu mukavasti kaikki tarpeellinen! Tilaa ty\u00f6ntekij\u00f6illesi virkapuvut ja ty\u00f6asut!","og_url":"https:\/\/www.kittlemood.ee\/fi\/mekot\/","og_site_name":"Kittle Mood","article_publisher":"https:\/\/www.facebook.com\/KittleMood-100617121748728\/","article_modified_time":"2023-07-27T14:29:19+00:00","twitter_card":"summary_large_image","twitter_misc":{"Arvioitu lukuaika":"4 minuuttia"},"schema":{"@context":"https:\/\/schema.org","@graph":[{"@type":"WebPage","@id":"https:\/\/www.kittlemood.ee\/fi\/mekot\/","url":"https:\/\/www.kittlemood.ee\/fi\/mekot\/","name":"Ty\u00f6asut | Kittle Mood","isPartOf":{"@id":"https:\/\/www.kittlemood.ee\/#website"},"datePublished":"2023-04-18T05:52:19+00:00","dateModified":"2023-07-27T14:29:19+00:00","description":"Kauniit ja tyylikk\u00e4\u00e4t mekot. Mekossa on aina taskut, joihin mahtuu mukavasti kaikki tarpeellinen! Tilaa ty\u00f6ntekij\u00f6illesi virkapuvut ja ty\u00f6asut!","breadcrumb":{"@id":"https:\/\/www.kittlemood.ee\/fi\/mekot\/#breadcrumb"},"inLanguage":"fi","potentialAction":[{"@type":"ReadAction","target":["https:\/\/www.kittlemood.ee\/fi\/mekot\/"]}]},{"@type":"BreadcrumbList","@id":"https:\/\/www.kittlemood.ee\/fi\/mekot\/#breadcrumb","itemListElement":[{"@type":"ListItem","position":1,"name":"Home","item":"https:\/\/www.kittlemood.ee\/avaleht-2\/"},{"@type":"ListItem","position":2,"name":"Ty\u00f6asut"}]},{"@type":"WebSite","@id":"https:\/\/www.kittlemood.ee\/#website","url":"https:\/\/www.kittlemood.ee\/","name":"Kittle Mood","description":"Ajatud ja stiilsed kleidid","publisher":{"@id":"https:\/\/www.kittlemood.ee\/#organization"},"potentialAction":[{"@type":"SearchAction","target":{"@type":"EntryPoint","urlTemplate":"https:\/\/www.kittlemood.ee\/?s={search_term_string}"},"query-input":{"@type":"PropertyValueSpecification","valueRequired":true,"valueName":"search_term_string"}}],"inLanguage":"fi"},{"@type":"Organization","@id":"https:\/\/www.kittlemood.ee\/#organization","name":"Kittle Mood O\u00dc","url":"https:\/\/www.kittlemood.ee\/","logo":{"@type":"ImageObject","inLanguage":"fi","@id":"https:\/\/www.kittlemood.ee\/#\/schema\/logo\/image\/","url":"https:\/\/www.kittlemood.ee\/wp-content\/uploads\/2021\/03\/logo3.png","contentUrl":"https:\/\/www.kittlemood.ee\/wp-content\/uploads\/2021\/03\/logo3.png","width":644,"height":352,"caption":"Kittle Mood O\u00dc"},"image":{"@id":"https:\/\/www.kittlemood.ee\/#\/schema\/logo\/image\/"},"sameAs":["https:\/\/www.facebook.com\/KittleMood-100617121748728\/","https:\/\/www.instagram.com\/kittlemood\/"]}]}},"_links":{"self":[{"href":"https:\/\/www.kittlemood.ee\/fi\/wp-json\/wp\/v2\/pages\/10918","targetHints":{"allow":["GET"]}}],"collection":[{"href":"https:\/\/www.kittlemood.ee\/fi\/wp-json\/wp\/v2\/pages"}],"about":[{"href":"https:\/\/www.kittlemood.ee\/fi\/wp-json\/wp\/v2\/types\/page"}],"author":[{"embeddable":true,"href":"https:\/\/www.kittlemood.ee\/fi\/wp-json\/wp\/v2\/users\/2"}],"replies":[{"embeddable":true,"href":"https:\/\/www.kittlemood.ee\/fi\/wp-json\/wp\/v2\/comments?post=10918"}],"version-history":[{"count":11,"href":"https:\/\/www.kittlemood.ee\/fi\/wp-json\/wp\/v2\/pages\/10918\/revisions"}],"predecessor-version":[{"id":11590,"href":"https:\/\/www.kittlemood.ee\/fi\/wp-json\/wp\/v2\/pages\/10918\/revisions\/11590"}],"wp:attachment":[{"href":"https:\/\/www.kittlemood.ee\/fi\/wp-json\/wp\/v2\/media?parent=10918"}],"curies":[{"name":"wp","href":"https:\/\/api.w.org\/{rel}","templated":true}]}}