{"id":10913,"date":"2023-04-18T08:52:17","date_gmt":"2023-04-18T05:52:17","guid":{"rendered":"https:\/\/www.kittlemood.ee\/tietosuojakaytanto\/"},"modified":"2023-09-05T15:14:37","modified_gmt":"2023-09-05T12:14:37","slug":"tietosuojakaytanto","status":"publish","type":"page","link":"https:\/\/www.kittlemood.ee\/fi\/tietosuojakaytanto\/","title":{"rendered":"Tietosuojaseloste"},"content":{"rendered":"<p><b>TIETOSUOJAPOLITIIKKA<\/b><\/p>\n<p>&nbsp;<\/p>\n<ol>\n<li><b>  M\u00c4\u00c4RITELM\u00c4T<\/b><\/li>\n<\/ol>\n<p><span style=\"font-weight: 400;\">1.1. Myyj\u00e4 &#8211; O\u00dc Kittlefashion (rekister\u00f6intikoodi) <\/span><span style=\"font-weight: 400;\">16085582<\/span><span style=\"font-weight: 400;\">), A.Weizenbergi 19, 10150 Tallinna, Viro. Asiakaspalvelun yhteystiedot  <\/span><span style=\"font-weight: 400;\">k&#105;&#x74;&#x74;l&#101;&#102;&#x61;&#x73;h&#105;&#x6f;&#x6e;e&#101;&#115;&#x74;&#x69;&#64;&#103;&#x6d;&#x61;i&#108;&#46;&#x63;&#x6f;m <\/span><span style=\"font-weight: 400;\">j\u00e4ljemp\u00e4n\u00e4 &#8217;KittleMood&#8217;.<\/span><\/p>\n<p><span style=\"font-weight: 400;\">1.2. KittleMood verkkokauppa &#8211; s\u00e4hk\u00f6inen kauppa osoitteessa www.kittlemood.ee;<\/span><\/p>\n<p><span style=\"font-weight: 400;\">1.3. Asiakas &#8211; t\u00e4ysi-ik\u00e4inen luonnollinen henkil\u00f6, jonka toimintaa ei ole rajoitettu voimassa olevalla tuomioistuimen p\u00e4\u00e4t\u00f6ksell\u00e4, tai oikeushenkil\u00f6;<\/span><\/p>\n<p><span style=\"font-weight: 400;\">1.4. Yhteisty\u00f6kumppani &#8211; oikeushenkil\u00f6, joka tarjoaa tavaroita tai palveluja KittleMoodin verkkokaupassa;<\/span><\/p>\n<p><span style=\"font-weight: 400;\">1.5. KittleMood-tilit &#8211; KittleMoodin tilit sosiaalisissa verkostoissa, kuten Facebookissa, Twitteriss\u00e4, LinkedIniss\u00e4 jne., jotka tarjoavat tietoa KittleMoodin tuotteista ja palveluista;<\/span><\/p>\n<p><span style=\"font-weight: 400;\">1.6. Palvelut &#8211; kaikki KittleMoodin asiakkaalle tarjoamat palvelut;<\/span><\/p>\n<p><span style=\"font-weight: 400;\">1.7. Ev\u00e4ste on pieni tiedosto, joka l\u00e4hetet\u00e4\u00e4n KittleMoodin verkkokaupassa vierailevan asiakkaan laitteeseen. T\u00e4m\u00e4 m\u00e4\u00e4ritelm\u00e4 sis\u00e4lt\u00e4\u00e4 my\u00f6s ev\u00e4stetiedoston kaltaisten tiedostojen k\u00e4yt\u00f6n;<\/span><\/p>\n<p><span style=\"font-weight: 400;\">1.8. Tilausehdot &#8211; KittleMood verkkokaupan ehdot;.<\/span><\/p>\n<p><span style=\"font-weight: 400;\">1.9. Suoramarkkinointi &#8211; toimenpiteet, joiden tarkoituksena on tarjota KittleMoodin tavaroita ja palveluja asiakkaalle s\u00e4hk\u00f6postitse, puhelimitse tai muulla suoralla tavalla tai pyyt\u00e4\u00e4 asiakkaan mielipidett\u00e4 ehdotetuista tavaroista tai palveluista.<\/span><\/p>\n<ol start=\"2\">\n<li><b> Yleiset ehdot<\/b><\/li>\n<\/ol>\n<p><span style=\"font-weight: 400;\">2.1. Tietosuojak\u00e4yt\u00e4nn\u00f6n tarkoituksena on varmistaa asiakkaiden henkil\u00f6tietojen turvallisuus ja suojaaminen ja suojella heit\u00e4 henkil\u00f6tietojen laittomalta k\u00e4yt\u00f6lt\u00e4.<\/span><\/p>\n<p><span style=\"font-weight: 400;\">2.2.  <\/span> <span style=\"font-weight: 400;\">K\u00e4ytt\u00e4m\u00e4ll\u00e4 KittleMood.ee-verkkokauppaa asiakas vahvistaa, ett\u00e4 h\u00e4n hyv\u00e4ksyy t\u00e4m\u00e4n tietosuojak\u00e4yt\u00e4nn\u00f6n ja suostuu henkil\u00f6tietojensa k\u00e4sittelyyn. Tietosuojak\u00e4yt\u00e4nt\u00f6 on julkinen ja kaikkien saatavilla KittleMood.ee-sivustolla. Jokainen uusi asiakas, joka tekee myyntitapahtuman ensimm\u00e4ist\u00e4 kertaa KittleMoodin verkkokaupassa, vahvistaa suostumuksensa henkil\u00f6tietojen k\u00e4sittelyyn.<\/span><\/p>\n<p><span style=\"font-weight: 400;\">2.3.<\/span> <span style=\"font-weight: 400;\"> Asiakkaat voivat tehd\u00e4 ostoksia KittleMood-sivustolla rekister\u00f6itym\u00e4tt\u00e4. Rekister\u00f6im\u00e4tt\u00f6m\u00e4n oston yhteydess\u00e4 asiakas on velvollinen luovuttamaan myyj\u00e4lle seuraavat henkil\u00f6tiedot: etu- ja sukunimi, puhelinnumero, s\u00e4hk\u00f6postiosoite ja toimitusosoite. Asiakas on vastuussa luovuttamiensa henkil\u00f6tietojen oikeellisuudesta. <\/span><\/p>\n<p><span style=\"font-weight: 400;\">2.4. Myyj\u00e4n on ker\u00e4tt\u00e4v\u00e4 seuraavat asiakkaan henkil\u00f6tiedot seuraavia tarkoituksia varten:<\/span><\/p>\n<p><span style=\"font-weight: 400;\">2.4.1. S\u00e4hk\u00f6postiosoite &#8211; tarvitaan tilausvahvistuksen ja muiden ostettuihin tavaroihin liittyvien asiakirjojen (lasku, tekninen dokumentaatio, takuuasiakirjat jne.) l\u00e4hett\u00e4miseen asiakkaalle; yhteydenottoon asiakkaaseen tilausehdoissa m\u00e4\u00e4r\u00e4tyiss\u00e4 tapauksissa; suoramarkkinointitarjousten l\u00e4hett\u00e4miseen asiakkaan suostumuksella.<\/span><\/p>\n<p><span style=\"font-weight: 400;\">2.4.2. Puhelinnumero &#8211; tarvitaan, jotta asiakkaalle voidaan ilmoittaa tilauksen tilasta, mukaan lukien asiakkaan ilmoittaminen yhdess\u00e4 tilausnumeron kanssa, kun tavarat ovat valmiina toimitettavaksi pakettiautomaatin tai muun postipalvelun v\u00e4lityksell\u00e4; yhteydenotto asiakkaaseen tilausehdoissa m\u00e4\u00e4ritellyiss\u00e4 tapauksissa tai, jos k\u00e4ytet\u00e4\u00e4n kuriiripalvelua, tavaroiden toimituksen j\u00e4rjest\u00e4miseksi; ja asiakkaan suostumuksella suoramarkkinointitarjousten l\u00e4hett\u00e4miseksi.<\/span><\/p>\n<ol start=\"3\">\n<li><b> HENKIL\u00d6TIETOJEN S\u00c4ILYTT\u00c4MIST\u00c4 JA K\u00c4YTT\u00d6\u00c4 KOSKEVAT EHDOT<\/b><\/li>\n<\/ol>\n<p><span style=\"font-weight: 400;\">3.1. Myyj\u00e4 vahvistaa, ett\u00e4 asiakkaan henkil\u00f6tiedot ovat v\u00e4ltt\u00e4m\u00e4tt\u00f6mi\u00e4, jotta asiakas voi k\u00e4ytt\u00e4\u00e4 KittleMoodin palveluja (mukaan lukien oikeus osallistua kampanjoihin).<\/span><\/p>\n<p><span style=\"font-weight: 400;\">Myyj\u00e4 k\u00e4ytt\u00e4\u00e4 Asiakkaan henkil\u00f6tietoja palveluiden tarjoamiseen ja tavaroiden toimittamiseen, viestint\u00e4\u00e4n Asiakkaan kanssa ja suorituskyvyn analysointiin sek\u00e4, jos Asiakas on antanut siihen suostumuksensa, suoramarkkinointitarkoituksiin. <\/span><\/p>\n<p><span style=\"font-weight: 400;\">3.2. Myyj\u00e4 sitoutuu olemaan luovuttamatta Asiakkaan henkil\u00f6tietoja kolmansille osapuolille lukuun ottamatta seuraavia tapauksia:<\/span><\/p>\n<p><span style=\"font-weight: 400;\">3.2.1. jos asiakas suostuu henkil\u00f6tietojensa luovuttamiseen;<\/span><\/p>\n<p><span style=\"font-weight: 400;\">3.2.2. palvelun tarjoamiseksi tai tavaroiden tai palvelujen tilaamiseksi KittleMoodin yhteisty\u00f6kumppaneilta, jos asiakkaan henkil\u00f6tietoja tarvitaan toimitusta varten;<\/span><\/p>\n<p><span style=\"font-weight: 400;\">3.2.3 Viron tasavallan lainvalvontaviranomaisten m\u00e4\u00e4r\u00e4\u00e4m\u00e4ll\u00e4 tavalla;<\/span><\/p>\n<p><span style=\"font-weight: 400;\">3.3. Asiakkaalla on seuraavat oikeudet:<\/span><\/p>\n<p><span style=\"font-weight: 400;\">3.3.1. esitt\u00e4\u00e4 Myyj\u00e4lle kirjallisen pyynn\u00f6n luovuttaa Asiakkaalle Asiakkaasta t\u00e4h\u00e4n menness\u00e4 ker\u00e4tyt henkil\u00f6tiedot. Tiedot l\u00e4hetet\u00e4\u00e4n asiakkaan s\u00e4hk\u00f6postiosoitteeseen;<\/span><\/p>\n<p><span style=\"font-weight: 400;\">3.3.2. esitt\u00e4\u00e4 Myyj\u00e4lle kirjallisen pyynn\u00f6n saadakseen tietoja henkil\u00f6tietojensa ker\u00e4\u00e4misest\u00e4 ja selvitt\u00e4\u00e4, mihin tarkoituksiin niit\u00e4 k\u00e4sitell\u00e4\u00e4n ja kenelle h\u00e4nen tietojaan on luovutettu viimeisen vuoden aikana. Tiedot toimitetaan asiakkaalle s\u00e4hk\u00f6postitse;<\/span><\/p>\n<p><span style=\"font-weight: 400;\">3.3.3. l\u00e4hett\u00e4\u00e4 pyynn\u00f6n myyj\u00e4lle s\u00e4hk\u00f6postitse  <\/span><span style=\"font-weight: 400;\">&#x6b;&#x69;&#116;t&#x6c;&#x65;&#x66;&#97;s&#x68;&#x69;&#x6f;&#110;e&#x65;&#x73;&#x74;&#105;&#64;&#x67;&#x6d;&#x61;&#105;l&#x2e;&#x63;&#x6f;&#109; <\/span><span style=\"font-weight: 400;\">pyyt\u00e4\u00e4 tilisi peruuttamista tai henkil\u00f6tietojesi k\u00e4sittelyn keskeytt\u00e4mist\u00e4, jos henkil\u00f6tietojesi k\u00e4sittely rikkoo tietosuojaselosteessa asetettuja ehtoja ja Viron tasavallan lakeja;<\/span><\/p>\n<p><span style=\"font-weight: 400;\">3.3.4. olla suostumatta henkil\u00f6tietojen k\u00e4sittelyyn tietosuojaselosteessa esitetyll\u00e4 tavalla. T\u00e4ss\u00e4 tapauksessa asiakas ei voi ostaa tavaroita tai palveluita KittleMoodin verkkosivustolta;<\/span><\/p>\n<p><span style=\"font-weight: 400;\">3.4. Myyj\u00e4 s\u00e4ilytt\u00e4\u00e4 Asiakkaan tilaukseen liittyv\u00e4t tiedot seitsem\u00e4n (7) kalenterivuoden ajan Myyj\u00e4n oikeuksien ja velvollisuuksien sek\u00e4 Asiakkaan oikeuksien toteutumisen varmistamiseksi ostajana ja kuluttajana (esim. tavaroiden palauttaminen; takuu; tavaroiden takaisinveto; verolains\u00e4\u00e4d\u00e4nt\u00f6; henkil\u00f6iden esitt\u00e4mien vaatimusten maksamisen mahdollistaminen).<\/span><\/p>\n<p><span style=\"font-weight: 400;\">3.5. Varmistaakseen KittleMoodin palvelujen t\u00e4yden laadun KittleMood k\u00e4ytt\u00e4\u00e4 verkkosivuillaan ev\u00e4steit\u00e4. Ev\u00e4steet ovat pieni\u00e4 tekstitiedostoja, jotka verkkosivusto sijoittaa asiakkaan tietokoneelle tallentaakseen selaimen tietoja k\u00e4ytt\u00e4j\u00e4kokemuksen parantamiseksi. Niit\u00e4 k\u00e4ytet\u00e4\u00e4n tietojen ja tilastotietojen ker\u00e4\u00e4miseen, jotta asiakkaille voidaan tarjota heit\u00e4 kiinnostavaa sis\u00e4lt\u00f6\u00e4 ja yll\u00e4pit\u00e4\u00e4 vierailuhistoriaa. Hyv\u00e4ksym\u00e4ll\u00e4 tietosuojak\u00e4yt\u00e4nn\u00f6n asiakas hyv\u00e4ksyy, ett\u00e4 h\u00e4nen tietokoneelleen sijoitetaan ev\u00e4steit\u00e4. Asiakas voi peruuttaa suostumuksensa milloin tahansa.<\/span><\/p>\n<p>&nbsp;<\/p>\n","protected":false},"excerpt":{"rendered":"<p>TIETOSUOJAPOLITIIKKA &nbsp; M\u00c4\u00c4RITELM\u00c4T 1.1. Myyj\u00e4 &#8211; O\u00dc Kittlefashion (rekister\u00f6intikoodi) 16085582), A.Weizenbergi 19, 10150 Tallinna, Viro. Asiakaspalvelun yhteystiedot ki&#116;&#116;&#108;&#x65;&#x66;&#x61;&#x73;&#x68;io&#110;&#101;&#101;&#x73;&#x74;&#x69;&#x40;&#x67;ma&#105;&#108;&#46;&#x63;&#x6f;&#x6d; j\u00e4ljemp\u00e4n\u00e4 &#8217;KittleMood&#8217;. 1.2. KittleMood verkkokauppa &#8211; s\u00e4hk\u00f6inen kauppa osoitteessa www.kittlemood.ee; 1.3. Asiakas &#8211; t\u00e4ysi-ik\u00e4inen luonnollinen henkil\u00f6, jonka toimintaa ei ole rajoitettu voimassa olevalla tuomioistuimen p\u00e4\u00e4t\u00f6ksell\u00e4, tai oikeushenkil\u00f6; 1.4. Yhteisty\u00f6kumppani &#8211; oikeushenkil\u00f6, joka tarjoaa tavaroita tai palveluja KittleMoodin [&hellip;]<\/p>\n","protected":false},"author":1,"featured_media":0,"parent":0,"menu_order":8,"comment_status":"closed","ping_status":"closed","template":"","meta":{"om_disable_all_campaigns":false,"footnotes":""},"class_list":["post-10913","page","type-page","status-publish","hentry"],"yoast_head":"<!-- This site is optimized with the Yoast SEO plugin v26.9 - https:\/\/yoast.com\/product\/yoast-seo-wordpress\/ -->\n<title>Tietosuojaseloste | Kittle Mood<\/title>\n<meta name=\"robots\" content=\"index, follow, max-snippet:-1, max-image-preview:large, max-video-preview:-1\" \/>\n<link rel=\"canonical\" href=\"https:\/\/www.kittlemood.ee\/fi\/tietosuojakaytanto\/\" \/>\n<meta property=\"og:locale\" content=\"fi_FI\" \/>\n<meta property=\"og:type\" content=\"article\" \/>\n<meta property=\"og:title\" content=\"Tietosuojaseloste | Kittle Mood\" \/>\n<meta property=\"og:description\" content=\"TIETOSUOJAPOLITIIKKA &nbsp; M\u00c4\u00c4RITELM\u00c4T 1.1. Myyj\u00e4 &#8211; O\u00dc Kittlefashion (rekister\u00f6intikoodi) 16085582), A.Weizenbergi 19, 10150 Tallinna, Viro. Asiakaspalvelun yhteystiedot &#x6b;i&#x74;&#116;l&#x65;&#102;&#x61;&#x73;h&#x69;&#111;n&#x65;&#101;&#x73;&#116;i&#x40;&#103;m&#x61;&#105;&#x6c;&#046;c&#x6f;&#109; j\u00e4ljemp\u00e4n\u00e4 &#8217;KittleMood&#8217;. 1.2. KittleMood verkkokauppa &#8211; s\u00e4hk\u00f6inen kauppa osoitteessa www.kittlemood.ee; 1.3. Asiakas &#8211; t\u00e4ysi-ik\u00e4inen luonnollinen henkil\u00f6, jonka toimintaa ei ole rajoitettu voimassa olevalla tuomioistuimen p\u00e4\u00e4t\u00f6ksell\u00e4, tai oikeushenkil\u00f6; 1.4. Yhteisty\u00f6kumppani &#8211; oikeushenkil\u00f6, joka tarjoaa tavaroita tai palveluja KittleMoodin [&hellip;]\" \/>\n<meta property=\"og:url\" content=\"https:\/\/www.kittlemood.ee\/fi\/tietosuojakaytanto\/\" \/>\n<meta property=\"og:site_name\" content=\"Kittle Mood\" \/>\n<meta property=\"article:publisher\" content=\"https:\/\/www.facebook.com\/KittleMood-100617121748728\/\" \/>\n<meta property=\"article:modified_time\" content=\"2023-09-05T12:14:37+00:00\" \/>\n<meta name=\"twitter:card\" content=\"summary_large_image\" \/>\n<meta name=\"twitter:label1\" content=\"Arvioitu lukuaika\" \/>\n\t<meta name=\"twitter:data1\" content=\"4 minuuttia\" \/>\n<script type=\"application\/ld+json\" class=\"yoast-schema-graph\">{\"@context\":\"https:\/\/schema.org\",\"@graph\":[{\"@type\":\"WebPage\",\"@id\":\"https:\/\/www.kittlemood.ee\/fi\/tietosuojakaytanto\/\",\"url\":\"https:\/\/www.kittlemood.ee\/fi\/tietosuojakaytanto\/\",\"name\":\"Tietosuojaseloste | Kittle Mood\",\"isPartOf\":{\"@id\":\"https:\/\/www.kittlemood.ee\/#website\"},\"datePublished\":\"2023-04-18T05:52:17+00:00\",\"dateModified\":\"2023-09-05T12:14:37+00:00\",\"breadcrumb\":{\"@id\":\"https:\/\/www.kittlemood.ee\/fi\/tietosuojakaytanto\/#breadcrumb\"},\"inLanguage\":\"fi\",\"potentialAction\":[{\"@type\":\"ReadAction\",\"target\":[\"https:\/\/www.kittlemood.ee\/fi\/tietosuojakaytanto\/\"]}]},{\"@type\":\"BreadcrumbList\",\"@id\":\"https:\/\/www.kittlemood.ee\/fi\/tietosuojakaytanto\/#breadcrumb\",\"itemListElement\":[{\"@type\":\"ListItem\",\"position\":1,\"name\":\"Home\",\"item\":\"https:\/\/www.kittlemood.ee\/avaleht-2\/\"},{\"@type\":\"ListItem\",\"position\":2,\"name\":\"Tietosuojaseloste\"}]},{\"@type\":\"WebSite\",\"@id\":\"https:\/\/www.kittlemood.ee\/#website\",\"url\":\"https:\/\/www.kittlemood.ee\/\",\"name\":\"Kittle Mood\",\"description\":\"Ajatud ja stiilsed kleidid\",\"publisher\":{\"@id\":\"https:\/\/www.kittlemood.ee\/#organization\"},\"potentialAction\":[{\"@type\":\"SearchAction\",\"target\":{\"@type\":\"EntryPoint\",\"urlTemplate\":\"https:\/\/www.kittlemood.ee\/?s={search_term_string}\"},\"query-input\":{\"@type\":\"PropertyValueSpecification\",\"valueRequired\":true,\"valueName\":\"search_term_string\"}}],\"inLanguage\":\"fi\"},{\"@type\":\"Organization\",\"@id\":\"https:\/\/www.kittlemood.ee\/#organization\",\"name\":\"Kittle Mood O\u00dc\",\"url\":\"https:\/\/www.kittlemood.ee\/\",\"logo\":{\"@type\":\"ImageObject\",\"inLanguage\":\"fi\",\"@id\":\"https:\/\/www.kittlemood.ee\/#\/schema\/logo\/image\/\",\"url\":\"https:\/\/www.kittlemood.ee\/wp-content\/uploads\/2021\/03\/logo3.png\",\"contentUrl\":\"https:\/\/www.kittlemood.ee\/wp-content\/uploads\/2021\/03\/logo3.png\",\"width\":644,\"height\":352,\"caption\":\"Kittle Mood O\u00dc\"},\"image\":{\"@id\":\"https:\/\/www.kittlemood.ee\/#\/schema\/logo\/image\/\"},\"sameAs\":[\"https:\/\/www.facebook.com\/KittleMood-100617121748728\/\",\"https:\/\/www.instagram.com\/kittlemood\/\"]}]}<\/script>\n<!-- \/ Yoast SEO plugin. -->","yoast_head_json":{"title":"Tietosuojaseloste | Kittle Mood","robots":{"index":"index","follow":"follow","max-snippet":"max-snippet:-1","max-image-preview":"max-image-preview:large","max-video-preview":"max-video-preview:-1"},"canonical":"https:\/\/www.kittlemood.ee\/fi\/tietosuojakaytanto\/","og_locale":"fi_FI","og_type":"article","og_title":"Tietosuojaseloste | Kittle Mood","og_description":"TIETOSUOJAPOLITIIKKA &nbsp; M\u00c4\u00c4RITELM\u00c4T 1.1. Myyj\u00e4 &#8211; O\u00dc Kittlefashion (rekister\u00f6intikoodi) 16085582), A.Weizenbergi 19, 10150 Tallinna, Viro. Asiakaspalvelun yhteystiedot &#x6b;i&#x74;&#116;l&#x65;&#102;&#x61;&#x73;h&#x69;&#111;n&#x65;&#101;&#x73;&#116;i&#x40;&#103;m&#x61;&#105;&#x6c;&#46;c&#x6f;&#109; j\u00e4ljemp\u00e4n\u00e4 &#8217;KittleMood&#8217;. 1.2. KittleMood verkkokauppa &#8211; s\u00e4hk\u00f6inen kauppa osoitteessa www.kittlemood.ee; 1.3. Asiakas &#8211; t\u00e4ysi-ik\u00e4inen luonnollinen henkil\u00f6, jonka toimintaa ei ole rajoitettu voimassa olevalla tuomioistuimen p\u00e4\u00e4t\u00f6ksell\u00e4, tai oikeushenkil\u00f6; 1.4. Yhteisty\u00f6kumppani &#8211; oikeushenkil\u00f6, joka tarjoaa tavaroita tai palveluja KittleMoodin [&hellip;]","og_url":"https:\/\/www.kittlemood.ee\/fi\/tietosuojakaytanto\/","og_site_name":"Kittle Mood","article_publisher":"https:\/\/www.facebook.com\/KittleMood-100617121748728\/","article_modified_time":"2023-09-05T12:14:37+00:00","twitter_card":"summary_large_image","twitter_misc":{"Arvioitu lukuaika":"4 minuuttia"},"schema":{"@context":"https:\/\/schema.org","@graph":[{"@type":"WebPage","@id":"https:\/\/www.kittlemood.ee\/fi\/tietosuojakaytanto\/","url":"https:\/\/www.kittlemood.ee\/fi\/tietosuojakaytanto\/","name":"Tietosuojaseloste | Kittle Mood","isPartOf":{"@id":"https:\/\/www.kittlemood.ee\/#website"},"datePublished":"2023-04-18T05:52:17+00:00","dateModified":"2023-09-05T12:14:37+00:00","breadcrumb":{"@id":"https:\/\/www.kittlemood.ee\/fi\/tietosuojakaytanto\/#breadcrumb"},"inLanguage":"fi","potentialAction":[{"@type":"ReadAction","target":["https:\/\/www.kittlemood.ee\/fi\/tietosuojakaytanto\/"]}]},{"@type":"BreadcrumbList","@id":"https:\/\/www.kittlemood.ee\/fi\/tietosuojakaytanto\/#breadcrumb","itemListElement":[{"@type":"ListItem","position":1,"name":"Home","item":"https:\/\/www.kittlemood.ee\/avaleht-2\/"},{"@type":"ListItem","position":2,"name":"Tietosuojaseloste"}]},{"@type":"WebSite","@id":"https:\/\/www.kittlemood.ee\/#website","url":"https:\/\/www.kittlemood.ee\/","name":"Kittle Mood","description":"Ajatud ja stiilsed kleidid","publisher":{"@id":"https:\/\/www.kittlemood.ee\/#organization"},"potentialAction":[{"@type":"SearchAction","target":{"@type":"EntryPoint","urlTemplate":"https:\/\/www.kittlemood.ee\/?s={search_term_string}"},"query-input":{"@type":"PropertyValueSpecification","valueRequired":true,"valueName":"search_term_string"}}],"inLanguage":"fi"},{"@type":"Organization","@id":"https:\/\/www.kittlemood.ee\/#organization","name":"Kittle Mood O\u00dc","url":"https:\/\/www.kittlemood.ee\/","logo":{"@type":"ImageObject","inLanguage":"fi","@id":"https:\/\/www.kittlemood.ee\/#\/schema\/logo\/image\/","url":"https:\/\/www.kittlemood.ee\/wp-content\/uploads\/2021\/03\/logo3.png","contentUrl":"https:\/\/www.kittlemood.ee\/wp-content\/uploads\/2021\/03\/logo3.png","width":644,"height":352,"caption":"Kittle Mood O\u00dc"},"image":{"@id":"https:\/\/www.kittlemood.ee\/#\/schema\/logo\/image\/"},"sameAs":["https:\/\/www.facebook.com\/KittleMood-100617121748728\/","https:\/\/www.instagram.com\/kittlemood\/"]}]}},"_links":{"self":[{"href":"https:\/\/www.kittlemood.ee\/fi\/wp-json\/wp\/v2\/pages\/10913","targetHints":{"allow":["GET"]}}],"collection":[{"href":"https:\/\/www.kittlemood.ee\/fi\/wp-json\/wp\/v2\/pages"}],"about":[{"href":"https:\/\/www.kittlemood.ee\/fi\/wp-json\/wp\/v2\/types\/page"}],"author":[{"embeddable":true,"href":"https:\/\/www.kittlemood.ee\/fi\/wp-json\/wp\/v2\/users\/1"}],"replies":[{"embeddable":true,"href":"https:\/\/www.kittlemood.ee\/fi\/wp-json\/wp\/v2\/comments?post=10913"}],"version-history":[{"count":2,"href":"https:\/\/www.kittlemood.ee\/fi\/wp-json\/wp\/v2\/pages\/10913\/revisions"}],"predecessor-version":[{"id":11789,"href":"https:\/\/www.kittlemood.ee\/fi\/wp-json\/wp\/v2\/pages\/10913\/revisions\/11789"}],"wp:attachment":[{"href":"https:\/\/www.kittlemood.ee\/fi\/wp-json\/wp\/v2\/media?parent=10913"}],"curies":[{"name":"wp","href":"https:\/\/api.w.org\/{rel}","templated":true}]}}