{"id":10908,"date":"2023-04-18T08:52:17","date_gmt":"2023-04-18T05:52:17","guid":{"rendered":"https:\/\/www.kittlemood.ee\/myyntiehdot\/"},"modified":"2023-09-05T15:27:12","modified_gmt":"2023-09-05T12:27:12","slug":"myyntiehdot","status":"publish","type":"page","link":"https:\/\/www.kittlemood.ee\/fi\/myyntiehdot\/","title":{"rendered":"Myyntiehdot"},"content":{"rendered":"<p><b>MYYNTIEHDOT<\/b><\/p>\n<p><span style=\"font-weight: 400;\">Verkkokaupan kittlemood.ee (j\u00e4ljemp\u00e4n\u00e4 verkkokauppa) omistaja on O\u00dc Kittlefashion (rekisteritunnus <\/span><span style=\"font-weight: 400;\">16085582<\/span><span style=\"font-weight: 400;\">), joka sijaitsee osoitteessa A.Weizenbergi 19, 10150 Tallinna, Viro.<\/span><\/p>\n<p>&nbsp;<\/p>\n<p><b>Myyntisopimuksen voimassaolo, kaupalliset tiedot ja hintatiedot<\/b><\/p>\n<p><span style=\"font-weight: 400;\">Myyntiehdot koskevat tavaroiden ostamista verkkokaupasta.<\/span><\/p>\n<p><span style=\"font-weight: 400;\">Verkkokaupassa myyt\u00e4vien tuotteiden hinnat on ilmoitettu tuotteiden yhteydess\u00e4. Hintaan lis\u00e4t\u00e4\u00e4n toimitusmaksu. Kaikki verkkokaupassa myyt\u00e4vien tuotteiden hinnat ovat eurom\u00e4\u00e4r\u00e4isi\u00e4, eik\u00e4 niihin lis\u00e4t\u00e4 arvonlis\u00e4veroa.<\/span><\/p>\n<p><span style=\"font-weight: 400;\">Toimitusmaksu riippuu ostajan sijainnista ja toimitustavasta. Toimitusmaksu ilmoitetaan ostajalle tilauksen yhteydess\u00e4.<\/span><\/p>\n<p><span style=\"font-weight: 400;\">Tietoa tavaroista on verkkokaupassa suoraan tavaran vieress\u00e4.<\/span><\/p>\n<p>&nbsp;<\/p>\n<p><b>Tilauksen tekeminen<\/b><\/p>\n<p><span style=\"font-weight: 400;\">Tilausta varten sinun on lis\u00e4tt\u00e4v\u00e4 haluamasi tuotteet ostoskoriin. Ostoskori luodaan, kun olet klikannut &#8221;Lis\u00e4\u00e4 ostoskoriin&#8221; -painiketta. Klikkaamalla &#8221;Ostoskori&#8221; n\u00e4et koko ostoskorisi ja maksettavan summan.<\/span><\/p>\n<p><span style=\"font-weight: 400;\">Voit muuttaa ostoskorissa olevien tuotteiden m\u00e4\u00e4r\u00e4\u00e4. Voit my\u00f6s muuttaa tilaamiesi tuotteiden m\u00e4\u00e4r\u00e4\u00e4. Vahvista muutos painamalla &#8221;P\u00e4ivit\u00e4 ostoskori&#8221; -painiketta. Jatka tilauksen tekemist\u00e4 painamalla &#8221;Siirry maksuun&#8221; -painiketta. Sinut ohjataan tilaajan tiedot -sivulle.<\/span><\/p>\n<p><span style=\"font-weight: 400;\">Kirjoita tilauksen tiedot -sivulla tarvittavat tiedot ja haluamasi toimitustapa ja napsauta &#8221;Tee tilaus&#8221; -painiketta. Sinua ohjataan maksamaan.<\/span><\/p>\n<p><span style=\"font-weight: 400;\">Ole huolellinen t\u00e4ytt\u00e4ess\u00e4si tilauksen yksityiskohtien ja tilausvahvistussivujen kentti\u00e4, sill\u00e4 n\u00e4iden tietojen tarkkuus ja oikeellisuus on ratkaisevan t\u00e4rke\u00e4\u00e4 ostamiesi tuotteiden nopean ja h\u00e4iri\u00f6tt\u00f6m\u00e4n toimituksen kannalta.<\/span><\/p>\n<p><span style=\"font-weight: 400;\">Tuotteiden myyntisopimus katsotaan tehdyksi (sopimuksen voimaantulo) siit\u00e4 hetkest\u00e4, kun tilausvahvistuksen mukainen raham\u00e4\u00e4r\u00e4 on saapunut O\u00dc Kittlefashionin k\u00e4ytt\u00f6tilille.<\/span><\/p>\n<p><span style=\"font-weight: 400;\">Verkossa tehdyt tilaukset t\u00e4ytet\u00e4\u00e4n mahdollisimman pian, mutta enint\u00e4\u00e4n 14 ty\u00f6p\u00e4iv\u00e4n kuluessa, riippuen ostettavien tavaroiden saatavuudesta.<\/span><\/p>\n<p>&nbsp;<\/p>\n<p><b>Tuotteiden maksaminen<\/b><\/p>\n<p><span style=\"font-weight: 400;\">Jos haluat suorittaa maksun, valitse haluamasi maksutapa kassasivulla.<\/span><\/p>\n<p><span style=\"font-weight: 400;\">Tuotteet on mahdollista maksaa pankkisiirrolla (Swedbank, SEB, Luminor, LHV, Coop Bank, Citadele) tai maksukortilla (Maestro, Visa ja MasterCard).<\/span><\/p>\n<p><span style=\"font-weight: 400;\">Kun maksat pankkisiirrolla, muista klikata &#8221;Takaisin kauppiaalle&#8221; -painiketta pankkisivulla \u00e4l\u00e4k\u00e4 sulje online-ikkunaa ennen uudelleenohjausta. Maksuja v\u00e4litt\u00e4\u00e4 LHV Pank AS.<\/span><\/p>\n<p><span style=\"font-weight: 400;\">Tilaus peruutetaan, jos ostosummaa ei hyvitet\u00e4 O\u00dc Kittlefashionin pankkitilille 5 p\u00e4iv\u00e4n kuluessa.<\/span><\/p>\n<p><span style=\"font-weight: 400;\">Jos tilaus peruutetaan tai ostettu tuote palautetaan, ostosumma palautetaan tilauksen yhteydess\u00e4 valitun maksutavan mukaisesti. Siirretty summa hyvitet\u00e4\u00e4n takaisin tilille, jolta maksu vastaanotettiin.<\/span><\/p>\n<p><span style=\"font-weight: 400;\">Jos tilattuja tavaroita ei voida toimittaa toimitusajan umpeutumisen tai muun syyn vuoksi, ostajalle ilmoitetaan asiasta mahdollisimman pian ja maksetut rahat (toimituskulut mukaan lukien) palautetaan v\u00e4litt\u00f6m\u00e4sti, kuitenkin viimeist\u00e4\u00e4n 14 p\u00e4iv\u00e4n kuluttua ilmoituksesta.<\/span><\/p>\n<p>&nbsp;<\/p>\n<p><b>Toimitus osoitteeseen<\/b><\/p>\n<p><span style=\"font-weight: 400;\">Tavarat l\u00e4hetet\u00e4\u00e4n seuraaviin maihin: EU:n j\u00e4senmaat ja Yhdistynyt kuningaskunta.<\/span><\/p>\n<p><span style=\"font-weight: 400;\">Ostaja voi noutaa tavaran valitsemalla eri pakettiautomaattikumppaneiden v\u00e4lill\u00e4.<\/span><\/p>\n<p><span style=\"font-weight: 400;\">Ostaja vastaa toimituskuluista, ja vastaavat hintatiedot n\u00e4kyv\u00e4t toimitustavan yhteydess\u00e4.<\/span><\/p>\n<p>&nbsp;<\/p>\n<p><b>Peruuttamisoikeus<\/b><\/p>\n<p><span style=\"font-weight: 400;\">Tilauksen vastaanottamisen j\u00e4lkeen ostajalla on oikeus peruuttaa verkkokaupan kanssa tehty sopimus 14 p\u00e4iv\u00e4n kuluessa. Tilaustuotteisiin ei sovelleta peruuttamisoikeutta.<\/span><\/p>\n<p><span style=\"font-weight: 400;\">Peruuttamisoikeutta ei sovelleta, jos ostaja on oikeushenkil\u00f6.<\/span><\/p>\n<p><span style=\"font-weight: 400;\">14 p\u00e4iv\u00e4n peruuttamisoikeuden k\u00e4ytt\u00e4miseksi tilattuja tavaroita ei saa k\u00e4ytt\u00e4\u00e4 muulla tavoin kuin on tarpeen tavaroiden luonteen, ominaisuuksien ja toiminnan selvitt\u00e4miseksi samalla tavalla kuin on sallittua tavaroiden testaamiseksi fyysisess\u00e4 myym\u00e4l\u00e4ss\u00e4.<\/span><\/p>\n<p><span style=\"font-weight: 400;\">Jos tavaroita on k\u00e4ytetty muuhun kuin tavaran luonteen, ominaisuuksien ja toiminnan selvitt\u00e4miseen tarvittavaan tarkoitukseen tai jos tavaroissa on k\u00e4yt\u00f6n tai kulumisen merkkej\u00e4, verkkokaupalla on oikeus alentaa palautettavaa maksua tavaran arvon alenemisen mukaisesti.<\/span><\/p>\n<p><span style=\"font-weight: 400;\">Palauttaaksesi tavarat sinun on l\u00e4hetett\u00e4v\u00e4 peruutuslomake seuraavaan s\u00e4hk\u00f6postiosoitteeseen. <\/span><span style=\"font-weight: 400;\">&#x6b;&#105;t&#x74;&#108;e&#x66;&#97;s&#x68;&#105;o&#x6e;&#101;e&#x73;&#x74;i&#x40;&#x67;&#109;&#x61;&#x69;&#108;&#x2e;&#x63;&#111;m<\/span><span style=\"font-weight: 400;\"> viimeist\u00e4\u00e4n 14 p\u00e4iv\u00e4n kuluessa tavaroiden vastaanottamisesta.<\/span><\/p>\n<p><span style=\"font-weight: 400;\">Ostajan on palautettava tavarat 14 p\u00e4iv\u00e4n kuluessa hakemuksen j\u00e4tt\u00e4misest\u00e4 tai todistettava, ett\u00e4 h\u00e4n on luovuttanut ne rahdinkuljettajalle kyseisen ajan kuluessa.<\/span><\/p>\n<p><span style=\"font-weight: 400;\">Verkkokauppa palauttaa palautetun tavaran saatuaan ostajalle v\u00e4litt\u00f6m\u00e4sti, mutta viimeist\u00e4\u00e4n 14 p\u00e4iv\u00e4n kuluessa peruutuksen vastaanottamisesta, kaikki ostajalta sopimuksen perusteella saadut maksut.<\/span><\/p>\n<p><span style=\"font-weight: 400;\">Verkkokauppa voi kielt\u00e4yty\u00e4 palautuksesta ennen kuin se on vastaanottanut sopimuksen kohteena olevat tavarat tai ennen kuin ostaja on todistanut palauttaneensa tavarat, riippuen siit\u00e4, kumpi ajankohta on aikaisempi.<\/span><\/p>\n<p><span style=\"font-weight: 400;\">Ostaja vastaa tavaroiden palauttamisesta aiheutuvista kuljetuskustannuksista.<\/span><\/p>\n<p><span style=\"font-weight: 400;\">Verkkokaupalla on oikeus peruuttaa myyntitapahtuma ja vaatia ostajalta tavaran palauttamista, jos tavaran hinta verkkokaupassa on virheest\u00e4 johtuen merkitty huomattavasti alle tavaran markkinahinnan.<\/span><\/p>\n<p>&nbsp;<\/p>\n<p><b>Oikeus tehd\u00e4 valitus<\/b><\/p>\n<p><span style=\"font-weight: 400;\">Jos kyseess\u00e4 on virhe, ostajalla on oikeus ottaa yhteytt\u00e4 verkkokauppaan viimeist\u00e4\u00e4n 14 p\u00e4iv\u00e4n kuluessa l\u00e4hett\u00e4m\u00e4ll\u00e4 s\u00e4hk\u00f6postia osoitteeseen. <\/span><span style=\"font-weight: 400;\">&#x6b;&#105;&#x74;&#x74;&#108;&#x65;&#x66;&#97;&#x73;&#x68;&#105;&#x6f;&#x6e;e&#x65;&#x73;t&#x69;&#64;g&#x6d;&#97;i&#x6c;&#46;c&#x6f;&#109;<\/span><\/p>\n<p><span style=\"font-weight: 400;\">Verkkokauppa ei vastaa virheist\u00e4, jotka ilmenev\u00e4t sen j\u00e4lkeen, kun tavarat on toimitettu ostajalle.<\/span><\/p>\n<p><span style=\"font-weight: 400;\">Jos Verkkokaupasta ostetuissa tavaroissa on virheit\u00e4, joista Verkkokauppa on vastuussa, Verkkokauppa korjaa tai vaihtaa vialliset tavarat. Jos tavaraa ei ole mahdollista korjata tai vaihtaa, verkkokauppa palauttaa ostajalle kaikki kauppasopimukseen liittyv\u00e4t maksut.<\/span><\/p>\n<p><span style=\"font-weight: 400;\">Verkkokaupan on vastattava kuluttajan valitukseen kirjallisesti tai kirjallisesti toistettavassa muodossa 15 p\u00e4iv\u00e4n kuluessa.<\/span><\/p>\n<p>&nbsp;<\/p>\n<p><b>Suoramarkkinointi ja henkil\u00f6tietojen k\u00e4sittely<\/b><\/p>\n<p><span style=\"font-weight: 400;\">Verkkokaupan henkil\u00f6tietojen rekisterinpit\u00e4j\u00e4 on O\u00dc Kittlefashion. M<\/span><span style=\"font-weight: 400;\">O\u00dc Kittlefashion siirt\u00e4\u00e4 palvelujen suorittamiseksi tarvittavat henkil\u00f6tiedot henkil\u00f6tietojen k\u00e4sittelij\u00e4lle LHV Pank AS:lle.<\/span><\/p>\n<p><span style=\"font-weight: 400;\">Henkil\u00f6tiedot ovat tietoja, joita O\u00dc Kittlefashion ker\u00e4\u00e4 ostoksen tai tilauksen t\u00e4ytt\u00e4miseksi tai asiakkaan yhteydenottoa varten.<\/span><\/p>\n<p><span style=\"font-weight: 400;\">Asiakkaan henkil\u00f6tietoja voidaan ker\u00e4t\u00e4 seuraavilla tavoilla: kun asiakas tekee ostoksen tai tilauksen verkkokaupassa tai s\u00e4hk\u00f6isess\u00e4 tilausymp\u00e4rist\u00f6ss\u00e4 (Facebook-tili).<\/span><\/p>\n<p>&nbsp;<\/p>\n<p><span style=\"font-weight: 400;\">O\u00dc Kittlefashion k\u00e4sittelee henkil\u00f6tietoja seuraaviin tarkoituksiin:<\/span><\/p>\n<p><span style=\"font-weight: 400;\">Myyntitapahtuman tai palvelun tarjoamisen (tilaukset mukaan lukien) yhteydess\u00e4;<\/span><\/p>\n<p><span style=\"font-weight: 400;\">Ota yhteytt\u00e4 asiakkaaseen;<\/span><\/p>\n<p><span style=\"font-weight: 400;\">Asiakassuhteen hoitaminen;<\/span><\/p>\n<p><span style=\"font-weight: 400;\">Toimitettavaksi;<\/span><\/p>\n<p><span style=\"font-weight: 400;\">Palvelun parantaminen.<\/span><\/p>\n<p><span style=\"font-weight: 400;\">K\u00e4sitellyt henkil\u00f6tiedot<\/span><\/p>\n<p>&nbsp;<\/p>\n<p><span style=\"font-weight: 400;\">Henkil\u00f6tiedot ovat mit\u00e4 tahansa tunnistettuun tai tunnistettavissa olevaan luonnolliseen henkil\u00f6\u00f6n liittyvi\u00e4 tietoja. O\u00dc Kittlefashion k\u00e4sittelee seuraavia henkil\u00f6tietoja:<\/span><\/p>\n<p><span style=\"font-weight: 400;\">Etu- ja sukunimi;<\/span><\/p>\n<p><span style=\"font-weight: 400;\">Puhelinnumero;<\/span><\/p>\n<p><span style=\"font-weight: 400;\">S\u00e4hk\u00f6postiosoite;<\/span><\/p>\n<p><span style=\"font-weight: 400;\">Postiosoite, toimitusosoite;<\/span><\/p>\n<p>&nbsp;<\/p>\n<p><span style=\"font-weight: 400;\">Asiakkaan oikeudet<\/span><\/p>\n<p><span style=\"font-weight: 400;\">Asiakkaan oikeudet suhteessa O\u00dc Kittlefashioniin henkil\u00f6tietojen osalta ovat:<\/span><\/p>\n<p><span style=\"font-weight: 400;\">Pyyd\u00e4 p\u00e4\u00e4sy\u00e4 henkil\u00f6tietoihisi;<\/span><\/p>\n<p><span style=\"font-weight: 400;\">Pyyd\u00e4 henkil\u00f6tietojesi korjaamista;<\/span><\/p>\n<p><span style=\"font-weight: 400;\">Pyyd\u00e4 henkil\u00f6tietojesi rajoittamista;<\/span><\/p>\n<p><span style=\"font-weight: 400;\">Pyyd\u00e4 henkil\u00f6tietojesi poistamista;<\/span><\/p>\n<p><span style=\"font-weight: 400;\">Pyyd\u00e4 henkil\u00f6tietojesi siirtoa;<\/span><\/p>\n<p><span style=\"font-weight: 400;\">peruuttaa aiemmin antamasi suostumus henkil\u00f6tietojen k\u00e4sittelyyn, jos se on perusteltua;<\/span><\/p>\n<p><span style=\"font-weight: 400;\">Tee valitus tietosuojaviranomaiselle (tietosuojavaltuutetulle, www.aki.ee , &#x69;&#110;f&#x6f;&#64;a&#x6b;&#105;&#46;&#x65;&#x65; ).<\/span><\/p>\n<p>&nbsp;<\/p>\n<p><b>Riitojen ratkaiseminen<\/b><\/p>\n<p><span style=\"font-weight: 400;\">Jos ostajalla on verkkokauppaa koskevia valituksia, ne on l\u00e4hetett\u00e4v\u00e4 s\u00e4hk\u00f6postitse seuraavaan osoitteeseen. <\/span><span style=\"font-weight: 400;\">&#x6b;&#x69;&#116;&#116;l&#x65;&#x66;&#x61;&#115;&#104;i&#x6f;&#x6e;&#x65;&#101;&#115;t&#x69;&#x40;&#x67;&#109;&#97;i&#x6c;&#x2e;&#x63;&#111;m<\/span><span style=\"font-weight: 400;\"> <\/span><\/p>\n<p><span style=\"font-weight: 400;\">Jos ostaja ja verkkokauppa eiv\u00e4t pysty ratkaisemaan riitaa sopimuksella, ostaja voi k\u00e4\u00e4nty\u00e4 kuluttajariitalautakunnan puoleen. Kuluttajariitalautakunta on toimivaltainen ratkaisemaan ostajan ja verkkokaupan v\u00e4lisest\u00e4 sopimuksesta johtuvat riidat. Ostajan valituksen tutkiminen on komissiolle maksutonta.<\/span><\/p>\n<p><span style=\"font-weight: 400;\">Ostaja voi k\u00e4\u00e4nty\u00e4 Euroopan unionin kuluttajariitojen ratkaisufoorumin<\/span> <a href=\"https:\/\/ec.europa.eu\/consumers\/odr\/main\/index.cfm?event=main.home2.show&amp;lng=ET\"><span style=\"font-weight: 400;\">puoleen<\/span><\/a><span style=\"font-weight: 400;\">.<\/span><\/p>\n","protected":false},"excerpt":{"rendered":"<p>MYYNTIEHDOT Verkkokaupan kittlemood.ee (j\u00e4ljemp\u00e4n\u00e4 verkkokauppa) omistaja on O\u00dc Kittlefashion (rekisteritunnus 16085582), joka sijaitsee osoitteessa A.Weizenbergi 19, 10150 Tallinna, Viro. &nbsp; Myyntisopimuksen voimassaolo, kaupalliset tiedot ja hintatiedot Myyntiehdot koskevat tavaroiden ostamista verkkokaupasta. Verkkokaupassa myyt\u00e4vien tuotteiden hinnat on ilmoitettu tuotteiden yhteydess\u00e4. Hintaan lis\u00e4t\u00e4\u00e4n toimitusmaksu. Kaikki verkkokaupassa myyt\u00e4vien tuotteiden hinnat ovat eurom\u00e4\u00e4r\u00e4isi\u00e4, eik\u00e4 niihin lis\u00e4t\u00e4 arvonlis\u00e4veroa. Toimitusmaksu riippuu [&hellip;]<\/p>\n","protected":false},"author":1,"featured_media":0,"parent":0,"menu_order":7,"comment_status":"closed","ping_status":"closed","template":"","meta":{"om_disable_all_campaigns":false,"footnotes":""},"class_list":["post-10908","page","type-page","status-publish","hentry"],"yoast_head":"<!-- This site is optimized with the Yoast SEO plugin v26.9 - https:\/\/yoast.com\/product\/yoast-seo-wordpress\/ -->\n<title>Myyntiehdot | Kittle Mood<\/title>\n<meta name=\"robots\" content=\"index, follow, max-snippet:-1, max-image-preview:large, max-video-preview:-1\" \/>\n<link rel=\"canonical\" href=\"https:\/\/www.kittlemood.ee\/fi\/myyntiehdot\/\" \/>\n<meta property=\"og:locale\" content=\"fi_FI\" \/>\n<meta property=\"og:type\" content=\"article\" \/>\n<meta property=\"og:title\" content=\"Myyntiehdot | Kittle Mood\" \/>\n<meta property=\"og:description\" content=\"MYYNTIEHDOT Verkkokaupan kittlemood.ee (j\u00e4ljemp\u00e4n\u00e4 verkkokauppa) omistaja on O\u00dc Kittlefashion (rekisteritunnus 16085582), joka sijaitsee osoitteessa A.Weizenbergi 19, 10150 Tallinna, Viro. &nbsp; Myyntisopimuksen voimassaolo, kaupalliset tiedot ja hintatiedot Myyntiehdot koskevat tavaroiden ostamista verkkokaupasta. Verkkokaupassa myyt\u00e4vien tuotteiden hinnat on ilmoitettu tuotteiden yhteydess\u00e4. Hintaan lis\u00e4t\u00e4\u00e4n toimitusmaksu. Kaikki verkkokaupassa myyt\u00e4vien tuotteiden hinnat ovat eurom\u00e4\u00e4r\u00e4isi\u00e4, eik\u00e4 niihin lis\u00e4t\u00e4 arvonlis\u00e4veroa. Toimitusmaksu riippuu [&hellip;]\" \/>\n<meta property=\"og:url\" content=\"https:\/\/www.kittlemood.ee\/fi\/myyntiehdot\/\" \/>\n<meta property=\"og:site_name\" content=\"Kittle Mood\" \/>\n<meta property=\"article:publisher\" content=\"https:\/\/www.facebook.com\/KittleMood-100617121748728\/\" \/>\n<meta property=\"article:modified_time\" content=\"2023-09-05T12:27:12+00:00\" \/>\n<meta name=\"twitter:card\" content=\"summary_large_image\" \/>\n<meta name=\"twitter:label1\" content=\"Arvioitu lukuaika\" \/>\n\t<meta name=\"twitter:data1\" content=\"5 minuuttia\" \/>\n<script type=\"application\/ld+json\" class=\"yoast-schema-graph\">{\"@context\":\"https:\/\/schema.org\",\"@graph\":[{\"@type\":\"WebPage\",\"@id\":\"https:\/\/www.kittlemood.ee\/fi\/myyntiehdot\/\",\"url\":\"https:\/\/www.kittlemood.ee\/fi\/myyntiehdot\/\",\"name\":\"Myyntiehdot | Kittle Mood\",\"isPartOf\":{\"@id\":\"https:\/\/www.kittlemood.ee\/#website\"},\"datePublished\":\"2023-04-18T05:52:17+00:00\",\"dateModified\":\"2023-09-05T12:27:12+00:00\",\"breadcrumb\":{\"@id\":\"https:\/\/www.kittlemood.ee\/fi\/myyntiehdot\/#breadcrumb\"},\"inLanguage\":\"fi\",\"potentialAction\":[{\"@type\":\"ReadAction\",\"target\":[\"https:\/\/www.kittlemood.ee\/fi\/myyntiehdot\/\"]}]},{\"@type\":\"BreadcrumbList\",\"@id\":\"https:\/\/www.kittlemood.ee\/fi\/myyntiehdot\/#breadcrumb\",\"itemListElement\":[{\"@type\":\"ListItem\",\"position\":1,\"name\":\"Home\",\"item\":\"https:\/\/www.kittlemood.ee\/avaleht-2\/\"},{\"@type\":\"ListItem\",\"position\":2,\"name\":\"Myyntiehdot\"}]},{\"@type\":\"WebSite\",\"@id\":\"https:\/\/www.kittlemood.ee\/#website\",\"url\":\"https:\/\/www.kittlemood.ee\/\",\"name\":\"Kittle Mood\",\"description\":\"Ajatud ja stiilsed kleidid\",\"publisher\":{\"@id\":\"https:\/\/www.kittlemood.ee\/#organization\"},\"potentialAction\":[{\"@type\":\"SearchAction\",\"target\":{\"@type\":\"EntryPoint\",\"urlTemplate\":\"https:\/\/www.kittlemood.ee\/?s={search_term_string}\"},\"query-input\":{\"@type\":\"PropertyValueSpecification\",\"valueRequired\":true,\"valueName\":\"search_term_string\"}}],\"inLanguage\":\"fi\"},{\"@type\":\"Organization\",\"@id\":\"https:\/\/www.kittlemood.ee\/#organization\",\"name\":\"Kittle Mood O\u00dc\",\"url\":\"https:\/\/www.kittlemood.ee\/\",\"logo\":{\"@type\":\"ImageObject\",\"inLanguage\":\"fi\",\"@id\":\"https:\/\/www.kittlemood.ee\/#\/schema\/logo\/image\/\",\"url\":\"https:\/\/www.kittlemood.ee\/wp-content\/uploads\/2021\/03\/logo3.png\",\"contentUrl\":\"https:\/\/www.kittlemood.ee\/wp-content\/uploads\/2021\/03\/logo3.png\",\"width\":644,\"height\":352,\"caption\":\"Kittle Mood O\u00dc\"},\"image\":{\"@id\":\"https:\/\/www.kittlemood.ee\/#\/schema\/logo\/image\/\"},\"sameAs\":[\"https:\/\/www.facebook.com\/KittleMood-100617121748728\/\",\"https:\/\/www.instagram.com\/kittlemood\/\"]}]}<\/script>\n<!-- \/ Yoast SEO plugin. -->","yoast_head_json":{"title":"Myyntiehdot | Kittle Mood","robots":{"index":"index","follow":"follow","max-snippet":"max-snippet:-1","max-image-preview":"max-image-preview:large","max-video-preview":"max-video-preview:-1"},"canonical":"https:\/\/www.kittlemood.ee\/fi\/myyntiehdot\/","og_locale":"fi_FI","og_type":"article","og_title":"Myyntiehdot | Kittle Mood","og_description":"MYYNTIEHDOT Verkkokaupan kittlemood.ee (j\u00e4ljemp\u00e4n\u00e4 verkkokauppa) omistaja on O\u00dc Kittlefashion (rekisteritunnus 16085582), joka sijaitsee osoitteessa A.Weizenbergi 19, 10150 Tallinna, Viro. &nbsp; Myyntisopimuksen voimassaolo, kaupalliset tiedot ja hintatiedot Myyntiehdot koskevat tavaroiden ostamista verkkokaupasta. Verkkokaupassa myyt\u00e4vien tuotteiden hinnat on ilmoitettu tuotteiden yhteydess\u00e4. Hintaan lis\u00e4t\u00e4\u00e4n toimitusmaksu. Kaikki verkkokaupassa myyt\u00e4vien tuotteiden hinnat ovat eurom\u00e4\u00e4r\u00e4isi\u00e4, eik\u00e4 niihin lis\u00e4t\u00e4 arvonlis\u00e4veroa. Toimitusmaksu riippuu [&hellip;]","og_url":"https:\/\/www.kittlemood.ee\/fi\/myyntiehdot\/","og_site_name":"Kittle Mood","article_publisher":"https:\/\/www.facebook.com\/KittleMood-100617121748728\/","article_modified_time":"2023-09-05T12:27:12+00:00","twitter_card":"summary_large_image","twitter_misc":{"Arvioitu lukuaika":"5 minuuttia"},"schema":{"@context":"https:\/\/schema.org","@graph":[{"@type":"WebPage","@id":"https:\/\/www.kittlemood.ee\/fi\/myyntiehdot\/","url":"https:\/\/www.kittlemood.ee\/fi\/myyntiehdot\/","name":"Myyntiehdot | Kittle Mood","isPartOf":{"@id":"https:\/\/www.kittlemood.ee\/#website"},"datePublished":"2023-04-18T05:52:17+00:00","dateModified":"2023-09-05T12:27:12+00:00","breadcrumb":{"@id":"https:\/\/www.kittlemood.ee\/fi\/myyntiehdot\/#breadcrumb"},"inLanguage":"fi","potentialAction":[{"@type":"ReadAction","target":["https:\/\/www.kittlemood.ee\/fi\/myyntiehdot\/"]}]},{"@type":"BreadcrumbList","@id":"https:\/\/www.kittlemood.ee\/fi\/myyntiehdot\/#breadcrumb","itemListElement":[{"@type":"ListItem","position":1,"name":"Home","item":"https:\/\/www.kittlemood.ee\/avaleht-2\/"},{"@type":"ListItem","position":2,"name":"Myyntiehdot"}]},{"@type":"WebSite","@id":"https:\/\/www.kittlemood.ee\/#website","url":"https:\/\/www.kittlemood.ee\/","name":"Kittle Mood","description":"Ajatud ja stiilsed kleidid","publisher":{"@id":"https:\/\/www.kittlemood.ee\/#organization"},"potentialAction":[{"@type":"SearchAction","target":{"@type":"EntryPoint","urlTemplate":"https:\/\/www.kittlemood.ee\/?s={search_term_string}"},"query-input":{"@type":"PropertyValueSpecification","valueRequired":true,"valueName":"search_term_string"}}],"inLanguage":"fi"},{"@type":"Organization","@id":"https:\/\/www.kittlemood.ee\/#organization","name":"Kittle Mood O\u00dc","url":"https:\/\/www.kittlemood.ee\/","logo":{"@type":"ImageObject","inLanguage":"fi","@id":"https:\/\/www.kittlemood.ee\/#\/schema\/logo\/image\/","url":"https:\/\/www.kittlemood.ee\/wp-content\/uploads\/2021\/03\/logo3.png","contentUrl":"https:\/\/www.kittlemood.ee\/wp-content\/uploads\/2021\/03\/logo3.png","width":644,"height":352,"caption":"Kittle Mood O\u00dc"},"image":{"@id":"https:\/\/www.kittlemood.ee\/#\/schema\/logo\/image\/"},"sameAs":["https:\/\/www.facebook.com\/KittleMood-100617121748728\/","https:\/\/www.instagram.com\/kittlemood\/"]}]}},"_links":{"self":[{"href":"https:\/\/www.kittlemood.ee\/fi\/wp-json\/wp\/v2\/pages\/10908","targetHints":{"allow":["GET"]}}],"collection":[{"href":"https:\/\/www.kittlemood.ee\/fi\/wp-json\/wp\/v2\/pages"}],"about":[{"href":"https:\/\/www.kittlemood.ee\/fi\/wp-json\/wp\/v2\/types\/page"}],"author":[{"embeddable":true,"href":"https:\/\/www.kittlemood.ee\/fi\/wp-json\/wp\/v2\/users\/1"}],"replies":[{"embeddable":true,"href":"https:\/\/www.kittlemood.ee\/fi\/wp-json\/wp\/v2\/comments?post=10908"}],"version-history":[{"count":3,"href":"https:\/\/www.kittlemood.ee\/fi\/wp-json\/wp\/v2\/pages\/10908\/revisions"}],"predecessor-version":[{"id":11790,"href":"https:\/\/www.kittlemood.ee\/fi\/wp-json\/wp\/v2\/pages\/10908\/revisions\/11790"}],"wp:attachment":[{"href":"https:\/\/www.kittlemood.ee\/fi\/wp-json\/wp\/v2\/media?parent=10908"}],"curies":[{"name":"wp","href":"https:\/\/api.w.org\/{rel}","templated":true}]}}