{"id":10904,"date":"2023-04-18T08:52:16","date_gmt":"2023-04-18T05:52:16","guid":{"rendered":"https:\/\/www.kittlemood.ee\/tietoa-meista\/"},"modified":"2023-10-16T17:17:47","modified_gmt":"2023-10-16T14:17:47","slug":"tietoa-meista","status":"publish","type":"page","link":"https:\/\/www.kittlemood.ee\/fi\/tietoa-meista\/","title":{"rendered":"Tietoa meist\u00e4"},"content":{"rendered":"<div id='av-layout-grid-1'  class='av-layout-grid-container entry-content-wrapper main_color av-flex-cells     avia-builder-el-0  el_before_av_layout_row  avia-builder-el-first  container_wrap sidebar_right' style=' '  >\n<div class=\"flex_cell no_margin av_one_half  avia-builder-el-1  el_before_av_cell_one_half  avia-builder-el-first   \"  style='height:600px; min-height:600px;background: #ffffff; vertical-align:middle; padding:50px; background-color:#ffffff; ' ><div class='flex_cell_inner' ><p><div  style='padding-bottom:10px; color:#e0cdc3;font-size:30px;' class='av-special-heading av-special-heading-h3 custom-color-heading blockquote modern-quote  avia-builder-el-2  el_before_av_hr  avia-builder-el-first  av-thin-font av-inherit-size '><h3 class='av-special-heading-tag '  itemprop=\"headline\"  ><strong>KittleMood mekot<\/strong><\/h3><div class='special-heading-border'><div class='special-heading-inner-border' style='border-color:#e0cdc3'><\/div><\/div><\/div><br \/>\n<div  style=' margin-top:30px; margin-bottom:30px;'  class='hr hr-custom hr-left hr-icon-no   avia-builder-el-3  el_after_av_heading  el_before_av_textblock '><span class='hr-inner  inner-border-av-border-fat' style=' width:50px;' ><span class='hr-inner-style'><\/span><\/span><\/div><br \/>\n<section class=\"av_textblock_section \"  itemscope=\"itemscope\" itemtype=\"https:\/\/schema.org\/CreativeWork\" ><div class='avia_textblock  '   itemprop=\"text\" ><p><strong>KittleMood<\/strong> <strong>kittel -mekot<\/strong> on kolmen naisen yhteinen taival. T\u00e4m\u00e4 matka alkoi puhtaasti k\u00e4yt\u00e4nn\u00f6llisest\u00e4 tarpeesta l\u00f6yt\u00e4\u00e4 naisellinen, mukava ja ajaton mekko, joka olisi tarpeeksi &#8221;oma&#8221;, jota voi k\u00e4ytt\u00e4\u00e4 kotona, t\u00f6iss\u00e4 ja lomalla. Suunnitelmissamme olleen <strong>mekon<\/strong> piti t\u00e4ytt\u00e4\u00e4 useita kriteerej\u00e4. Pian tajusimme, ett\u00e4 &#8221;polkupy\u00f6r\u00e4&#8221; oli jo keksitty &#8211; meid\u00e4n oli &#8221;elvytett\u00e4v\u00e4&#8221; jo kerran keksitty tyylik\u00e4s ja k\u00e4yt\u00e4nn\u00f6llinen virolainen mekko &#8211; <strong>kittel<\/strong>!<\/p>\n<\/div><\/section><\/p>\n<\/div><\/div><div class=\"flex_cell no_margin av_one_half  avia-builder-el-5  el_after_av_cell_one_half  avia-builder-el-last   avia-full-stretch \"  style='height:600px; min-height:600px;background:url(https:\/\/www.kittlemood.ee\/wp-content\/uploads\/2021\/03\/DSC08814-1.jpg) center center no-repeat scroll; vertical-align:top; padding:50px; ' ><div class='flex_cell_inner' ><\/div><\/div>\n<\/div>\n<div id='av-layout-grid-2'  class='av-layout-grid-container entry-content-wrapper main_color av-flex-cells     avia-builder-el-6  el_after_av_layout_row  el_before_av_layout_row  submenu-not-first container_wrap sidebar_right' style=' '  >\n<div class=\"flex_cell no_margin av_one_half  avia-builder-el-7  el_before_av_cell_one_half  avia-builder-el-first   avia-full-stretch \"  style='height:600px; min-height:600px;background:url(https:\/\/www.kittlemood.ee\/wp-content\/uploads\/2021\/03\/DSC08862.jpg) top center no-repeat scroll; vertical-align:middle; padding:50px; ' ><div class='flex_cell_inner' ><\/div><\/div><div class=\"flex_cell no_margin av_one_half  avia-builder-el-8  el_after_av_cell_one_half  avia-builder-el-last   \"  style='height:600px; min-height:600px;background: #ffffff; vertical-align:middle; padding:40px; background-color:#ffffff; ' ><div class='flex_cell_inner' ><section class=\"av_textblock_section \"  itemscope=\"itemscope\" itemtype=\"https:\/\/schema.org\/CreativeWork\" ><div class='avia_textblock  '   itemprop=\"text\" ><p>Melko pian meill\u00e4 oli p\u00e4\u00e4ll\u00e4mme kes\u00e4vaatteet, joista pidimme, ja yht\u00e4 nopeasti ne kirjaimellisesti ostettiin pois p\u00e4\u00e4lt\u00e4mme. Uusi virolainen muotibr\u00e4ndi <strong>KittleMood<\/strong> oli syntynyt!<\/p>\n<p>Kes\u00e4mekkoja seurasivat <strong>syksy-talvi mekot<\/strong>, ja nyky\u00e4\u00e4n olemme t\u00e4ytt\u00e4neet monien kauniiden naisten vaatekaapit ja heid\u00e4n unelmansa maailman mukavimmasta mekosta. Emme valmista satoja mekkoja varastoon, vaan l\u00e4hestymme jokaista asiakasta yksil\u00f6llisesti, joten kutakin mallia on vain muutama kappale. Kaikki mekkomme on suunniteltu Virossa, ja ihanat paikalliset ompelijat tekev\u00e4t ne k\u00e4sity\u00f6n\u00e4.<\/p>\n<p>Jos kaapistasi puuttuu s\u00f6p\u00f6 napitettava <strong>mekko<\/strong> tai tyylik\u00e4s kietaisu<strong>mekko<\/strong>, tutustu mallistoomme. <a href=\"https:\/\/www.kittlemood.ee\/pood-kittelkleit\/\"><em>Valitse<\/em><\/a> ja osta suosikkisi. Mallistomme ja kankaamme ovat kaikki yhdistelt\u00e4viss\u00e4, joten jokaisella on mahdollisuus suunnitella omaan makuunsa sopiva mekko. Tied\u00e4mme my\u00f6s, ett\u00e4 jokainen nainen on yksil\u00f6llinen, joten mekon koon muuttaminen vastaamaan vartaloosi ei ole meille ongelma, jos mittakaavamme ei sovi sinulle. Mutta jos et viel\u00e4k\u00e4\u00e4n l\u00f6yd\u00e4 sopivaa mekkoa, kerro meille erityistoiveesi, otamme ne mielell\u00e4mme vastaan!<\/p>\n<p>Lue lis\u00e4\u00e4 aiheesta<a href=\"https:\/\/www.kittlemood.ee\/fi\/tarinat-ja-mekot\/\">&#8221;Tarinamme ja mekkomme<\/a>&#8221; ja seuraa meit\u00e4. <a href=\"https:\/\/www.facebook.com\/KittleMood-100617121748728\"><em>Facebookissa<\/em><\/a> ja <a href=\"https:\/\/www.instagram.com\/kittlemood\/\"><em>Instagramissa.<\/em><\/a><\/p>\n<blockquote>\n<p>K\u00e4yt\u00e4 mekkoa, kaunis nainen!<\/p>\n<p>Kai, Katre ja Kristi<\/p>\n<p>KittleMood perustajat<\/p>\n<\/blockquote>\n<\/div><\/section>\n<\/div><\/div>\n<\/div>\n<div id='av-layout-grid-3'  class='av-layout-grid-container entry-content-wrapper main_color av-flex-cells     avia-builder-el-10  el_after_av_layout_row  avia-builder-el-last  submenu-not-first container_wrap sidebar_right' style=' '  >\n<div class=\"flex_cell no_margin av_one_half  avia-builder-el-11  el_before_av_cell_one_half  avia-builder-el-first   \"  style='height:600px; min-height:600px;background: #87b8c1; vertical-align:middle; padding:50px; background-color:#87b8c1; ' ><div class='flex_cell_inner' ><p><div  style='padding-bottom:10px; color:#ffffff;font-size:30px;' class='av-special-heading av-special-heading-h3 custom-color-heading blockquote modern-quote  avia-builder-el-12  el_before_av_hr  avia-builder-el-first  av-inherit-size '><h3 class='av-special-heading-tag '  itemprop=\"headline\"  >Miksi kittel -mekko?<\/h3><div class='special-heading-border'><div class='special-heading-inner-border' style='border-color:#ffffff'><\/div><\/div><\/div><br \/>\n<div  style=' margin-top:30px; margin-bottom:30px;'  class='hr hr-custom hr-left hr-icon-no   avia-builder-el-13  el_after_av_heading  el_before_av_iconlist '><span class='hr-inner  inner-border-av-border-fat' style=' width:50px;' ><span class='hr-inner-style'><\/span><\/span><\/div><br \/>\n<div  class='avia-icon-list-container   avia-builder-el-14  el_after_av_hr  avia-builder-el-last '><ul class='avia-icon-list avia-icon-list-left av-iconlist-small avia_animate_when_almost_visible '>\n<li><div  style='background-color:#8e8e8e; color:#ffffff; font-size:19px; ' class='iconlist_icon  avia-font-entypo-fontello'><span class='iconlist-char ' aria-hidden='true' data-av_icon='\ue812' data-av_iconfont='entypo-fontello'><\/span><\/div><article class=\"article-icon-entry av-iconlist-empty\"  itemscope=\"itemscope\" itemtype=\"https:\/\/schema.org\/CreativeWork\" ><div class='iconlist_content_wrap'><header class=\"entry-content-header\"><div class='av_iconlist_title iconlist_title_small  av_inherit_color '  itemprop=\"headline\"   style='color:#ffffff; font-size:19px; '>Se on helppo pukea p\u00e4\u00e4lle ja riisua ilman, ett\u00e4 sotket hiuksia ja meikki\u00e4 tai otat monimutkaisia jooga-asentoja.<\/div><\/header><div class='iconlist_content av_inherit_color '  itemprop=\"text\"   style='color:#ffffff; '><\/div><\/div><footer class=\"entry-footer\"><\/footer><\/article><div class='iconlist-timeline'><\/div><\/li>\n<li><div  style='background-color:#8e8e8e; color:#ffffff; font-size:19px; ' class='iconlist_icon  avia-font-entypo-fontello'><span class='iconlist-char ' aria-hidden='true' data-av_icon='\ue812' data-av_iconfont='entypo-fontello'><\/span><\/div><article class=\"article-icon-entry av-iconlist-empty\"  itemscope=\"itemscope\" itemtype=\"https:\/\/schema.org\/CreativeWork\" ><div class='iconlist_content_wrap'><header class=\"entry-content-header\"><div class='av_iconlist_title iconlist_title_small  av_inherit_color '  itemprop=\"headline\"   style='color:#ffffff; font-size:19px; '>Mekossa on aina taskut huulipunalle, matkapuhelimelle, lompakolle, avaimille ja muille v\u00e4ltt\u00e4m\u00e4tt\u00f6mille tavaroille.<\/div><\/header><div class='iconlist_content av_inherit_color '  itemprop=\"text\"   style='color:#ffffff; '><\/div><\/div><footer class=\"entry-footer\"><\/footer><\/article><div class='iconlist-timeline'><\/div><\/li>\n<li><div  style='background-color:#8e8e8e; color:#ffffff; font-size:19px; ' class='iconlist_icon  avia-font-entypo-fontello'><span class='iconlist-char ' aria-hidden='true' data-av_icon='\ue812' data-av_iconfont='entypo-fontello'><\/span><\/div><article class=\"article-icon-entry av-iconlist-empty\"  itemscope=\"itemscope\" itemtype=\"https:\/\/schema.org\/CreativeWork\" ><div class='iconlist_content_wrap'><header class=\"entry-content-header\"><div class='av_iconlist_title iconlist_title_small  av_inherit_color '  itemprop=\"headline\"   style='color:#ffffff; font-size:19px; '>Mekko on valmistettu luonnollisesta ja miellytt\u00e4v\u00e4st\u00e4 materiaalista joka ei vaadi erityist\u00e4 hoitoa ja antaa ihon hengitt\u00e4\u00e4.<\/div><\/header><div class='iconlist_content av_inherit_color '  itemprop=\"text\"   style='color:#ffffff; '><\/div><\/div><footer class=\"entry-footer\"><\/footer><\/article><div class='iconlist-timeline'><\/div><\/li>\n<li><div  style='background-color:#8e8e8e; color:#ffffff; font-size:19px; ' class='iconlist_icon  avia-font-entypo-fontello'><span class='iconlist-char ' aria-hidden='true' data-av_icon='\ue812' data-av_iconfont='entypo-fontello'><\/span><\/div><article class=\"article-icon-entry av-iconlist-empty\"  itemscope=\"itemscope\" itemtype=\"https:\/\/schema.org\/CreativeWork\" ><div class='iconlist_content_wrap'><header class=\"entry-content-header\"><div class='av_iconlist_title iconlist_title_small  av_inherit_color '  itemprop=\"headline\"   style='color:#ffffff; font-size:19px; '>Mekko on tyylik\u00e4s, naisellinen ja mukava vaate, joka pukee k\u00e4ytt\u00e4j\u00e4\u00e4ns\u00e4 ja sopii k\u00e4ytett\u00e4v\u00e4ksi kotona, t\u00f6iss\u00e4 tai lomalla.<\/div><\/header><div class='iconlist_content av_inherit_color '  itemprop=\"text\"   style='color:#ffffff; '><\/div><\/div><footer class=\"entry-footer\"><\/footer><\/article><div class='iconlist-timeline'><\/div><\/li>\n<\/ul><\/div><\/p>\n<\/div><\/div><div class=\"flex_cell no_margin av_one_half  avia-builder-el-15  el_after_av_cell_one_half  avia-builder-el-last   avia-full-stretch \"  style='height:600px; min-height:600px;background:url(https:\/\/www.kittlemood.ee\/wp-content\/uploads\/2021\/02\/118712130_130503818760058_4406643326156120780_n.jpg) center center no-repeat scroll; vertical-align:top; padding:50px; ' ><div class='flex_cell_inner' ><\/div><\/div><\/div>\n","protected":false},"excerpt":{"rendered":"","protected":false},"author":1,"featured_media":0,"parent":0,"menu_order":9,"comment_status":"closed","ping_status":"closed","template":"","meta":{"om_disable_all_campaigns":false,"footnotes":""},"class_list":["post-10904","page","type-page","status-publish","hentry"],"yoast_head":"<!-- This site is optimized with the Yoast SEO plugin v26.9 - https:\/\/yoast.com\/product\/yoast-seo-wordpress\/ -->\n<title>Tietoa meist\u00e4 | Kittle Mood<\/title>\n<meta name=\"description\" content=\"Virossa suunnitellut mekot. Mekot, joista l\u00f6yd\u00e4t aina taskut, mukavat ja tyylikk\u00e4\u00e4t. K\u00e4yt\u00e4 mekkoa, kaunis nainen!\" \/>\n<meta name=\"robots\" content=\"index, follow, max-snippet:-1, max-image-preview:large, max-video-preview:-1\" \/>\n<link rel=\"canonical\" href=\"https:\/\/www.kittlemood.ee\/fi\/tietoa-meista\/\" \/>\n<meta property=\"og:locale\" content=\"fi_FI\" \/>\n<meta property=\"og:type\" content=\"article\" \/>\n<meta property=\"og:title\" content=\"Tietoa meist\u00e4 | Kittle Mood\" \/>\n<meta property=\"og:description\" content=\"Virossa suunnitellut mekot. Mekot, joista l\u00f6yd\u00e4t aina taskut, mukavat ja tyylikk\u00e4\u00e4t. K\u00e4yt\u00e4 mekkoa, kaunis nainen!\" \/>\n<meta property=\"og:url\" content=\"https:\/\/www.kittlemood.ee\/fi\/tietoa-meista\/\" \/>\n<meta property=\"og:site_name\" content=\"Kittle Mood\" \/>\n<meta property=\"article:publisher\" content=\"https:\/\/www.facebook.com\/KittleMood-100617121748728\/\" \/>\n<meta property=\"article:modified_time\" content=\"2023-10-16T14:17:47+00:00\" \/>\n<meta name=\"twitter:card\" content=\"summary_large_image\" \/>\n<meta name=\"twitter:label1\" content=\"Arvioitu lukuaika\" \/>\n\t<meta name=\"twitter:data1\" content=\"4 minuuttia\" \/>\n<script type=\"application\/ld+json\" class=\"yoast-schema-graph\">{\"@context\":\"https:\/\/schema.org\",\"@graph\":[{\"@type\":\"WebPage\",\"@id\":\"https:\/\/www.kittlemood.ee\/fi\/tietoa-meista\/\",\"url\":\"https:\/\/www.kittlemood.ee\/fi\/tietoa-meista\/\",\"name\":\"Tietoa meist\u00e4 | Kittle Mood\",\"isPartOf\":{\"@id\":\"https:\/\/www.kittlemood.ee\/#website\"},\"datePublished\":\"2023-04-18T05:52:16+00:00\",\"dateModified\":\"2023-10-16T14:17:47+00:00\",\"description\":\"Virossa suunnitellut mekot. Mekot, joista l\u00f6yd\u00e4t aina taskut, mukavat ja tyylikk\u00e4\u00e4t. K\u00e4yt\u00e4 mekkoa, kaunis nainen!\",\"breadcrumb\":{\"@id\":\"https:\/\/www.kittlemood.ee\/fi\/tietoa-meista\/#breadcrumb\"},\"inLanguage\":\"fi\",\"potentialAction\":[{\"@type\":\"ReadAction\",\"target\":[\"https:\/\/www.kittlemood.ee\/fi\/tietoa-meista\/\"]}]},{\"@type\":\"BreadcrumbList\",\"@id\":\"https:\/\/www.kittlemood.ee\/fi\/tietoa-meista\/#breadcrumb\",\"itemListElement\":[{\"@type\":\"ListItem\",\"position\":1,\"name\":\"Home\",\"item\":\"https:\/\/www.kittlemood.ee\/avaleht-2\/\"},{\"@type\":\"ListItem\",\"position\":2,\"name\":\"Tietoa meist\u00e4\"}]},{\"@type\":\"WebSite\",\"@id\":\"https:\/\/www.kittlemood.ee\/#website\",\"url\":\"https:\/\/www.kittlemood.ee\/\",\"name\":\"Kittle Mood\",\"description\":\"Ajatud ja stiilsed kleidid\",\"publisher\":{\"@id\":\"https:\/\/www.kittlemood.ee\/#organization\"},\"potentialAction\":[{\"@type\":\"SearchAction\",\"target\":{\"@type\":\"EntryPoint\",\"urlTemplate\":\"https:\/\/www.kittlemood.ee\/?s={search_term_string}\"},\"query-input\":{\"@type\":\"PropertyValueSpecification\",\"valueRequired\":true,\"valueName\":\"search_term_string\"}}],\"inLanguage\":\"fi\"},{\"@type\":\"Organization\",\"@id\":\"https:\/\/www.kittlemood.ee\/#organization\",\"name\":\"Kittle Mood O\u00dc\",\"url\":\"https:\/\/www.kittlemood.ee\/\",\"logo\":{\"@type\":\"ImageObject\",\"inLanguage\":\"fi\",\"@id\":\"https:\/\/www.kittlemood.ee\/#\/schema\/logo\/image\/\",\"url\":\"https:\/\/www.kittlemood.ee\/wp-content\/uploads\/2021\/03\/logo3.png\",\"contentUrl\":\"https:\/\/www.kittlemood.ee\/wp-content\/uploads\/2021\/03\/logo3.png\",\"width\":644,\"height\":352,\"caption\":\"Kittle Mood O\u00dc\"},\"image\":{\"@id\":\"https:\/\/www.kittlemood.ee\/#\/schema\/logo\/image\/\"},\"sameAs\":[\"https:\/\/www.facebook.com\/KittleMood-100617121748728\/\",\"https:\/\/www.instagram.com\/kittlemood\/\"]}]}<\/script>\n<!-- \/ Yoast SEO plugin. -->","yoast_head_json":{"title":"Tietoa meist\u00e4 | Kittle Mood","description":"Virossa suunnitellut mekot. Mekot, joista l\u00f6yd\u00e4t aina taskut, mukavat ja tyylikk\u00e4\u00e4t. K\u00e4yt\u00e4 mekkoa, kaunis nainen!","robots":{"index":"index","follow":"follow","max-snippet":"max-snippet:-1","max-image-preview":"max-image-preview:large","max-video-preview":"max-video-preview:-1"},"canonical":"https:\/\/www.kittlemood.ee\/fi\/tietoa-meista\/","og_locale":"fi_FI","og_type":"article","og_title":"Tietoa meist\u00e4 | Kittle Mood","og_description":"Virossa suunnitellut mekot. Mekot, joista l\u00f6yd\u00e4t aina taskut, mukavat ja tyylikk\u00e4\u00e4t. K\u00e4yt\u00e4 mekkoa, kaunis nainen!","og_url":"https:\/\/www.kittlemood.ee\/fi\/tietoa-meista\/","og_site_name":"Kittle Mood","article_publisher":"https:\/\/www.facebook.com\/KittleMood-100617121748728\/","article_modified_time":"2023-10-16T14:17:47+00:00","twitter_card":"summary_large_image","twitter_misc":{"Arvioitu lukuaika":"4 minuuttia"},"schema":{"@context":"https:\/\/schema.org","@graph":[{"@type":"WebPage","@id":"https:\/\/www.kittlemood.ee\/fi\/tietoa-meista\/","url":"https:\/\/www.kittlemood.ee\/fi\/tietoa-meista\/","name":"Tietoa meist\u00e4 | Kittle Mood","isPartOf":{"@id":"https:\/\/www.kittlemood.ee\/#website"},"datePublished":"2023-04-18T05:52:16+00:00","dateModified":"2023-10-16T14:17:47+00:00","description":"Virossa suunnitellut mekot. Mekot, joista l\u00f6yd\u00e4t aina taskut, mukavat ja tyylikk\u00e4\u00e4t. K\u00e4yt\u00e4 mekkoa, kaunis nainen!","breadcrumb":{"@id":"https:\/\/www.kittlemood.ee\/fi\/tietoa-meista\/#breadcrumb"},"inLanguage":"fi","potentialAction":[{"@type":"ReadAction","target":["https:\/\/www.kittlemood.ee\/fi\/tietoa-meista\/"]}]},{"@type":"BreadcrumbList","@id":"https:\/\/www.kittlemood.ee\/fi\/tietoa-meista\/#breadcrumb","itemListElement":[{"@type":"ListItem","position":1,"name":"Home","item":"https:\/\/www.kittlemood.ee\/avaleht-2\/"},{"@type":"ListItem","position":2,"name":"Tietoa meist\u00e4"}]},{"@type":"WebSite","@id":"https:\/\/www.kittlemood.ee\/#website","url":"https:\/\/www.kittlemood.ee\/","name":"Kittle Mood","description":"Ajatud ja stiilsed kleidid","publisher":{"@id":"https:\/\/www.kittlemood.ee\/#organization"},"potentialAction":[{"@type":"SearchAction","target":{"@type":"EntryPoint","urlTemplate":"https:\/\/www.kittlemood.ee\/?s={search_term_string}"},"query-input":{"@type":"PropertyValueSpecification","valueRequired":true,"valueName":"search_term_string"}}],"inLanguage":"fi"},{"@type":"Organization","@id":"https:\/\/www.kittlemood.ee\/#organization","name":"Kittle Mood O\u00dc","url":"https:\/\/www.kittlemood.ee\/","logo":{"@type":"ImageObject","inLanguage":"fi","@id":"https:\/\/www.kittlemood.ee\/#\/schema\/logo\/image\/","url":"https:\/\/www.kittlemood.ee\/wp-content\/uploads\/2021\/03\/logo3.png","contentUrl":"https:\/\/www.kittlemood.ee\/wp-content\/uploads\/2021\/03\/logo3.png","width":644,"height":352,"caption":"Kittle Mood O\u00dc"},"image":{"@id":"https:\/\/www.kittlemood.ee\/#\/schema\/logo\/image\/"},"sameAs":["https:\/\/www.facebook.com\/KittleMood-100617121748728\/","https:\/\/www.instagram.com\/kittlemood\/"]}]}},"_links":{"self":[{"href":"https:\/\/www.kittlemood.ee\/fi\/wp-json\/wp\/v2\/pages\/10904","targetHints":{"allow":["GET"]}}],"collection":[{"href":"https:\/\/www.kittlemood.ee\/fi\/wp-json\/wp\/v2\/pages"}],"about":[{"href":"https:\/\/www.kittlemood.ee\/fi\/wp-json\/wp\/v2\/types\/page"}],"author":[{"embeddable":true,"href":"https:\/\/www.kittlemood.ee\/fi\/wp-json\/wp\/v2\/users\/1"}],"replies":[{"embeddable":true,"href":"https:\/\/www.kittlemood.ee\/fi\/wp-json\/wp\/v2\/comments?post=10904"}],"version-history":[{"count":25,"href":"https:\/\/www.kittlemood.ee\/fi\/wp-json\/wp\/v2\/pages\/10904\/revisions"}],"predecessor-version":[{"id":10948,"href":"https:\/\/www.kittlemood.ee\/fi\/wp-json\/wp\/v2\/pages\/10904\/revisions\/10948"}],"wp:attachment":[{"href":"https:\/\/www.kittlemood.ee\/fi\/wp-json\/wp\/v2\/media?parent=10904"}],"curies":[{"name":"wp","href":"https:\/\/api.w.org\/{rel}","templated":true}]}}