{"id":10895,"date":"2023-04-18T08:52:15","date_gmt":"2023-04-18T05:52:15","guid":{"rendered":"https:\/\/www.kittlemood.ee\/kotisivu\/"},"modified":"2024-04-15T18:34:33","modified_gmt":"2024-04-15T15:34:33","slug":"kotisivu","status":"publish","type":"page","link":"https:\/\/www.kittlemood.ee\/fi\/kotisivu\/","title":{"rendered":"Kotisivu"},"content":{"rendered":"<div id='fullscreen_slider_1'  class='avia-fullscreen-slider main_color   avia-builder-el-0  el_before_av_textblock  avia-builder-el-first   container_wrap sidebar_right' style=' '  ><a href='#next-section' title='' class='scroll-down-link av-control-default' aria-hidden='true' data-av_icon='\ue877' data-av_iconfont='entypo-fontello'><\/a><div   data-size='extra_large'  data-lightbox_size='large'  data-animation='fade'  data-conditional_play=''  data-ids='13802,14188,13327,13349,10418'  data-video_counter='0'  data-autoplay='true'  data-bg_slider='true'  data-slide_height='100'  data-handle='av_fullscreen'  data-interval='5'  data-class=' '  data-el_id=''  data-css_id='fullscreen_slider_1'  data-scroll_down='aviaTBscroll_down'  data-control_layout='av-control-default'  data-custom_markup=''  data-perma_caption=''  data-autoplay_stopper=''  data-image_attachment=''  data-min_height='0px'  data-lazy_loading='disabled'  data-stretch=''  data-default-height='100'  class='avia-slideshow avia-slideshow-1 av-slider-scroll-down-active av-control-default av-default-height-applied avia-slideshow-extra_large av_fullscreen   avia-fade-slider '  itemprop=\"image\" itemscope=\"itemscope\" itemtype=\"https:\/\/schema.org\/ImageObject\" ><ul class='avia-slideshow-inner ' style='padding-bottom: 45.4%;' ><li style='background-position:center center;' data-img-url='https:\/\/www.kittlemood.ee\/wp-content\/uploads\/2024\/03\/Nimetu-kujundus-12-1500x681.png' class=' slide-1 ' ><div data-rel='slideshow-1' class='avia-slide-wrap '   ><div class = \"caption_fullwidth av-slideshow-caption caption_center caption_center_framed caption_framed\"><div class = \"container caption_container\"><div class = \"slideshow_caption\"><div class = \"slideshow_inner_caption\"><div class = \"slideshow_align_caption\"><h2  style='font-size:26px; color:#000000; ' class='avia-caption-title  '  itemprop=\"name\" >Me ompelemme ja sin\u00e4 loistat<\/h2><br\/><a href='https:\/\/www.kittlemood.ee\/fi\/tuotekategoria\/uusi\/'  class='avia-slideshow-button avia-button avia-color-pink ' data-duration='800' data-easing='easeInOutQuad'>uusi mallisto<\/a><\/div><\/div><\/div><\/div><\/div><\/div><\/li><li style='background-position:center center;' data-img-url='https:\/\/www.kittlemood.ee\/wp-content\/uploads\/2024\/03\/Nimetu-kujundus-13-1500x681.png' class=' slide-2 ' ><div data-rel='slideshow-1' class='avia-slide-wrap '   ><div class = \"caption_fullwidth av-slideshow-caption caption_center caption_center_framed caption_framed\"><div class = \"container caption_container\"><div class = \"slideshow_caption\"><div class = \"slideshow_inner_caption\"><div class = \"slideshow_align_caption\"><h2  style='font-size:26px; color:#000000; ' class='avia-caption-title  '  itemprop=\"name\" >K\u00e4yt\u00e4 mekkoa, kaunis nainen!<\/h2><br\/><a href='https:\/\/www.kittlemood.ee\/fi\/tuotekategoria\/mekot\/kevat-ja-kesa-mekkot\/'  class='avia-slideshow-button avia-button avia-color-pink ' data-duration='800' data-easing='easeInOutQuad'>kev\u00e4t-kes\u00e4 kokoelma<\/a><\/div><\/div><\/div><\/div><\/div><\/div><\/li><li style='background-position:center center;' data-img-url='https:\/\/www.kittlemood.ee\/wp-content\/uploads\/2023\/11\/Nimetu-kujundus-7.png' class=' slide-3 ' ><div data-rel='slideshow-1' class='avia-slide-wrap '   ><div class = \"caption_fullwidth av-slideshow-caption caption_center caption_center_framed caption_framed\"><div class = \"container caption_container\"><div class = \"slideshow_caption\"><div class = \"slideshow_inner_caption\"><div class = \"slideshow_align_caption\"><h2  style='color:#000000; ' class='avia-caption-title  '  itemprop=\"name\" >Kokoelma \"Cocktail\"<\/h2><br\/><a href='https:\/\/www.kittlemood.ee\/fi\/tuotekategoria\/kokteil-mallisto\/'  class='avia-slideshow-button avia-button avia-color-pink ' data-duration='800' data-easing='easeInOutQuad'>Katso lis\u00e4\u00e4<\/a><\/div><\/div><\/div><\/div><\/div><\/div><\/li><li style='background-position:center center;' data-img-url='https:\/\/www.kittlemood.ee\/wp-content\/uploads\/2023\/11\/Nimetu-kujundus-11.png' class=' slide-4 ' ><div data-rel='slideshow-1' class='avia-slide-wrap '   ><div class = \"caption_fullwidth av-slideshow-caption caption_center caption_center_framed caption_framed\"><div class = \"container caption_container\"><div class = \"slideshow_caption\"><div class = \"slideshow_inner_caption\"><div class = \"slideshow_align_caption\"><h2  style='font-size:26px; color:#000000; ' class='avia-caption-title  '  itemprop=\"name\" >vapaa-ajan kokoelma<\/h2><br\/><a href='https:\/\/www.kittlemood.ee\/fi\/tuotekategoria\/vapaa-ajan-sarjat\/'  class='avia-slideshow-button avia-button avia-color-pink ' data-duration='800' data-easing='easeInOutQuad'>katso lis\u00e4\u00e4<\/a><\/div><\/div><\/div><\/div><\/div><\/div><\/li><li style='background-position:center center;' data-img-url='https:\/\/www.kittlemood.ee\/wp-content\/uploads\/2023\/03\/banner-mar-01-1500x659.jpg' class=' slide-5 ' ><div data-rel='slideshow-1' class='avia-slide-wrap '   ><div class = \"caption_fullwidth av-slideshow-caption caption_center caption_center_framed caption_framed\"><div class = \"container caption_container\"><div class = \"slideshow_caption\"><div class = \"slideshow_inner_caption\"><div class = \"slideshow_align_caption\"><h2  style='font-size:26px; color:#000000; ' class='avia-caption-title  '  itemprop=\"name\" >K\u00e4yt\u00e4 mekkoa, kaunis nainen!<\/h2><br\/><a href='https:\/\/www.kittlemood.ee\/fi\/tuotekategoria\/alennus\/'  class='avia-slideshow-button avia-button avia-color-pink ' data-duration='800' data-easing='easeInOutQuad'>Alennus<\/a><\/div><\/div><\/div><\/div><\/div><\/div><\/li><\/ul><div class='avia-slideshow-arrows avia-slideshow-controls'><a href='#prev' class='prev-slide' aria-hidden='true' data-av_icon='\ue87c' data-av_iconfont='entypo-fontello'>Previous<\/a><a href='#next' class='next-slide' aria-hidden='true' data-av_icon='\ue87d' data-av_iconfont='entypo-fontello'>Next<\/a><\/div><div class='avia-slideshow-dots avia-slideshow-controls'><a href='#1' class='goto-slide active' >1<\/a><a href='#2' class='goto-slide ' >2<\/a><a href='#3' class='goto-slide ' >3<\/a><a href='#4' class='goto-slide ' >4<\/a><a href='#5' class='goto-slide ' >5<\/a><\/div><\/div><\/div><div id='after_full_slider_1'  class='main_color av_default_container_wrap container_wrap sidebar_right' style=' '  ><div class='container' ><div class='template-page content  av-content-small alpha units'><div class='post-entry post-entry-type-page post-entry-10895'><div class='entry-content-wrapper clearfix'>\n<section class=\"av_textblock_section \"  itemscope=\"itemscope\" itemtype=\"https:\/\/schema.org\/CreativeWork\" ><div class='avia_textblock  av_inherit_color '  style='color:#818181; '  itemprop=\"text\" ><p><span style=\"color: #87b8c1;\"><br \/>\n<strong>KittleMood <\/strong><\/span>on virolainen vaatemerkki, joka on saanut inspiraationsa ajattomasta ja <a href=\"https:\/\/www.kittlemood.ee\/fi\/?page_id=10887\">tyylikk\u00e4\u00e4st\u00e4 arkipuvusta<\/a> &#8211; kittelist\u00e4. <strong><br \/>\n<span style=\"color: #87b8c1;\">KittleMood <\/span><\/strong>on kolmen naisen yhteinen luomus, ja matka alkoi puhtaasti k\u00e4yt\u00e4nn\u00f6llisest\u00e4 tarpeesta saada naisellinen, mukava ja ajaton mekko. Kukapa ei haluaisi t\u00e4ytt\u00e4\u00e4 vaatekaappiaan mekoilla, jotka ovat sek\u00e4 tyylikk\u00e4it\u00e4 ett\u00e4 mukavia ja joita voi k\u00e4ytt\u00e4\u00e4 kotona, t\u00f6iss\u00e4 tai lomalla?<\/p>\n<p><strong><br \/>\n<span style=\"color: #87b8c1;\">KittleMood <\/span><\/strong>mekot suunnitellaan ja ommellaan Virossa. Mekkoja on saatavilla vain rajoitettu m\u00e4\u00e4r\u00e4. Jos kaapistasi puuttuu kiva mekko, jossa on nappeja <strong><br \/>\n<\/strong><span style=\"color: #87b8c1;\"><b>t<\/b><\/span>ai mukava kietaisumekko, katsele ymp\u00e4rillesi meid\u00e4n <em><a href=\"https:\/\/www.kittlemood.ee\/fi\/osta-osoittessa\/\">verkkokaupassamme<\/a><br \/>\n<\/em> ja valitse suosikkisi. Jos et l\u00f6yd\u00e4 etsim\u00e4\u00e4si, ilmoita meille erityistoiveesi, niin vastaamme niihin mielell\u00e4mme!<\/p>\n<blockquote>\n<p><strong><span style=\"color: #87b8c1;\">K\u00e4yt\u00e4 mekkoa, kaunis nainen!<\/span><\/strong><\/p>\n<\/blockquote>\n<\/div><\/section>\n<\/div><\/div><\/div><!-- close content main div --><\/div><\/div><div id='av_section_1'  class='avia-section main_color avia-section-small avia-no-border-styling  avia-bg-style-scroll  avia-builder-el-2  el_after_av_textblock  el_before_av_section   container_wrap sidebar_right' style='background-color: #ffffff;  '  ><div class='container' ><div class='template-page content  av-content-small alpha units'><div class='post-entry post-entry-type-page post-entry-10895'><div class='entry-content-wrapper clearfix'>\n<div class='flex_column_table av-equal-height-column-flextable -flextable' ><div class=\"flex_column av_one_fourth  flex_column_table_cell av-equal-height-column av-align-top av-zero-column-padding first  avia-builder-el-3  el_before_av_one_fourth  avia-builder-el-first  \" style='border-radius:0px; '><div  class='avia-image-container  av-styling-no-styling av-hover-grow noHover  av-overlay-hover-deactivate   avia-builder-el-4  avia-builder-el-no-sibling  avia-align-center '  itemprop=\"image\" itemscope=\"itemscope\" itemtype=\"https:\/\/schema.org\/ImageObject\"  ><div class='avia-image-container-inner'><div class='avia-image-overlay-wrap'><a href='https:\/\/www.kittlemood.ee\/fi\/tootekategooria\/uusi\/' class='avia_image'  ><div class='av-image-caption-overlay'><div class='av-caption-image-overlay-bg' style='opacity:0.4; background-color:#dbdbdb; '><\/div><div class='av-image-caption-overlay-position'><div class='av-image-caption-overlay-center' style='color:#0a0a0a; '><p>UUSI<\/p>\n<\/div><\/div><\/div><img decoding=\"async\" width=\"1000\" height=\"1500\" class='wp-image-12147 avia-img-lazy-loading-not-12147 avia_image' src=\"https:\/\/www.kittlemood.ee\/wp-content\/uploads\/2023\/10\/DSC05688-1.jpg\" alt='kollane v\u00f6\u00f6ga kittelkleit' title='kollane kittelkleit'  itemprop=\"thumbnailUrl\" srcset=\"https:\/\/www.kittlemood.ee\/wp-content\/uploads\/2023\/10\/DSC05688-1.jpg 1000w, https:\/\/www.kittlemood.ee\/wp-content\/uploads\/2023\/10\/DSC05688-1-400x600.jpg 400w, https:\/\/www.kittlemood.ee\/wp-content\/uploads\/2023\/10\/DSC05688-1-300x450.jpg 300w, https:\/\/www.kittlemood.ee\/wp-content\/uploads\/2023\/10\/DSC05688-1-768x1152.jpg 768w, https:\/\/www.kittlemood.ee\/wp-content\/uploads\/2023\/10\/DSC05688-1-470x705.jpg 470w, https:\/\/www.kittlemood.ee\/wp-content\/uploads\/2023\/10\/DSC05688-1-367x550.jpg 367w, https:\/\/www.kittlemood.ee\/wp-content\/uploads\/2023\/10\/DSC05688-1-450x675.jpg 450w, https:\/\/www.kittlemood.ee\/wp-content\/uploads\/2023\/10\/DSC05688-1-600x900.jpg 600w\" sizes=\"(max-width: 1000px) 100vw, 1000px\" \/><\/a><\/div><\/div><\/div><\/div><div class='av-flex-placeholder'><\/div><div class=\"flex_column av_one_fourth  flex_column_table_cell av-equal-height-column av-align-top av-zero-column-padding   avia-builder-el-5  el_after_av_one_fourth  el_before_av_one_fourth  \" style='border-radius:0px; '><div  class='avia-image-container  av-styling-no-styling av-hover-grow noHover  av-overlay-hover-deactivate   avia-builder-el-6  avia-builder-el-no-sibling  avia-align-center '  itemprop=\"image\" itemscope=\"itemscope\" itemtype=\"https:\/\/schema.org\/ImageObject\"  ><div class='avia-image-container-inner'><div class='avia-image-overlay-wrap'><a href='https:\/\/www.kittlemood.ee\/fi\/tootekategooria\/mekot\/syksy-talvi-mekkot\/' class='avia_image'  ><div class='av-image-caption-overlay'><div class='av-caption-image-overlay-bg' style='opacity:0.4; background-color:#dbdbdb; '><\/div><div class='av-image-caption-overlay-position'><div class='av-image-caption-overlay-center' style='color:#0a0a0a; '><p>SYKSY-TALVI<\/p>\n<\/div><\/div><\/div><img decoding=\"async\" width=\"1000\" height=\"1500\" class='wp-image-11905 avia-img-lazy-loading-not-11905 avia_image' src=\"https:\/\/www.kittlemood.ee\/wp-content\/uploads\/2023\/10\/DSC06123-1-1.jpg\" alt='kollane v\u00f6\u00f6ga kittelkleit' title='kollane kittelkleit'  itemprop=\"thumbnailUrl\" srcset=\"https:\/\/www.kittlemood.ee\/wp-content\/uploads\/2023\/10\/DSC06123-1-1.jpg 1000w, https:\/\/www.kittlemood.ee\/wp-content\/uploads\/2023\/10\/DSC06123-1-1-400x600.jpg 400w, https:\/\/www.kittlemood.ee\/wp-content\/uploads\/2023\/10\/DSC06123-1-1-300x450.jpg 300w, https:\/\/www.kittlemood.ee\/wp-content\/uploads\/2023\/10\/DSC06123-1-1-768x1152.jpg 768w, https:\/\/www.kittlemood.ee\/wp-content\/uploads\/2023\/10\/DSC06123-1-1-470x705.jpg 470w, https:\/\/www.kittlemood.ee\/wp-content\/uploads\/2023\/10\/DSC06123-1-1-367x550.jpg 367w, https:\/\/www.kittlemood.ee\/wp-content\/uploads\/2023\/10\/DSC06123-1-1-450x675.jpg 450w, https:\/\/www.kittlemood.ee\/wp-content\/uploads\/2023\/10\/DSC06123-1-1-600x900.jpg 600w\" sizes=\"(max-width: 1000px) 100vw, 1000px\" \/><\/a><\/div><\/div><\/div><\/div><div class='av-flex-placeholder'><\/div><div class=\"flex_column av_one_fourth  flex_column_table_cell av-equal-height-column av-align-top av-zero-column-padding   avia-builder-el-7  el_after_av_one_fourth  el_before_av_one_fourth  \" style='border-radius:0px; '><div  class='avia-image-container  av-styling-no-styling av-hover-grow noHover  av-overlay-hover-deactivate   avia-builder-el-8  avia-builder-el-no-sibling  avia-align-center '  itemprop=\"image\" itemscope=\"itemscope\" itemtype=\"https:\/\/schema.org\/ImageObject\"  ><div class='avia-image-container-inner'><div class='avia-image-overlay-wrap'><a href='https:\/\/www.kittlemood.ee\/fi\/tootekategooria\/kokteil-mallisto\/' class='avia_image'  ><div class='av-image-caption-overlay'><div class='av-caption-image-overlay-bg' style='opacity:0.4; background-color:#dbdbdb; '><\/div><div class='av-image-caption-overlay-position'><div class='av-image-caption-overlay-center' style='color:#0a0a0a; '><p>COCKTAIL<\/p>\n<\/div><\/div><\/div><img decoding=\"async\" width=\"1000\" height=\"1500\" class='wp-image-11464 avia-img-lazy-loading-not-11464 avia_image' src=\"https:\/\/www.kittlemood.ee\/wp-content\/uploads\/2023\/05\/DSC07592-copy.jpg\" alt='pikk volangiga kleit' title='pikk volangiga kleit'  itemprop=\"thumbnailUrl\" srcset=\"https:\/\/www.kittlemood.ee\/wp-content\/uploads\/2023\/05\/DSC07592-copy.jpg 1000w, https:\/\/www.kittlemood.ee\/wp-content\/uploads\/2023\/05\/DSC07592-copy-400x600.jpg 400w, https:\/\/www.kittlemood.ee\/wp-content\/uploads\/2023\/05\/DSC07592-copy-300x450.jpg 300w, https:\/\/www.kittlemood.ee\/wp-content\/uploads\/2023\/05\/DSC07592-copy-768x1152.jpg 768w, https:\/\/www.kittlemood.ee\/wp-content\/uploads\/2023\/05\/DSC07592-copy-470x705.jpg 470w, https:\/\/www.kittlemood.ee\/wp-content\/uploads\/2023\/05\/DSC07592-copy-367x550.jpg 367w, https:\/\/www.kittlemood.ee\/wp-content\/uploads\/2023\/05\/DSC07592-copy-450x675.jpg 450w, https:\/\/www.kittlemood.ee\/wp-content\/uploads\/2023\/05\/DSC07592-copy-600x900.jpg 600w\" sizes=\"(max-width: 1000px) 100vw, 1000px\" \/><\/a><\/div><\/div><\/div><\/div><div class='av-flex-placeholder'><\/div><div class=\"flex_column av_one_fourth  flex_column_table_cell av-equal-height-column av-align-top av-zero-column-padding   avia-builder-el-9  el_after_av_one_fourth  avia-builder-el-last  \" style='border-radius:0px; '><div  class='avia-image-container  av-styling-no-styling av-hover-grow noHover  av-overlay-hover-deactivate   avia-builder-el-10  avia-builder-el-no-sibling  avia-align-center '  itemprop=\"image\" itemscope=\"itemscope\" itemtype=\"https:\/\/schema.org\/ImageObject\"  ><div class='avia-image-container-inner'><div class='avia-image-overlay-wrap'><a href='https:\/\/www.kittlemood.ee\/fi\/tootekategooria\/alennus\/' class='avia_image'  ><div class='av-image-caption-overlay'><div class='av-caption-image-overlay-bg' style='opacity:0.4; background-color:#dbdbdb; '><\/div><div class='av-image-caption-overlay-position'><div class='av-image-caption-overlay-center' style='color:#0a0a0a; '><p>ALE<\/p>\n<\/div><\/div><\/div><img decoding=\"async\" width=\"687\" height=\"1030\" class='wp-image-9156 avia-img-lazy-loading-not-9156 avia_image' src=\"https:\/\/www.kittlemood.ee\/wp-content\/uploads\/2022\/03\/DSC09511-1-687x1030.jpg\" alt='pikk volangiga kittelkleit' title='pikk volangiga kittelkleit'  itemprop=\"thumbnailUrl\" srcset=\"https:\/\/www.kittlemood.ee\/wp-content\/uploads\/2022\/03\/DSC09511-1-687x1030.jpg 687w, https:\/\/www.kittlemood.ee\/wp-content\/uploads\/2022\/03\/DSC09511-1-600x900.jpg 600w, https:\/\/www.kittlemood.ee\/wp-content\/uploads\/2022\/03\/DSC09511-1-300x450.jpg 300w, https:\/\/www.kittlemood.ee\/wp-content\/uploads\/2022\/03\/DSC09511-1-768x1152.jpg 768w, https:\/\/www.kittlemood.ee\/wp-content\/uploads\/2022\/03\/DSC09511-1-470x705.jpg 470w, https:\/\/www.kittlemood.ee\/wp-content\/uploads\/2022\/03\/DSC09511-1-450x675.jpg 450w, https:\/\/www.kittlemood.ee\/wp-content\/uploads\/2022\/03\/DSC09511-1-213x320.jpg 213w, https:\/\/www.kittlemood.ee\/wp-content\/uploads\/2022\/03\/DSC09511-1.jpg 1000w\" sizes=\"(max-width: 687px) 100vw, 687px\" \/><\/a><\/div><\/div><\/div><\/div><\/div><!--close column table wrapper. Autoclose: 1 -->\n\n<\/div><\/div><\/div><!-- close content main div --><\/div><\/div><div id='av_section_2'  class='avia-section main_color avia-section-default avia-no-border-styling  avia-bg-style-scroll  avia-builder-el-11  el_after_av_section  avia-builder-el-last   container_wrap sidebar_right' style=' '  ><div class='container' ><div class='template-page content  av-content-small alpha units'><div class='post-entry post-entry-type-page post-entry-10895'><div class='entry-content-wrapper clearfix'><\/div><\/div><\/div><!-- close content main div --><\/div><\/div><div id='after_section_2'  class='main_color av_default_container_wrap container_wrap sidebar_right' style=' '  ><div class='container' ><div class='template-page content  av-content-small alpha units'><div class='post-entry post-entry-type-page post-entry-10895'><div class='entry-content-wrapper clearfix'>\n","protected":false},"excerpt":{"rendered":"","protected":false},"author":1,"featured_media":0,"parent":0,"menu_order":14,"comment_status":"closed","ping_status":"closed","template":"","meta":{"om_disable_all_campaigns":false,"footnotes":""},"class_list":["post-10895","page","type-page","status-publish","hentry"],"yoast_head":"<!-- This site is optimized with the Yoast SEO plugin v26.9 - https:\/\/yoast.com\/product\/yoast-seo-wordpress\/ -->\n<title>KittleMood \/ naiselliset kauniit mekot<\/title>\n<meta name=\"description\" content=\"KittleMood on virolainen vaatemerkki. Osta Virossa suunniteltu mekko, joka on tyylik\u00e4s, mukava ja ajaton.\" \/>\n<meta name=\"robots\" content=\"index, follow, max-snippet:-1, max-image-preview:large, max-video-preview:-1\" \/>\n<link rel=\"canonical\" href=\"https:\/\/www.kittlemood.ee\/fi\/kotisivu\/\" \/>\n<meta property=\"og:locale\" content=\"fi_FI\" \/>\n<meta property=\"og:type\" content=\"article\" \/>\n<meta property=\"og:title\" content=\"KittleMood \/ naiselliset kauniit mekot\" \/>\n<meta property=\"og:description\" content=\"KittleMood on virolainen vaatemerkki. Osta Virossa suunniteltu mekko, joka on tyylik\u00e4s, mukava ja ajaton.\" \/>\n<meta property=\"og:url\" content=\"https:\/\/www.kittlemood.ee\/fi\/kotisivu\/\" \/>\n<meta property=\"og:site_name\" content=\"Kittle Mood\" \/>\n<meta property=\"article:publisher\" content=\"https:\/\/www.facebook.com\/KittleMood-100617121748728\/\" \/>\n<meta property=\"article:modified_time\" content=\"2024-04-15T15:34:33+00:00\" \/>\n<meta name=\"twitter:card\" content=\"summary_large_image\" \/>\n<meta name=\"twitter:label1\" content=\"Arvioitu lukuaika\" \/>\n\t<meta name=\"twitter:data1\" content=\"4 minuuttia\" \/>\n<script type=\"application\/ld+json\" class=\"yoast-schema-graph\">{\"@context\":\"https:\/\/schema.org\",\"@graph\":[{\"@type\":\"WebPage\",\"@id\":\"https:\/\/www.kittlemood.ee\/fi\/kotisivu\/\",\"url\":\"https:\/\/www.kittlemood.ee\/fi\/kotisivu\/\",\"name\":\"KittleMood \/ naiselliset kauniit mekot\",\"isPartOf\":{\"@id\":\"https:\/\/www.kittlemood.ee\/#website\"},\"datePublished\":\"2023-04-18T05:52:15+00:00\",\"dateModified\":\"2024-04-15T15:34:33+00:00\",\"description\":\"KittleMood on virolainen vaatemerkki. Osta Virossa suunniteltu mekko, joka on tyylik\u00e4s, mukava ja ajaton.\",\"breadcrumb\":{\"@id\":\"https:\/\/www.kittlemood.ee\/fi\/kotisivu\/#breadcrumb\"},\"inLanguage\":\"fi\",\"potentialAction\":[{\"@type\":\"ReadAction\",\"target\":[\"https:\/\/www.kittlemood.ee\/fi\/kotisivu\/\"]}]},{\"@type\":\"BreadcrumbList\",\"@id\":\"https:\/\/www.kittlemood.ee\/fi\/kotisivu\/#breadcrumb\",\"itemListElement\":[{\"@type\":\"ListItem\",\"position\":1,\"name\":\"Home\",\"item\":\"https:\/\/www.kittlemood.ee\/avaleht-2\/\"},{\"@type\":\"ListItem\",\"position\":2,\"name\":\"Kotisivu\"}]},{\"@type\":\"WebSite\",\"@id\":\"https:\/\/www.kittlemood.ee\/#website\",\"url\":\"https:\/\/www.kittlemood.ee\/\",\"name\":\"Kittle Mood\",\"description\":\"Ajatud ja stiilsed kleidid\",\"publisher\":{\"@id\":\"https:\/\/www.kittlemood.ee\/#organization\"},\"potentialAction\":[{\"@type\":\"SearchAction\",\"target\":{\"@type\":\"EntryPoint\",\"urlTemplate\":\"https:\/\/www.kittlemood.ee\/?s={search_term_string}\"},\"query-input\":{\"@type\":\"PropertyValueSpecification\",\"valueRequired\":true,\"valueName\":\"search_term_string\"}}],\"inLanguage\":\"fi\"},{\"@type\":\"Organization\",\"@id\":\"https:\/\/www.kittlemood.ee\/#organization\",\"name\":\"Kittle Mood O\u00dc\",\"url\":\"https:\/\/www.kittlemood.ee\/\",\"logo\":{\"@type\":\"ImageObject\",\"inLanguage\":\"fi\",\"@id\":\"https:\/\/www.kittlemood.ee\/#\/schema\/logo\/image\/\",\"url\":\"https:\/\/www.kittlemood.ee\/wp-content\/uploads\/2021\/03\/logo3.png\",\"contentUrl\":\"https:\/\/www.kittlemood.ee\/wp-content\/uploads\/2021\/03\/logo3.png\",\"width\":644,\"height\":352,\"caption\":\"Kittle Mood O\u00dc\"},\"image\":{\"@id\":\"https:\/\/www.kittlemood.ee\/#\/schema\/logo\/image\/\"},\"sameAs\":[\"https:\/\/www.facebook.com\/KittleMood-100617121748728\/\",\"https:\/\/www.instagram.com\/kittlemood\/\"]}]}<\/script>\n<!-- \/ Yoast SEO plugin. -->","yoast_head_json":{"title":"KittleMood \/ naiselliset kauniit mekot","description":"KittleMood on virolainen vaatemerkki. Osta Virossa suunniteltu mekko, joka on tyylik\u00e4s, mukava ja ajaton.","robots":{"index":"index","follow":"follow","max-snippet":"max-snippet:-1","max-image-preview":"max-image-preview:large","max-video-preview":"max-video-preview:-1"},"canonical":"https:\/\/www.kittlemood.ee\/fi\/kotisivu\/","og_locale":"fi_FI","og_type":"article","og_title":"KittleMood \/ naiselliset kauniit mekot","og_description":"KittleMood on virolainen vaatemerkki. Osta Virossa suunniteltu mekko, joka on tyylik\u00e4s, mukava ja ajaton.","og_url":"https:\/\/www.kittlemood.ee\/fi\/kotisivu\/","og_site_name":"Kittle Mood","article_publisher":"https:\/\/www.facebook.com\/KittleMood-100617121748728\/","article_modified_time":"2024-04-15T15:34:33+00:00","twitter_card":"summary_large_image","twitter_misc":{"Arvioitu lukuaika":"4 minuuttia"},"schema":{"@context":"https:\/\/schema.org","@graph":[{"@type":"WebPage","@id":"https:\/\/www.kittlemood.ee\/fi\/kotisivu\/","url":"https:\/\/www.kittlemood.ee\/fi\/kotisivu\/","name":"KittleMood \/ naiselliset kauniit mekot","isPartOf":{"@id":"https:\/\/www.kittlemood.ee\/#website"},"datePublished":"2023-04-18T05:52:15+00:00","dateModified":"2024-04-15T15:34:33+00:00","description":"KittleMood on virolainen vaatemerkki. Osta Virossa suunniteltu mekko, joka on tyylik\u00e4s, mukava ja ajaton.","breadcrumb":{"@id":"https:\/\/www.kittlemood.ee\/fi\/kotisivu\/#breadcrumb"},"inLanguage":"fi","potentialAction":[{"@type":"ReadAction","target":["https:\/\/www.kittlemood.ee\/fi\/kotisivu\/"]}]},{"@type":"BreadcrumbList","@id":"https:\/\/www.kittlemood.ee\/fi\/kotisivu\/#breadcrumb","itemListElement":[{"@type":"ListItem","position":1,"name":"Home","item":"https:\/\/www.kittlemood.ee\/avaleht-2\/"},{"@type":"ListItem","position":2,"name":"Kotisivu"}]},{"@type":"WebSite","@id":"https:\/\/www.kittlemood.ee\/#website","url":"https:\/\/www.kittlemood.ee\/","name":"Kittle Mood","description":"Ajatud ja stiilsed kleidid","publisher":{"@id":"https:\/\/www.kittlemood.ee\/#organization"},"potentialAction":[{"@type":"SearchAction","target":{"@type":"EntryPoint","urlTemplate":"https:\/\/www.kittlemood.ee\/?s={search_term_string}"},"query-input":{"@type":"PropertyValueSpecification","valueRequired":true,"valueName":"search_term_string"}}],"inLanguage":"fi"},{"@type":"Organization","@id":"https:\/\/www.kittlemood.ee\/#organization","name":"Kittle Mood O\u00dc","url":"https:\/\/www.kittlemood.ee\/","logo":{"@type":"ImageObject","inLanguage":"fi","@id":"https:\/\/www.kittlemood.ee\/#\/schema\/logo\/image\/","url":"https:\/\/www.kittlemood.ee\/wp-content\/uploads\/2021\/03\/logo3.png","contentUrl":"https:\/\/www.kittlemood.ee\/wp-content\/uploads\/2021\/03\/logo3.png","width":644,"height":352,"caption":"Kittle Mood O\u00dc"},"image":{"@id":"https:\/\/www.kittlemood.ee\/#\/schema\/logo\/image\/"},"sameAs":["https:\/\/www.facebook.com\/KittleMood-100617121748728\/","https:\/\/www.instagram.com\/kittlemood\/"]}]}},"_links":{"self":[{"href":"https:\/\/www.kittlemood.ee\/fi\/wp-json\/wp\/v2\/pages\/10895","targetHints":{"allow":["GET"]}}],"collection":[{"href":"https:\/\/www.kittlemood.ee\/fi\/wp-json\/wp\/v2\/pages"}],"about":[{"href":"https:\/\/www.kittlemood.ee\/fi\/wp-json\/wp\/v2\/types\/page"}],"author":[{"embeddable":true,"href":"https:\/\/www.kittlemood.ee\/fi\/wp-json\/wp\/v2\/users\/1"}],"replies":[{"embeddable":true,"href":"https:\/\/www.kittlemood.ee\/fi\/wp-json\/wp\/v2\/comments?post=10895"}],"version-history":[{"count":36,"href":"https:\/\/www.kittlemood.ee\/fi\/wp-json\/wp\/v2\/pages\/10895\/revisions"}],"predecessor-version":[{"id":17796,"href":"https:\/\/www.kittlemood.ee\/fi\/wp-json\/wp\/v2\/pages\/10895\/revisions\/17796"}],"wp:attachment":[{"href":"https:\/\/www.kittlemood.ee\/fi\/wp-json\/wp\/v2\/media?parent=10895"}],"curies":[{"name":"wp","href":"https:\/\/api.w.org\/{rel}","templated":true}]}}