{"id":10891,"date":"2023-04-18T08:52:14","date_gmt":"2023-04-18T05:52:14","guid":{"rendered":"https:\/\/www.kittlemood.ee\/jakelijat\/"},"modified":"2023-09-15T14:06:15","modified_gmt":"2023-09-15T11:06:15","slug":"jakelijat","status":"publish","type":"page","link":"https:\/\/www.kittlemood.ee\/fi\/jakelijat\/","title":{"rendered":"J\u00e4lleenmyyj\u00e4t"},"content":{"rendered":"<div class='flex_column_table av-equal-height-column-flextable -flextable' style='margin-top:50px; margin-bottom:150px; '><div class=\"flex_column av_one_half  no_margin flex_column_table_cell av-equal-height-column av-align-top av-zero-column-padding first  avia-builder-el-0  el_before_av_one_half  avia-builder-el-first  \" style='border-radius:0px; '><section class=\"av_textblock_section \"  itemscope=\"itemscope\" itemtype=\"https:\/\/schema.org\/CreativeWork\" ><div class='avia_textblock  '   itemprop=\"text\" ><h5>Mekkojemme j\u00e4lleenmyyj\u00e4t Tallinnassa, Tartossa ja P\u00e4rnussa:<\/h5>\n<p>Krunnipea Design Shop, Tallinna, Viro<\/p>\n<p>Levi Design, Tartto<\/p>\n<p>:EST Design, Tartto<\/p>\n<p>:EST Design, P\u00e4rnu<\/p>\n<p>Kink &amp; Viik, P\u00e4rnu<\/p>\n<h5><\/h5>\n<h5><strong>Ryhdy KittleMood\u00b4n j\u00e4lleenmyyj\u00e4ksi!<\/strong><\/h5>\n<p>Kirjoita meille osoitteeseen &#107;&#x69;&#116;&#x74;&#108;&#x65;&#102;&#x61;s&#x68;i&#x6f;n&#x65;e&#115;&#x74;&#105;&#x40;&#103;&#x6d;&#97;&#x69;&#108;&#x2e;c&#x6f;m tai soita numeroon 003725249552.<\/p>\n<p>Seuraa meit\u00e4 my\u00f6s <em><a href=\"https:\/\/www.facebook.com\/KittleMood-100617121748728\">Facebookissa<\/a><\/em> ja <em><a href=\"https:\/\/www.instagram.com\/kittlemood\/\">Instagramissa<\/a><\/em>.<\/p>\n<\/div><\/section><\/div><div class=\"flex_column av_one_half  no_margin flex_column_table_cell av-equal-height-column av-align-top av-zero-column-padding   avia-builder-el-2  el_after_av_one_half  avia-builder-el-last  \" style='border-radius:0px; '><div  class='avia-image-container  av-styling-    avia-builder-el-3  avia-builder-el-no-sibling  avia-align-center '  itemprop=\"image\" itemscope=\"itemscope\" itemtype=\"https:\/\/schema.org\/ImageObject\"  ><div class='avia-image-container-inner'><div class='avia-image-overlay-wrap'><img decoding=\"async\" class='wp-image-8615 avia-img-lazy-loading-not-8615 avia_image' src=\"https:\/\/www.kittlemood.ee\/wp-content\/uploads\/2021\/03\/2-2.png\" alt='' title='kittlegang' height=\"1067\" width=\"1600\"  itemprop=\"thumbnailUrl\" srcset=\"https:\/\/www.kittlemood.ee\/wp-content\/uploads\/2021\/03\/2-2.png 1600w, https:\/\/www.kittlemood.ee\/wp-content\/uploads\/2021\/03\/2-2-600x400.png 600w, https:\/\/www.kittlemood.ee\/wp-content\/uploads\/2021\/03\/2-2-300x200.png 300w, https:\/\/www.kittlemood.ee\/wp-content\/uploads\/2021\/03\/2-2-1030x687.png 1030w, https:\/\/www.kittlemood.ee\/wp-content\/uploads\/2021\/03\/2-2-768x512.png 768w, https:\/\/www.kittlemood.ee\/wp-content\/uploads\/2021\/03\/2-2-1536x1024.png 1536w, https:\/\/www.kittlemood.ee\/wp-content\/uploads\/2021\/03\/2-2-1500x1000.png 1500w, https:\/\/www.kittlemood.ee\/wp-content\/uploads\/2021\/03\/2-2-705x470.png 705w, https:\/\/www.kittlemood.ee\/wp-content\/uploads\/2021\/03\/2-2-450x300.png 450w\" sizes=\"(max-width: 1600px) 100vw, 1600px\" \/><\/div><\/div><\/div><\/div><\/div><!--close column table wrapper. Autoclose: 1 --><\/p>\n","protected":false},"excerpt":{"rendered":"","protected":false},"author":2,"featured_media":0,"parent":0,"menu_order":1,"comment_status":"closed","ping_status":"closed","template":"","meta":{"om_disable_all_campaigns":false,"footnotes":""},"class_list":["post-10891","page","type-page","status-publish","hentry"],"yoast_head":"<!-- This site is optimized with the Yoast SEO plugin v26.9 - https:\/\/yoast.com\/product\/yoast-seo-wordpress\/ -->\n<title>J\u00e4lleenmyyj\u00e4t | Kittle Mood<\/title>\n<meta name=\"description\" content=\"KittleMood-j\u00e4lleenmyyj\u00e4t l\u00f6yd\u00e4t Tallinnasta, Tartosta ja P\u00e4rnusta. Osta tyylik\u00e4s ja ajaton &quot;kittel&quot; mekko kaupasta. Ryhdy KittleMood\u00b4n j\u00e4lleenmyyj\u00e4ksi!\" \/>\n<meta name=\"robots\" content=\"index, follow, max-snippet:-1, max-image-preview:large, max-video-preview:-1\" \/>\n<link rel=\"canonical\" href=\"https:\/\/www.kittlemood.ee\/fi\/jakelijat\/\" \/>\n<meta property=\"og:locale\" content=\"fi_FI\" \/>\n<meta property=\"og:type\" content=\"article\" \/>\n<meta property=\"og:title\" content=\"J\u00e4lleenmyyj\u00e4t | Kittle Mood\" \/>\n<meta property=\"og:description\" content=\"KittleMood-j\u00e4lleenmyyj\u00e4t l\u00f6yd\u00e4t Tallinnasta, Tartosta ja P\u00e4rnusta. Osta tyylik\u00e4s ja ajaton &quot;kittel&quot; mekko kaupasta. Ryhdy KittleMood\u00b4n j\u00e4lleenmyyj\u00e4ksi!\" \/>\n<meta property=\"og:url\" content=\"https:\/\/www.kittlemood.ee\/fi\/jakelijat\/\" \/>\n<meta property=\"og:site_name\" content=\"Kittle Mood\" \/>\n<meta property=\"article:publisher\" content=\"https:\/\/www.facebook.com\/KittleMood-100617121748728\/\" \/>\n<meta property=\"article:modified_time\" content=\"2023-09-15T11:06:15+00:00\" \/>\n<meta name=\"twitter:card\" content=\"summary_large_image\" \/>\n<meta name=\"twitter:label1\" content=\"Arvioitu lukuaika\" \/>\n\t<meta name=\"twitter:data1\" content=\"2 minuuttia\" \/>\n<script type=\"application\/ld+json\" class=\"yoast-schema-graph\">{\"@context\":\"https:\/\/schema.org\",\"@graph\":[{\"@type\":\"WebPage\",\"@id\":\"https:\/\/www.kittlemood.ee\/fi\/jakelijat\/\",\"url\":\"https:\/\/www.kittlemood.ee\/fi\/jakelijat\/\",\"name\":\"J\u00e4lleenmyyj\u00e4t | Kittle Mood\",\"isPartOf\":{\"@id\":\"https:\/\/www.kittlemood.ee\/#website\"},\"datePublished\":\"2023-04-18T05:52:14+00:00\",\"dateModified\":\"2023-09-15T11:06:15+00:00\",\"description\":\"KittleMood-j\u00e4lleenmyyj\u00e4t l\u00f6yd\u00e4t Tallinnasta, Tartosta ja P\u00e4rnusta. Osta tyylik\u00e4s ja ajaton \\\"kittel\\\" mekko kaupasta. Ryhdy KittleMood\u00b4n j\u00e4lleenmyyj\u00e4ksi!\",\"breadcrumb\":{\"@id\":\"https:\/\/www.kittlemood.ee\/fi\/jakelijat\/#breadcrumb\"},\"inLanguage\":\"fi\",\"potentialAction\":[{\"@type\":\"ReadAction\",\"target\":[\"https:\/\/www.kittlemood.ee\/fi\/jakelijat\/\"]}]},{\"@type\":\"BreadcrumbList\",\"@id\":\"https:\/\/www.kittlemood.ee\/fi\/jakelijat\/#breadcrumb\",\"itemListElement\":[{\"@type\":\"ListItem\",\"position\":1,\"name\":\"Home\",\"item\":\"https:\/\/www.kittlemood.ee\/avaleht-2\/\"},{\"@type\":\"ListItem\",\"position\":2,\"name\":\"J\u00e4lleenmyyj\u00e4t\"}]},{\"@type\":\"WebSite\",\"@id\":\"https:\/\/www.kittlemood.ee\/#website\",\"url\":\"https:\/\/www.kittlemood.ee\/\",\"name\":\"Kittle Mood\",\"description\":\"Ajatud ja stiilsed kleidid\",\"publisher\":{\"@id\":\"https:\/\/www.kittlemood.ee\/#organization\"},\"potentialAction\":[{\"@type\":\"SearchAction\",\"target\":{\"@type\":\"EntryPoint\",\"urlTemplate\":\"https:\/\/www.kittlemood.ee\/?s={search_term_string}\"},\"query-input\":{\"@type\":\"PropertyValueSpecification\",\"valueRequired\":true,\"valueName\":\"search_term_string\"}}],\"inLanguage\":\"fi\"},{\"@type\":\"Organization\",\"@id\":\"https:\/\/www.kittlemood.ee\/#organization\",\"name\":\"Kittle Mood O\u00dc\",\"url\":\"https:\/\/www.kittlemood.ee\/\",\"logo\":{\"@type\":\"ImageObject\",\"inLanguage\":\"fi\",\"@id\":\"https:\/\/www.kittlemood.ee\/#\/schema\/logo\/image\/\",\"url\":\"https:\/\/www.kittlemood.ee\/wp-content\/uploads\/2021\/03\/logo3.png\",\"contentUrl\":\"https:\/\/www.kittlemood.ee\/wp-content\/uploads\/2021\/03\/logo3.png\",\"width\":644,\"height\":352,\"caption\":\"Kittle Mood O\u00dc\"},\"image\":{\"@id\":\"https:\/\/www.kittlemood.ee\/#\/schema\/logo\/image\/\"},\"sameAs\":[\"https:\/\/www.facebook.com\/KittleMood-100617121748728\/\",\"https:\/\/www.instagram.com\/kittlemood\/\"]}]}<\/script>\n<!-- \/ Yoast SEO plugin. -->","yoast_head_json":{"title":"J\u00e4lleenmyyj\u00e4t | Kittle Mood","description":"KittleMood-j\u00e4lleenmyyj\u00e4t l\u00f6yd\u00e4t Tallinnasta, Tartosta ja P\u00e4rnusta. Osta tyylik\u00e4s ja ajaton \"kittel\" mekko kaupasta. Ryhdy KittleMood\u00b4n j\u00e4lleenmyyj\u00e4ksi!","robots":{"index":"index","follow":"follow","max-snippet":"max-snippet:-1","max-image-preview":"max-image-preview:large","max-video-preview":"max-video-preview:-1"},"canonical":"https:\/\/www.kittlemood.ee\/fi\/jakelijat\/","og_locale":"fi_FI","og_type":"article","og_title":"J\u00e4lleenmyyj\u00e4t | Kittle Mood","og_description":"KittleMood-j\u00e4lleenmyyj\u00e4t l\u00f6yd\u00e4t Tallinnasta, Tartosta ja P\u00e4rnusta. Osta tyylik\u00e4s ja ajaton \"kittel\" mekko kaupasta. Ryhdy KittleMood\u00b4n j\u00e4lleenmyyj\u00e4ksi!","og_url":"https:\/\/www.kittlemood.ee\/fi\/jakelijat\/","og_site_name":"Kittle Mood","article_publisher":"https:\/\/www.facebook.com\/KittleMood-100617121748728\/","article_modified_time":"2023-09-15T11:06:15+00:00","twitter_card":"summary_large_image","twitter_misc":{"Arvioitu lukuaika":"2 minuuttia"},"schema":{"@context":"https:\/\/schema.org","@graph":[{"@type":"WebPage","@id":"https:\/\/www.kittlemood.ee\/fi\/jakelijat\/","url":"https:\/\/www.kittlemood.ee\/fi\/jakelijat\/","name":"J\u00e4lleenmyyj\u00e4t | Kittle Mood","isPartOf":{"@id":"https:\/\/www.kittlemood.ee\/#website"},"datePublished":"2023-04-18T05:52:14+00:00","dateModified":"2023-09-15T11:06:15+00:00","description":"KittleMood-j\u00e4lleenmyyj\u00e4t l\u00f6yd\u00e4t Tallinnasta, Tartosta ja P\u00e4rnusta. Osta tyylik\u00e4s ja ajaton \"kittel\" mekko kaupasta. Ryhdy KittleMood\u00b4n j\u00e4lleenmyyj\u00e4ksi!","breadcrumb":{"@id":"https:\/\/www.kittlemood.ee\/fi\/jakelijat\/#breadcrumb"},"inLanguage":"fi","potentialAction":[{"@type":"ReadAction","target":["https:\/\/www.kittlemood.ee\/fi\/jakelijat\/"]}]},{"@type":"BreadcrumbList","@id":"https:\/\/www.kittlemood.ee\/fi\/jakelijat\/#breadcrumb","itemListElement":[{"@type":"ListItem","position":1,"name":"Home","item":"https:\/\/www.kittlemood.ee\/avaleht-2\/"},{"@type":"ListItem","position":2,"name":"J\u00e4lleenmyyj\u00e4t"}]},{"@type":"WebSite","@id":"https:\/\/www.kittlemood.ee\/#website","url":"https:\/\/www.kittlemood.ee\/","name":"Kittle Mood","description":"Ajatud ja stiilsed kleidid","publisher":{"@id":"https:\/\/www.kittlemood.ee\/#organization"},"potentialAction":[{"@type":"SearchAction","target":{"@type":"EntryPoint","urlTemplate":"https:\/\/www.kittlemood.ee\/?s={search_term_string}"},"query-input":{"@type":"PropertyValueSpecification","valueRequired":true,"valueName":"search_term_string"}}],"inLanguage":"fi"},{"@type":"Organization","@id":"https:\/\/www.kittlemood.ee\/#organization","name":"Kittle Mood O\u00dc","url":"https:\/\/www.kittlemood.ee\/","logo":{"@type":"ImageObject","inLanguage":"fi","@id":"https:\/\/www.kittlemood.ee\/#\/schema\/logo\/image\/","url":"https:\/\/www.kittlemood.ee\/wp-content\/uploads\/2021\/03\/logo3.png","contentUrl":"https:\/\/www.kittlemood.ee\/wp-content\/uploads\/2021\/03\/logo3.png","width":644,"height":352,"caption":"Kittle Mood O\u00dc"},"image":{"@id":"https:\/\/www.kittlemood.ee\/#\/schema\/logo\/image\/"},"sameAs":["https:\/\/www.facebook.com\/KittleMood-100617121748728\/","https:\/\/www.instagram.com\/kittlemood\/"]}]}},"_links":{"self":[{"href":"https:\/\/www.kittlemood.ee\/fi\/wp-json\/wp\/v2\/pages\/10891","targetHints":{"allow":["GET"]}}],"collection":[{"href":"https:\/\/www.kittlemood.ee\/fi\/wp-json\/wp\/v2\/pages"}],"about":[{"href":"https:\/\/www.kittlemood.ee\/fi\/wp-json\/wp\/v2\/types\/page"}],"author":[{"embeddable":true,"href":"https:\/\/www.kittlemood.ee\/fi\/wp-json\/wp\/v2\/users\/2"}],"replies":[{"embeddable":true,"href":"https:\/\/www.kittlemood.ee\/fi\/wp-json\/wp\/v2\/comments?post=10891"}],"version-history":[{"count":16,"href":"https:\/\/www.kittlemood.ee\/fi\/wp-json\/wp\/v2\/pages\/10891\/revisions"}],"predecessor-version":[{"id":11854,"href":"https:\/\/www.kittlemood.ee\/fi\/wp-json\/wp\/v2\/pages\/10891\/revisions\/11854"}],"wp:attachment":[{"href":"https:\/\/www.kittlemood.ee\/fi\/wp-json\/wp\/v2\/media?parent=10891"}],"curies":[{"name":"wp","href":"https:\/\/api.w.org\/{rel}","templated":true}]}}