{"id":10887,"date":"2023-04-18T08:52:14","date_gmt":"2023-04-18T05:52:14","guid":{"rendered":"https:\/\/www.kittlemood.ee\/tarinat-ja-mekot\/"},"modified":"2023-08-29T18:08:28","modified_gmt":"2023-08-29T15:08:28","slug":"tarinat-ja-mekot","status":"publish","type":"page","link":"https:\/\/www.kittlemood.ee\/fi\/tarinat-ja-mekot\/","title":{"rendered":"Tarinat ja mekot"},"content":{"rendered":"<div id='av-layout-grid-1'  class='av-layout-grid-container entry-content-wrapper main_color av-flex-cells     avia-builder-el-0  el_before_av_hr  avia-builder-el-first  container_wrap sidebar_right' style=' '  >\n<div class=\"flex_cell no_margin av_one_half  avia-builder-el-1  el_before_av_cell_one_half  avia-builder-el-first   \"  style='height:550px; min-height:550px;background: #ffffff; vertical-align:middle; padding:50px; background-color:#ffffff; ' ><div class='flex_cell_inner' ><p><div  style='padding-bottom:10px; color:#e0cdc3;font-size:30px;' class='av-special-heading av-special-heading-h1 custom-color-heading blockquote modern-quote  avia-builder-el-2  el_before_av_hr  avia-builder-el-first  av-thin-font av-inherit-size '><h1 class='av-special-heading-tag '  itemprop=\"headline\"  ><strong>Tarinat ja mekot<\/strong><\/h1><div class='special-heading-border'><div class='special-heading-inner-border' style='border-color:#e0cdc3'><\/div><\/div><\/div><br \/>\n<div  style=' margin-top:30px; margin-bottom:30px;'  class='hr hr-custom hr-left hr-icon-no   avia-builder-el-3  el_after_av_heading  el_before_av_textblock '><span class='hr-inner  inner-border-av-border-fat' style=' width:50px;' ><span class='hr-inner-style'><\/span><\/span><\/div><br \/>\n<section class=\"av_textblock_section \"  itemscope=\"itemscope\" itemtype=\"https:\/\/schema.org\/CreativeWork\" ><div class='avia_textblock  '   itemprop=\"text\" ><p><span style=\"font-weight: 400;\"><strong>\u00c4itini on kulkenut kauniissa mekoissa koko ik\u00e4ns\u00e4.<\/strong> Neuvostoaikana jokaisella naisella oli oma r\u00e4\u00e4t\u00e4li, joka ompeli kaikki <strong>mekot<\/strong>, puserot, puvut ja takit. Perheemme naiset meniv\u00e4t tapaamaan Linda-t\u00e4ti\u00e4. Linda ty\u00f6skenteli suuressa r\u00e4\u00e4t\u00e4linverstaassa Raatihuoneentorilla. Siell\u00e4 oli sovituskoppeja, joissa oli paksut tummanpunaiset villaverhot, ja taustalla tuoksui liitu ja \u00e4\u00e4nek\u00e4s ompelukone. Linda-t\u00e4ti tervehti leve\u00e4sti hymyillen, mittanauha kaulassaan, nuppineulat suupieless\u00e4 ja r\u00e4\u00e4t\u00e4linhattu taskussaan. H\u00e4nell\u00e4 oli aina kissanpentu t\u00f6iss\u00e4. Minun oli ment\u00e4v\u00e4 studiolle pari kertaa &#8211; ensin mittaamaan ja piirt\u00e4m\u00e4\u00e4n muotia, my\u00f6hemmin kokeilemaan sit\u00e4. Mutta kun uusi <strong>mekko<\/strong> oli valmis, se istui kuin valettu.<\/span><\/p>\n<\/div><\/section><\/p>\n<\/div><\/div><div class=\"flex_cell no_margin av_one_half  avia-builder-el-5  el_after_av_cell_one_half  avia-builder-el-last   avia-full-contain \"  style='height:550px; min-height:550px;background:url(https:\/\/www.kittlemood.ee\/wp-content\/uploads\/2021\/04\/DSC08364-1-687x1030.jpg) center center no-repeat scroll #ffffff; vertical-align:top; padding:50px; background-color:#ffffff; ' ><div class='flex_cell_inner' ><\/div><\/div>\n<\/div><div id='after_submenu_1'  class='main_color av_default_container_wrap container_wrap sidebar_right' style=' '  ><div class='container' ><div class='template-page content  av-content-small alpha units'><div class='post-entry post-entry-type-page post-entry-10887'><div class='entry-content-wrapper clearfix'>\n<div  style=' margin-top:0px; margin-bottom:0px;'  class='hr hr-custom hr-center hr-icon-yes   avia-builder-el-6  el_after_av_layout_row  el_before_av_layout_row  avia-builder-el-no-sibling '><span class='hr-inner  inner-border-av-border-thin' style=' width:50px; max-width:45%;' ><span class='hr-inner-style'><\/span><\/span><span class='av-seperator-icon'  aria-hidden='true' data-av_icon='\ue807' data-av_iconfont='entypo-fontello'><\/span><span class='hr-inner  inner-border-av-border-thin' style=' width:50px; max-width:45%;' ><span class='hr-inner-style'><\/span><\/span><\/div>\n<\/div><\/div><\/div><!-- close content main div --><\/div><\/div><div id='av-layout-grid-2'  class='av-layout-grid-container entry-content-wrapper main_color av-flex-cells     avia-builder-el-7  el_after_av_hr  el_before_av_hr  submenu-not-first container_wrap sidebar_right' style=' '  >\n<div class=\"flex_cell no_margin av_one_half  avia-builder-el-8  el_before_av_cell_one_half  avia-builder-el-first   avia-full-contain \"  style='height:550px; min-height:550px;background:url(https:\/\/www.kittlemood.ee\/wp-content\/uploads\/2021\/04\/DSC08521-687x1030.jpg) center center no-repeat scroll #ffffff; vertical-align:middle; padding:50px; background-color:#ffffff; ' ><div class='flex_cell_inner' ><\/div><\/div><div class=\"flex_cell no_margin av_one_half  avia-builder-el-9  el_after_av_cell_one_half  avia-builder-el-last   \"  style='height:550px; min-height:550px;background: #ffffff; vertical-align:middle; padding:30px; background-color:#ffffff; ' ><div class='flex_cell_inner' ><section class=\"av_textblock_section \"  itemscope=\"itemscope\" itemtype=\"https:\/\/schema.org\/CreativeWork\" ><div class='avia_textblock  '   itemprop=\"text\" ><p><b>\u00c4itini k\u00e4ytt\u00e4\u00e4 mekkoja joka p\u00e4iv\u00e4<\/b><span style=\"font-weight: 400;\">. H\u00e4nell\u00e4 on niit\u00e4 paljon. Joitakin mekkoja h\u00e4n kutsuu &#8221;kittel&#8221;. <strong>Kittel<\/strong> on sellainen mekko, jossa on paljon nappeja edess\u00e4 ja kivoja taskuja sivuilla. <strong>Taskut<\/strong> ovat hy\u00f6dyllisi\u00e4, koska niiss\u00e4 voi s\u00e4ilytt\u00e4\u00e4 makeisia. Purkan voisi my\u00f6s ty\u00f6nt\u00e4\u00e4 taskuun, mutta sit\u00e4 \u00e4iti ei salli. H\u00e4n sanoo, ett\u00e4 pureskeltu purkka menee roskiin. En oikein pid\u00e4 <strong>mekoista<\/strong>, haluaisin k\u00e4ytt\u00e4\u00e4 Harry Potter -puseroa. Mutta pid\u00e4n kovasti yhdest\u00e4 keltaisesta mekosta, joka roikkuu \u00e4itini vaatekaapissa. Se olisi kuin tehty vohvelista. Haluaisin sellaisen vohvelihameen.  <\/span><\/p>\n<\/div><\/section>\n<\/div><\/div>\n<\/div><div id='after_submenu_2'  class='main_color av_default_container_wrap container_wrap sidebar_right' style=' '  ><div class='container' ><div class='template-page content  av-content-small alpha units'><div class='post-entry post-entry-type-page post-entry-10887'><div class='entry-content-wrapper clearfix'>\n<div  style=' margin-top:0px; margin-bottom:0px;'  class='hr hr-custom hr-center hr-icon-yes   avia-builder-el-11  el_after_av_layout_row  el_before_av_layout_row  avia-builder-el-no-sibling '><span class='hr-inner  inner-border-av-border-thin' style=' width:50px; max-width:45%;' ><span class='hr-inner-style'><\/span><\/span><span class='av-seperator-icon'  aria-hidden='true' data-av_icon='\ue807' data-av_iconfont='entypo-fontello'><\/span><span class='hr-inner  inner-border-av-border-thin' style=' width:50px; max-width:45%;' ><span class='hr-inner-style'><\/span><\/span><\/div>\n<\/div><\/div><\/div><!-- close content main div --><\/div><\/div><div id='av-layout-grid-3'  class='av-layout-grid-container entry-content-wrapper main_color av-flex-cells     avia-builder-el-12  el_after_av_hr  el_before_av_hr  submenu-not-first container_wrap sidebar_right' style=' '  >\n<div class=\"flex_cell no_margin av_one_half  avia-builder-el-13  el_before_av_cell_one_half  avia-builder-el-first   \"  style='height:500px; min-height:500px;background: #ffffff; vertical-align:middle; padding:50px; background-color:#ffffff; ' ><div class='flex_cell_inner' ><section class=\"av_textblock_section \"  itemscope=\"itemscope\" itemtype=\"https:\/\/schema.org\/CreativeWork\" ><div class='avia_textblock  '   itemprop=\"text\" ><p><span style=\"font-weight: 400;\"><strong>Synnyimme ja kasvoimme aikakaudella jolloin &#8221;kittel&#8221; mekot olivat v\u00e4hiss\u00e4.<\/strong> Pitsit oli korvattu synteettisill\u00e4 materiaaleilla, ja Linda-t\u00e4din sijaan <strong>mekkoja<\/strong> ompelivat pikkutyt\u00f6t Kiinassa tai Indonesiassa. Seitsem\u00e4n ensimm\u00e4isen elinvuotemme aikana olisimme mielell\u00e4mme pit\u00e4neet yll\u00e4mme Kiinassa ommeltuja vauvanpinkkej\u00e4 tai violetteja prinsessamekkoja, jos \u00e4itimme olisivat vain antaneet meid\u00e4n k\u00e4ytt\u00e4\u00e4 niit\u00e4! My\u00f6hemmin vaahtomaiset mekot korvattiin koulupuvuilla, ja kittel-mekon sijasta k\u00e4ytimme pussimaista puseroa tai isoa T-paitaa. My\u00f6sk\u00e4\u00e4n <\/span><i><span style=\"font-weight: 400;\">second hand<\/span><\/i><span style=\"font-weight: 400;\">-kauppojen aikakauden saapuessa kotiimme ei sattunut yht\u00e4k\u00e4\u00e4n kittel-mekkoa.<\/span><\/p>\n<\/div><\/section>\n<\/div><\/div><div class=\"flex_cell no_margin av_one_half  avia-builder-el-15  el_after_av_cell_one_half  avia-builder-el-last   avia-full-contain \"  style='height:500px; min-height:500px;background:url(https:\/\/www.kittlemood.ee\/wp-content\/uploads\/2021\/04\/DSC09028-687x1030.jpg) center center no-repeat scroll #ffffff; vertical-align:top; padding:50px; background-color:#ffffff; ' ><div class='flex_cell_inner' ><\/div><\/div><\/div><div id='after_submenu_3'  class='main_color av_default_container_wrap container_wrap sidebar_right' style=' '  ><div class='container' ><div class='template-page content  av-content-small alpha units'><div class='post-entry post-entry-type-page post-entry-10887'><div class='entry-content-wrapper clearfix'><div  style=' margin-top:0px; margin-bottom:0px;'  class='hr hr-custom hr-center hr-icon-yes   avia-builder-el-16  el_after_av_layout_row  el_before_av_layout_row  avia-builder-el-no-sibling '><span class='hr-inner  inner-border-av-border-thin' style=' width:50px; max-width:45%;' ><span class='hr-inner-style'><\/span><\/span><span class='av-seperator-icon'  aria-hidden='true' data-av_icon='\ue807' data-av_iconfont='entypo-fontello'><\/span><span class='hr-inner  inner-border-av-border-thin' style=' width:50px; max-width:45%;' ><span class='hr-inner-style'><\/span><\/span><\/div><\/p>\n<\/div><\/div><\/div><!-- close content main div --><\/div><\/div><div id='av-layout-grid-4'  class='av-layout-grid-container entry-content-wrapper main_color av-flex-cells     avia-builder-el-17  el_after_av_hr  el_before_av_layout_row  submenu-not-first container_wrap sidebar_right' style=' '  >\n<div class=\"flex_cell no_margin av_one_half  avia-builder-el-18  el_before_av_cell_one_half  avia-builder-el-first   avia-full-contain \"  style='height:500px; min-height:500px;background:url(https:\/\/www.kittlemood.ee\/wp-content\/uploads\/2021\/04\/DSC08260-687x1030.jpg) center center no-repeat scroll #ffffff; vertical-align:middle; padding:50px; background-color:#ffffff; ' ><div class='flex_cell_inner' ><\/div><\/div><div class=\"flex_cell no_margin av_one_half  avia-builder-el-19  el_after_av_cell_one_half  avia-builder-el-last   \"  style='height:500px; min-height:500px;background: #ffffff; vertical-align:middle; padding:30px; background-color:#ffffff; ' ><div class='flex_cell_inner' ><section class=\"av_textblock_section \"  itemscope=\"itemscope\" itemtype=\"https:\/\/schema.org\/CreativeWork\" ><div class='avia_textblock  '   itemprop=\"text\" ><p><span style=\"font-weight: 400;\"><strong>Kun olin lapsi, kittel-mekko oli yleisin vaatekappale.<\/strong> <strong>Sit\u00e4<\/strong> k\u00e4ytettiin p\u00e4iv\u00e4kodissa, kotona, kyl\u00e4ss\u00e4, kes\u00e4ll\u00e4 ulkona juostessa ja rannalla leikkiess\u00e4. Kaiken varalta vaatekaapissa roikkui my\u00f6s <a href=\"https:\/\/www.kittlemood.ee\/fi\/osta-osoittessa\/\">toisenlainen kittel-mekko<\/a>. Juhliin tarkoitettu kittel-mekko oli hienoa ruutukangasta, jossa oli r\u00f6yhel\u00f6it\u00e4 helmassa ja hihoissa taikka pieni\u00e4 kukkakuvioita, ja mekko oli tyylikk\u00e4\u00e4n pitk\u00e4. Kotimekot olivat sen sijaan lyhyempi\u00e4 ja yksinkertaisempia leikkaukseltaan, kun taas rantamekot olivat usein auringon v\u00e4rj\u00e4\u00e4mi\u00e4, hihattomia tai olkaimilla varustettuja. Taskuihin oli hauska ker\u00e4t\u00e4 maasta l\u00f6ytyneit\u00e4 v\u00e4rillisi\u00e4 kivi\u00e4, etanan koteloita tai kolikoita. Mekon vy\u00f6t\u00e4 pystyi k\u00e4ytt\u00e4m\u00e4\u00e4n hiustenpidennyksen\u00e4 tai sitoa lelukoiran kaulan ymp\u00e4rille hihnaksi.<\/span><\/p>\n<\/div><\/section>\n<\/div><\/div>\n<\/div>\n<div id='av-layout-grid-5'  class='av-layout-grid-container entry-content-wrapper socket_color av-flex-cells     avia-builder-el-21  el_after_av_layout_row  el_before_av_layout_row  submenu-not-first container_wrap sidebar_right' style=' '  >\n<div class=\"flex_cell no_margin av_one_full  avia-builder-el-22  avia-builder-el-no-sibling   \"  style='height:50px; min-height:50px;background: #ebded7; vertical-align:middle; padding:5px; background-color:#ebded7; ' ><div class='flex_cell_inner' ><div  style='padding-bottom:10px; color:#000000;font-size:30px;' class='av-special-heading av-special-heading-h3 custom-color-heading blockquote modern-quote modern-centered  avia-builder-el-23  avia-builder-el-no-sibling  av-thin-font av-inherit-size '><h3 class='av-special-heading-tag '  itemprop=\"headline\"  ><strong>K\u00e4yt\u00e4 mekkoa, kaunis nainen!<\/strong><\/h3><div class='special-heading-border'><div class='special-heading-inner-border' style='border-color:#000000'><\/div><\/div><\/div>\n<\/div><\/div>\n<\/div>\n<div id='av-layout-grid-6'  class='av-layout-grid-container entry-content-wrapper main_color av-flex-cells   av-border-top-bottom av-border-cells  avia-builder-el-24  el_after_av_layout_row  avia-builder-el-last  submenu-not-first container_wrap sidebar_right' style=' '  >\n<div class=\"flex_cell no_margin av_one_half  avia-builder-el-25  el_before_av_cell_one_half  avia-builder-el-first   avia-full-contain \"  style='height:600px; min-height:600px;background:url(https:\/\/www.kittlemood.ee\/wp-content\/uploads\/2021\/04\/DSC08431-e1619211248587.jpg) center center no-repeat scroll #ffffff; vertical-align:top; padding:30px; background-color:#ffffff; ' ><div class='flex_cell_inner' ><\/div><\/div><div class=\"flex_cell no_margin av_one_half  avia-builder-el-26  el_after_av_cell_one_half  avia-builder-el-last   avia-full-contain \"  style='height:600px; min-height:600px;background:url(https:\/\/www.kittlemood.ee\/wp-content\/uploads\/2021\/04\/DSC08203-687x1030.jpg) center center no-repeat scroll; vertical-align:top; padding:30px; ' ><div class='flex_cell_inner' ><\/div><\/div>\n<\/div>\n","protected":false},"excerpt":{"rendered":"","protected":false},"author":2,"featured_media":0,"parent":0,"menu_order":3,"comment_status":"closed","ping_status":"closed","template":"","meta":{"om_disable_all_campaigns":false,"footnotes":""},"class_list":["post-10887","page","type-page","status-publish","hentry"],"yoast_head":"<!-- This site is optimized with the Yoast SEO plugin v26.9 - https:\/\/yoast.com\/product\/yoast-seo-wordpress\/ -->\n<title>Tarinat ja mekot | Kittle Mood<\/title>\n<meta name=\"description\" content=\"Ajattomia ja naisellisia mekkoja. Mekossa on aina taskut, joihin mahtuu mukavasti kaikki tarpeellinen! K\u00e4yt\u00e4 kittel -mekkoa, kaunis nainen!\" \/>\n<meta name=\"robots\" content=\"index, follow, max-snippet:-1, max-image-preview:large, max-video-preview:-1\" \/>\n<link rel=\"canonical\" href=\"https:\/\/www.kittlemood.ee\/fi\/tarinat-ja-mekot\/\" \/>\n<meta property=\"og:locale\" content=\"fi_FI\" \/>\n<meta property=\"og:type\" content=\"article\" \/>\n<meta property=\"og:title\" content=\"Tarinat ja mekot | Kittle Mood\" \/>\n<meta property=\"og:description\" content=\"Ajattomia ja naisellisia mekkoja. Mekossa on aina taskut, joihin mahtuu mukavasti kaikki tarpeellinen! K\u00e4yt\u00e4 kittel -mekkoa, kaunis nainen!\" \/>\n<meta property=\"og:url\" content=\"https:\/\/www.kittlemood.ee\/fi\/tarinat-ja-mekot\/\" \/>\n<meta property=\"og:site_name\" content=\"Kittle Mood\" \/>\n<meta property=\"article:publisher\" content=\"https:\/\/www.facebook.com\/KittleMood-100617121748728\/\" \/>\n<meta property=\"article:modified_time\" content=\"2023-08-29T15:08:28+00:00\" \/>\n<meta name=\"twitter:card\" content=\"summary_large_image\" \/>\n<meta name=\"twitter:label1\" content=\"Arvioitu lukuaika\" \/>\n\t<meta name=\"twitter:data1\" content=\"10 minuuttia\" \/>\n<script type=\"application\/ld+json\" class=\"yoast-schema-graph\">{\"@context\":\"https:\/\/schema.org\",\"@graph\":[{\"@type\":\"WebPage\",\"@id\":\"https:\/\/www.kittlemood.ee\/fi\/tarinat-ja-mekot\/\",\"url\":\"https:\/\/www.kittlemood.ee\/fi\/tarinat-ja-mekot\/\",\"name\":\"Tarinat ja mekot | Kittle Mood\",\"isPartOf\":{\"@id\":\"https:\/\/www.kittlemood.ee\/#website\"},\"datePublished\":\"2023-04-18T05:52:14+00:00\",\"dateModified\":\"2023-08-29T15:08:28+00:00\",\"description\":\"Ajattomia ja naisellisia mekkoja. Mekossa on aina taskut, joihin mahtuu mukavasti kaikki tarpeellinen! K\u00e4yt\u00e4 kittel -mekkoa, kaunis nainen!\",\"breadcrumb\":{\"@id\":\"https:\/\/www.kittlemood.ee\/fi\/tarinat-ja-mekot\/#breadcrumb\"},\"inLanguage\":\"fi\",\"potentialAction\":[{\"@type\":\"ReadAction\",\"target\":[\"https:\/\/www.kittlemood.ee\/fi\/tarinat-ja-mekot\/\"]}]},{\"@type\":\"BreadcrumbList\",\"@id\":\"https:\/\/www.kittlemood.ee\/fi\/tarinat-ja-mekot\/#breadcrumb\",\"itemListElement\":[{\"@type\":\"ListItem\",\"position\":1,\"name\":\"Home\",\"item\":\"https:\/\/www.kittlemood.ee\/avaleht-2\/\"},{\"@type\":\"ListItem\",\"position\":2,\"name\":\"Tarinat ja mekot\"}]},{\"@type\":\"WebSite\",\"@id\":\"https:\/\/www.kittlemood.ee\/#website\",\"url\":\"https:\/\/www.kittlemood.ee\/\",\"name\":\"Kittle Mood\",\"description\":\"Ajatud ja stiilsed kleidid\",\"publisher\":{\"@id\":\"https:\/\/www.kittlemood.ee\/#organization\"},\"potentialAction\":[{\"@type\":\"SearchAction\",\"target\":{\"@type\":\"EntryPoint\",\"urlTemplate\":\"https:\/\/www.kittlemood.ee\/?s={search_term_string}\"},\"query-input\":{\"@type\":\"PropertyValueSpecification\",\"valueRequired\":true,\"valueName\":\"search_term_string\"}}],\"inLanguage\":\"fi\"},{\"@type\":\"Organization\",\"@id\":\"https:\/\/www.kittlemood.ee\/#organization\",\"name\":\"Kittle Mood O\u00dc\",\"url\":\"https:\/\/www.kittlemood.ee\/\",\"logo\":{\"@type\":\"ImageObject\",\"inLanguage\":\"fi\",\"@id\":\"https:\/\/www.kittlemood.ee\/#\/schema\/logo\/image\/\",\"url\":\"https:\/\/www.kittlemood.ee\/wp-content\/uploads\/2021\/03\/logo3.png\",\"contentUrl\":\"https:\/\/www.kittlemood.ee\/wp-content\/uploads\/2021\/03\/logo3.png\",\"width\":644,\"height\":352,\"caption\":\"Kittle Mood O\u00dc\"},\"image\":{\"@id\":\"https:\/\/www.kittlemood.ee\/#\/schema\/logo\/image\/\"},\"sameAs\":[\"https:\/\/www.facebook.com\/KittleMood-100617121748728\/\",\"https:\/\/www.instagram.com\/kittlemood\/\"]}]}<\/script>\n<!-- \/ Yoast SEO plugin. -->","yoast_head_json":{"title":"Tarinat ja mekot | Kittle Mood","description":"Ajattomia ja naisellisia mekkoja. Mekossa on aina taskut, joihin mahtuu mukavasti kaikki tarpeellinen! K\u00e4yt\u00e4 kittel -mekkoa, kaunis nainen!","robots":{"index":"index","follow":"follow","max-snippet":"max-snippet:-1","max-image-preview":"max-image-preview:large","max-video-preview":"max-video-preview:-1"},"canonical":"https:\/\/www.kittlemood.ee\/fi\/tarinat-ja-mekot\/","og_locale":"fi_FI","og_type":"article","og_title":"Tarinat ja mekot | Kittle Mood","og_description":"Ajattomia ja naisellisia mekkoja. Mekossa on aina taskut, joihin mahtuu mukavasti kaikki tarpeellinen! K\u00e4yt\u00e4 kittel -mekkoa, kaunis nainen!","og_url":"https:\/\/www.kittlemood.ee\/fi\/tarinat-ja-mekot\/","og_site_name":"Kittle Mood","article_publisher":"https:\/\/www.facebook.com\/KittleMood-100617121748728\/","article_modified_time":"2023-08-29T15:08:28+00:00","twitter_card":"summary_large_image","twitter_misc":{"Arvioitu lukuaika":"10 minuuttia"},"schema":{"@context":"https:\/\/schema.org","@graph":[{"@type":"WebPage","@id":"https:\/\/www.kittlemood.ee\/fi\/tarinat-ja-mekot\/","url":"https:\/\/www.kittlemood.ee\/fi\/tarinat-ja-mekot\/","name":"Tarinat ja mekot | Kittle Mood","isPartOf":{"@id":"https:\/\/www.kittlemood.ee\/#website"},"datePublished":"2023-04-18T05:52:14+00:00","dateModified":"2023-08-29T15:08:28+00:00","description":"Ajattomia ja naisellisia mekkoja. Mekossa on aina taskut, joihin mahtuu mukavasti kaikki tarpeellinen! K\u00e4yt\u00e4 kittel -mekkoa, kaunis nainen!","breadcrumb":{"@id":"https:\/\/www.kittlemood.ee\/fi\/tarinat-ja-mekot\/#breadcrumb"},"inLanguage":"fi","potentialAction":[{"@type":"ReadAction","target":["https:\/\/www.kittlemood.ee\/fi\/tarinat-ja-mekot\/"]}]},{"@type":"BreadcrumbList","@id":"https:\/\/www.kittlemood.ee\/fi\/tarinat-ja-mekot\/#breadcrumb","itemListElement":[{"@type":"ListItem","position":1,"name":"Home","item":"https:\/\/www.kittlemood.ee\/avaleht-2\/"},{"@type":"ListItem","position":2,"name":"Tarinat ja mekot"}]},{"@type":"WebSite","@id":"https:\/\/www.kittlemood.ee\/#website","url":"https:\/\/www.kittlemood.ee\/","name":"Kittle Mood","description":"Ajatud ja stiilsed kleidid","publisher":{"@id":"https:\/\/www.kittlemood.ee\/#organization"},"potentialAction":[{"@type":"SearchAction","target":{"@type":"EntryPoint","urlTemplate":"https:\/\/www.kittlemood.ee\/?s={search_term_string}"},"query-input":{"@type":"PropertyValueSpecification","valueRequired":true,"valueName":"search_term_string"}}],"inLanguage":"fi"},{"@type":"Organization","@id":"https:\/\/www.kittlemood.ee\/#organization","name":"Kittle Mood O\u00dc","url":"https:\/\/www.kittlemood.ee\/","logo":{"@type":"ImageObject","inLanguage":"fi","@id":"https:\/\/www.kittlemood.ee\/#\/schema\/logo\/image\/","url":"https:\/\/www.kittlemood.ee\/wp-content\/uploads\/2021\/03\/logo3.png","contentUrl":"https:\/\/www.kittlemood.ee\/wp-content\/uploads\/2021\/03\/logo3.png","width":644,"height":352,"caption":"Kittle Mood O\u00dc"},"image":{"@id":"https:\/\/www.kittlemood.ee\/#\/schema\/logo\/image\/"},"sameAs":["https:\/\/www.facebook.com\/KittleMood-100617121748728\/","https:\/\/www.instagram.com\/kittlemood\/"]}]}},"_links":{"self":[{"href":"https:\/\/www.kittlemood.ee\/fi\/wp-json\/wp\/v2\/pages\/10887","targetHints":{"allow":["GET"]}}],"collection":[{"href":"https:\/\/www.kittlemood.ee\/fi\/wp-json\/wp\/v2\/pages"}],"about":[{"href":"https:\/\/www.kittlemood.ee\/fi\/wp-json\/wp\/v2\/types\/page"}],"author":[{"embeddable":true,"href":"https:\/\/www.kittlemood.ee\/fi\/wp-json\/wp\/v2\/users\/2"}],"replies":[{"embeddable":true,"href":"https:\/\/www.kittlemood.ee\/fi\/wp-json\/wp\/v2\/comments?post=10887"}],"version-history":[{"count":8,"href":"https:\/\/www.kittlemood.ee\/fi\/wp-json\/wp\/v2\/pages\/10887\/revisions"}],"predecessor-version":[{"id":11774,"href":"https:\/\/www.kittlemood.ee\/fi\/wp-json\/wp\/v2\/pages\/10887\/revisions\/11774"}],"wp:attachment":[{"href":"https:\/\/www.kittlemood.ee\/fi\/wp-json\/wp\/v2\/media?parent=10887"}],"curies":[{"name":"wp","href":"https:\/\/api.w.org\/{rel}","templated":true}]}}